{"id":5610,"date":"2025-05-15T14:55:56","date_gmt":"2025-05-15T14:55:56","guid":{"rendered":"https:\/\/sinoextrud.com\/?post_type=product&#038;p=5610"},"modified":"2025-06-24T03:52:35","modified_gmt":"2025-06-24T03:52:35","slug":"alumiini-suulakepuristus-kova-anodisointi-alumiini-profiilit","status":"publish","type":"product","link":"https:\/\/sinoextrud.com\/fi\/product\/aluminum-extrusion-hard-anodizing-aluminum-profiles\/","title":{"rendered":"Alumiini suulakepuristus Kova anodisointi alumiini profiilit"},"content":{"rendered":"<h2>Tuotteiden tiedot<\/h2>\n<table class=\"custom-table\">\n<tr>\n<td class=\"label\">Tuotteen nimi<\/td>\n<td>Alumiini suulakepuristus Kova anodisointi alumiini profiilit<\/td>\n<\/tr>\n<tr>\n<td class=\"label\">Tuotevalikoima<\/td>\n<td>alumiiniprofiilit alumiinin kovaan anodisointiin, anodisoituun alumiiniin, alumiinin pintakarkaisuun, alumiinioksidipinnoitteeseen, lujaan alumiiniin jne.<\/td>\n<\/tr>\n<tr>\n<td class=\"label\">Sopivat j\u00e4rjestelm\u00e4t Tyypit<\/td>\n<td>kest\u00e4v\u00e4t pinnoitteet alumiiniprofiilit, alumiinin viimeistely, alumiinin korroosionkest\u00e4vyys jne.<\/td>\n<\/tr>\n<tr>\n<td class=\"label\">Hakemus<\/td>\n<td>rakentaminen, ilmailu- ja avaruusteollisuus, autoteollisuus, elektroniikka jne.<\/td>\n<\/tr>\n<tr>\n<td class=\"label\">Pintak\u00e4sittely<\/td>\n<td>viimeistelty, anodisoitu, puukuvioitu, tehopinnoitus, hiekkapuhallus, elektroforeesi, harjaus, kiillotus jne.<\/td>\n<\/tr>\n<tr>\n<td class=\"label\">CNC-syv\u00e4k\u00e4sittely<\/td>\n<td>leikkaaminen, poraaminen, koneistaminen, l\u00e4vist\u00e4minen, taivuttaminen, napauttaminen jne.<\/td>\n<\/tr>\n<tr>\n<td class=\"label\">Sertifikaatit<\/td>\n<td>CE, ISO, SGS, TUV, ROHS<\/td>\n<\/tr>\n<tr>\n<td class=\"label\">N\u00e4ytteet<\/td>\n<td>ilmainen n\u00e4yte. 1-3 p\u00e4iv\u00e4\u00e4 toimitetaan sinulle.<\/td>\n<\/tr>\n<tr>\n<td class=\"label\">MOQ<\/td>\n<td>200 kg kutakin profiilia kohti<\/td>\n<\/tr>\n<tr>\n<td class=\"label\">Toimitusaika<\/td>\n<td>Muotin kehitt\u00e4minen ja n\u00e4ytteen muotoilu kest\u00e4\u00e4 12-15 p\u00e4iv\u00e4\u00e4, sitten tuotannon kesto on 15-25 p\u00e4iv\u00e4\u00e4 ostajan talletuksen vastaanottamisen j\u00e4lkeen.<\/td>\n<\/tr>\n<tr>\n<td class=\"label\">Maksuehdot<\/td>\n<td>30% talletus ennen tuotantoa ja saldo ennen l\u00e4hetyst\u00e4.<\/td>\n<\/tr>\n<\/table>\n<h2>Tuotantopohjamme<\/h2>\n<h3>Tehtaan panoraama<\/h3>\n<p><img decoding=\"async\" src=\"\/wp-content\/uploads\/factory-01.webp\"\/><\/p>\n<h3>Alumiini Bar Manufacturing Workshop<\/h3>\n<p><img decoding=\"async\" src=\"\/wp-content\/uploads\/factory-02.webp\"\/><\/p>\n<\/p>\n<p><img decoding=\"async\" src=\"\/wp-content\/uploads\/factory-03.webp\"\/><\/p>\n<h3>Muotin varastointi Varasto<\/h3>\n<p><img decoding=\"async\" src=\"\/wp-content\/uploads\/factory-04.webp\"\/><\/p>\n<h3>43 Alumiini ekstruusiolinjat (500\u00e2 5500 tonnia)<\/h3>\n<p><img decoding=\"async\" src=\"\/wp-content\/uploads\/factory-05.webp\"\/><\/p>\n<p><img decoding=\"async\" src=\"\/wp-content\/uploads\/factory-06.webp\"\/><\/p>\n<p><img decoding=\"async\" src=\"\/wp-content\/uploads\/factory-07.webp\"\/><\/p>\n<h3>Jauhemaalaus ty\u00f6paja<\/h3>\n<p><img decoding=\"async\" src=\"\/wp-content\/uploads\/factory-09.webp\"\/><\/p>\n<h3>Anodisointi ty\u00f6paja<\/h3>\n<p><img decoding=\"async\" src=\"\/wp-content\/uploads\/factory-10.webp\"\/><\/p>\n<h3>Syv\u00e4k\u00e4sittelyn ty\u00f6paja<\/h3>\n<p><img decoding=\"async\" src=\"\/wp-content\/uploads\/factory-11.webp\"\/><\/p>\n<h3>CNC-tarkkuuskoneistus ty\u00f6paja<\/h3>\n<p><img decoding=\"async\" src=\"\/wp-content\/uploads\/factory-11.5.webp\"\/><\/p>\n<h3>Valmiiden tuotteiden ja vientivarasto<\/h3>\n<p><img decoding=\"async\" src=\"\/wp-content\/uploads\/factory-12.webp\"\/><\/p>\n<p><img decoding=\"async\" src=\"\/wp-content\/uploads\/factory-13.webp\"\/><\/p>\n<p><img decoding=\"async\" src=\"\/wp-content\/uploads\/factory-14.webp\"\/><\/p>\n<h2>FAQ<\/h2>\n<p><b>1.Mik\u00e4 on alumiini suulakepuristus kova anodisointi alumiiniprofiili?<\/b><\/p>\n<p>Kovaan anodisointiin perustuva alumiiniprofiili on eritt\u00e4in luja alumiinikomponentti, joka on k\u00e4sitelty kovaan anodisointiprosessiin pinnan kest\u00e4vyyden, korroosionkest\u00e4vyyden ja kulutuskest\u00e4vyyden parantamiseksi.\n<\/p>\n<p><\/p>\n<p><b>2.Mitk\u00e4 ovat alumiiniprofiilien kovan anodisoinnin edut?<\/b><\/p>\n<p>Kova anodisointi muodostaa paksun, kulutusta kest\u00e4v\u00e4n oksidikerroksen, joka parantaa alumiiniprofiilien korroosionkest\u00e4vyytt\u00e4, kovuutta ja k\u00e4ytt\u00f6ik\u00e4\u00e4.\n<\/p>\n<p><\/p>\n<p><b>3.Miksi valita alumiinin puristamiseen kova anodisoitu profiileja?<\/b><\/p>\n<p>Alumiinin suulakepuristaminen mahdollistaa monimutkaisten, kevyiden ja eritt\u00e4in tarkkojen profiilien valmistamisen, jotka kovaan anodisoituna ovat ihanteellisia vaativiin teollisuus- ja rakennesovelluksiin.\n<\/p>\n<p><\/p>\n<p><b>4.Miten kova anodisointi eroaa tavallisesta anodisoinnista?<\/b><\/p>\n<p>Kova anodisointi tuottaa paksumman ja kovemman oksidikerroksen kuin tavallinen anodisointi, joka tarjoaa erinomaisen suojan kulumista, korroosiota ja mekaanisia vaurioita vastaan.\n<\/p>\n<p><\/p>\n<p><b>5.Mit\u00e4 teollisuudenaloja k\u00e4ytt\u00e4\u00e4 Hard Anodizing alumiini ekstruusioprofiilit?<\/b><\/p>\n<p>Ilmailu- ja avaruusteollisuudessa, autoteollisuudessa, koneteollisuudessa ja merenkulkualalla k\u00e4ytet\u00e4\u00e4n yleisesti kovaksi anodisoituja alumiiniprofiileja niiden paremman lujuuden ja kest\u00e4vyyden vuoksi.\n<\/p>\n<p><\/p>\n<p><b>6.Onko kova anodisoitu alumiini korroosionkest\u00e4v\u00e4?<\/b><\/p>\n<p>Kyll\u00e4, kovaksi anodisoitu alumiini tarjoaa erinomaisen korroosionkest\u00e4vyyden erityisesti vaativissa ymp\u00e4rist\u00f6iss\u00e4, joten se soveltuu ulko- ja merik\u00e4ytt\u00f6\u00f6n.\n<\/p>\n<p><\/p>\n<p><b>7.Voiko kovaksi anodisoituja alumiiniprofiileja k\u00e4ytt\u00e4\u00e4 kovaa kulutusta vaativissa sovelluksissa?<\/b><\/p>\n<p>Kyll\u00e4, kova anodisoitu pinta kest\u00e4\u00e4 hyvin kulutusta, joten se soveltuu erinomaisesti liukukomponentteihin, koneenosiin ja rakenteellisiin runkoihin.\n<\/p>\n<p><\/p>\n<p><b>8.Muuttaako kova anodisointi alumiiniprofiilien v\u00e4ri\u00e4?<\/b><\/p>\n<p>Kyll\u00e4, kovan anodisoinnin tuloksena on tyypillisesti tummanharmaa tai pronssinen pinta, joka voi vaihdella seoksesta ja prosessiparametreista riippuen.\n<\/p>\n<p><\/p>\n<p><b>9.Ovatko kovaksi anodisoidut alumiiniprofiilit s\u00e4hk\u00f6isesti erist\u00e4vi\u00e4?<\/b><\/p>\n<p>Kyll\u00e4, kovan anodisoinnin aikana muodostuva oksidikerros ei ole johtava, ja se tarjoaa s\u00e4hk\u00f6eristyksen tietyiss\u00e4 sovelluksissa.\n<\/p>\n<p><\/p>\n<p><b>10.Onko kova anodisoitu alumiini ymp\u00e4rist\u00f6yst\u00e4v\u00e4llinen?<\/b><\/p>\n<p>Kyll\u00e4, alumiini on kierr\u00e4tett\u00e4v\u00e4\u00e4, ja kova anodisointiprosessi tuottaa myrkytt\u00f6m\u00e4n ja kest\u00e4v\u00e4n pinnan, joka v\u00e4hent\u00e4\u00e4 huoltoa ja pident\u00e4\u00e4 tuotteen k\u00e4ytt\u00f6ik\u00e4\u00e4.\n<\/p>\n<p><\/p>","protected":false},"featured_media":5609,"template":"","categories":[55],"class_list":["post-5610","product","type-product","status-publish","has-post-thumbnail","hentry","category-extruded-aluminum-profiles"],"meta_box":{"hilight_text_group":{"product_hilight_text":"Sinoextrud aluminum extrusion hard anodizing aluminum profiles are available in a variety of shapes and sizes, giving you the flexibility to choose the right option for your unique application. From flat bar and angle to channel and tubing, there is a profile that is perfect for your needs.","product_chanpin_chanpin":"<li><a href=\"https:\/\/sinoextrud.com\/product\/aluminum-extrusion-6061-6063-aluminum-profile-for-lamppost\/\" target=\"_blank\">Aluminum Extrusion 6061 6063 Aluminum Profile For Lamppost<\/a><\/li>\r\n<li><a href=\"https:\/\/sinoextrud.com\/product\/6061-6063-6082-street-lamp-column-aluminum-profile\/\" target=\"_blank\">6061 6063 6082 Street Lamp Column Aluminum Profile<\/a><\/li>\r\n<li><a href=\"https:\/\/sinoextrud.com\/product\/aluminum-extrusion-linear-led-lighting-aluminum-profile\/\" target=\"_blank\">Aluminum Extrusion Linear LED Lighting Aluminum Profile<\/a><\/li>\r\n<li><a href=\"https:\/\/sinoextrud.com\/product\/aluminum-extrusion-electroplated-shower-room-aluminum-profile\/\" target=\"_blank\">Aluminum Extrusion Electroplated Shower Room Aluminum Profile<\/a><\/li>\r\n<li><a href=\"https:\/\/sinoextrud.com\/product\/aluminum-extrusion-hard-anodizing-aluminum-profiles\/\" target=\"_blank\">Aluminum Extrusion Hard Anodizing Aluminum Profiles<\/a><\/li>\r\n<li><a href=\"https:\/\/sinoextrud.com\/product\/aluminium-extrud-6061-6082-7075-aluminum-alloy-profiles\/\" target=\"_blank\">Aluminum Extrusion 2024 7001 7003 Aluminum Profile<\/a><\/li>\r\n<li><a href=\"https:\/\/sinoextrud.com\/product\/aluminum-extrusion-6101b-conductive-rail-aluminum-profile\/\" target=\"_blank\">Aluminum Extrusion 6101B Conductive Rail Aluminum Profile<\/a><\/li>\r\n<li><a href=\"https:\/\/sinoextrud.com\/product\/aluminum-extrusion-aluminum-rolling-shutters-profile\/\" target=\"_blank\">Aluminum Extrusion Aluminum Rolling Shutters Profile<\/a><\/li>\r\n<li><a href=\"https:\/\/sinoextrud.com\/product\/aluminum-extrusion-7003-7005-7020\/\" target=\"_blank\">Aluminum Extrusion 7003 7005 7020 High Hardness Anodized Aluminum Profile<\/a><\/li>\r\n<li><a href=\"https:\/\/sinoextrud.com\/product\/aluminium-sliding-casement-window-profile\/\" target=\"_blank\">Aluminium Sliding Casement Window Profile<\/a><\/li>\r\n<li><a href=\"https:\/\/sinoextrud.com\/product\/manufacturer-price-of-customized-oem-matt-anodized-aluminium-profile-for-hospital-pharmaceutical-clean-room\/\" target=\"_blank\">Manufacturer Price Of Customized OEM Matt Anodized Aluminium Profile For Hospital Pharmaceutical Clean Room<\/a><\/li>"},"feature_list":[]},"_links":{"self":[{"href":"https:\/\/sinoextrud.com\/fi\/wp-json\/wp\/v2\/product\/5610","targetHints":{"allow":["GET"]}}],"collection":[{"href":"https:\/\/sinoextrud.com\/fi\/wp-json\/wp\/v2\/product"}],"about":[{"href":"https:\/\/sinoextrud.com\/fi\/wp-json\/wp\/v2\/types\/product"}],"wp:featuredmedia":[{"embeddable":true,"href":"https:\/\/sinoextrud.com\/fi\/wp-json\/wp\/v2\/media\/5609"}],"wp:attachment":[{"href":"https:\/\/sinoextrud.com\/fi\/wp-json\/wp\/v2\/media?parent=5610"}],"wp:term":[{"taxonomy":"category","embeddable":true,"href":"https:\/\/sinoextrud.com\/fi\/wp-json\/wp\/v2\/categories?post=5610"}],"curies":[{"name":"wp","href":"https:\/\/api.w.org\/{rel}","templated":true}]}}