{"id":5604,"date":"2025-05-15T13:57:47","date_gmt":"2025-05-15T13:57:47","guid":{"rendered":"https:\/\/sinoextrud.com\/?post_type=product&#038;p=5604"},"modified":"2025-06-24T03:52:31","modified_gmt":"2025-06-24T03:52:31","slug":"alumiini-suulakepuristus-lineaarinen-led-valaistus-alumiiniprofiili","status":"publish","type":"product","link":"https:\/\/sinoextrud.com\/fi\/product\/aluminum-extrusion-linear-led-lighting-aluminum-profile\/","title":{"rendered":"Alumiini suulakepuristus Linear LED-valaistus alumiini profiili"},"content":{"rendered":"<h2>Tuotteiden tiedot<\/h2>\n<table class=\"custom-table\">\n<tr>\n<td class=\"label\">Tuotteen nimi:<\/td>\n<td>Alumiini suulakepuristus Linear LED-valaistus alumiini profiili<\/td>\n<\/tr>\n<tr>\n<td class=\"label\">Seos tai ei:<\/td>\n<td>Onko seos<\/td>\n<\/tr>\n<tr>\n<td class=\"label\">Tuotevalikoima:<\/td>\n<td>Alumiini puristamiseen Industrial lineaarinen valaistus alumiini, vedenpit\u00e4v\u00e4 LED lineaarinen valo alumiini, LED neon aukko alumiiniprofiili, jne.<\/td>\n<\/tr>\n<tr>\n<td class=\"label\">Tuotantotekniikka:<\/td>\n<td>A: Sahaus pitk\u00e4n kappaleen v\u00e4rj\u00e4yksen j\u00e4lkeen;B: Lyhyiden osien sahaus tai v\u00e4rj\u00e4ys koneistuksen j\u00e4lkeen.<\/td>\n<\/tr>\n<tr>\n<td class=\"label\">Standardi:<\/td>\n<td>Keskitaso ja korkea laatu<\/td>\n<\/tr>\n<tr>\n<td class=\"label\">MOQ:<\/td>\n<td>200KGS jokaiselle tuotteelle ja jokaiselle v\u00e4rille<\/td>\n<\/tr>\n<tr>\n<td class=\"label\">Toimitusaika:<\/td>\n<td>15-21 p\u00e4iv\u00e4\u00e4 talletuksen vastaanottamisen j\u00e4lkeen<\/td>\n<\/tr>\n<tr>\n<td class=\"label\">Pakkaustiedot:<\/td>\n<td>Sis\u00e4ll\u00e4: pakattu suojamuovikalvo jokaiselle kpl:lle suojaamaan. Ulkopuoli: pakattu vedenpit\u00e4v\u00e4ll\u00e4 k\u00e4sity\u00f6paperilla pinnalla.<\/td>\n<\/tr>\n<tr>\n<td class=\"label\">Toimituskyky:<\/td>\n<td>5000 Ton \/ tonnia kuukaudessa Industrial alumiini profiilin<\/td>\n<\/tr>\n<tr>\n<td class=\"label\">Luokka:<\/td>\n<td>6063-T5<\/td>\n<\/tr>\n<tr>\n<td class=\"label\">Muoto:<\/td>\n<td>U-muotoinen tai r\u00e4\u00e4t\u00e4l\u00f6ity<\/td>\n<\/tr>\n<tr>\n<td class=\"label\">Sovellus:<\/td>\n<td>Kauppakeskukset, hotellit, toimistorakennukset, tehtaat (julkinen valaistuspaikka alumiini)<\/td>\n<\/tr>\n<tr>\n<td class=\"label\">Asenna:<\/td>\n<td>Nostaminen\/kattoon\/kattoon\/sein\u00e4\u00e4n\/sein\u00e4\u00e4n ripustaminen<\/td>\n<\/tr>\n<tr>\n<td class=\"label\">Takuu:<\/td>\n<td>asiakastodistus, kuten BV, Soncap, ISO<\/td>\n<\/tr>\n<tr>\n<td class=\"label\">Viennin pituus:<\/td>\n<td>5.8m 20ft:lle , 5.9m \/6.0m 40'GP:lle.<\/td>\n<\/tr>\n<\/table>\n<h2>Tuotantopohjamme<\/h2>\n<h3>Tehtaan panoraama<\/h3>\n<p><img decoding=\"async\" src=\"\/wp-content\/uploads\/factory-01.webp\"\/><\/p>\n<h3>Alumiini Bar Manufacturing Workshop<\/h3>\n<p><img decoding=\"async\" src=\"\/wp-content\/uploads\/factory-02.webp\"\/><\/p>\n<\/p>\n<p><img decoding=\"async\" src=\"\/wp-content\/uploads\/factory-03.webp\"\/><\/p>\n<h3>Muotin varastointi Varasto<\/h3>\n<p><img decoding=\"async\" src=\"\/wp-content\/uploads\/factory-04.webp\"\/><\/p>\n<h3>43 Alumiini ekstruusiolinjat (500\u00e2 5500 tonnia)<\/h3>\n<p><img decoding=\"async\" src=\"\/wp-content\/uploads\/factory-05.webp\"\/><\/p>\n<p><img decoding=\"async\" src=\"\/wp-content\/uploads\/factory-06.webp\"\/><\/p>\n<p><img decoding=\"async\" src=\"\/wp-content\/uploads\/factory-07.webp\"\/><\/p>\n<h3>Jauhemaalaus ty\u00f6paja<\/h3>\n<p><img decoding=\"async\" src=\"\/wp-content\/uploads\/factory-09.webp\"\/><\/p>\n<h3>Anodisointi ty\u00f6paja<\/h3>\n<p><img decoding=\"async\" src=\"\/wp-content\/uploads\/factory-10.webp\"\/><\/p>\n<h3>Syv\u00e4k\u00e4sittelyn ty\u00f6paja<\/h3>\n<p><img decoding=\"async\" src=\"\/wp-content\/uploads\/factory-11.webp\"\/><\/p>\n<h3>CNC-tarkkuuskoneistus ty\u00f6paja<\/h3>\n<p><img decoding=\"async\" src=\"\/wp-content\/uploads\/factory-11.5.webp\"\/><\/p>\n<h3>Valmiiden tuotteiden ja vientivarasto<\/h3>\n<p><img decoding=\"async\" src=\"\/wp-content\/uploads\/factory-12.webp\"\/><\/p>\n<p><img decoding=\"async\" src=\"\/wp-content\/uploads\/factory-13.webp\"\/><\/p>\n<p><img decoding=\"async\" src=\"\/wp-content\/uploads\/factory-14.webp\"\/><\/p>\n<h2>FAQ<\/h2>\n<p><b>1.Mik\u00e4 on alumiini ekstruusio Linear LED-valaistus alumiini profiili?<\/b><\/p>\n<p>Alumiiniprofiili on erityisesti suunniteltu alumiinikotelo, jota k\u00e4ytet\u00e4\u00e4n LED-valonauhojen kiinnitt\u00e4miseen ja suojaamiseen lineaarisissa valaistussovelluksissa.\n<\/p>\n<p><\/p>\n<p><b>2.Mitk\u00e4 ovat alumiiniprofiilien k\u00e4yt\u00f6n t\u00e4rkeimm\u00e4t edut lineaarisessa LED-valaistuksessa?<\/b><\/p>\n<p>Alumiiniprofiilit tarjoavat erinomaisen l\u00e4mm\u00f6ntuottokyvyn, tyylikk\u00e4\u00e4n muotoilun ja suojan LED-nauhoille, mik\u00e4 pident\u00e4\u00e4 k\u00e4ytt\u00f6ik\u00e4\u00e4 ja parantaa valaistuksen suorituskyky\u00e4.\n<\/p>\n<p><\/p>\n<p><b>3.Miksi valita alumiinipursotus LED-valaistusprofiileille?<\/b><\/p>\n<p>Alumiinipuristus mahdollistaa tarkat, muokattavat muodot ja korkean kest\u00e4vyyden, joten se sopii erinomaisesti nykyaikaisiin ja tehokkaisiin lineaarisiin LED-valaistusratkaisuihin.\n<\/p>\n<p><\/p>\n<p><b>4.How alumiini puristaminen parantaa LED-valon l\u00e4mm\u00f6nhallintaa?<\/b><\/p>\n<p>Alumiinilla on korkea l\u00e4mm\u00f6njohtavuus, ja suulakepuristetun profiilin muotoilu auttaa johtamaan l\u00e4mp\u00f6\u00e4 LED-nauhoista, mik\u00e4 est\u00e4\u00e4 ylikuumenemisen ja varmistaa tasaisen suorituskyvyn.\n<\/p>\n<p><\/p>\n<p><b>5.Ovatko alumiiniset LED-valaistusprofiilit sopivat sek\u00e4 asuin- ett\u00e4 kaupalliseen k\u00e4ytt\u00f6\u00f6n?<\/b><\/p>\n<p>Kyll\u00e4, lineaariset LED-alumiiniprofiilit ovat monipuolisia ja niit\u00e4 k\u00e4ytet\u00e4\u00e4n laajalti kodeissa, toimistoissa, myym\u00e4l\u00e4tiloissa ja arkkitehtonisissa valaistusprojekteissa.\n<\/p>\n<p><\/p>\n<p><b>6.Voiko lineaariset LED-alumiiniprofiilit asentaa pintaan tai upottaa?<\/b><\/p>\n<p>Kyll\u00e4, lineaarisen LED-valaistuksen alumiiniprofiileja on saatavana eri tyyppisin\u00e4, kuten pinta-asennettavina, upotettavina ja ripustettavina vaihtoehtoina joustavaa asennusta varten.\n<\/p>\n<p><\/p>\n<p><b>7.Parantavatko alumiiniset LED-profiilit valon hajotusta ja estetiikkaa?<\/b><\/p>\n<p>Kyll\u00e4, niiss\u00e4 on usein diffuusorit, jotka pehment\u00e4v\u00e4t ja jakavat valoa tasaisesti ja antavat samalla valaistusasennuksille siistin ja modernin ilmeen.\n<\/p>\n<p><\/p>\n<p><b>8.Are alumiini suulakepuristus LED-valaistusprofiilit helppo asentaa?<\/b><\/p>\n<p>Kyll\u00e4, n\u00e4m\u00e4 profiilit on suunniteltu asennettaviksi helposti klipsien, kiinnikkeiden ja p\u00e4\u00e4tykappaleiden avulla, mik\u00e4 v\u00e4hent\u00e4\u00e4 ty\u00f6- ja asennusaikaa.\n<\/p>\n<p><\/p>\n<p><b>9.Mit\u00e4 materiaaleja k\u00e4ytet\u00e4\u00e4n LED-valaistuksen alumiiniprofiileissa alumiinin lis\u00e4ksi?<\/b><\/p>\n<p>Alumiinikoteloiden lis\u00e4ksi profiileissa on yleens\u00e4 polykarbonaatti- tai PMMA-diffuusorit, jotka tarjoavat optimaalisen valotehon ja suojan.\n<\/p>\n<p><\/p>\n<p><b>10.Onko alumiininen LED-profiili ymp\u00e4rist\u00f6yst\u00e4v\u00e4llinen?<\/b><\/p>\n<p>Kyll\u00e4, alumiini on t\u00e4ysin kierr\u00e4tett\u00e4viss\u00e4, sen tuotanto on energiatehokasta ja se edist\u00e4\u00e4 kest\u00e4vi\u00e4, v\u00e4h\u00e4n huoltoa vaativia LED-valaistusj\u00e4rjestelmi\u00e4.\n<\/p>\n<p><\/p>","protected":false},"featured_media":5606,"template":"","categories":[55],"class_list":["post-5604","product","type-product","status-publish","has-post-thumbnail","hentry","category-extruded-aluminum-profiles"],"meta_box":{"hilight_text_group":{"product_hilight_text":"aluminum extrusion linear LED lighting aluminum profile is the perfect solution for anyone looking for a high-quality lighting solution that is reliable and easy to install. This profile is designed specifically for use with LED lights and is perfect for various applications, including industrial, commercial, and residential lighting.","product_chanpin_chanpin":"<li><a href=\"https:\/\/sinoextrud.com\/product\/linear-sliding-modules-aluminum-profiles\/\" target=\"_blank\">Linear Sliding Modules Aluminum Profiles<\/a><\/li>\r\n<li><a href=\"https:\/\/sinoextrud.com\/product\/aluminum-extrusion-1060-aluminum-profile\/\" target=\"_blank\">Aluminum Extrusion 1060 Aluminum Profile<\/a><\/li>\r\n<li><a href=\"https:\/\/sinoextrud.com\/product\/aluminum-extrusion-6061-6063-aluminum-profile-for-lamppost\/\" target=\"_blank\">Aluminum Extrusion 6061 6063 Aluminum Profile For Lamppost<\/a><\/li>\r\n<li><a href=\"https:\/\/sinoextrud.com\/product\/6061-6063-6082-street-lamp-column-aluminum-profile\/\" target=\"_blank\">6061 6063 6082 Street Lamp Column Aluminum Profile<\/a><\/li>\r\n<li><a href=\"https:\/\/sinoextrud.com\/product\/aluminum-extrusion-linear-led-lighting-aluminum-profile\/\" target=\"_blank\">Aluminum Extrusion Linear LED Lighting Aluminum Profile<\/a><\/li>\r\n<li><a href=\"https:\/\/sinoextrud.com\/product\/aluminum-extrusion-electroplated-shower-room-aluminum-profile\/\" target=\"_blank\">Aluminum Extrusion Electroplated Shower Room Aluminum Profile<\/a><\/li>\r\n<li><a href=\"https:\/\/sinoextrud.com\/product\/aluminum-extrusion-hard-anodizing-aluminum-profiles\/\" target=\"_blank\">Aluminum Extrusion Hard Anodizing Aluminum Profiles<\/a><\/li>\r\n<li><a href=\"https:\/\/sinoextrud.com\/product\/aluminium-extrud-6061-6082-7075-aluminum-alloy-profiles\/\" target=\"_blank\">Aluminum Extrusion 2024 7001 7003 Aluminum Profile<\/a><\/li>\r\n<li><a href=\"https:\/\/sinoextrud.com\/product\/aluminum-extrusion-6101b-conductive-rail-aluminum-profile\/\" target=\"_blank\">Aluminum Extrusion 6101B Conductive Rail Aluminum Profile<\/a><\/li>\r\n<li><a href=\"https:\/\/sinoextrud.com\/product\/solar-aluminium-profiles\/\" target=\"_blank\">Solar Aluminium Profiles<\/a><\/li>\r\n<li><a href=\"https:\/\/sinoextrud.com\/product\/aluminum-extruded-enclosure-for-power-supply\/\" target=\"_blank\">Aluminum Extruded Enclosure For Power Supply<\/a><\/li>"},"feature_list":[]},"_links":{"self":[{"href":"https:\/\/sinoextrud.com\/fi\/wp-json\/wp\/v2\/product\/5604","targetHints":{"allow":["GET"]}}],"collection":[{"href":"https:\/\/sinoextrud.com\/fi\/wp-json\/wp\/v2\/product"}],"about":[{"href":"https:\/\/sinoextrud.com\/fi\/wp-json\/wp\/v2\/types\/product"}],"wp:featuredmedia":[{"embeddable":true,"href":"https:\/\/sinoextrud.com\/fi\/wp-json\/wp\/v2\/media\/5606"}],"wp:attachment":[{"href":"https:\/\/sinoextrud.com\/fi\/wp-json\/wp\/v2\/media?parent=5604"}],"wp:term":[{"taxonomy":"category","embeddable":true,"href":"https:\/\/sinoextrud.com\/fi\/wp-json\/wp\/v2\/categories?post=5604"}],"curies":[{"name":"wp","href":"https:\/\/api.w.org\/{rel}","templated":true}]}}