{"id":5600,"date":"2025-05-15T13:39:40","date_gmt":"2025-05-15T13:39:40","guid":{"rendered":"https:\/\/sinoextrud.com\/?post_type=product&#038;p=5600"},"modified":"2025-06-24T03:52:27","modified_gmt":"2025-06-24T03:52:27","slug":"alumiini-suulakepuristus-6061-6063-alumiiniprofiili-valaisinpylvaaseen","status":"publish","type":"product","link":"https:\/\/sinoextrud.com\/fi\/product\/aluminum-extrusion-6061-6063-aluminum-profile-for-lamppost\/","title":{"rendered":"Alumiini suulakepuristus 6061 6063 alumiini profiili Lamppost varten"},"content":{"rendered":"<h2>Tuotteiden tiedot<\/h2>\n<table class=\"custom-table\">\n<tr>\n<td class=\"label\">Tuotteen nimi<\/td>\n<td>alumiini suulakepuristus 6061 6063 alumiiniprofiili valaisinpylv\u00e4\u00e4seen<\/td>\n<\/tr>\n<tr>\n<td class=\"label\">Tuotevalikoima<\/td>\n<td>6061 alumiiniprofiilin, 6063 alumiiniprofiilin alumiiniprofiili, 6061 alumiiniprofiilin alumiiniprofiili<\/td>\n<\/tr>\n<tr>\n<td class=\"label\">Sopivat j\u00e4rjestelm\u00e4t Tyypit<\/td>\n<td>alumiini suulakepuristusprofiilit, suulakepuristetut alumiiniputket, CNC-alumiiniputki<\/td>\n<\/tr>\n<tr>\n<td class=\"label\">Hakemus<\/td>\n<td>Valaisinpylv\u00e4s<\/td>\n<\/tr>\n<tr>\n<td class=\"label\">Pintak\u00e4sittely<\/td>\n<td>viimeistelty, anodisoitu, puukuvioitu, tehopinnoitus, hiekkapuhallus, elektroforeesi, harjaus, kiillotus jne.<\/td>\n<\/tr>\n<tr>\n<td class=\"label\">CNC-syv\u00e4k\u00e4sittely<\/td>\n<td>leikkaaminen, poraaminen, koneistaminen, l\u00e4vist\u00e4minen, taivuttaminen, napauttaminen jne.<\/td>\n<\/tr>\n<tr>\n<td class=\"label\">Sertifikaatit<\/td>\n<td>CE, ISO, SGS, TUV, ROHS<\/td>\n<\/tr>\n<tr>\n<td class=\"label\">N\u00e4ytteet<\/td>\n<td>ilmainen n\u00e4yte. 1-3 p\u00e4iv\u00e4\u00e4 toimitetaan sinulle.<\/td>\n<\/tr>\n<tr>\n<td class=\"label\">MOQ<\/td>\n<td>200 kg kutakin profiilia kohti<\/td>\n<\/tr>\n<tr>\n<td class=\"label\">Toimitusaika<\/td>\n<td>Muotin kehitt\u00e4minen ja n\u00e4ytteen muotoilu kest\u00e4\u00e4 12-15 p\u00e4iv\u00e4\u00e4, sitten tuotannon kesto on 15-25 p\u00e4iv\u00e4\u00e4 ostajan talletuksen vastaanottamisen j\u00e4lkeen.<\/td>\n<\/tr>\n<tr>\n<td class=\"label\">Maksuehdot<\/td>\n<td>30% talletus ennen tuotantoa ja saldo ennen l\u00e4hetyst\u00e4.<\/td>\n<\/tr>\n<\/table>\n<h2>Tuotantopohjamme<\/h2>\n<h3>Tehtaan panoraama<\/h3>\n<p><img decoding=\"async\" src=\"\/wp-content\/uploads\/factory-01.webp\"\/><\/p>\n<h3>Alumiini Bar Manufacturing Workshop<\/h3>\n<p><img decoding=\"async\" src=\"\/wp-content\/uploads\/factory-02.webp\"\/><\/p>\n<\/p>\n<p><img decoding=\"async\" src=\"\/wp-content\/uploads\/factory-03.webp\"\/><\/p>\n<h3>Muotin varastointi Varasto<\/h3>\n<p><img decoding=\"async\" src=\"\/wp-content\/uploads\/factory-04.webp\"\/><\/p>\n<h3>43 Alumiini ekstruusiolinjat (500\u00e2 5500 tonnia)<\/h3>\n<p><img decoding=\"async\" src=\"\/wp-content\/uploads\/factory-05.webp\"\/><\/p>\n<p><img decoding=\"async\" src=\"\/wp-content\/uploads\/factory-06.webp\"\/><\/p>\n<p><img decoding=\"async\" src=\"\/wp-content\/uploads\/factory-07.webp\"\/><\/p>\n<h3>Jauhemaalaus ty\u00f6paja<\/h3>\n<p><img decoding=\"async\" src=\"\/wp-content\/uploads\/factory-09.webp\"\/><\/p>\n<h3>Anodisointi ty\u00f6paja<\/h3>\n<p><img decoding=\"async\" src=\"\/wp-content\/uploads\/factory-10.webp\"\/><\/p>\n<h3>Syv\u00e4k\u00e4sittelyn ty\u00f6paja<\/h3>\n<p><img decoding=\"async\" src=\"\/wp-content\/uploads\/factory-11.webp\"\/><\/p>\n<h3>CNC-tarkkuuskoneistus ty\u00f6paja<\/h3>\n<p><img decoding=\"async\" src=\"\/wp-content\/uploads\/factory-11.5.webp\"\/><\/p>\n<h3>Valmiiden tuotteiden ja vientivarasto<\/h3>\n<p><img decoding=\"async\" src=\"\/wp-content\/uploads\/factory-12.webp\"\/><\/p>\n<p><img decoding=\"async\" src=\"\/wp-content\/uploads\/factory-13.webp\"\/><\/p>\n<p><img decoding=\"async\" src=\"\/wp-content\/uploads\/factory-14.webp\"\/><\/p>\n<h2>FAQ<\/h2>\n<p><b>1.Mik\u00e4 on alumiini suulakepuristus 6061 6063 alumiini profiili Lamppost?<\/b><\/p>\n<p>Alumiiniprofiili 6061 6063 Alumiiniprofiili valaisinpylv\u00e4\u00e4lle tarkoittaa 6061- tai 6063-seoksista valmistettuja rakenteellisia alumiinikomponentteja, jotka on suunniteltu erityisesti katuvalojen tai valaisinpylv\u00e4iden rakentamiseen.\n<\/p>\n<p><\/p>\n<p><b>2.Mitk\u00e4 ovat 6061-alumiinin k\u00e4yt\u00f6n edut lyhtypylv\u00e4iss\u00e4?<\/b><\/p>\n<p>6061-alumiini tarjoaa suuren lujuuden, korroosionkest\u00e4vyyden ja erinomaisen hitsattavuuden, mik\u00e4 tekee siit\u00e4 ihanteellisen kest\u00e4v\u00e4n ja s\u00e4\u00e4nkest\u00e4v\u00e4n valaisinpylv\u00e4\u00e4n sovelluksiin.\n<\/p>\n<p><\/p>\n<p><b>3.Miksi valita 6063 alumiiniprofiilit valaisinpylv\u00e4srakenteisiin?<\/b><\/p>\n<p>6063-alumiini tunnetaan erinomaisesta pintak\u00e4sittelyst\u00e4\u00e4n, korroosionkest\u00e4vyydest\u00e4\u00e4n ja hyv\u00e4st\u00e4 suulakepuristettavuudestaan, joka sopii erinomaisesti esteettisesti houkutteleviin ja kevyisiin valaisinpylv\u00e4isiin.\n<\/p>\n<p><\/p>\n<p><b>4.Miten 6061- ja 6063-alumiiniprofiilit eroavat toisistaan valaisinpylv\u00e4iden k\u00e4yt\u00f6ss\u00e4?<\/b><\/p>\n<p>6061-alumiini on vahvempaa ja sit\u00e4 k\u00e4ytet\u00e4\u00e4n rakenteelliseen lujuuteen, kun taas 6063-alumiini tarjoaa paremman pinnanlaadun ja sit\u00e4 k\u00e4ytet\u00e4\u00e4n mieluummin koriste- tai kevytrakenteisiin.\n<\/p>\n<p><\/p>\n<p><b>5.Are alumiini suulakepuristus 6061 6063 profiilit soveltuvat ulkok\u00e4ytt\u00f6\u00f6n?<\/b><\/p>\n<p>Kyll\u00e4, sek\u00e4 6061- ett\u00e4 6063-alumiiniprofiilit ovat korroosionkest\u00e4vi\u00e4 ja s\u00e4\u00e4nkest\u00e4vi\u00e4, joten ne soveltuvat erinomaisesti ulkotiloissa k\u00e4ytett\u00e4viin valaisinpylv\u00e4isiin.\n<\/p>\n<p><\/p>\n<p><b>6.Mik\u00e4 tekee alumiinista suulakepuristetun ihanteellisen valaisinpylv\u00e4\u00e4n valmistukseen?<\/b><\/p>\n<p>Alumiinipuristus mahdollistaa monimutkaiset, kevyet ja mukautettavat mallit, joissa on suuri tarkkuus, mik\u00e4 v\u00e4hent\u00e4\u00e4 materiaalihukkaa ja yksinkertaistaa asennusta.\n<\/p>\n<p><\/p>\n<p><b>7.Can 6061 6063 alumiini valaisinpylv\u00e4sprofiilit voidaan anodisoida?<\/b><\/p>\n<p>Kyll\u00e4, sek\u00e4 6061- ett\u00e4 6063-alumiiniprofiilit voidaan anodisoida korroosionkest\u00e4vyyden, kest\u00e4vyyden ja pinnan ulkon\u00e4\u00f6n parantamiseksi.\n<\/p>\n<p><\/p>\n<p><b>8.Mitk\u00e4 ovat alumiinisten valaisinpylv\u00e4sprofiilien ymp\u00e4rist\u00f6hy\u00f6dyt?<\/b><\/p>\n<p>Alumiiniprofiilit ovat 100% kierr\u00e4tett\u00e4vi\u00e4, kevyit\u00e4 ja energiatehokkaita valmistaa, joten ne ovat ymp\u00e4rist\u00f6yst\u00e4v\u00e4llinen valinta valaisinpylv\u00e4isiin.\n<\/p>\n<p><\/p>\n<p><b>9.Kuinka vahvoja 6061 6063 alumiiniprofiilit ovat rakenteellisissa sovelluksissa?<\/b><\/p>\n<p>6061 tarjoaa suuremman vetolujuuden kantavia rakenteita varten, kun taas 6063 tarjoaa riitt\u00e4v\u00e4n lujuuden ja paremman pintak\u00e4sittelyn kohtalaisen raskaan k\u00e4yt\u00f6n valaisinpylv\u00e4isiin.\n<\/p>\n<p><\/p>\n<p><b>10.Onko alumiiniprofiileista valmistettuja valaisinpylv\u00e4it\u00e4 helppo asentaa?<\/b><\/p>\n<p>Kyll\u00e4, alumiiniprofiilit 6061 6063 ovat kevyit\u00e4 ja helppoja ty\u00f6st\u00e4\u00e4, mik\u00e4 mahdollistaa nopeamman, turvallisemman ja kustannustehokkaamman valaisinpylv\u00e4\u00e4n asennuksen.\n<\/p>\n<p><\/p>","protected":false},"featured_media":5599,"template":"","categories":[55],"class_list":["post-5600","product","type-product","status-publish","has-post-thumbnail","hentry","category-extruded-aluminum-profiles"],"meta_box":{"hilight_text_group":{"product_hilight_text":"Aluminum extrusion 6061 and 6063 aluminum profiles are ideal materials for lampposts due to their durability, strength, and resistance to corrosion. Both alloys are widely used in the construction industry for their versatility and affordability, making them a top choice for lighting applications.","product_chanpin_chanpin":"<li><a href=\"https:\/\/sinoextrud.com\/product\/aluminum-extrud-7003-aluminum-pipe\/\" target=\"_blank\">Aluminum Extrusion 7003 Aluminum Pipe<\/a><\/li>\r\n<li><a href=\"https:\/\/sinoextrud.com\/product\/aluminum-extrusion-2024-aluminum-profile\/\" target=\"_blank\">Aluminum Extrusion 2024 Aluminum Profile<\/a><\/li>\r\n<li><a href=\"https:\/\/sinoextrud.com\/product\/linear-sliding-modules-aluminum-profiles\/\" target=\"_blank\">Linear Sliding Modules Aluminum Profiles<\/a><\/li>\r\n<li><a href=\"https:\/\/sinoextrud.com\/product\/aluminum-extrusion-1060-aluminum-profile\/\" target=\"_blank\">Aluminum Extrusion 1060 Aluminum Profile<\/a><\/li>\r\n<li><a href=\"https:\/\/sinoextrud.com\/product\/aluminum-extrusion-6061-6063-aluminum-profile-for-lamppost\/\" target=\"_blank\">Aluminum Extrusion 6061 6063 Aluminum Profile For Lamppost<\/a><\/li>\r\n<li><a href=\"https:\/\/sinoextrud.com\/product\/6061-6063-6082-street-lamp-column-aluminum-profile\/\" target=\"_blank\">6061 6063 6082 Street Lamp Column Aluminum Profile<\/a><\/li>\r\n<li><a href=\"https:\/\/sinoextrud.com\/product\/aluminum-extrusion-linear-led-lighting-aluminum-profile\/\" target=\"_blank\">Aluminum Extrusion Linear LED Lighting Aluminum Profile<\/a><\/li>\r\n<li><a href=\"https:\/\/sinoextrud.com\/product\/aluminum-extrusion-electroplated-shower-room-aluminum-profile\/\" target=\"_blank\">Aluminum Extrusion Electroplated Shower Room Aluminum Profile<\/a><\/li>\r\n<li><a href=\"https:\/\/sinoextrud.com\/product\/aluminum-extrusion-hard-anodizing-aluminum-profiles\/\" target=\"_blank\">Aluminum Extrusion Hard Anodizing Aluminum Profiles<\/a><\/li>\r\n<li><a href=\"https:\/\/sinoextrud.com\/product\/linear-rail-aluminum-extrusion\/\" target=\"_blank\">Linear Rail Aluminum Extrusion<\/a><\/li>\r\n<li><a href=\"https:\/\/sinoextrud.com\/product\/glass-balcony-railing-aluminum-u-channel-design\/\" target=\"_blank\">Glass Balcony Railing Aluminum U Channel Design<\/a><\/li>"},"feature_list":[]},"_links":{"self":[{"href":"https:\/\/sinoextrud.com\/fi\/wp-json\/wp\/v2\/product\/5600","targetHints":{"allow":["GET"]}}],"collection":[{"href":"https:\/\/sinoextrud.com\/fi\/wp-json\/wp\/v2\/product"}],"about":[{"href":"https:\/\/sinoextrud.com\/fi\/wp-json\/wp\/v2\/types\/product"}],"wp:featuredmedia":[{"embeddable":true,"href":"https:\/\/sinoextrud.com\/fi\/wp-json\/wp\/v2\/media\/5599"}],"wp:attachment":[{"href":"https:\/\/sinoextrud.com\/fi\/wp-json\/wp\/v2\/media?parent=5600"}],"wp:term":[{"taxonomy":"category","embeddable":true,"href":"https:\/\/sinoextrud.com\/fi\/wp-json\/wp\/v2\/categories?post=5600"}],"curies":[{"name":"wp","href":"https:\/\/api.w.org\/{rel}","templated":true}]}}