{"id":5598,"date":"2025-05-15T13:24:40","date_gmt":"2025-05-15T13:24:40","guid":{"rendered":"https:\/\/sinoextrud.com\/?post_type=product&#038;p=5598"},"modified":"2025-06-24T03:52:25","modified_gmt":"2025-06-24T03:52:25","slug":"alumiiniprofiili-1060-alumiiniprofiili","status":"publish","type":"product","link":"https:\/\/sinoextrud.com\/fi\/product\/aluminum-extrusion-1060-aluminum-profile\/","title":{"rendered":"Alumiini suulakepuristus 1060 alumiini profiili"},"content":{"rendered":"<h2>Tuotteiden tiedot<\/h2>\n<table class=\"custom-table\">\n<tr>\n<td class=\"label\">Kohde<\/td>\n<td>Alumiini suulakepuristus 1060 alumiini profiili<\/td>\n<\/tr>\n<tr>\n<td class=\"label\">Materiaali<\/td>\n<td>1060 Alumiiniprofiili<\/td>\n<\/tr>\n<tr>\n<td class=\"label\">Temper<\/td>\n<td>T4\uff0cT5\uff0cT6<\/td>\n<\/tr>\n<tr>\n<td class=\"label\">Hapetettu Koko\/paksuus<\/td>\n<td>Yleiset profiilit paksuus 0.8-5.0mm, pituus 3m-6m tai r\u00e4\u00e4t\u00e4l\u00f6ity saatavilla; Anodisoida suojakalvon paksuus 8 ~ 25 um, jauhemaalaus 40 ~ 120 um.<\/td>\n<\/tr>\n<tr>\n<td class=\"label\">MOQ<\/td>\n<td>200KGS<\/td>\n<\/tr>\n<tr>\n<td class=\"label\">Kovuus<\/td>\n<td>Ei kovuutta<\/td>\n<\/tr>\n<tr>\n<td class=\"label\">Paketti<\/td>\n<td>puuhylly<\/td>\n<\/tr>\n<tr>\n<td class=\"label\">Muoto<\/td>\n<td>Square\uff0cRound\uff0cRectangular\uff0cCustomized<\/td>\n<\/tr>\n<tr>\n<td class=\"label\">Hakemus<\/td>\n<td>alumiinilevyt, -levyt, keitti\u00f6tarvikkeet, alumiinifolio, lamppujen kotelot, koristeaineet ja er\u00e4\u00e4t elektroniset laitteet.<\/td>\n<\/tr>\n<tr>\n<td class=\"label\">Pintak\u00e4sittely<\/td>\n<td>jauhemaalaus\uff0celektroforeesi\uff0c puunjyv\u00e4\uff0c anodisoitu\uff0c harjattu\uff0c kiillotus<\/td>\n<\/tr>\n<tr>\n<td class=\"label\">V\u00e4rit<\/td>\n<td>r\u00e4\u00e4t\u00e4l\u00f6ity v\u00e4ri saatavilla<\/td>\n<\/tr>\n<tr>\n<td class=\"label\">Syv\u00e4 prosessi<\/td>\n<td>DCNC\uff0cDrilling\uff0cMilling\uff0cCutting\uff0cWelding\uff0cbending\uff0cassembling (DCNC)<\/td>\n<\/tr>\n<\/table>\n<h2>Tuotantopohjamme<\/h2>\n<h3>Tehtaan panoraama<\/h3>\n<p><img decoding=\"async\" src=\"\/wp-content\/uploads\/factory-01.webp\"\/><\/p>\n<h3>Alumiini Bar Manufacturing Workshop<\/h3>\n<p><img decoding=\"async\" src=\"\/wp-content\/uploads\/factory-02.webp\"\/><\/p>\n<\/p>\n<p><img decoding=\"async\" src=\"\/wp-content\/uploads\/factory-03.webp\"\/><\/p>\n<h3>Muotin varastointi Varasto<\/h3>\n<p><img decoding=\"async\" src=\"\/wp-content\/uploads\/factory-04.webp\"\/><\/p>\n<h3>43 Alumiini ekstruusiolinjat (500\u00e2 5500 tonnia)<\/h3>\n<p><img decoding=\"async\" src=\"\/wp-content\/uploads\/factory-05.webp\"\/><\/p>\n<p><img decoding=\"async\" src=\"\/wp-content\/uploads\/factory-06.webp\"\/><\/p>\n<p><img decoding=\"async\" src=\"\/wp-content\/uploads\/factory-07.webp\"\/><\/p>\n<h3>Jauhemaalaus ty\u00f6paja<\/h3>\n<p><img decoding=\"async\" src=\"\/wp-content\/uploads\/factory-09.webp\"\/><\/p>\n<h3>Anodisointi ty\u00f6paja<\/h3>\n<p><img decoding=\"async\" src=\"\/wp-content\/uploads\/factory-10.webp\"\/><\/p>\n<h3>Syv\u00e4k\u00e4sittelyn ty\u00f6paja<\/h3>\n<p><img decoding=\"async\" src=\"\/wp-content\/uploads\/factory-11.webp\"\/><\/p>\n<h3>CNC-tarkkuuskoneistus ty\u00f6paja<\/h3>\n<p><img decoding=\"async\" src=\"\/wp-content\/uploads\/factory-11.5.webp\"\/><\/p>\n<h3>Valmiiden tuotteiden ja vientivarasto<\/h3>\n<p><img decoding=\"async\" src=\"\/wp-content\/uploads\/factory-12.webp\"\/><\/p>\n<p><img decoding=\"async\" src=\"\/wp-content\/uploads\/factory-13.webp\"\/><\/p>\n<p><img decoding=\"async\" src=\"\/wp-content\/uploads\/factory-14.webp\"\/><\/p>\n<h2>FAQ<\/h2>\n<p><b>1.Mik\u00e4 on alumiini suulakepuristus 1060 alumiini profiili?<\/b><\/p>\n<p>Alumiini suulakepuristus 1060 Alumiiniprofiili on eritt\u00e4in puhdas alumiiniseos tuote muodostettu suulakepuristamalla, tunnettu erinomaisesta johtavuudesta, korroosionkest\u00e4vyydest\u00e4 ja muovattavuudesta.\n<\/p>\n<p><\/p>\n<p><b>2.Mitk\u00e4 ovat 1060 alumiiniprofiilin t\u00e4rkeimm\u00e4t ominaisuudet?<\/b><\/p>\n<p>1060 Alumiiniprofiilissa on yli 99,6% alumiinipitoisuus, joka tarjoaa korkean s\u00e4hk\u00f6njohtavuuden, erinomaisen l\u00e4mp\u00f6tehon ja erinomaisen korroosionkest\u00e4vyyden.\n<\/p>\n<p><\/p>\n<p><b>3.Miksi valita 1060 alumiini suulakepuristusprofiileihin?<\/b><\/p>\n<p>1060-alumiini on ihanteellinen suulakepuristukseen erinomaisen sitkeytens\u00e4, sile\u00e4n pintak\u00e4sittelyns\u00e4 ja kustannustehokkuutensa ansiosta sovelluksissa, jotka vaativat korkeaa l\u00e4mp\u00f6- tai s\u00e4hk\u00f6tehoa.\n<\/p>\n<p><\/p>\n<p><b>4.What ovat edut k\u00e4ytt\u00e4m\u00e4ll\u00e4 alumiini suulakepuristus 1060 profiileja?<\/b><\/p>\n<p>Hy\u00f6dyt ovat kevyt rakenne, korkea korroosionkest\u00e4vyys, helppo valmistettavuus sek\u00e4 soveltuvuus s\u00e4hk\u00f6- ja kemikaalilaitteiden sovelluksiin.\n<\/p>\n<p><\/p>\n<p><b>5.Millaisilla teollisuudenaloilla 1060 alumiiniprofiileja k\u00e4ytet\u00e4\u00e4n yleisesti?<\/b><\/p>\n<p>1060 Alumiiniprofiileja k\u00e4ytet\u00e4\u00e4n laajalti s\u00e4hk\u00f6j\u00e4rjestelmiss\u00e4, s\u00e4hk\u00f6koteloissa, opasteissa ja kemiallisissa k\u00e4sittelylaitteissa niiden johtavuuden ja korroosionkest\u00e4vyyden ansiosta.\n<\/p>\n<p><\/p>\n<p><b>6.Is 1060 alumiini profiili sopii anodisointiin?<\/b><\/p>\n<p>Kyll\u00e4, 1060-alumiiniprofiilit voidaan helposti anodisoida pinnan kovuuden parantamiseksi, korroosionkest\u00e4vyyden parantamiseksi ja koristeellisen viimeistelyn aikaansaamiseksi.\n<\/p>\n<p><\/p>\n<p><b>7.How 1060 alumiini verrattuna muihin alumiinilaatuihin?<\/b><\/p>\n<p>Muihin laatuluokkiin verrattuna 1060-alumiini tarjoaa korkeamman puhtauden, paremman johtavuuden ja helpomman muovattavuuden, mutta alhaisemman lujuuden, joten se soveltuu tiettyihin ei-rakenteellisiin sovelluksiin.\n<\/p>\n<p><\/p>\n<p><b>8.Can 1060 alumiini ekstruusiot hitsataan?<\/b><\/p>\n<p>Kyll\u00e4, 1060-alumiini on erinomaisesti hitsattavaa, joten se on suositeltava materiaali sovelluksissa, jotka vaativat liitoksia ja kokoonpanoa.\n<\/p>\n<p><\/p>\n<p><b>9.What pintak\u00e4sittelyt ovat saatavilla 1060 alumiini profiilit?<\/b><\/p>\n<p>Saatavilla oleviin pintak\u00e4sittelyihin kuuluvat anodisointi, jauhemaalaus ja kiillotus kest\u00e4vyyden ja esteettisyyden parantamiseksi.\n<\/p>\n<p><\/p>\n<p><b>10.Is 1060 alumiini profiili ymp\u00e4rist\u00f6yst\u00e4v\u00e4llinen?<\/b><\/p>\n<p>Kyll\u00e4, 1060-alumiini on t\u00e4ysin kierr\u00e4tett\u00e4v\u00e4\u00e4, kevytt\u00e4 ja energiatehokasta, joten se on ymp\u00e4rist\u00f6yst\u00e4v\u00e4llinen valinta kest\u00e4v\u00e4\u00e4n valmistukseen.\n<\/p>\n<p><\/p>","protected":false},"featured_media":5597,"template":"","categories":[55],"class_list":["post-5598","product","type-product","status-publish","has-post-thumbnail","hentry","category-extruded-aluminum-profiles"],"meta_box":{"hilight_text_group":{"product_hilight_text":"<ul>\r\r\n<li>1. 1060 aluminum alloy has the characteristics of conducting electricity and heat conduction.<\/li>\r\r\n<li>2. Used for electric heating pipes, oil tanks, gasoline or lubricating oil pipes, conductive materials, heat exchangers, chemical devices, household products, decorative materials, case materials.<\/li>\r\r\n<li>3. It has excellent weldability, and good welding effect can be obtained by brazing, gas welding, electric arc welding and other methods.<\/li>\r\r\n<li>4.Can produce bar, wire, pipe and profile.<\/li>\r\r\n<\/ul>","product_chanpin_chanpin":"<li><a href=\"https:\/\/sinoextrud.com\/product\/aluminium-extrusion-tube\/\" target=\"_blank\">Aluminium Extrusion Tube<\/a><\/li>\r\n<li><a href=\"https:\/\/sinoextrud.com\/product\/aluminum-extrud-7003-aluminum-pipe\/\" target=\"_blank\">Aluminum Extrusion 7003 Aluminum Pipe<\/a><\/li>\r\n<li><a href=\"https:\/\/sinoextrud.com\/product\/aluminum-extrusion-2024-aluminum-profile\/\" target=\"_blank\">Aluminum Extrusion 2024 Aluminum Profile<\/a><\/li>\r\n<li><a href=\"https:\/\/sinoextrud.com\/product\/linear-sliding-modules-aluminum-profiles\/\" target=\"_blank\">Linear Sliding Modules Aluminum Profiles<\/a><\/li>\r\n<li><a href=\"https:\/\/sinoextrud.com\/product\/aluminum-extrusion-1060-aluminum-profile\/\" target=\"_blank\">Aluminum Extrusion 1060 Aluminum Profile<\/a><\/li>\r\n<li><a href=\"https:\/\/sinoextrud.com\/product\/aluminum-extrusion-6061-6063-aluminum-profile-for-lamppost\/\" target=\"_blank\">Aluminum Extrusion 6061 6063 Aluminum Profile For Lamppost<\/a><\/li>\r\n<li><a href=\"https:\/\/sinoextrud.com\/product\/6061-6063-6082-street-lamp-column-aluminum-profile\/\" target=\"_blank\">6061 6063 6082 Street Lamp Column Aluminum Profile<\/a><\/li>\r\n<li><a href=\"https:\/\/sinoextrud.com\/product\/aluminum-extrusion-linear-led-lighting-aluminum-profile\/\" target=\"_blank\">Aluminum Extrusion Linear LED Lighting Aluminum Profile<\/a><\/li>\r\n<li><a href=\"https:\/\/sinoextrud.com\/product\/aluminum-extrusion-electroplated-shower-room-aluminum-profile\/\" target=\"_blank\">Aluminum Extrusion Electroplated Shower Room Aluminum Profile<\/a><\/li>\r\n<li><a href=\"https:\/\/sinoextrud.com\/product\/t-slot-aluminum-profile\/\" target=\"_blank\">T-slot Aluminum Profile<\/a><\/li>\r\n<li><a href=\"https:\/\/sinoextrud.com\/product\/aluminum-cnc-profile\/\" target=\"_blank\">Aluminum CNC Profile<\/a><\/li>"},"feature_list":[]},"_links":{"self":[{"href":"https:\/\/sinoextrud.com\/fi\/wp-json\/wp\/v2\/product\/5598","targetHints":{"allow":["GET"]}}],"collection":[{"href":"https:\/\/sinoextrud.com\/fi\/wp-json\/wp\/v2\/product"}],"about":[{"href":"https:\/\/sinoextrud.com\/fi\/wp-json\/wp\/v2\/types\/product"}],"wp:featuredmedia":[{"embeddable":true,"href":"https:\/\/sinoextrud.com\/fi\/wp-json\/wp\/v2\/media\/5597"}],"wp:attachment":[{"href":"https:\/\/sinoextrud.com\/fi\/wp-json\/wp\/v2\/media?parent=5598"}],"wp:term":[{"taxonomy":"category","embeddable":true,"href":"https:\/\/sinoextrud.com\/fi\/wp-json\/wp\/v2\/categories?post=5598"}],"curies":[{"name":"wp","href":"https:\/\/api.w.org\/{rel}","templated":true}]}}