{"id":5536,"date":"2025-05-14T16:10:39","date_gmt":"2025-05-14T16:10:39","guid":{"rendered":"https:\/\/sinoextrud.com\/?post_type=product&#038;p=5536"},"modified":"2025-06-24T03:52:15","modified_gmt":"2025-06-24T03:52:15","slug":"alumiinin-suulakepuristusputki","status":"publish","type":"product","link":"https:\/\/sinoextrud.com\/fi\/product\/aluminium-extrusion-tube\/","title":{"rendered":"Alumiini suulakepuristusputki"},"content":{"rendered":"<h2>Tuotteiden tiedot<\/h2>\n<table class=\"custom-table\">\n<tr>\n<td class=\"label\">Tuotteen nimi<\/td>\n<td>alumiinin suulakepuristusputki<\/td>\n<\/tr>\n<tr>\n<td class=\"label\">Tuotevalikoima<\/td>\n<td>alumiini suulakepuristetut putket putkiputki alumiini suulakepuristus profiileja, alumiini putki suulakepuristus kone, alumiini neli\u00f6 putki suulakepuristus, alumiini putki suulakepuristus, alumiini suulakepuristus py\u00f6re\u00e4 putki, alumiini kokoontaitettava putki suulakepuristus paina, alumiini suulakepuristus aurinko kukka putki, jne<\/td>\n<\/tr>\n<tr>\n<td class=\"label\">Sopivat j\u00e4rjestelm\u00e4t Tyypit<\/td>\n<td>Py\u00f6re\u00e4 putki, neli\u00f6putki, soikea putki, puolipy\u00f6re\u00e4 putki jne.<\/td>\n<\/tr>\n<tr>\n<td class=\"label\">Pintak\u00e4sittely<\/td>\n<td>viimeistelty, anodisoitu, puukuvioitu, tehopinnoitus, hiekkapuhallus, elektroforeesi, harjaus, kiillotus jne.<\/td>\n<\/tr>\n<tr>\n<td class=\"label\">CNC-syv\u00e4k\u00e4sittely<\/td>\n<td>leikkaaminen, poraaminen, koneistaminen, l\u00e4vist\u00e4minen, taivuttaminen, napauttaminen jne.<\/td>\n<\/tr>\n<tr>\n<td class=\"label\">Sertifikaatit<\/td>\n<td>CE, ISO, SGS, TUV, ROHS<\/td>\n<\/tr>\n<tr>\n<td class=\"label\">N\u00e4ytteet<\/td>\n<td>ilmainen n\u00e4yte. 1-3 p\u00e4iv\u00e4\u00e4 toimitetaan sinulle.<\/td>\n<\/tr>\n<tr>\n<td class=\"label\">MOQ<\/td>\n<td>200 kg kutakin profiilia kohti<\/td>\n<\/tr>\n<tr>\n<td class=\"label\">Toimitusaika<\/td>\n<td>Muotin kehitt\u00e4minen ja n\u00e4ytteen muotoilu kest\u00e4\u00e4 12-15 p\u00e4iv\u00e4\u00e4, sitten tuotannon kesto on 15-25 p\u00e4iv\u00e4\u00e4 ostajan talletuksen vastaanottamisen j\u00e4lkeen.<\/td>\n<\/tr>\n<tr>\n<td class=\"label\">Maksuehdot<\/td>\n<td>30% talletus ennen tuotantoa ja saldo ennen l\u00e4hetyst\u00e4.<\/td>\n<\/tr>\n<\/table>\n<h2>Tuotantopohjamme<\/h2>\n<h3>Tehtaan panoraama<\/h3>\n<p><img decoding=\"async\" src=\"\/wp-content\/uploads\/factory-01.webp\"\/><\/p>\n<h3>Alumiini Bar Manufacturing Workshop<\/h3>\n<p><img decoding=\"async\" src=\"\/wp-content\/uploads\/factory-02.webp\"\/><\/p>\n<\/p>\n<p><img decoding=\"async\" src=\"\/wp-content\/uploads\/factory-03.webp\"\/><\/p>\n<h3>Muotin varastointi Varasto<\/h3>\n<p><img decoding=\"async\" src=\"\/wp-content\/uploads\/factory-04.webp\"\/><\/p>\n<h3>43 Alumiini ekstruusiolinjat (500\u00e2 5500 tonnia)<\/h3>\n<p><img decoding=\"async\" src=\"\/wp-content\/uploads\/factory-05.webp\"\/><\/p>\n<p><img decoding=\"async\" src=\"\/wp-content\/uploads\/factory-06.webp\"\/><\/p>\n<p><img decoding=\"async\" src=\"\/wp-content\/uploads\/factory-07.webp\"\/><\/p>\n<h3>Jauhemaalaus ty\u00f6paja<\/h3>\n<p><img decoding=\"async\" src=\"\/wp-content\/uploads\/factory-09.webp\"\/><\/p>\n<h3>Anodisointi ty\u00f6paja<\/h3>\n<p><img decoding=\"async\" src=\"\/wp-content\/uploads\/factory-10.webp\"\/><\/p>\n<h3>Syv\u00e4k\u00e4sittelyn ty\u00f6paja<\/h3>\n<p><img decoding=\"async\" src=\"\/wp-content\/uploads\/factory-11.webp\"\/><\/p>\n<h3>CNC-tarkkuuskoneistus ty\u00f6paja<\/h3>\n<p><img decoding=\"async\" src=\"\/wp-content\/uploads\/factory-11.5.webp\"\/><\/p>\n<h3>Valmiiden tuotteiden ja vientivarasto<\/h3>\n<p><img decoding=\"async\" src=\"\/wp-content\/uploads\/factory-12.webp\"\/><\/p>\n<p><img decoding=\"async\" src=\"\/wp-content\/uploads\/factory-13.webp\"\/><\/p>\n<p><img decoding=\"async\" src=\"\/wp-content\/uploads\/factory-14.webp\"\/><\/p>\n<h2>FAQ<\/h2>\n<p><b>1.Mik\u00e4 on alumiininen suulakeputki? <\/b><\/p>\n<p> Alumiiniextruusioputki on ontto alumiiniprofiili, joka luodaan pakottamalla alumiini muotin l\u00e4pi ja joka tarjoaa kevyit\u00e4, vahvoja ja korroosionkest\u00e4vi\u00e4 ratkaisuja erilaisiin sovelluksiin.\n<\/p>\n<p><\/p>\n<p><b>2.Mitk\u00e4 ovat alumiinipuristusputkien t\u00e4rkeimm\u00e4t edut? <\/b><\/p>\n<p> Alumiiniset suulakeputket ovat kevyit\u00e4, kest\u00e4vi\u00e4, korroosionkest\u00e4vi\u00e4 ja helppoja valmistaa, joten ne soveltuvat erinomaisesti autoteollisuuteen, rakentamiseen ja teollisuuteen.\n<\/p>\n<p><\/p>\n<p><b>3.Miksi valita alumiinipuristusputki ter\u00e4sputken yli? <\/b><\/p>\n<p> Alumiinipursotusputkea suositaan ter\u00e4ksen sijaan sen alhaisemman painon, paremman korroosionkest\u00e4vyyden ja korkean lujuus-painosuhteen vuoksi.\n<\/p>\n<p><\/p>\n<p><b>4.Onko alumiini suulakepuristusputki sopiva ulkok\u00e4ytt\u00f6\u00f6n? <\/b><\/p>\n<p> Kyll\u00e4, alumiinipuristeputki kest\u00e4\u00e4 hyvin s\u00e4\u00e4t\u00e4 ja korroosiota, joten se sopii erinomaisesti ulkorakenteisiin ja meriymp\u00e4rist\u00f6ihin.\n<\/p>\n<p><\/p>\n<p><b>5.Can alumiini ekstruusioputket voidaan r\u00e4\u00e4t\u00e4l\u00f6id\u00e4 muodon ja koon mukaan? <\/b><\/p>\n<p> Alumiiniset suulakepuristusputket voidaan ehdottomasti valmistaa monenlaisina r\u00e4\u00e4t\u00e4l\u00f6ityin\u00e4 muotoina, kokoina ja sein\u00e4m\u00e4npaksuuksina erityisten suunnitteluvaatimusten t\u00e4ytt\u00e4miseksi.\n<\/p>\n<p><\/p>\n<p><b>6.Kuinka vahva on alumiininen suulakeputki? <\/b><\/p>\n<p> Alumiinipursotusputki tarjoaa erinomaisen lujuuden painoonsa n\u00e4hden, etenkin kun k\u00e4ytet\u00e4\u00e4n korkealujuuksisia alumiiniseoksia, kuten 6061 tai 6082.\n<\/p>\n<p><\/p>\n<p><b>7.Is Alumiini suulakepuristusputki ymp\u00e4rist\u00f6yst\u00e4v\u00e4llinen? <\/b><\/p>\n<p> Kyll\u00e4, alumiinipuristeputki on 100% kierr\u00e4tett\u00e4viss\u00e4 ja tukee kest\u00e4v\u00e4\u00e4 tuotantoa alhaisen energiankulutuksensa ja kierr\u00e4tett\u00e4vyytens\u00e4 ansiosta.\n<\/p>\n<p><\/p>\n<p><b>8.Mit\u00e4 viimeistelyj\u00e4 on saatavana alumiiniputkille? <\/b><\/p>\n<p> Alumiiniset suulakeputket voidaan anodisoida, jauhemaalata tai maalata ulkon\u00e4\u00f6n, pinnan kovuuden ja korroosionkest\u00e4vyyden parantamiseksi.\n<\/p>\n<p><\/p>\n<p><b>9.Are Alumiiniset suulakeputket kustannustehokkaita? <\/b><\/p>\n<p> Alumiiniset suulakepuristusputket tarjoavat kustannustehokkaan ratkaisun pitk\u00e4n k\u00e4ytt\u00f6i\u00e4n, v\u00e4h\u00e4isen huollon ja tehokkaan valmistusprosessin ansiosta.\n<\/p>\n<p><\/p>\n<p><b>10.Mitk\u00e4 teollisuudenalat k\u00e4ytt\u00e4v\u00e4t alumiinisia suulakeputkia? <\/b><\/p>\n<p> Alumiinipuristeputkia k\u00e4ytet\u00e4\u00e4n laajalti auto-, ilmailu- ja avaruusteollisuudessa, rakennus-, elektroniikka- ja huonekaluteollisuudessa niiden monipuolisuuden ja suorituskyvyn ansiosta.\n<\/p>\n<p><\/p>","protected":false},"featured_media":5534,"template":"","categories":[55],"class_list":["post-5536","product","type-product","status-publish","has-post-thumbnail","hentry","category-extruded-aluminum-profiles"],"meta_box":{"hilight_text_group":{"product_hilight_text":"Sinoextrud offers aluminium extrusion tubes in a variety of materials, such as 3003 series, 5052 series, 5083 series, 6005 series,6060 series, 6061 series, 6063 series, 6082 series.","product_chanpin_chanpin":"<li><a href=\"https:\/\/sinoextrud.com\/product\/large-aluminum-extrusion\/\" target=\"_blank\">Large Aluminum Extrusion<\/a><\/li>\r\n<li><a href=\"https:\/\/sinoextrud.com\/product\/large-aluminum-extrud\/\" target=\"_blank\">Large Aluminum Extrud<\/a><\/li>\r\n<li><a href=\"https:\/\/sinoextrud.com\/product\/aluminium-extrusion-6061-6082-7075-aluminum-alloy-profiles\/\" target=\"_blank\">Aluminium Extrusion 6061 6082 7075 Aluminum Alloy Profiles<\/a><\/li>\r\n<li><a href=\"https:\/\/sinoextrud.com\/product\/aluminium-extrud-anodised-aluminium-tube\/\" target=\"_blank\">Aluminium Extrusion Anodised Aluminium Tube<\/a><\/li>\r\n<li><a href=\"https:\/\/sinoextrud.com\/product\/aluminium-extrusion-tube\/\" target=\"_blank\">Aluminium Extrusion Tube<\/a><\/li>\r\n<li><a href=\"https:\/\/sinoextrud.com\/product\/aluminum-extrud-7003-aluminum-pipe\/\" target=\"_blank\">Aluminum Extrusion 7003 Aluminum Pipe<\/a><\/li>\r\n<li><a href=\"https:\/\/sinoextrud.com\/product\/aluminum-extrusion-2024-aluminum-profile\/\" target=\"_blank\">Aluminum Extrusion 2024 Aluminum Profile<\/a><\/li>\r\n<li><a href=\"https:\/\/sinoextrud.com\/product\/linear-sliding-modules-aluminum-profiles\/\" target=\"_blank\">Linear Sliding Modules Aluminum Profiles<\/a><\/li>\r\n<li><a href=\"https:\/\/sinoextrud.com\/product\/aluminum-extrusion-1060-aluminum-profile\/\" target=\"_blank\">Aluminum Extrusion 1060 Aluminum Profile<\/a><\/li>\r\n<li><a href=\"https:\/\/sinoextrud.com\/product\/aluminium-extrud-anodised-aluminium-tube\/\" target=\"_blank\">Aluminium Extrusion Anodised Aluminium Tube<\/a><\/li>\r\n<li><a href=\"https:\/\/sinoextrud.com\/product\/aluminium-railings\/\" target=\"_blank\">Aluminium Railings<\/a><\/li>"},"feature_list":[]},"_links":{"self":[{"href":"https:\/\/sinoextrud.com\/fi\/wp-json\/wp\/v2\/product\/5536","targetHints":{"allow":["GET"]}}],"collection":[{"href":"https:\/\/sinoextrud.com\/fi\/wp-json\/wp\/v2\/product"}],"about":[{"href":"https:\/\/sinoextrud.com\/fi\/wp-json\/wp\/v2\/types\/product"}],"wp:featuredmedia":[{"embeddable":true,"href":"https:\/\/sinoextrud.com\/fi\/wp-json\/wp\/v2\/media\/5534"}],"wp:attachment":[{"href":"https:\/\/sinoextrud.com\/fi\/wp-json\/wp\/v2\/media?parent=5536"}],"wp:term":[{"taxonomy":"category","embeddable":true,"href":"https:\/\/sinoextrud.com\/fi\/wp-json\/wp\/v2\/categories?post=5536"}],"curies":[{"name":"wp","href":"https:\/\/api.w.org\/{rel}","templated":true}]}}