{"id":5529,"date":"2025-05-14T12:46:03","date_gmt":"2025-05-14T12:46:03","guid":{"rendered":"https:\/\/sinoextrud.com\/?post_type=product&#038;p=5529"},"modified":"2025-06-24T03:52:14","modified_gmt":"2025-06-24T03:52:14","slug":"alumiiniputki-anodisoitu-alumiiniputki","status":"publish","type":"product","link":"https:\/\/sinoextrud.com\/fi\/product\/aluminium-extrud-anodised-aluminium-tube\/","title":{"rendered":"Alumiinipursotus Anodisoitu alumiiniputki"},"content":{"rendered":"<h2>Tuotteiden tiedot<\/h2>\n<table class=\"custom-table\">\n<tr>\n<td class=\"label\">Tuotteen nimi<\/td>\n<td>alumiinipursotus anodisoitu alumiiniputki<\/td>\n<\/tr>\n<tr>\n<td class=\"label\">Tuotevalikoima<\/td>\n<td>Alumiinipuristeet neli\u00f6putkelle \/ suorakulmaiselle putkelle \/ py\u00f6re\u00e4lle putkelle \/ soikealle putkelle \/ kolmion putkelle \/ puolisuunnikkaalle putkelle \/ puoliympyr\u00e4n muotoiselle putkelle \/ erikoisvalmisteiselle putkelle jne.<\/td>\n<\/tr>\n<tr>\n<td class=\"label\">Sopivat j\u00e4rjestelm\u00e4t Tyypit<\/td>\n<td>Alumiini py\u00f6re\u00e4t putket, alumiini neli\u00f6 putket, taivutus alumiini putket, soikea alumiini putket, tukku alumiini suulakepuristus kiillotettu neli\u00f6 putki, tukku suulakepuristettu alumiini putkien muotoja, jne.<\/td>\n<\/tr>\n<tr>\n<td class=\"label\">Alumiiniseos<\/td>\n<td>3003-sarja, 5052-sarja, 5083-sarja, 6005-sarja, 6060-sarja, 6061-sarja, 6063-sarja, 6082-sarja jne.<\/td>\n<\/tr>\n<tr>\n<td class=\"label\">Temper<\/td>\n<td>T5-T8<\/td>\n<\/tr>\n<tr>\n<td class=\"label\">Muoto<\/td>\n<td>Neli\u00f6, py\u00f6re\u00e4, soikea, taivutus, puoliympyr\u00e4 tai r\u00e4\u00e4t\u00e4l\u00f6inti<\/td>\n<\/tr>\n<tr>\n<td class=\"label\">V\u00e4ri<\/td>\n<td>r\u00e4\u00e4t\u00e4l\u00f6inti<\/td>\n<\/tr>\n<tr>\n<td class=\"label\">Pintak\u00e4sittely<\/td>\n<td>viimeistelty, anodisoitu, puukuvioitu, tehopinnoitus, hiekkapuhallus, elektroforeesi, harjaus, kiillotus jne.<\/td>\n<\/tr>\n<tr>\n<td class=\"label\">CNC-syv\u00e4k\u00e4sittely<\/td>\n<td>leikkaaminen, poraaminen, koneistaminen, l\u00e4vist\u00e4minen, taivuttaminen, napauttaminen jne.<\/td>\n<\/tr>\n<tr>\n<td class=\"label\">Sertifikaatit<\/td>\n<td>CE, ISO, SGS, TUV, ROHS<\/td>\n<\/tr>\n<tr>\n<td class=\"label\">N\u00e4ytteet<\/td>\n<td>ilmainen n\u00e4yte. 1-3 p\u00e4iv\u00e4\u00e4 toimitetaan sinulle.<\/td>\n<\/tr>\n<tr>\n<td class=\"label\">MOQ<\/td>\n<td>200 kg kutakin profiilia kohti<\/td>\n<\/tr>\n<tr>\n<td class=\"label\">Toimitusaika<\/td>\n<td>Muotin kehitt\u00e4minen ja n\u00e4ytteen muotoilu kest\u00e4\u00e4 12-15 p\u00e4iv\u00e4\u00e4, sitten tuotannon kesto on 15-25 p\u00e4iv\u00e4\u00e4 ostajan talletuksen vastaanottamisen j\u00e4lkeen.<\/td>\n<\/tr>\n<tr>\n<td class=\"label\">Maksuehdot<\/td>\n<td>30% talletus ennen tuotantoa ja saldo ennen l\u00e4hetyst\u00e4.<\/td>\n<\/tr>\n<\/table>\n<h2>Tuotantopohjamme<\/h2>\n<h3>Tehtaan panoraama<\/h3>\n<p><img decoding=\"async\" src=\"\/wp-content\/uploads\/factory-01.webp\"\/><\/p>\n<h3>Alumiini Bar Manufacturing Workshop<\/h3>\n<p><img decoding=\"async\" src=\"\/wp-content\/uploads\/factory-02.webp\"\/><\/p>\n<\/p>\n<p><img decoding=\"async\" src=\"\/wp-content\/uploads\/factory-03.webp\"\/><\/p>\n<h3>Muotin varastointi Varasto<\/h3>\n<p><img decoding=\"async\" src=\"\/wp-content\/uploads\/factory-04.webp\"\/><\/p>\n<h3>43 Alumiini ekstruusiolinjat (500\u00e2 5500 tonnia)<\/h3>\n<p><img decoding=\"async\" src=\"\/wp-content\/uploads\/factory-05.webp\"\/><\/p>\n<p><img decoding=\"async\" src=\"\/wp-content\/uploads\/factory-06.webp\"\/><\/p>\n<p><img decoding=\"async\" src=\"\/wp-content\/uploads\/factory-07.webp\"\/><\/p>\n<h3>Jauhemaalaus ty\u00f6paja<\/h3>\n<p><img decoding=\"async\" src=\"\/wp-content\/uploads\/factory-09.webp\"\/><\/p>\n<h3>Anodisointi ty\u00f6paja<\/h3>\n<p><img decoding=\"async\" src=\"\/wp-content\/uploads\/factory-10.webp\"\/><\/p>\n<h3>Syv\u00e4k\u00e4sittelyn ty\u00f6paja<\/h3>\n<p><img decoding=\"async\" src=\"\/wp-content\/uploads\/factory-11.webp\"\/><\/p>\n<h3>CNC-tarkkuuskoneistus ty\u00f6paja<\/h3>\n<p><img decoding=\"async\" src=\"\/wp-content\/uploads\/factory-11.5.webp\"\/><\/p>\n<h3>Valmiiden tuotteiden ja vientivarasto<\/h3>\n<p><img decoding=\"async\" src=\"\/wp-content\/uploads\/factory-12.webp\"\/><\/p>\n<p><img decoding=\"async\" src=\"\/wp-content\/uploads\/factory-13.webp\"\/><\/p>\n<p><img decoding=\"async\" src=\"\/wp-content\/uploads\/factory-14.webp\"\/><\/p>\n<h2>FAQ<\/h2>\n<p><b>1.Mik\u00e4 on alumiinipuristettu anodisoitu alumiiniputki? <\/b><\/p>\n<p> Alumiinipuristettu anodisoitu alumiiniputki on ontto sylinterinmuotoinen profiili, joka on valmistettu puristamalla alumiinia ja parantamalla sit\u00e4 anodisoidulla viimeistelyll\u00e4 kest\u00e4vyyden, korroosionkest\u00e4vyyden ja esteettisyyden parantamiseksi.\n<\/p>\n<p><\/p>\n<p><b>3.Mitk\u00e4 ovat alumiinipursotusputkien anodisoinnin edut? <\/b><\/p>\n<p> Alumiinipursotusputkien anodisointi lis\u00e4\u00e4 korroosionkest\u00e4vyytt\u00e4, parantaa pinnan kovuutta, parantaa kulutuskest\u00e4vyytt\u00e4 ja mahdollistaa erilaiset v\u00e4riviimeistelyt s\u00e4ilytt\u00e4en samalla keveysominaisuudet.\n<\/p>\n<p><\/p>\n<p><b>5.Soveltuuko anodisoitu alumiiniputki ulkok\u00e4ytt\u00f6\u00f6n? <\/b><\/p>\n<p> Kyll\u00e4, anodisoidut alumiiniputket kest\u00e4v\u00e4t hyvin s\u00e4\u00e4t\u00e4 ja UV-s\u00e4teit\u00e4, joten ne soveltuvat erinomaisesti ulkok\u00e4ytt\u00f6\u00f6n, kuten kaiteisiin, kehyksiin ja arkkitehtonisiin rakenteisiin.\n<\/p>\n<p><\/p>\n<p><b>7.Kuinka vahvoja anodisoidut alumiiniputket ovat? <\/b><\/p>\n<p> Anodisoidut alumiinipuristeputket tarjoavat erinomaisen lujuus-painosuhteen, joka takaa rakenteellisen eheyden ja on samalla kevyt ja helppok\u00e4ytt\u00f6inen.\n<\/p>\n<p><\/p>\n<p><b>9.Voiko anodisoituja alumiiniputkia r\u00e4\u00e4t\u00e4l\u00f6id\u00e4? <\/b><\/p>\n<p> Kyll\u00e4, anodisoituja alumiiniputkia voidaan r\u00e4\u00e4t\u00e4l\u00f6id\u00e4 halkaisijan, sein\u00e4m\u00e4npaksuuden, pituuden ja anodisointiv\u00e4rin suhteen projektin erityisvaatimusten mukaisesti.\n<\/p>\n<p><\/p>\n<p><b>11.Ovatko anodisoidut alumiiniputket ymp\u00e4rist\u00f6yst\u00e4v\u00e4llisi\u00e4? <\/b><\/p>\n<p> Kyll\u00e4, alumiini on 100% kierr\u00e4tett\u00e4v\u00e4\u00e4 ja anodisointiprosessi on myrkyt\u00f6n, joten anodisoidut alumiiniputket ovat kest\u00e4v\u00e4 materiaalivalinta.\n<\/p>\n<p><\/p>\n<p><b>13.Mitk\u00e4 teollisuudenalat k\u00e4ytt\u00e4v\u00e4t alumiinipuristettuja anodisoituja putkia? <\/b><\/p>\n<p> Rakennusteollisuudessa, autoteollisuudessa, ilmailu- ja avaruusteollisuudessa, huonekaluissa ja elektroniikassa k\u00e4ytet\u00e4\u00e4n yleisesti anodisoituja suulakepuristettuja alumiiniputkia niiden lujuuden, ulkon\u00e4\u00f6n ja korroosionkest\u00e4vyyden vuoksi.\n<\/p>\n<p><\/p>\n<p><b>15.Miksi valita alumiinipuristus muiden metallien sijaan? <\/b><\/p>\n<p> Alumiinipursotusta suositaan sen keveyden, korkean korroosionkest\u00e4vyyden, helpon ty\u00f6stett\u00e4vyyden ja kustannustehokkuuden vuoksi verrattuna ter\u00e4kseen tai muihin metalleihin.\n<\/p>\n<p><\/p>\n<p><b>17.Mit\u00e4 pintak\u00e4sittelyj\u00e4 anodisoituihin alumiiniputkiin on saatavana? <\/b><\/p>\n<p> Anodisoituja alumiiniputkia on saatavana erilaisina pintak\u00e4sittelyin\u00e4, kuten kirkkaana, mustana, pronssisena, kultaisena ja mukautettuina v\u00e4rein\u00e4 koristeellisiin tai toiminnallisiin tarkoituksiin.\n<\/p>\n<p><\/p>\n<p><b>19.Kuinka kauan anodisoitu alumiini kest\u00e4\u00e4? <\/b><\/p>\n<p> Anodisoitujen alumiiniputkien k\u00e4ytt\u00f6ik\u00e4 on pitk\u00e4, ja ne kest\u00e4v\u00e4t tyypillisesti vuosikymmeni\u00e4 ilman merkitt\u00e4v\u00e4\u00e4 heikkenemist\u00e4, erityisesti ymp\u00e4rist\u00f6iss\u00e4, joissa korroosionkest\u00e4vyys on kriittinen tekij\u00e4.\n<\/p>\n<p><\/p>","protected":false},"featured_media":5530,"template":"","categories":[55],"class_list":["post-5529","product","type-product","status-publish","has-post-thumbnail","hentry","category-extruded-aluminum-profiles"],"meta_box":{"hilight_text_group":{"product_hilight_text":"Square tube \/ Rectangular tube \/ Round pipe \/ Oval tube \/ Triangle tube \/ Trapezoidal tube \/ Semicircular tube \/ Special custom Tube \/ Aluminium extrusion anodised aluminium tube","product_chanpin_chanpin":"<li><a href=\"https:\/\/sinoextrud.com\/product\/oval-aluminum-extrusion-profile\/\" target=\"_blank\">Oval Aluminum Extrusion Profile<\/a><\/li>\r\n<li><a href=\"https:\/\/sinoextrud.com\/product\/large-aluminum-extrusion\/\" target=\"_blank\">Large Aluminum Extrusion<\/a><\/li>\r\n<li><a href=\"https:\/\/sinoextrud.com\/product\/large-aluminum-extrud\/\" target=\"_blank\">Large Aluminum Extrud<\/a><\/li>\r\n<li><a href=\"https:\/\/sinoextrud.com\/product\/aluminium-extrusion-6061-6082-7075-aluminum-alloy-profiles\/\" target=\"_blank\">Aluminium Extrusion 6061 6082 7075 Aluminum Alloy Profiles<\/a><\/li>\r\n<li><a href=\"https:\/\/sinoextrud.com\/product\/aluminium-extrud-anodised-aluminium-tube\/\" target=\"_blank\">Aluminium Extrusion Anodised Aluminium Tube<\/a><\/li>\r\n<li><a href=\"https:\/\/sinoextrud.com\/product\/aluminium-extrusion-tube\/\" target=\"_blank\">Aluminium Extrusion Tube<\/a><\/li>\r\n<li><a href=\"https:\/\/sinoextrud.com\/product\/aluminum-extrud-7003-aluminum-pipe\/\" target=\"_blank\">Aluminum Extrusion 7003 Aluminum Pipe<\/a><\/li>\r\n<li><a href=\"https:\/\/sinoextrud.com\/product\/aluminum-extrusion-2024-aluminum-profile\/\" target=\"_blank\">Aluminum Extrusion 2024 Aluminum Profile<\/a><\/li>\r\n<li><a href=\"https:\/\/sinoextrud.com\/product\/linear-sliding-modules-aluminum-profiles\/\" target=\"_blank\">Linear Sliding Modules Aluminum Profiles<\/a><\/li>\r\n<li><a href=\"https:\/\/sinoextrud.com\/product\/extruded-aluminum-stock-shapes\/\" target=\"_blank\">Extruded Aluminum Stock Shapes<\/a><\/li>\r\n<li><a href=\"https:\/\/sinoextrud.com\/product\/aluminium-extrusion-anodized-aluminum-profile\/\" target=\"_blank\">Aluminium Extrusion Anodized Aluminum Profile<\/a><\/li>"},"feature_list":[]},"_links":{"self":[{"href":"https:\/\/sinoextrud.com\/fi\/wp-json\/wp\/v2\/product\/5529","targetHints":{"allow":["GET"]}}],"collection":[{"href":"https:\/\/sinoextrud.com\/fi\/wp-json\/wp\/v2\/product"}],"about":[{"href":"https:\/\/sinoextrud.com\/fi\/wp-json\/wp\/v2\/types\/product"}],"wp:featuredmedia":[{"embeddable":true,"href":"https:\/\/sinoextrud.com\/fi\/wp-json\/wp\/v2\/media\/5530"}],"wp:attachment":[{"href":"https:\/\/sinoextrud.com\/fi\/wp-json\/wp\/v2\/media?parent=5529"}],"wp:term":[{"taxonomy":"category","embeddable":true,"href":"https:\/\/sinoextrud.com\/fi\/wp-json\/wp\/v2\/categories?post=5529"}],"curies":[{"name":"wp","href":"https:\/\/api.w.org\/{rel}","templated":true}]}}