{"id":5273,"date":"2025-05-13T02:35:22","date_gmt":"2025-05-13T02:35:22","guid":{"rendered":"https:\/\/sinoextrud.com\/?post_type=product&#038;p=5273"},"modified":"2025-06-24T03:52:11","modified_gmt":"2025-06-24T03:52:11","slug":"alumiiniprofiilit-6061-6082-7075-alumiiniseosprofiilit","status":"publish","type":"product","link":"https:\/\/sinoextrud.com\/fi\/product\/aluminium-extrusion-6061-6082-7075-aluminum-alloy-profiles\/","title":{"rendered":"Alumiini suulakepuristus 6061 6082 7075 Alumiiniseosprofiilit"},"content":{"rendered":"<h2>Tuotteiden tiedot<\/h2>\n<table class=\"custom-table\">\n<tr>\n<td class=\"label\">Tuotteen nimi<\/td>\n<td>Alumiini suulakepuristus 6061 6082 7075 Alumiiniseosprofiilit<\/td>\n<\/tr>\n<tr>\n<td class=\"label\">Tuotevalikoima<\/td>\n<td>alumiiniprofiilit alumiinia 6061, alumiinia 6082, alumiinia 7075 jne. varten.<\/td>\n<\/tr>\n<tr>\n<td class=\"label\">Sopivat j\u00e4rjestelm\u00e4t Tyypit<\/td>\n<td>Alumiiniseos Aerospace, alumiiniseos vene, alumiiniseos veneen auto, alumiiniseos j\u00e4\u00e4hdytyselementti, jne.<\/td>\n<\/tr>\n<tr>\n<td class=\"label\">Alumiiniseos<\/td>\n<td>5000-sarja, 6000-sarja, 7000-sarja<\/td>\n<\/tr>\n<tr>\n<td class=\"label\">Temper<\/td>\n<td>T5-T8<\/td>\n<\/tr>\n<tr>\n<td class=\"label\">Muoto<\/td>\n<td>r\u00e4\u00e4t\u00e4l\u00f6inti<\/td>\n<\/tr>\n<tr>\n<td class=\"label\">V\u00e4ri<\/td>\n<td>r\u00e4\u00e4t\u00e4l\u00f6inti<\/td>\n<\/tr>\n<tr>\n<td class=\"label\">Pintak\u00e4sittely<\/td>\n<td>viimeistelty, anodisoitu, puukuvioitu, tehopinnoitus, hiekkapuhallus, elektroforeesi, harjaus, kiillotus jne.<\/td>\n<\/tr>\n<tr>\n<td class=\"label\">CNC-syv\u00e4k\u00e4sittely<\/td>\n<td>leikkaaminen, poraaminen, koneistaminen, l\u00e4vist\u00e4minen, taivuttaminen, napauttaminen jne.<\/td>\n<\/tr>\n<tr>\n<td class=\"label\">Sertifikaatit<\/td>\n<td>CE, ISO, SGS, TUV, ROHS<\/td>\n<\/tr>\n<tr>\n<td class=\"label\">N\u00e4ytteet<\/td>\n<td>ilmainen n\u00e4yte. 1-3 p\u00e4iv\u00e4\u00e4 toimitetaan sinulle.<\/td>\n<\/tr>\n<tr>\n<td class=\"label\">MOQ<\/td>\n<td>200 kg kutakin profiilia kohti<\/td>\n<\/tr>\n<tr>\n<td class=\"label\">Toimitusaika<\/td>\n<td>Muotin kehitt\u00e4minen ja n\u00e4ytteen muotoilu kest\u00e4\u00e4 12-15 p\u00e4iv\u00e4\u00e4, sitten tuotannon kesto on 15-25 p\u00e4iv\u00e4\u00e4 ostajan talletuksen vastaanottamisen j\u00e4lkeen.<\/td>\n<\/tr>\n<\/table>\n<h2>Tuotantopohjamme<\/h2>\n<h3>Tehtaan panoraama<\/h3>\n<p><img decoding=\"async\" src=\"\/wp-content\/uploads\/factory-01.webp\"\/><\/p>\n<h3>Alumiini Bar Manufacturing Workshop<\/h3>\n<p><img decoding=\"async\" src=\"\/wp-content\/uploads\/factory-02.webp\"\/><\/p>\n<\/p>\n<p><img decoding=\"async\" src=\"\/wp-content\/uploads\/factory-03.webp\"\/><\/p>\n<h3>Muotin varastointi Varasto<\/h3>\n<p><img decoding=\"async\" src=\"\/wp-content\/uploads\/factory-04.webp\"\/><\/p>\n<h3>43 alumiinin ekstruusiolinjat (500-5500 tonnia)<\/h3>\n<p><img decoding=\"async\" src=\"\/wp-content\/uploads\/factory-05.webp\"\/><\/p>\n<p><img decoding=\"async\" src=\"\/wp-content\/uploads\/factory-06.webp\"\/><\/p>\n<p><img decoding=\"async\" src=\"\/wp-content\/uploads\/factory-07.webp\"\/><\/p>\n<h3>Jauhemaalaus ty\u00f6paja<\/h3>\n<p><img decoding=\"async\" src=\"\/wp-content\/uploads\/factory-09.webp\"\/><\/p>\n<h3>Anodisointi ty\u00f6paja<\/h3>\n<p><img decoding=\"async\" src=\"\/wp-content\/uploads\/factory-10.webp\"\/><\/p>\n<h3>Syv\u00e4k\u00e4sittelyn ty\u00f6paja<\/h3>\n<p><img decoding=\"async\" src=\"\/wp-content\/uploads\/factory-11.webp\"\/><\/p>\n<h3>CNC-tarkkuuskoneistus ty\u00f6paja<\/h3>\n<p><img decoding=\"async\" src=\"\/wp-content\/uploads\/factory-11.5.webp\"\/><\/p>\n<h3>Valmiiden tuotteiden ja vientivarasto<\/h3>\n<p><img decoding=\"async\" src=\"\/wp-content\/uploads\/factory-12.webp\"\/><\/p>\n<p><img decoding=\"async\" src=\"\/wp-content\/uploads\/factory-13.webp\"\/><\/p>\n<p><img decoding=\"async\" src=\"\/wp-content\/uploads\/factory-14.webp\"\/><\/p>\n<h2>FAQ<\/h2>\n<p><b>1.Mitk\u00e4 ovat 6061-alumiiniprofiilien t\u00e4rkeimm\u00e4t edut?<\/b><\/p>\n<p>6061-alumiiniprofiilit tarjoavat erinomaisen lujuuden, korroosionkest\u00e4vyyden, hyv\u00e4n hitsattavuuden ja monipuolisen ty\u00f6stett\u00e4vyyden, joten ne soveltuvat erinomaisesti rakenne- ja ilmailu- ja avaruussovelluksiin.\n<\/p>\n<p><\/p>\n<p><b>2.How 6082 alumiiniseos verrattuna 6061 puristamiseen profiileissa?<\/b><\/p>\n<p>6082-alumiiniprofiilit ovat hieman lujempia ja korroosionkest\u00e4vyydelt\u00e4\u00e4n parempia kuin 6061-profiilit, joten ne soveltuvat raskaisiin rakenneosiin ja meriymp\u00e4rist\u00f6ihin.\n<\/p>\n<p><\/p>\n<p><b>3.Miksi valita 7075 alumiiniseosprofiilit puristamiseen?<\/b><\/p>\n<p>7075-alumiiniseosprofiilit ovat tunnettuja poikkeuksellisen korkeasta lujuus-painosuhteestaan, mink\u00e4 vuoksi ne soveltuvat erinomaisesti ilmailu- ja avaruustekniikkaan, autoteollisuuteen ja huipputehokkaisiin teknisiin sovelluksiin.\n<\/p>\n<p><\/p>\n<p><b>4.Mitk\u00e4 teollisuudenalat k\u00e4ytt\u00e4v\u00e4t yleisesti 6061-alumiiniprofiilia?<\/b><\/p>\n<p>6061-alumiiniprofiileja k\u00e4ytet\u00e4\u00e4n laajalti rakennus-, kuljetus-, elektroniikka- ja ilmailuteollisuudessa niiden kest\u00e4vyyden ja kustannustehokkuuden vuoksi.\n<\/p>\n<p><\/p>\n<p><b>5.Ovatko 6082-alumiiniprofiilit korroosionkest\u00e4vi\u00e4?<\/b><\/p>\n<p>Kyll\u00e4, 6082-alumiiniseosprofiilit kest\u00e4v\u00e4t erinomaisesti korroosiota erityisesti ulko- ja meriymp\u00e4rist\u00f6iss\u00e4, mik\u00e4 tekee niist\u00e4 luotettavan valinnan rakennesovelluksiin.\n<\/p>\n<p><\/p>\n<p><b>6.Is 7075 alumiini suulakepuristus sopii hitsaukseen?<\/b><\/p>\n<p>7075-alumiiniseos ei ole ihanteellinen hitsaukseen sen korkean lujuuskoostumuksen vuoksi, mutta se soveltuu erinomaisesti sovelluksiin, joissa mekaaninen suorituskyky on kriittinen.\n<\/p>\n<p><\/p>\n<p><b>7.Mitk\u00e4 ovat 6061-alumiiniprofiilien mekaaniset ominaisuudet?<\/b><\/p>\n<p>6061-alumiiniprofiilien vetolujuus on noin 290 MPa ja my\u00f6t\u00f6lujuus 240 MPa, joten lujuus ja ty\u00f6stett\u00e4vyys ovat tasapainossa.\n<\/p>\n<p><\/p>\n<p><b>8.Can 6082 alumiini suulakepuristus profiilit anodisoitu?<\/b><\/p>\n<p>Kyll\u00e4, 6082-alumiiniprofiilit soveltuvat erinomaisesti anodisointiin, joka parantaa pinnan suojausta ja esteettisyytt\u00e4.\n<\/p>\n<p><\/p>\n<p><b>9.Mik\u00e4 tekee 7075-alumiiniprofiileista ihanteellisia ilmailu- ja avaruussovelluksiin?<\/b><\/p>\n<p>7075-alumiiniseosprofiileilla on ylivoimainen lujuus ja v\u00e4symiskest\u00e4vyys, jotka ovat v\u00e4ltt\u00e4m\u00e4tt\u00f6mi\u00e4 ilmailu- ja avaruustekniikan komponenteissa, joissa suorituskyky ja turvallisuus ovat ensiarvoisen t\u00e4rkeit\u00e4.\n<\/p>\n<p><\/p>\n<p><b>10.Mik\u00e4 alumiiniseos on paras korkean kuormituksen rakennepuristuksiin?<\/b><\/p>\n<p>6082- ja 7075-alumiiniseokset ovat parhaita korkean kuormituksen rakennepuristuksiin niiden suuren lujuuden ja rasitusvakauden vuoksi.\n<\/p>\n<p><\/p>","protected":false},"featured_media":5279,"template":"","categories":[55],"class_list":["post-5273","product","type-product","status-publish","has-post-thumbnail","hentry","category-extruded-aluminum-profiles"],"meta_box":{"hilight_text_group":{"product_hilight_text":"Aluminum alloys are widely used in various industries due to their excellent properties such as high strength, lightweight, corrosion resistance, and easy machinability. Among various aluminum alloys, Aluminum 6061, 6082, and 7075 are the most commonly used alloys for extrusion profiles.","product_chanpin_chanpin":"<li><a href=\"https:\/\/sinoextrud.com\/product\/aluminum-cladding-system\/\" target=\"_blank\">Aluminum Cladding System<\/a><\/li>\r\n<li><a href=\"https:\/\/sinoextrud.com\/product\/oval-aluminum-extrusion-profile\/\" target=\"_blank\">Oval Aluminum Extrusion Profile<\/a><\/li>\r\n<li><a href=\"https:\/\/sinoextrud.com\/product\/large-aluminum-extrusion\/\" target=\"_blank\">Large Aluminum Extrusion<\/a><\/li>\r\n<li><a href=\"https:\/\/sinoextrud.com\/product\/large-aluminum-extrud\/\" target=\"_blank\">Large Aluminum Extrud<\/a><\/li>\r\n<li><a href=\"https:\/\/sinoextrud.com\/product\/aluminium-extrusion-6061-6082-7075-aluminum-alloy-profiles\/\" target=\"_blank\">Aluminium Extrusion 6061 6082 7075 Aluminum Alloy Profiles<\/a><\/li>\r\n<li><a href=\"https:\/\/sinoextrud.com\/product\/aluminium-extrud-anodised-aluminium-tube\/\" target=\"_blank\">Aluminium Extrusion Anodised Aluminium Tube<\/a><\/li>\r\n<li><a href=\"https:\/\/sinoextrud.com\/product\/aluminium-extrusion-tube\/\" target=\"_blank\">Aluminium Extrusion Tube<\/a><\/li>\r\n<li><a href=\"https:\/\/sinoextrud.com\/product\/aluminum-extrud-7003-aluminum-pipe\/\" target=\"_blank\">Aluminum Extrusion 7003 Aluminum Pipe<\/a><\/li>\r\n<li><a href=\"https:\/\/sinoextrud.com\/product\/aluminum-extrusion-2024-aluminum-profile\/\" target=\"_blank\">Aluminum Extrusion 2024 Aluminum Profile<\/a><\/li>\r\n<li><a href=\"https:\/\/sinoextrud.com\/product\/cnc-machining-anodized-item-extruded-aluminum\/\" target=\"_blank\">CNC Machining Anodized Item Extruded Aluminum<\/a><\/li>\r\n<li><a href=\"https:\/\/sinoextrud.com\/product\/aluminium-extrud-6061-6082-7075-aluminum-alloy-profiles\/\" target=\"_blank\">Aluminum Extrusion 2024 7001 7003 Aluminum Profile<\/a><\/li>"},"feature_list":[]},"_links":{"self":[{"href":"https:\/\/sinoextrud.com\/fi\/wp-json\/wp\/v2\/product\/5273","targetHints":{"allow":["GET"]}}],"collection":[{"href":"https:\/\/sinoextrud.com\/fi\/wp-json\/wp\/v2\/product"}],"about":[{"href":"https:\/\/sinoextrud.com\/fi\/wp-json\/wp\/v2\/types\/product"}],"wp:featuredmedia":[{"embeddable":true,"href":"https:\/\/sinoextrud.com\/fi\/wp-json\/wp\/v2\/media\/5279"}],"wp:attachment":[{"href":"https:\/\/sinoextrud.com\/fi\/wp-json\/wp\/v2\/media?parent=5273"}],"wp:term":[{"taxonomy":"category","embeddable":true,"href":"https:\/\/sinoextrud.com\/fi\/wp-json\/wp\/v2\/categories?post=5273"}],"curies":[{"name":"wp","href":"https:\/\/api.w.org\/{rel}","templated":true}]}}