{"id":4161,"date":"2025-05-06T03:26:02","date_gmt":"2025-05-06T03:26:02","guid":{"rendered":"https:\/\/sinoextrud.com\/?post_type=product&#038;p=4161"},"modified":"2025-06-24T03:52:08","modified_gmt":"2025-06-24T03:52:08","slug":"suuri-alumiini-extrud","status":"publish","type":"product","link":"https:\/\/sinoextrud.com\/fi\/product\/large-aluminum-extrud\/","title":{"rendered":"Suuri alumiini Extrud"},"content":{"rendered":"<h2>VAKIOKOKO<\/h2>\n<table class=\"custom-table\">\n<tr>\n<td class=\"label\">NIMI<\/td>\n<td>Suuri alumiini Extrud<\/td>\n<\/tr>\n<tr>\n  <\/tr>\n<tr>\n<td class=\"label\">Materiaali Seos<\/td>\n<td>6061-T6 \/ 6082-T6 \/ 6063-T5<\/td>\n<\/tr>\n<tr>\n<td class=\"label\">Osion enimm\u00e4iskoko<\/td>\n<td>Jopa 500mm leveys (muokattavissa)<\/td>\n<\/tr>\n<tr>\n<td class=\"label\">Sein\u00e4m\u00e4n paksuus<\/td>\n<td>2mm - 25mm<\/td>\n<\/tr>\n<tr>\n<td class=\"label\">Pituus<\/td>\n<td>Jopa 12 metri\u00e4 (r\u00e4\u00e4t\u00e4l\u00f6ityj\u00e4 leikkauksia saatavilla)<\/td>\n<\/tr>\n<tr>\n<td class=\"label\">Suvaitsevaisuus<\/td>\n<td>\u00b10,1 mm (profiilin koon ja piirustuksen mukaan)<\/td>\n<\/tr>\n<tr>\n<td class=\"label\">Pintak\u00e4sittely<\/td>\n<td>Anodisointi, jauhemaalaus, hiekkapuhallus, jyrsint\u00e4viimeistely<\/td>\n<\/tr>\n<tr>\n<td class=\"label\">Sovellukset<\/td>\n<td>Teollisuuskehykset, kuljetusalustat, laitekotelot<\/td>\n<\/tr>\n<\/table>\n<h2>Tuotantopohjamme<\/h2>\n<h3>Tehtaan panoraama<\/h3>\n<p><img decoding=\"async\" src=\"\/wp-content\/uploads\/factory-01.webp\"\/><\/p>\n<h3>Alumiini Bar Manufacturing Workshop<\/h3>\n<p><img decoding=\"async\" src=\"\/wp-content\/uploads\/factory-02.webp\"\/><\/p>\n<\/p>\n<p><img decoding=\"async\" src=\"\/wp-content\/uploads\/factory-03.webp\"\/><\/p>\n<h3>Muotin varastointi Varasto<\/h3>\n<p><img decoding=\"async\" src=\"\/wp-content\/uploads\/factory-04.webp\"\/><\/p>\n<h3>43 alumiinin ekstruusiolinjat (500-5500 tonnia)<\/h3>\n<p><img decoding=\"async\" src=\"\/wp-content\/uploads\/factory-05.webp\"\/><\/p>\n<p><img decoding=\"async\" src=\"\/wp-content\/uploads\/factory-06.webp\"\/><\/p>\n<p><img decoding=\"async\" src=\"\/wp-content\/uploads\/factory-07.webp\"\/><\/p>\n<h3>Jauhemaalaus ty\u00f6paja<\/h3>\n<p><img decoding=\"async\" src=\"\/wp-content\/uploads\/factory-09.webp\"\/><\/p>\n<h3>Anodisointi ty\u00f6paja<\/h3>\n<p><img decoding=\"async\" src=\"\/wp-content\/uploads\/factory-10.webp\"\/><\/p>\n<h3>Syv\u00e4k\u00e4sittelyn ty\u00f6paja<\/h3>\n<p><img decoding=\"async\" src=\"\/wp-content\/uploads\/factory-11.webp\"\/><\/p>\n<h3>CNC-tarkkuuskoneistus ty\u00f6paja<\/h3>\n<p><img decoding=\"async\" src=\"\/wp-content\/uploads\/factory-11.5.webp\"\/><\/p>\n<h3>Valmiiden tuotteiden ja vientivarasto<\/h3>\n<p><img decoding=\"async\" src=\"\/wp-content\/uploads\/factory-12.webp\"\/><\/p>\n<p><img decoding=\"async\" src=\"\/wp-content\/uploads\/factory-13.webp\"\/><\/p>\n<p><img decoding=\"async\" src=\"\/wp-content\/uploads\/factory-14.webp\"\/><\/p>\n<h2>FAQ<\/h2>\n<p><b>1.Mit\u00e4 suuria alumiiniprofiileja k\u00e4ytet\u00e4\u00e4n?                    <\/b><\/p>\n<p>Suuria alumiiniprofiileja k\u00e4ytet\u00e4\u00e4n yleisesti rakennus-, kuljetus-, ilmailu- ja avaruusteollisuudessa sek\u00e4 teollisuuskoneissa rakennekehyksiin, alustoihin ja koteloihin.\n<\/p>\n<p><\/p>\n<p><b>2.Mitk\u00e4 ovat suurten alumiiniprofiilien edut?             <\/b><\/p>\n<p>Suuret alumiiniprofiilit tarjoavat suuren lujuuden, kevyet ominaisuudet, erinomaisen korroosionkest\u00e4vyyden ja suunnittelun joustavuuden r\u00e4\u00e4t\u00e4l\u00f6ityihin teollisuussovelluksiin.\n<\/p>\n<p><\/p>\n<p><b>3.Miksi valita suuri alumiini puristamiseen yli ter\u00e4s?                 <\/b><\/p>\n<p>Suuret alumiiniprofiilit ovat huomattavasti ter\u00e4st\u00e4 kevyempi\u00e4, helpommin ty\u00f6stett\u00e4vi\u00e4, korroosionkest\u00e4vi\u00e4 ja ihanteellisia sovelluksiin, joissa tarvitaan sek\u00e4 lujuutta ett\u00e4 pienemp\u00e4\u00e4 painoa.\n<\/p>\n<p><\/p>\n<p><b>4.Can suuret alumiiniprofiilit voidaan r\u00e4\u00e4t\u00e4l\u00f6id\u00e4?                    <\/b><\/p>\n<p>Kyll\u00e4, suuret alumiiniprofiilit voidaan t\u00e4ysin r\u00e4\u00e4t\u00e4l\u00f6id\u00e4 muodon, koon ja seoskoostumuksen osalta vastaamaan projektin erityisvaatimuksia.\n<\/p>\n<p><\/p>\n<p><b>5.Soveltuvatko suuret alumiiniprofiilit ulkok\u00e4ytt\u00f6\u00f6n?         <\/b><\/p>\n<p>Suuret alumiiniprofiilit kest\u00e4v\u00e4t hyvin korroosiota ja UV-s\u00e4teily\u00e4, joten ne soveltuvat erinomaisesti rakenteellisiin ja arkkitehtonisiin ulkok\u00e4ytt\u00f6\u00f6n.\n<\/p>\n<p><\/p>\n<p><b>6.Mit\u00e4 seoksia k\u00e4ytet\u00e4\u00e4n yleisesti suuriin alumiinipuristuksiin?    <\/b><\/p>\n<p>Yleisi\u00e4 seoksia ovat 6061-, 6082- ja 7000-sarjan alumiini, jotka tarjoavat tasapainon lujuuden, korroosionkest\u00e4vyyden ja ty\u00f6stett\u00e4vyyden v\u00e4lill\u00e4.\n<\/p>\n<p><\/p>\n<p><b>7.Miten suuret alumiiniprofiilit valmistetaan?                 <\/b><\/p>\n<p>Suuret alumiiniprofiilit valmistetaan kuumentamalla alumiiniaihioita ja pakottamalla ne tarkkuusmuottien l\u00e4pi jatkuviksi mukautetuiksi profiileiksi.\n<\/p>\n<p><\/p>\n<p><b>8.Mik\u00e4 on suurten alumiiniprofiilien enimm\u00e4iskoko?          <\/b><\/p>\n<p>Suurten alumiiniprofiilien enimm\u00e4iskoko riippuu puristimen kapasiteetista, mutta se voi olla halkaisijaltaan yli 20 tuumaa ja pituudeltaan useita metrej\u00e4.\n<\/p>\n<p><\/p>\n<p><b>9.Are suuret alumiiniprofiilit ymp\u00e4rist\u00f6yst\u00e4v\u00e4llisi\u00e4?         <\/b><\/p>\n<p>Kyll\u00e4, alumiini on 100%-kierr\u00e4tett\u00e4v\u00e4\u00e4, ja suuret alumiiniprofiilit edist\u00e4v\u00e4t kest\u00e4v\u00e4\u00e4 valmistusta ja v\u00e4hent\u00e4v\u00e4t ymp\u00e4rist\u00f6vaikutuksia.\n<\/p>\n<p><\/p>\n<p><b>10.Miten suuret alumiiniprofiilit parantavat rakenteellista suorituskyky\u00e4?<\/b><\/p>\n<p>Suuret alumiiniprofiilit tarjoavat erinomaisen j\u00e4ykkyys-painosuhteen, joka mahdollistaa vahvan mutta kevyen rakennesuunnittelun vaativissa sovelluksissa.\n<\/p>\n<p><\/p>","protected":false},"featured_media":4116,"template":"","categories":[55],"class_list":["post-4161","product","type-product","status-publish","has-post-thumbnail","hentry","category-extruded-aluminum-profiles"],"meta_box":{"hilight_text_group":{"product_hilight_text":"<li>High strength-to-weight ratio for heavy-duty structural applications<\/li>\r\r\n<li>Customizable profiles to meet specific industrial requirements<\/li>\r\r\n<li>Excellent corrosion resistance for long-term outdoor use<\/li>\r\r\n<li>Reduced material weight lowers transportation and installation costs<\/li>\r\r\n<li>Compatible with a wide range of surface finishes for enhanced durability<\/li>\r\r\n<li>Precision manufacturing ensures consistent quality and dimensional accuracy<\/li>","product_chanpin_chanpin":"<li><a href=\"https:\/\/sinoextrud.com\/product\/custom-made-ceiling-system\/\" target=\"_blank\">Custom-made Ceiling System<\/a><\/li>\r\n<li><a href=\"https:\/\/sinoextrud.com\/product\/aluminum-cladding-system\/\" target=\"_blank\">Aluminum Cladding System<\/a><\/li>\r\n<li><a href=\"https:\/\/sinoextrud.com\/product\/oval-aluminum-extrusion-profile\/\" target=\"_blank\">Oval Aluminum Extrusion Profile<\/a><\/li>\r\n<li><a href=\"https:\/\/sinoextrud.com\/product\/large-aluminum-extrusion\/\" target=\"_blank\">Large Aluminum Extrusion<\/a><\/li>\r\n<li><a href=\"https:\/\/sinoextrud.com\/product\/large-aluminum-extrud\/\" target=\"_blank\">Large Aluminum Extrud<\/a><\/li>\r\n<li><a href=\"https:\/\/sinoextrud.com\/product\/aluminium-extrusion-6061-6082-7075-aluminum-alloy-profiles\/\" target=\"_blank\">Aluminium Extrusion 6061 6082 7075 Aluminum Alloy Profiles<\/a><\/li>\r\n<li><a href=\"https:\/\/sinoextrud.com\/product\/aluminium-extrud-anodised-aluminium-tube\/\" target=\"_blank\">Aluminium Extrusion Anodised Aluminium Tube<\/a><\/li>\r\n<li><a href=\"https:\/\/sinoextrud.com\/product\/aluminium-extrusion-tube\/\" target=\"_blank\">Aluminium Extrusion Tube<\/a><\/li>\r\n<li><a href=\"https:\/\/sinoextrud.com\/product\/aluminum-extrud-7003-aluminum-pipe\/\" target=\"_blank\">Aluminum Extrusion 7003 Aluminum Pipe<\/a><\/li>\r\n<li><a href=\"https:\/\/sinoextrud.com\/product\/aluminium-profile-drilling-cutting-bending-puching-processing\/\" target=\"_blank\">Aluminium profile drilling cutting bending puching processing<\/a><\/li>\r\n<li><a href=\"https:\/\/sinoextrud.com\/product\/high-precision-aluminium-profiles\/\" target=\"_blank\">High Precision Aluminium Profiles<\/a><\/li>"},"feature_list":[]},"_links":{"self":[{"href":"https:\/\/sinoextrud.com\/fi\/wp-json\/wp\/v2\/product\/4161","targetHints":{"allow":["GET"]}}],"collection":[{"href":"https:\/\/sinoextrud.com\/fi\/wp-json\/wp\/v2\/product"}],"about":[{"href":"https:\/\/sinoextrud.com\/fi\/wp-json\/wp\/v2\/types\/product"}],"wp:featuredmedia":[{"embeddable":true,"href":"https:\/\/sinoextrud.com\/fi\/wp-json\/wp\/v2\/media\/4116"}],"wp:attachment":[{"href":"https:\/\/sinoextrud.com\/fi\/wp-json\/wp\/v2\/media?parent=4161"}],"wp:term":[{"taxonomy":"category","embeddable":true,"href":"https:\/\/sinoextrud.com\/fi\/wp-json\/wp\/v2\/categories?post=4161"}],"curies":[{"name":"wp","href":"https:\/\/api.w.org\/{rel}","templated":true}]}}