{"id":3777,"date":"2025-04-30T14:53:06","date_gmt":"2025-04-30T14:53:06","guid":{"rendered":"https:\/\/sinoextrud.com\/?post_type=product&#038;p=3777"},"modified":"2025-06-24T03:52:06","modified_gmt":"2025-06-24T03:52:06","slug":"suuri-alumiini-suulakepuristus","status":"publish","type":"product","link":"https:\/\/sinoextrud.com\/fi\/product\/large-aluminum-extrusion\/","title":{"rendered":"Suuri alumiini suulakepuristus"},"content":{"rendered":"<h2>VAKIOKOKO<\/h2>\n<table class=\"custom-table\">\n<tr>\n<td class=\"label\">Materiaali Seos<\/td>\n<td>6061-T6 \/ 6082-T6 \/ 6063-T5<\/td>\n<\/tr>\n<tr>\n<td class=\"label\">Osion enimm\u00e4iskoko<\/td>\n<td>Jopa 500mm leveys (muokattavissa)<\/td>\n<\/tr>\n<tr>\n<td class=\"label\">Sein\u00e4m\u00e4n paksuus<\/td>\n<td>2mm - 25mm<\/td>\n<\/tr>\n<tr>\n<td class=\"label\">Pituus<\/td>\n<td>Jopa 12 metri\u00e4 (r\u00e4\u00e4t\u00e4l\u00f6ityj\u00e4 leikkauksia saatavilla)<\/td>\n<\/tr>\n<tr>\n<td class=\"label\">Suvaitsevaisuus<\/td>\n<td>\u00b10,1 mm (profiilin koon ja piirustuksen mukaan)<\/td>\n<\/tr>\n<tr>\n<td class=\"label\">Pintak\u00e4sittely<\/td>\n<td>Anodisointi, jauhemaalaus, hiekkapuhallus, jyrsint\u00e4viimeistely<\/td>\n<\/tr>\n<tr>\n<td class=\"label\">Sovellukset<\/td>\n<td>Teollisuuskehykset, kuljetusalustat, laitekotelot<\/td>\n<\/tr>\n<\/table>\n<h2>Tuotantopohjamme<\/h2>\n<h3>Tehtaan panoraama<\/h3>\n<p><img decoding=\"async\" src=\"\/wp-content\/uploads\/factory-01.webp\"\/><\/p>\n<h3>Alumiini Bar Manufacturing Workshop<\/h3>\n<p><img decoding=\"async\" src=\"\/wp-content\/uploads\/factory-02.webp\"\/><\/p>\n<\/p>\n<p><img decoding=\"async\" src=\"\/wp-content\/uploads\/factory-03.webp\"\/><\/p>\n<h3>Muotin varastointi Varasto<\/h3>\n<p><img decoding=\"async\" src=\"\/wp-content\/uploads\/factory-04.webp\"\/><\/p>\n<h3>43 alumiinin ekstruusiolinjat (500-5500 tonnia)<\/h3>\n<p><img decoding=\"async\" src=\"\/wp-content\/uploads\/factory-05.webp\"\/><\/p>\n<p><img decoding=\"async\" src=\"\/wp-content\/uploads\/factory-06.webp\"\/><\/p>\n<p><img decoding=\"async\" src=\"\/wp-content\/uploads\/factory-07.webp\"\/><\/p>\n<h3>Jauhemaalaus ty\u00f6paja<\/h3>\n<p><img decoding=\"async\" src=\"\/wp-content\/uploads\/factory-09.webp\"\/><\/p>\n<h3>Anodisointi ty\u00f6paja<\/h3>\n<p><img decoding=\"async\" src=\"\/wp-content\/uploads\/factory-10.webp\"\/><\/p>\n<h3>Syv\u00e4k\u00e4sittelyn ty\u00f6paja<\/h3>\n<p><img decoding=\"async\" src=\"\/wp-content\/uploads\/factory-11.webp\"\/><\/p>\n<h3>CNC-tarkkuuskoneistus ty\u00f6paja<\/h3>\n<p><img decoding=\"async\" src=\"\/wp-content\/uploads\/factory-11.5.webp\"\/><\/p>\n<h3>Valmiiden tuotteiden ja vientivarasto<\/h3>\n<p><img decoding=\"async\" src=\"\/wp-content\/uploads\/factory-12.webp\"\/><\/p>\n<p><img decoding=\"async\" src=\"\/wp-content\/uploads\/factory-13.webp\"\/><\/p>\n<p><img decoding=\"async\" src=\"\/wp-content\/uploads\/factory-14.webp\"\/><\/p>\n<h2>FAQ<\/h2>\n<p><b>1.Mik\u00e4 on suuri alumiinipursotus?<\/b><\/p>\n<p>Suuri alumiinin suulakepuristus tarkoittaa prosessia, jossa muodostetaan ylimitoitettuja alumiiniprofiileja, joilla on monimutkainen poikkileikkaus ja jotka soveltuvat erinomaisesti rakenne- ja teollisuussovelluksiin.\n<\/p>\n<p><\/p>\n<p><b>2.Mitk\u00e4 ovat suurten alumiiniprofiilien edut?<\/b><\/p>\n<p>Suuret alumiiniprofiilit tarjoavat suuren lujuuden, kevyet ominaisuudet, korroosionkest\u00e4vyyden ja monipuolisuuden monenlaisiin raskaisiin sovelluksiin.\n<\/p>\n<p><\/p>\n<p><b>3.Miksi valita suuri alumiini suulakepuristus yli ter\u00e4ksen valmistus?<\/b><\/p>\n<p>Suuri alumiiniprofiili on ter\u00e4st\u00e4 kevyempi, korroosionkest\u00e4v\u00e4 ja mahdollistaa saumattomien, r\u00e4\u00e4t\u00e4l\u00f6ityjen komponenttien valmistuksen, jossa on v\u00e4hemm\u00e4n hitsauksia ja liitoksia.\n<\/p>\n<p><\/p>\n<p><b>4.Mitk\u00e4 teollisuudenalat k\u00e4ytt\u00e4v\u00e4t suuria alumiiniprofiileja?<\/b><\/p>\n<p>Suuria alumiiniprofiileja k\u00e4ytet\u00e4\u00e4n laajalti esimerkiksi ilmailu- ja avaruusteollisuudessa, rakentamisessa, liikenteess\u00e4, uusiutuvassa energiassa ja raskaiden laitteiden valmistuksessa.\n<\/p>\n<p><\/p>\n<p><b>5.Soveltuvatko suuret alumiiniprofiilit ulkok\u00e4ytt\u00f6\u00f6n?<\/b><\/p>\n<p>Kyll\u00e4, suurilla alumiiniprofiileilla on erinomainen s\u00e4\u00e4n- ja korroosionkest\u00e4vyys, joten ne soveltuvat erinomaisesti ulko- ja meriymp\u00e4rist\u00f6ihin.\n<\/p>\n<p><\/p>\n<p><b>6.Can suuri alumiini ekstrusioita voidaan r\u00e4\u00e4t\u00e4l\u00f6id\u00e4?<\/b><\/p>\n<p>Kyll\u00e4, suuret alumiiniprofiilit voidaan r\u00e4\u00e4t\u00e4l\u00f6id\u00e4 muodon, koon, seoksen ja pintak\u00e4sittelyn osalta vastaamaan erityisi\u00e4 rakenteellisia tai esteettisi\u00e4 vaatimuksia.\n<\/p>\n<p><\/p>\n<p><b>7.Mitk\u00e4 ovat yleiset seokset suurille alumiinin puristamiseen?<\/b><\/p>\n<p>Suosittuja seoksia suuriin alumiinipursotuksiin ovat 6061, 6082 ja 7005, jotka tunnetaan lujuudestaan, kest\u00e4vyydest\u00e4\u00e4n ja erinomaisesta ty\u00f6stett\u00e4vyydest\u00e4\u00e4n.\n<\/p>\n<p><\/p>\n<p><b>8.How suuri alumiini suulakepuristus parantaa rakenteellista suorituskyky\u00e4?<\/b><\/p>\n<p>Suuret alumiiniprofiilit tarjoavat erinomaisen lujuus-painosuhteen, v\u00e4hent\u00e4v\u00e4t kokoonpanon monimutkaisuutta ja parantavat rakenteellista eheytt\u00e4 vaativissa sovelluksissa.\n<\/p>\n<p><\/p>\n<p><b>9.Is suuri alumiini suulakepuristus ymp\u00e4rist\u00f6yst\u00e4v\u00e4llinen?<\/b><\/p>\n<p>Kyll\u00e4, alumiini on 100%-kierr\u00e4tett\u00e4v\u00e4\u00e4, ja suuret alumiiniprofiilit edist\u00e4v\u00e4t kest\u00e4vi\u00e4, v\u00e4h\u00e4n j\u00e4tett\u00e4 tuottavia valmistusprosesseja.\n<\/p>\n<p><\/p>\n<p><b>10.Voiko suuria alumiinipursotteita anodisoida tai maalata?<\/b><\/p>\n<p>Suuret alumiiniprofiilit voidaan ehdottomasti anodisoida, pulverimaalata tai maalata pinnan kest\u00e4vyyden ja ulkon\u00e4\u00f6n parantamiseksi.\n<\/p>\n<p><\/p>","protected":false},"featured_media":3778,"template":"","categories":[55],"class_list":["post-3777","product","type-product","status-publish","has-post-thumbnail","hentry","category-extruded-aluminum-profiles"],"meta_box":{"hilight_text_group":{"product_hilight_text":"<li>Designed for heavy-duty structural applications with excellent load-bearing capacity<\/li>\r\r\n<li>Available in large cross-sections to meet industrial-scale project requirements<\/li>\r\r\n<li>Precision extrusion with tight tolerances, ideal for machining and assembly<\/li>\r\r\n<li>Custom lengths, alloys, and surface finishes available for tailored solutions<\/li>\r\r\n<li>Reliable bulk production for construction, transportation, and equipment manufacturing<\/li>","product_chanpin_chanpin":"<li><a href=\"https:\/\/sinoextrud.com\/product\/o-shaped-pipe-baffle-ceiling-system\/\" target=\"_blank\">O-shaped pipe Baffle Ceiling System<\/a><\/li>\r\n<li><a href=\"https:\/\/sinoextrud.com\/product\/custom-made-ceiling-system\/\" target=\"_blank\">Custom-made Ceiling System<\/a><\/li>\r\n<li><a href=\"https:\/\/sinoextrud.com\/product\/aluminum-cladding-system\/\" target=\"_blank\">Aluminum Cladding System<\/a><\/li>\r\n<li><a href=\"https:\/\/sinoextrud.com\/product\/oval-aluminum-extrusion-profile\/\" target=\"_blank\">Oval Aluminum Extrusion Profile<\/a><\/li>\r\n<li><a href=\"https:\/\/sinoextrud.com\/product\/large-aluminum-extrusion\/\" target=\"_blank\">Large Aluminum Extrusion<\/a><\/li>\r\n<li><a href=\"https:\/\/sinoextrud.com\/product\/large-aluminum-extrud\/\" target=\"_blank\">Large Aluminum Extrud<\/a><\/li>\r\n<li><a href=\"https:\/\/sinoextrud.com\/product\/aluminium-extrusion-6061-6082-7075-aluminum-alloy-profiles\/\" target=\"_blank\">Aluminium Extrusion 6061 6082 7075 Aluminum Alloy Profiles<\/a><\/li>\r\n<li><a href=\"https:\/\/sinoextrud.com\/product\/aluminium-extrud-anodised-aluminium-tube\/\" target=\"_blank\">Aluminium Extrusion Anodised Aluminium Tube<\/a><\/li>\r\n<li><a href=\"https:\/\/sinoextrud.com\/product\/aluminium-extrusion-tube\/\" target=\"_blank\">Aluminium Extrusion Tube<\/a><\/li>\r\n<li><a href=\"https:\/\/sinoextrud.com\/product\/custom-aluminum-tongue-and-groove-extrusion\/\" target=\"_blank\">Custom Aluminum Tongue And Groove Extrusion<\/a><\/li>\r\n<li><a href=\"https:\/\/sinoextrud.com\/product\/aluminium-bars\/\" target=\"_blank\">Aluminium Bars<\/a><\/li>"},"feature_list":[]},"_links":{"self":[{"href":"https:\/\/sinoextrud.com\/fi\/wp-json\/wp\/v2\/product\/3777","targetHints":{"allow":["GET"]}}],"collection":[{"href":"https:\/\/sinoextrud.com\/fi\/wp-json\/wp\/v2\/product"}],"about":[{"href":"https:\/\/sinoextrud.com\/fi\/wp-json\/wp\/v2\/types\/product"}],"wp:featuredmedia":[{"embeddable":true,"href":"https:\/\/sinoextrud.com\/fi\/wp-json\/wp\/v2\/media\/3778"}],"wp:attachment":[{"href":"https:\/\/sinoextrud.com\/fi\/wp-json\/wp\/v2\/media?parent=3777"}],"wp:term":[{"taxonomy":"category","embeddable":true,"href":"https:\/\/sinoextrud.com\/fi\/wp-json\/wp\/v2\/categories?post=3777"}],"curies":[{"name":"wp","href":"https:\/\/api.w.org\/{rel}","templated":true}]}}