{"id":3524,"date":"2025-04-26T08:31:40","date_gmt":"2025-04-26T08:31:40","guid":{"rendered":"https:\/\/sinoextrud.com\/?post_type=product&#038;p=3524"},"modified":"2025-06-24T03:51:27","modified_gmt":"2025-06-24T03:51:27","slug":"u-muotoinen-avoin-lineaarinen-kattojarjestelma","status":"publish","type":"product","link":"https:\/\/sinoextrud.com\/fi\/product\/u-shaped-with-open-linear-ceiling-system\/","title":{"rendered":"U-muotoinen avoin lineaarinen kattoj\u00e4rjestelm\u00e4"},"content":{"rendered":"<h2>VAKIOKOKO<\/h2>\n<p>85mm U-muotoinen lineaarinen, jossa on 20mm pieni kaistale;<br \/>\n135mm U-muotoinen lineaarinen, jossa on 15mm pieni kaistale;<br \/>\n185mm U-muotoinen lineaarinen, jossa on 20mm pieni kaistale<br \/>\nEi-standardeja kokoja voidaan r\u00e4\u00e4t\u00e4l\u00f6id\u00e4;<\/p>\n<p><img loading=\"lazy\" decoding=\"async\" src=\"https:\/\/sinoextrud.com\/wp-content\/uploads\/U-Shaped-With-Open-Linear-Ceiling-System-gg.webp\" alt=\"U-muotoinen avoin lineaarinen kattoj\u00e4rjestelm\u00e4\" width=\"204\" height=\"89\" class=\"size-full wp-image-3531\" srcset=\"https:\/\/sinoextrud.com\/wp-content\/uploads\/U-Shaped-With-Open-Linear-Ceiling-System-gg.webp 204w, https:\/\/sinoextrud.com\/wp-content\/uploads\/U-Shaped-With-Open-Linear-Ceiling-System-gg-18x8.webp 18w\" sizes=\"auto, (max-width: 204px) 100vw, 204px\" \/> <\/p>\n<h2>Asennuskaavio<\/h2>\n<p><img decoding=\"async\" src=\"https:\/\/sinoextrud.com\/wp-content\/uploads\/U-Shaped-With-Open-Linear-Ceiling-System-anzhuang.webp\" alt=\"U-muotoinen avoin lineaarinen kattoj\u00e4rjestelm\u00e4\"  \/><\/p>\n<h2>Tuotantoprosessi<\/h2>\n<p><img decoding=\"async\" src=\"\/wp-content\/uploads\/zzlc01.webp\" alt=\"Tuotantoprosessi\"  \/><br \/>\n<img decoding=\"async\" src=\"\/wp-content\/uploads\/zzlc02.webp\" alt=\"Tuotantoprosessi\"  \/><br \/>\n<img decoding=\"async\" src=\"\/wp-content\/uploads\/zzlc03.webp\" alt=\"Tuotantoprosessi\"  \/><br \/>\n<img decoding=\"async\" src=\"\/wp-content\/uploads\/zzlc04.webp\" alt=\"Tuotantoprosessi\"  \/><\/p>\n<h2>FAQ<\/h2>\n<p><b>1.Mik\u00e4 on U-muotoinen avoin lineaarinen kattoj\u00e4rjestelm\u00e4?<\/b><\/p>\n<p>U-muotoinen ja avoin lineaarinen kattoj\u00e4rjestelm\u00e4 on alakatto, joka on valmistettu pystysuoraan linjatuista U-profiilin alumiinipaneeleista, jotka on asennettu siten, ett\u00e4 niiden v\u00e4liin on j\u00e4tetty v\u00e4lej\u00e4, jotta saadaan aikaan puhdas, avoin ja moderni kattoasettelu.\n<\/p>\n<p><\/p>\n<p><b>2.Mitk\u00e4 ovat U-muotoisen ja avoimen lineaarisen kattoj\u00e4rjestelm\u00e4n edut?<\/b><\/p>\n<p>U-muotoiset ja avoimet lineaariset kattoj\u00e4rjestelm\u00e4t tarjoavat erinomaisen ilmanvaihdon, akustiikan hallinnan, esteettisen yhten\u00e4isyyden ja helpon integroinnin valaistukseen ja talotekniikkaan.\n<\/p>\n<p><\/p>\n<p><b>3.Miss\u00e4 U-muotoista avointa lineaarista kattoj\u00e4rjestelm\u00e4\u00e4 k\u00e4ytet\u00e4\u00e4n yleisesti?<\/b><\/p>\n<p>N\u00e4it\u00e4 kattoj\u00e4rjestelmi\u00e4 k\u00e4ytet\u00e4\u00e4n laajalti lentokentill\u00e4, toimistorakennuksissa, kaupallisissa keskuksissa, oppilaitoksissa ja liikenneterminaaleissa niiden toiminnallisten ja visuaalisten etujen vuoksi.\n<\/p>\n<p><\/p>\n<p><b>4.Miten avoin lineaarinen ulkoasu parantaa katon suorituskyky\u00e4?<\/b><\/p>\n<p>U-muotoisten paneelien v\u00e4linen avoin rakenne mahdollistaa paremman ilmavirran, \u00e4\u00e4nenvaimennuksen ja yksinkertaisemman p\u00e4\u00e4syn katon yl\u00e4puolella oleviin mekaanisiin ja s\u00e4hk\u00f6isiin komponentteihin.\n<\/p>\n<p><\/p>\n<p><b>5.Mit\u00e4 materiaaleja k\u00e4ytet\u00e4\u00e4n U-muotoisissa avoimissa lineaarisissa kattoj\u00e4rjestelmiss\u00e4?<\/b><\/p>\n<p>N\u00e4m\u00e4 j\u00e4rjestelm\u00e4t on yleens\u00e4 valmistettu korkealaatuisesta alumiinista tai galvanoidusta ter\u00e4ksest\u00e4, mik\u00e4 takaa lujuuden, korroosionkest\u00e4vyyden ja keveyden.\n<\/p>\n<p><\/p>\n<p><b>6.Voiko U-muotoisia avoimia lineaarisia kattoj\u00e4rjestelmi\u00e4 r\u00e4\u00e4t\u00e4l\u00f6id\u00e4?<\/b><\/p>\n<p>Kyll\u00e4, paneelin leveys, syvyys, et\u00e4isyys, v\u00e4ri, pintak\u00e4sittely ja asettelumallit voidaan t\u00e4ysin r\u00e4\u00e4t\u00e4l\u00f6id\u00e4 vastaamaan tiettyj\u00e4 projekti- ja suunnitteluvaatimuksia.\n<\/p>\n<p><\/p>\n<p><b>7.Onko valaistuksen integrointi mahdollista U-muotoisissa avoimissa lineaarisissa katoissa?<\/b><\/p>\n<p>Avoimen tilasuunnittelun ansiosta lineaarinen valaistus, valonheittimet ja muut kattoon asennettavat valaisimet voidaan integroida saumattomasti.\n<\/p>\n<p><\/p>\n<p><b>8.Ovatko U-muotoiset avoimet lineaariset kattoj\u00e4rjestelm\u00e4t helppoja asentaa ja huoltaa?<\/b><\/p>\n<p>Kyll\u00e4, n\u00e4iss\u00e4 j\u00e4rjestelmiss\u00e4 on modulaarisia komponentteja, jotka yksinkertaistavat asennusta ja mahdollistavat yl\u00e4puolella olevien palvelujen helpon irrottamisen ja huollon.\n<\/p>\n<p><\/p>\n<p><b>9.Mit\u00e4 pintak\u00e4sittelyj\u00e4 on saatavana U-muotoisiin avoimiin lineaarisiin kattoj\u00e4rjestelmiin?<\/b><\/p>\n<p>Pinnoitteita ovat jauhemaalaus, anodisointi, harjattu alumiini, puun jyv\u00e4v\u00e4rit ja mukautetut RAL-v\u00e4rit, jotka t\u00e4ytt\u00e4v\u00e4t monenlaiset suunnittelutarpeet.\n<\/p>\n<p><\/p>\n<p><b>10.Onko U-muotoinen avoin lineaarinen kattoj\u00e4rjestelm\u00e4 ymp\u00e4rist\u00f6yst\u00e4v\u00e4llinen?<\/b><\/p>\n<p>Kyll\u00e4, n\u00e4m\u00e4 kattoj\u00e4rjestelm\u00e4t on valmistettu kierr\u00e4tett\u00e4vist\u00e4 materiaaleista, kuten alumiinista, ja ne tukevat kest\u00e4v\u00e4\u00e4 arkkitehtuuria ja vihreiden rakennusten sertifiointistandardeja.\n<\/p>\n<p><\/p>","protected":false},"featured_media":3528,"template":"","categories":[48],"class_list":["post-3524","product","type-product","status-publish","has-post-thumbnail","hentry","category-linear-ceiling-systems"],"meta_box":{"hilight_text_group":{"product_hilight_text":"U-shaped linear with small strip ceiling is another new combinationof the bar buckled ceiling family, adding new features to modernarchitecture, This product is composed of three series types including 85 matching small strip, 135 matching small strip and 185 matchingsmall lstrip, with a better sense of hierarchy and fashionc is the idealdecorative material for swimming pools, ofhces, shopping malls andother places.","product_tu_tu":"<img width=\"320\" height=\"210\" src=\"https:\/\/sinoextrud.com\/wp-content\/uploads\/U-Shaped-With-Open-Linear-Ceiling-System-xg.webp\" alt=\"U-Shaped With Open Linear Ceiling System\" title=\"U-Shaped With Open Linear Ceiling System\">","product_chanpin_chanpin":"<li><a href=\"https:\/\/sinoextrud.com\/product\/c-shaped-closed-linear-ceiling-system\/\" target=\"_blank\">C-Shaped Closed Linear Ceiling System<\/a><\/li>\r\n<li><a href=\"https:\/\/sinoextrud.com\/product\/c-shaped-wind-resistant-linear-ceiling-system\/\" target=\"_blank\">C-Shaped Wind-Resistant Linear Ceiling System<\/a><\/li>\r\n<li><a href=\"https:\/\/sinoextrud.com\/product\/h-shaped-closed-linear-ceiling-system\/\" target=\"_blank\">H-Shaped Closed Linear Ceiling System<\/a><\/li>\r\n<li><a href=\"https:\/\/sinoextrud.com\/product\/g-shaped-linear-ceiling-system\/\" target=\"_blank\">G-Shaped Linear Ceiling System<\/a><\/li>\r\n<li><a href=\"https:\/\/sinoextrud.com\/product\/u-shaped-with-open-linear-ceiling-system\/\" target=\"_blank\">U-Shaped With Open Linear Ceiling System<\/a><\/li>\r\n<li><a href=\"https:\/\/sinoextrud.com\/product\/v-shaped-linear-ceiling-system\/\" target=\"_blank\">V-Shaped Linear Ceiling System<\/a><\/li>\r\n<li><a href=\"https:\/\/sinoextrud.com\/product\/combination-open-cell-ceiling-system\/\" target=\"_blank\">Combination Open Cell Ceiling System<\/a><\/li>\r\n<li><a href=\"https:\/\/sinoextrud.com\/product\/pyramid-open-cell-ceiling-system\/\" target=\"_blank\">Pyramid Open Cell Ceiling System<\/a><\/li>\r\n<li><a href=\"https:\/\/sinoextrud.com\/product\/clip-type-screen-ceiling-system\/\" target=\"_blank\">Clip Type Screen Ceiling System<\/a><\/li>\r\n<li><a href=\"https:\/\/sinoextrud.com\/product\/aluminum-profile-for-tent\/\" target=\"_blank\">Aluminum profile for tent<\/a><\/li>\r\n<li><a href=\"https:\/\/sinoextrud.com\/product\/extruded-aluminum-tubing-for-stair-rail\/\" target=\"_blank\">Extruded Aluminum Tubing For Stair Rail<\/a><\/li>"},"feature_list":[]},"_links":{"self":[{"href":"https:\/\/sinoextrud.com\/fi\/wp-json\/wp\/v2\/product\/3524","targetHints":{"allow":["GET"]}}],"collection":[{"href":"https:\/\/sinoextrud.com\/fi\/wp-json\/wp\/v2\/product"}],"about":[{"href":"https:\/\/sinoextrud.com\/fi\/wp-json\/wp\/v2\/types\/product"}],"wp:featuredmedia":[{"embeddable":true,"href":"https:\/\/sinoextrud.com\/fi\/wp-json\/wp\/v2\/media\/3528"}],"wp:attachment":[{"href":"https:\/\/sinoextrud.com\/fi\/wp-json\/wp\/v2\/media?parent=3524"}],"wp:term":[{"taxonomy":"category","embeddable":true,"href":"https:\/\/sinoextrud.com\/fi\/wp-json\/wp\/v2\/categories?post=3524"}],"curies":[{"name":"wp","href":"https:\/\/api.w.org\/{rel}","templated":true}]}}