{"id":3463,"date":"2025-04-26T03:26:35","date_gmt":"2025-04-26T03:26:35","guid":{"rendered":"https:\/\/sinoextrud.com\/?post_type=product&#038;p=3463"},"modified":"2025-06-24T03:51:02","modified_gmt":"2025-06-24T03:51:02","slug":"syva-tyyppinen-yhdistelmakattojarjestelma","status":"publish","type":"product","link":"https:\/\/sinoextrud.com\/fi\/product\/deep-type-combination-ceiling-system\/","title":{"rendered":"Syv\u00e4 tyyppinen yhdistelm\u00e4kattoj\u00e4rjestelm\u00e4"},"content":{"rendered":"<h2>VAKIOKOKO<\/h2>\n<table class=\"custom-table\">\n<tr>\n<td class=\"label\">Tuotteen nimi<\/td>\n<td>KOKO<\/td>\n<\/tr>\n<tr>\n<td class=\"label\">Yhdistelm\u00e41<\/td>\n<td>600x600mm, 600x100mm, 100x100mm.<\/td>\n<\/tr>\n<tr>\n<td class=\"label\">Yhdistelm\u00e42<\/td>\n<td>600x600mm,600x150mm,150x150mm<\/td>\n<\/tr>\n<\/table>\n<h2>Asennuskaavio<\/h2>\n<p><img decoding=\"async\" src=\"https:\/\/sinoextrud.com\/wp-content\/uploads\/Deep-type-Combination-Ceiling-System-anzhuang.webp\" alt=\"Syv\u00e4 tyyppinen yhdistelm\u00e4kattoj\u00e4rjestelm\u00e4\"  \/><\/p>\n<h2>Tuotantoprosessi<\/h2>\n<p><img decoding=\"async\" src=\"\/wp-content\/uploads\/zzlc01.webp\" alt=\"Tuotantoprosessi\"  \/><br \/>\n<img decoding=\"async\" src=\"\/wp-content\/uploads\/zzlc02.webp\" alt=\"Tuotantoprosessi\"  \/><br \/>\n<img decoding=\"async\" src=\"\/wp-content\/uploads\/zzlc03.webp\" alt=\"Tuotantoprosessi\"  \/><br \/>\n<img decoding=\"async\" src=\"\/wp-content\/uploads\/zzlc04.webp\" alt=\"Tuotantoprosessi\"  \/><\/p>\n<h2>FAQ<\/h2>\n<p><b>1.Mik\u00e4 on syv\u00e4 tyyppinen yhdistelm\u00e4kattoj\u00e4rjestelm\u00e4?<\/b><\/p>\n<p>Syv\u00e4 yhdistelm\u00e4kattoj\u00e4rjestelm\u00e4 on modulaarinen kattorakenne, jossa yhdistet\u00e4\u00e4n syvi\u00e4 paneeleita erilaisiin muotoihin ja avoimiin rakenteisiin ja joka tarjoaa monikerroksisia visuaalisia tehosteita ja joustavia toiminnallisia kokoonpanoja.\n<\/p>\n<p><\/p>\n<p><b>2.Mitk\u00e4 ovat syv\u00e4n tyyppisen yhdistelm\u00e4kattoj\u00e4rjestelm\u00e4n edut?<\/b><\/p>\n<p>Syv\u00e4tyyppiset yhdistelm\u00e4kattoj\u00e4rjestelm\u00e4t tarjoavat vahvan kolmiulotteisen syvyyden, parannetun akustiikan hallinnan, mukautettavat asettelut ja rohkean arkkitehtonisen ulkon\u00e4\u00f6n.\n<\/p>\n<p><\/p>\n<p><b>3.Miss\u00e4 syv\u00e4n tyypin yhdistelm\u00e4kattoj\u00e4rjestelm\u00e4\u00e4 k\u00e4ytet\u00e4\u00e4n yleisesti?<\/b><\/p>\n<p>N\u00e4m\u00e4 j\u00e4rjestelm\u00e4t sopivat erinomaisesti lentokentille, n\u00e4yttelyhalleihin, ostoskeskuksiin, metroasemille ja kaupallisiin sis\u00e4tiloihin, joissa vaaditaan suurta visuaalista vaikutusta ja kattosyvyytt\u00e4.\n<\/p>\n<p><\/p>\n<p><b>4.Miten syv\u00e4profiilinen muotoilu parantaa katon esteettisyytt\u00e4?<\/b><\/p>\n<p>Syv\u00e4profiilinen rakenne lis\u00e4\u00e4 tilavuutta, varjon syvyytt\u00e4 ja kontrastia, mik\u00e4 luo dramaattisen ja mittasuhteiltaan dramaattisen kattovaikutelman, joka sopii moderniin ja laajamittaiseen ymp\u00e4rist\u00f6\u00f6n.\n<\/p>\n<p><\/p>\n<p><b>5.Mit\u00e4 materiaaleja k\u00e4ytet\u00e4\u00e4n syv\u00e4ss\u00e4 yhdistelm\u00e4kattoj\u00e4rjestelm\u00e4ss\u00e4?<\/b><\/p>\n<p>Syv\u00e4tyyppiset yhdistelm\u00e4katot valmistetaan tyypillisesti korkealaatuisesta alumiinista tai sinkityst\u00e4 ter\u00e4ksest\u00e4, mik\u00e4 takaa kevyen kest\u00e4vyyden, korroosionkest\u00e4vyyden ja pitk\u00e4aikaisen suorituskyvyn.\n<\/p>\n<p><\/p>\n<p><b>6.Voidaanko syv\u00e4tyyppisi\u00e4 yhdistelm\u00e4kattoj\u00e4rjestelmi\u00e4 r\u00e4\u00e4t\u00e4l\u00f6id\u00e4?<\/b><\/p>\n<p>Kyll\u00e4, paneelin syvyys, leveys, muoto, v\u00e4ri, rei'itys ja asettelumallit voidaan t\u00e4ysin r\u00e4\u00e4t\u00e4l\u00f6id\u00e4 vastaamaan tiettyj\u00e4 suunnitteluteemoja ja teknisi\u00e4 vaatimuksia.\n<\/p>\n<p><\/p>\n<p><b>7.Voidaanko valaistus- ja LVI-j\u00e4rjestelm\u00e4t integroida syviin yhdistelm\u00e4kattoihin?<\/b><\/p>\n<p>Avoimen rakenteen ansiosta valaisimet, ilmanvaihtokomponentit, sprinklerit ja muut kattoon kiinnitett\u00e4v\u00e4t laitteet voidaan integroida saumattomasti.\n<\/p>\n<p><\/p>\n<p><b>8.Ovatko syv\u00e4tyyppiset yhdistelm\u00e4kattoj\u00e4rjestelm\u00e4t helppoja asentaa ja huoltaa?<\/b><\/p>\n<p>Kyll\u00e4, n\u00e4iss\u00e4 katoissa k\u00e4ytet\u00e4\u00e4n modulaarisia komponentteja, jotka on helppo koota ja purkaa, mik\u00e4 takaa nopean asennuksen ja k\u00e4tev\u00e4n p\u00e4\u00e4syn huoltoon.\n<\/p>\n<p><\/p>\n<p><b>9.Mit\u00e4 pintak\u00e4sittelyj\u00e4 on saatavana syviin yhdistelm\u00e4kattoihin?<\/b><\/p>\n<p>Saatavilla olevia pintak\u00e4sittelyj\u00e4 ovat jauhemaalaus, anodisointi, harjattu alumiini, puun jyv\u00e4, ja mukautetut RAL-v\u00e4rit eri arkkitehtonisiin tyyleihin sopiviksi.\n<\/p>\n<p><\/p>\n<p><b>10.Onko syv\u00e4 tyyppinen yhdistelm\u00e4kattoj\u00e4rjestelm\u00e4 ymp\u00e4rist\u00f6yst\u00e4v\u00e4llinen?<\/b><\/p>\n<p>Kyll\u00e4, kierr\u00e4tett\u00e4vist\u00e4 alumiinimateriaaleista valmistetut syv\u00e4tyyppiset yhdistelm\u00e4kattoj\u00e4rjestelm\u00e4t tukevat kest\u00e4vi\u00e4 rakennusk\u00e4yt\u00e4nt\u00f6j\u00e4 ja edist\u00e4v\u00e4t vihreiden sertifikaattien saamista.\n<\/p>\n<p><\/p>","protected":false},"featured_media":3464,"template":"","categories":[47],"class_list":["post-3463","product","type-product","status-publish","has-post-thumbnail","hentry","category-tile-ceiling-systems"],"meta_box":{"hilight_text_group":{"product_hilight_text":"Deep-well type combined ceiling has a strong three-dimensional effects, fully embodies the multi-layersense of the space: this product holds all processcharacteristics of metal alurinum celling. in addition,customers can make matches freeily according to theirown preferences to show different styies. Deep-well!type ceiling combinations applicable for fur hulellobbies, airports, subway stations, shopping malls andother places.","product_chanpin_chanpin":"<li><a href=\"https:\/\/sinoextrud.com\/product\/shaped-tile-ceiling-system\/\" target=\"_blank\">Shaped Tile Ceiling System<\/a><\/li>\r\n<li><a href=\"https:\/\/sinoextrud.com\/product\/the-new-perforated-ceiling-system\/\" target=\"_blank\">The New Perforated Ceiling System<\/a><\/li>\r\n<li><a href=\"https:\/\/sinoextrud.com\/product\/800-800mm-clip-in-ceiling-system\/\" target=\"_blank\">800x800mm Clip-in Ceiling System<\/a><\/li>\r\n<li><a href=\"https:\/\/sinoextrud.com\/product\/combination-ceiling-system\/\" target=\"_blank\">Combination Ceiling System<\/a><\/li>\r\n<li><a href=\"https:\/\/sinoextrud.com\/product\/deep-type-combination-ceiling-system\/\" target=\"_blank\">Deep-type Combination Ceiling System<\/a><\/li>\r\n<li><a href=\"https:\/\/sinoextrud.com\/product\/composite-panel-ceiling-system\/\" target=\"_blank\">Composite Panel Ceiling System<\/a><\/li>\r\n<li><a href=\"https:\/\/sinoextrud.com\/product\/hook-on-tile-ceiling-system\/\" target=\"_blank\">Hook-On Tile Ceiling System<\/a><\/li>\r\n<li><a href=\"https:\/\/sinoextrud.com\/product\/perforation-aluminum-ceiling-system\/\" target=\"_blank\">Perforation Aluminum Ceiling System<\/a><\/li>\r\n<li><a href=\"https:\/\/sinoextrud.com\/product\/aluminum-ceiling-system\/\" target=\"_blank\">Aluminum Ceiling System<\/a><\/li>\r\n<li><a href=\"https:\/\/sinoextrud.com\/product\/perforation-aluminum-ceiling-system\/\" target=\"_blank\">Perforation Aluminum Ceiling System<\/a><\/li>\r\n<li><a href=\"https:\/\/sinoextrud.com\/product\/aluminum-casement-window-double-hung-single-hung-jalousie-security-door-and-window\/\" target=\"_blank\">aluminum casement window Double Hung Single Hung Jalousie Security Door And Window<\/a><\/li>"},"feature_list":[]},"_links":{"self":[{"href":"https:\/\/sinoextrud.com\/fi\/wp-json\/wp\/v2\/product\/3463","targetHints":{"allow":["GET"]}}],"collection":[{"href":"https:\/\/sinoextrud.com\/fi\/wp-json\/wp\/v2\/product"}],"about":[{"href":"https:\/\/sinoextrud.com\/fi\/wp-json\/wp\/v2\/types\/product"}],"wp:featuredmedia":[{"embeddable":true,"href":"https:\/\/sinoextrud.com\/fi\/wp-json\/wp\/v2\/media\/3464"}],"wp:attachment":[{"href":"https:\/\/sinoextrud.com\/fi\/wp-json\/wp\/v2\/media?parent=3463"}],"wp:term":[{"taxonomy":"category","embeddable":true,"href":"https:\/\/sinoextrud.com\/fi\/wp-json\/wp\/v2\/categories?post=3463"}],"curies":[{"name":"wp","href":"https:\/\/api.w.org\/{rel}","templated":true}]}}