{"id":3451,"date":"2025-04-26T02:54:03","date_gmt":"2025-04-26T02:54:03","guid":{"rendered":"https:\/\/sinoextrud.com\/?post_type=product&#038;p=3451"},"modified":"2025-06-24T03:50:57","modified_gmt":"2025-06-24T03:50:57","slug":"800-800mm-kattoon-kiinnitettava-jarjestelma","status":"publish","type":"product","link":"https:\/\/sinoextrud.com\/fi\/product\/800-800mm-clip-in-ceiling-system\/","title":{"rendered":"800x800mm Clip-in kattoj\u00e4rjestelm\u00e4"},"content":{"rendered":"<h2>VAKIOKOKO<\/h2>\n<p><img loading=\"lazy\" decoding=\"async\" src=\"https:\/\/sinoextrud.com\/wp-content\/uploads\/800-800mm-clip-in-Ceiling-System-gg.webp\" alt=\"800x800mm clip-in kattoj\u00e4rjestelm\u00e4\" width=\"599\" height=\"253\" class=\"size-full wp-image-3454\" srcset=\"https:\/\/sinoextrud.com\/wp-content\/uploads\/800-800mm-clip-in-Ceiling-System-gg.webp 599w, https:\/\/sinoextrud.com\/wp-content\/uploads\/800-800mm-clip-in-Ceiling-System-gg-18x8.webp 18w\" sizes=\"auto, (max-width: 599px) 100vw, 599px\" \/><\/p>\n<h2>Tuotantoprosessi<\/h2>\n<p><img decoding=\"async\" src=\"\/wp-content\/uploads\/zzlc01.webp\" alt=\"Tuotantoprosessi\"  \/><br \/>\n<img decoding=\"async\" src=\"\/wp-content\/uploads\/zzlc02.webp\" alt=\"Tuotantoprosessi\"  \/><br \/>\n<img decoding=\"async\" src=\"\/wp-content\/uploads\/zzlc03.webp\" alt=\"Tuotantoprosessi\"  \/><br \/>\n<img decoding=\"async\" src=\"\/wp-content\/uploads\/zzlc04.webp\" alt=\"Tuotantoprosessi\"  \/><\/p>\n<h2>FAQ<\/h2>\n<p><b>1.Mik\u00e4 on 800x800mm clip-in kattoj\u00e4rjestelm\u00e4?<\/b><\/p>\n<p>800x800 mm:n clip-in-kattoj\u00e4rjestelm\u00e4 on modulaarinen metallikattoratkaisu, jossa on neli\u00f6nmuotoisia alumiinipaneeleita, jotka kiinnittyv\u00e4t turvallisesti piiloon j\u00e4\u00e4v\u00e4\u00e4n ripustusritil\u00e4\u00e4n ja luovat siistin ja tasaisen kattopinnan.\n<\/p>\n<p><\/p>\n<p><b>2.Mitk\u00e4 ovat 800x800 mm:n clip-in-kattoj\u00e4rjestelm\u00e4n edut?<\/b><\/p>\n<p>800x800 mm:n clip-in-kattoj\u00e4rjestelm\u00e4 tarjoaa saumattoman ulkon\u00e4\u00f6n, erinomaisen kest\u00e4vyyden, akustisen suorituskyvyn, palonkest\u00e4vyyden ja helpon p\u00e4\u00e4syn kattopaneeliin huoltoa varten.\n<\/p>\n<p><\/p>\n<p><b>3.Miss\u00e4 800x800mm clip-in kattoj\u00e4rjestelm\u00e4\u00e4 k\u00e4ytet\u00e4\u00e4n yleisesti?<\/b><\/p>\n<p>T\u00e4m\u00e4 kattoj\u00e4rjestelm\u00e4 sopii erinomaisesti k\u00e4ytett\u00e4v\u00e4ksi kaupallisissa toimistoissa, sairaaloissa, lentokentill\u00e4, ostoskeskuksissa ja julkisissa rakennuksissa, jotka vaativat korkeaa suorituskyky\u00e4 ja modernia viimeistely\u00e4.\n<\/p>\n<p><\/p>\n<p><b>4.Miten kiinnitysmekanismi hy\u00f6dytt\u00e4\u00e4 katon suorituskyky\u00e4?<\/b><\/p>\n<p>Kiinnitysj\u00e4rjestelm\u00e4 varmistaa, ett\u00e4 jokainen paneeli on tiukasti kiinnitetty, jolloin saadaan tasainen ja t\u00e4rin\u00e4nkest\u00e4v\u00e4 kattopinta, joka on helppo irrottaa ilman ty\u00f6kaluja.\n<\/p>\n<p><\/p>\n<p><b>5.Mit\u00e4 materiaaleja k\u00e4ytet\u00e4\u00e4n 800x800 mm:n clip-in-kattoj\u00e4rjestelmiss\u00e4?<\/b><\/p>\n<p>N\u00e4m\u00e4 katot on yleens\u00e4 valmistettu korkealaatuisesta alumiinista tai sinkityst\u00e4 ter\u00e4ksest\u00e4, joka kest\u00e4\u00e4 korroosiota, on luja ja pitk\u00e4ik\u00e4inen.\n<\/p>\n<p><\/p>\n<p><b>6.Can 800x800mm clip-in kattopaneelit voidaan r\u00e4\u00e4t\u00e4l\u00f6id\u00e4?<\/b><\/p>\n<p>Kyll\u00e4, paneelin paksuus, rei'ityskuvio, v\u00e4ri ja pintak\u00e4sittely voidaan r\u00e4\u00e4t\u00e4l\u00f6id\u00e4 vastaamaan erityisi\u00e4 suunnittelu- ja akustisia vaatimuksia.\n<\/p>\n<p><\/p>\n<p><b>7.Onko valaistuksen integrointi mahdollista 800x800 mm:n clip-in-kattoj\u00e4rjestelmiss\u00e4?<\/b><\/p>\n<p>J\u00e4rjestelm\u00e4 tukee ehdottomasti integrointia upotetun valaistuksen, LVI-aukkojen, palontorjunnan ja kaiutinj\u00e4rjestelmien kanssa, jolloin saadaan t\u00e4ydellinen kattoratkaisu.\n<\/p>\n<p><\/p>\n<p><b>8.Ovatko 800x800 mm:n clip-in-katot helppoja asentaa ja huoltaa?<\/b><\/p>\n<p>Kyll\u00e4, niiden modulaarinen ja piilotettu verkkoj\u00e4rjestelm\u00e4 mahdollistaa nopean asennuksen ja paneelin helpon irrottamisen rutiinihuoltoa tai j\u00e4rjestelm\u00e4n p\u00e4ivitt\u00e4mist\u00e4 varten.\n<\/p>\n<p><\/p>\n<p><b>9.Mit\u00e4 pintak\u00e4sittelyj\u00e4 on saatavana 800x800 mm:n clip-in-kattopaneeleihin?<\/b><\/p>\n<p>Saatavilla olevia pintak\u00e4sittelyj\u00e4 ovat jauhemaalaus, anodisointi, harjattu alumiini, matta, puunsuikale ja mukautetut RAL-v\u00e4rit eri sisustustyylej\u00e4 varten.\n<\/p>\n<p><\/p>\n<p><b>10.Onko 800x800mm clip-in kattoj\u00e4rjestelm\u00e4 ymp\u00e4rist\u00f6yst\u00e4v\u00e4llinen?<\/b><\/p>\n<p>Kyll\u00e4, t\u00e4m\u00e4 kierr\u00e4tett\u00e4v\u00e4st\u00e4 alumiinista valmistettu kattoj\u00e4rjestelm\u00e4 tukee kest\u00e4vi\u00e4 rakennusk\u00e4yt\u00e4nt\u00f6j\u00e4 ja t\u00e4ytt\u00e4\u00e4 vihre\u00e4n rakentamisen standardit.\n<\/p>\n<p><\/p>","protected":false},"featured_media":3452,"template":"","categories":[47],"class_list":["post-3451","product","type-product","status-publish","has-post-thumbnail","hentry","category-tile-ceiling-systems"],"meta_box":{"hilight_text_group":{"product_hilight_text":"<ul>\r\r\n  <li><strong>\u2714 Quick Installation<\/strong> - Tool-free clip-in design saves 50% labor time<\/li>\r\r\n  <li><strong>\u2714 Seamless Appearance<\/strong> - 800x800mm large panels minimize visible joints<\/li>\r\r\n  <li><strong>\u2714 Superior Acoustics<\/strong> - NRC 0.8 sound absorption for open offices<\/li>\r\r\n  <li><strong>\u2714 Easy Maintenance<\/strong> - Individual panel replacement without grid disassembly<\/li>\r\r\n  <li><strong>\u2714 Lighting Ready<\/strong> - Pre-cut openings for LED panel integration<\/li>\r\r\n  <li><strong>\u2714 Fire Rated<\/strong> - Class A fire protection meeting commercial standards<\/li>\r\r\n  <li><strong>\u2714 Cost Effective<\/strong> - 30% material savings vs traditional ceiling systems<\/li>\r\r\n  <li><strong>\u2714 Eco-Friendly<\/strong> - Recyclable mineral fiber with low VOC emissions<\/li>\r\r\n<\/ul>\r\r\n<p><em>Ideal for: Offices | Retail | Schools | Healthcare Facilities<\/em><\/p>","product_tu_tu":"<img width=\"320\" height=\"210\" src=\"https:\/\/sinoextrud.com\/wp-content\/uploads\/800-800mm-clip-in-Ceiling-System-xg.webp\" alt=\"800x800mm clip-in Ceiling System\" title=\"800x800mm clip-in Ceiling System\">","product_chanpin_chanpin":"<li><a href=\"https:\/\/sinoextrud.com\/product\/diamond-type-ceiling-system\/\" target=\"_blank\">Diamond Type Ceiling System (Diamond plate Ceiling Tiles)<\/a><\/li>\r\n<li><a href=\"https:\/\/sinoextrud.com\/product\/trapezoidal-type-ceiling-system\/\" target=\"_blank\">Trapezoidal Type Ceiling System<\/a><\/li>\r\n<li><a href=\"https:\/\/sinoextrud.com\/product\/shaped-tile-ceiling-system\/\" target=\"_blank\">Shaped Tile Ceiling System<\/a><\/li>\r\n<li><a href=\"https:\/\/sinoextrud.com\/product\/the-new-perforated-ceiling-system\/\" target=\"_blank\">The New Perforated Ceiling System<\/a><\/li>\r\n<li><a href=\"https:\/\/sinoextrud.com\/product\/800-800mm-clip-in-ceiling-system\/\" target=\"_blank\">800x800mm Clip-in Ceiling System<\/a><\/li>\r\n<li><a href=\"https:\/\/sinoextrud.com\/product\/combination-ceiling-system\/\" target=\"_blank\">Combination Ceiling System<\/a><\/li>\r\n<li><a href=\"https:\/\/sinoextrud.com\/product\/deep-type-combination-ceiling-system\/\" target=\"_blank\">Deep-type Combination Ceiling System<\/a><\/li>\r\n<li><a href=\"https:\/\/sinoextrud.com\/product\/composite-panel-ceiling-system\/\" target=\"_blank\">Composite Panel Ceiling System<\/a><\/li>\r\n<li><a href=\"https:\/\/sinoextrud.com\/product\/hook-on-tile-ceiling-system\/\" target=\"_blank\">Hook-On Tile Ceiling System<\/a><\/li>\r\n<li><a href=\"https:\/\/sinoextrud.com\/product\/purification-workshop-aluminum-profiles\/\" target=\"_blank\">Purification Workshop Aluminum Profiles<\/a><\/li>\r\n<li><a href=\"https:\/\/sinoextrud.com\/product\/extruded-aluminum-structural-framing\/\" target=\"_blank\">Extruded Aluminum Structural Framing<\/a><\/li>"},"feature_list":[]},"_links":{"self":[{"href":"https:\/\/sinoextrud.com\/fi\/wp-json\/wp\/v2\/product\/3451","targetHints":{"allow":["GET"]}}],"collection":[{"href":"https:\/\/sinoextrud.com\/fi\/wp-json\/wp\/v2\/product"}],"about":[{"href":"https:\/\/sinoextrud.com\/fi\/wp-json\/wp\/v2\/types\/product"}],"wp:featuredmedia":[{"embeddable":true,"href":"https:\/\/sinoextrud.com\/fi\/wp-json\/wp\/v2\/media\/3452"}],"wp:attachment":[{"href":"https:\/\/sinoextrud.com\/fi\/wp-json\/wp\/v2\/media?parent=3451"}],"wp:term":[{"taxonomy":"category","embeddable":true,"href":"https:\/\/sinoextrud.com\/fi\/wp-json\/wp\/v2\/categories?post=3451"}],"curies":[{"name":"wp","href":"https:\/\/api.w.org\/{rel}","templated":true}]}}