{"id":3428,"date":"2025-04-26T02:09:09","date_gmt":"2025-04-26T02:09:09","guid":{"rendered":"https:\/\/sinoextrud.com\/?post_type=product&#038;p=3428"},"modified":"2025-06-24T03:50:49","modified_gmt":"2025-06-24T03:50:49","slug":"puolisuunnikkaan-tyyppinen-kattojarjestelma","status":"publish","type":"product","link":"https:\/\/sinoextrud.com\/fi\/product\/trapezoidal-type-ceiling-system\/","title":{"rendered":"Puolisuunnikkaan tyyppinen kattoj\u00e4rjestelm\u00e4"},"content":{"rendered":"<h2>VAKIOKOKO<\/h2>\n<p><img loading=\"lazy\" decoding=\"async\" src=\"https:\/\/sinoextrud.com\/wp-content\/uploads\/Trapezoidal-Type-Ceiling-System-gg.webp\" alt=\"Puolisuunnikkaan tyyppinen kattoj\u00e4rjestelm\u00e4\" width=\"662\" height=\"356\" class=\"size-full wp-image-3433\" srcset=\"https:\/\/sinoextrud.com\/wp-content\/uploads\/Trapezoidal-Type-Ceiling-System-gg.webp 662w, https:\/\/sinoextrud.com\/wp-content\/uploads\/Trapezoidal-Type-Ceiling-System-gg-18x10.webp 18w, https:\/\/sinoextrud.com\/wp-content\/uploads\/Trapezoidal-Type-Ceiling-System-gg-600x323.webp 600w\" sizes=\"auto, (max-width: 662px) 100vw, 662px\" \/><\/p>\n<h2>Asennuskaavio<\/h2>\n<p><img decoding=\"async\" src=\"https:\/\/sinoextrud.com\/wp-content\/uploads\/Trapezoidal-Type-Ceiling-System-anzhuang.webp\" alt=\"Puolisuunnikkaan tyyppinen kattoj\u00e4rjestelm\u00e4\"  \/><\/p>\n<h2>Tuotantoprosessi<\/h2>\n<p><img decoding=\"async\" src=\"\/wp-content\/uploads\/zzlc01.webp\" alt=\"Tuotantoprosessi\"  \/><br \/>\n<img decoding=\"async\" src=\"\/wp-content\/uploads\/zzlc02.webp\" alt=\"Tuotantoprosessi\"  \/><br \/>\n<img decoding=\"async\" src=\"\/wp-content\/uploads\/zzlc03.webp\" alt=\"Tuotantoprosessi\"  \/><br \/>\n<img decoding=\"async\" src=\"\/wp-content\/uploads\/zzlc04.webp\" alt=\"Tuotantoprosessi\"  \/><\/p>\n<h2>FAQ<\/h2>\n<p><b>1.Mik\u00e4 on puolisuunnikkaan tyyppinen kattoj\u00e4rjestelm\u00e4?<\/b><\/p>\n<p>Trapetsityyppinen kattoj\u00e4rjestelm\u00e4 on moderni alakattoratkaisu, jossa on alumiinipaneeleita, jotka on muotoiltu trapetsin muotoon ja suunniteltu luomaan rohkeita geometrisia kuvioita ja mittasuhteiden kattotehosteita.\n<\/p>\n<p><\/p>\n<p><b>2.Mitk\u00e4 ovat puolisuunnikkaan tyyppisen kattoj\u00e4rjestelm\u00e4n edut?<\/b><\/p>\n<p>Trapetsityyppiset kattoj\u00e4rjestelm\u00e4t tarjoavat dynaamisen visuaalisen vaikutuksen, paremman tilasyvyyden, akustisen suorituskyvyn ja joustavia suunnitteluvaihtoehtoja nykyaikaisiin arkkitehtonisiin sis\u00e4tiloihin.\n<\/p>\n<p><\/p>\n<p><b>3.Miss\u00e4 trapetsinmuotoista kattoj\u00e4rjestelm\u00e4\u00e4 k\u00e4ytet\u00e4\u00e4n yleisesti?<\/b><\/p>\n<p>N\u00e4it\u00e4 j\u00e4rjestelmi\u00e4 k\u00e4ytet\u00e4\u00e4n yleisesti lentoasemilla, museoissa, liikerakennuksissa, n\u00e4yttelytiloissa ja liikennekeskuksissa, jotta saadaan aikaan erottuva ja moderni kattomuotoilu.\n<\/p>\n<p><\/p>\n<p><b>4.Miten puolisuunnikkaan muoto parantaa katon esteettisyytt\u00e4?<\/b><\/p>\n<p>Puolisuunnikkaiden paneelien kulmikas muotoilu luo 3D-kattovaikutelman, jossa valo ja varjo leikkiv\u00e4t, mik\u00e4 lis\u00e4\u00e4 tekstuuria ja arkkitehtonista mielenkiintoa suuriin avoimiin tiloihin.\n<\/p>\n<p><\/p>\n<p><b>5.Mit\u00e4 materiaaleja k\u00e4ytet\u00e4\u00e4n puolisuunnikkaissa kattoj\u00e4rjestelmiss\u00e4?<\/b><\/p>\n<p>Puolisuunnikkaat kattoj\u00e4rjestelm\u00e4t valmistetaan yleens\u00e4 korkealaatuisesta alumiinista tai sinkityst\u00e4 ter\u00e4ksest\u00e4, joka tarjoaa kevyen kest\u00e4vyyden, korroosionkest\u00e4vyyden ja paloturvallisuuden.\n<\/p>\n<p><\/p>\n<p><b>6.Voidaanko puolisuunnikkaita kattoj\u00e4rjestelmi\u00e4 r\u00e4\u00e4t\u00e4l\u00f6id\u00e4?<\/b><\/p>\n<p>Kyll\u00e4, paneelin koko, puolisuunnikkaan kulma, rei'itys, viimeistely, v\u00e4ri ja asettelu voidaan r\u00e4\u00e4t\u00e4l\u00f6id\u00e4 vastaamaan erityisi\u00e4 projekti- ja br\u00e4ndivaatimuksia.\n<\/p>\n<p><\/p>\n<p><b>7.Onko valaistuksen integrointi mahdollista puolisuunnikkaissa kattoj\u00e4rjestelmiss\u00e4?<\/b><\/p>\n<p>Geometrisen asettelun t\u00e4ydent\u00e4miseksi kattopaneeleihin voidaan ehdottomasti liitt\u00e4\u00e4 integroituja valaistusj\u00e4rjestelmi\u00e4, kuten upotettuja LED-valaisimia ja lineaarisia valaisimia.\n<\/p>\n<p><\/p>\n<p><b>8.Ovatko puolisuunnikkaat kattoj\u00e4rjestelm\u00e4t helppoja asentaa ja huoltaa?<\/b><\/p>\n<p>Kyll\u00e4, modulaarinen rakenne ja tarkka suunnittelu takaavat nopean asennuksen, helpon paneelin kohdistuksen ja k\u00e4tev\u00e4n p\u00e4\u00e4syn j\u00e4rjestelm\u00e4n huoltoa varten.\n<\/p>\n<p><\/p>\n<p><b>9.Mit\u00e4 pintak\u00e4sittelyj\u00e4 on saatavana puolisuunnikkaan tyyppisiin kattoj\u00e4rjestelmiin?<\/b><\/p>\n<p>Saatavilla olevia pintak\u00e4sittelyj\u00e4 ovat jauhemaalaus, anodisointi, harjattu alumiini, puun jyv\u00e4rakenteet ja mukautetut RAL-v\u00e4rit eri sisustustyylej\u00e4 varten.\n<\/p>\n<p><\/p>\n<p><b>10.Onko puolisuunnikkaan tyyppinen kattoj\u00e4rjestelm\u00e4 ymp\u00e4rist\u00f6yst\u00e4v\u00e4llinen?<\/b><\/p>\n<p>Kyll\u00e4, kierr\u00e4tett\u00e4v\u00e4st\u00e4 alumiinista valmistetut puolisuunnikkaat kattoj\u00e4rjestelm\u00e4t tukevat ymp\u00e4rist\u00f6yst\u00e4v\u00e4llist\u00e4 rakentamista ja edist\u00e4v\u00e4t vihre\u00e4n rakentamisen sertifiointia.\n<\/p>\n<p><\/p>","protected":false},"featured_media":3430,"template":"","categories":[47],"class_list":["post-3428","product","type-product","status-publish","has-post-thumbnail","hentry","category-tile-ceiling-systems"],"meta_box":{"hilight_text_group":{"product_hilight_text":"Trapezoidal Ceiling System \u2013 Key Business Benefits<br>\r\r\n\u2714 Fast Installation \u2013 Modular design saves time and labor costs<br>\r\r\n\u2714 Superior Acoustics \u2013 Reduces noise in offices, schools, and hospitals<br>\r\r\n\u2714 Sleek & Modern \u2013 Tapered edges enhance visual appeal\r\r\n\u2714 Easy Maintenance \u2013 Durable aluminum, long-lasting performance\r\r\n\u2714 Customizable \u2013 Multiple colors, finishes, and sizes available<br>\r\r\n\u2714 Eco-Friendly \u2013 Recyclable materials, supports green building standards<br>\r\r\nIdeal for commercial, retail, and institutional projects.<br>","product_tu_tu":"<img width=\"320\" height=\"210\" src=\"https:\/\/sinoextrud.com\/wp-content\/uploads\/Trapezoidal-Type-Ceiling-System-xiaoguo.webp\" alt=\"Trapezoidal Type Ceiling System\" title=\"Trapezoidal Type Ceiling System\">","product_chanpin_chanpin":"<li><a href=\"https:\/\/sinoextrud.com\/product\/clip-in-tile-ceiling-system\/\" target=\"_blank\">Clip-in Tile Ceiling System<\/a><\/li>\r\n<li><a href=\"https:\/\/sinoextrud.com\/product\/triangle-ceiling-system\/\" target=\"_blank\">Triangle Ceiling System (Triangle Ceiling)<\/a><\/li>\r\n<li><a href=\"https:\/\/sinoextrud.com\/product\/the-hexagonal-type-ceiling-system\/\" target=\"_blank\">The Hexagonal Type Ceiling System (Hexagonal Ceiling)<\/a><\/li>\r\n<li><a href=\"https:\/\/sinoextrud.com\/product\/diamond-type-ceiling-system\/\" target=\"_blank\">Diamond Type Ceiling System (Diamond plate Ceiling Tiles)<\/a><\/li>\r\n<li><a href=\"https:\/\/sinoextrud.com\/product\/trapezoidal-type-ceiling-system\/\" target=\"_blank\">Trapezoidal Type Ceiling System<\/a><\/li>\r\n<li><a href=\"https:\/\/sinoextrud.com\/product\/shaped-tile-ceiling-system\/\" target=\"_blank\">Shaped Tile Ceiling System<\/a><\/li>\r\n<li><a href=\"https:\/\/sinoextrud.com\/product\/the-new-perforated-ceiling-system\/\" target=\"_blank\">The New Perforated Ceiling System<\/a><\/li>\r\n<li><a href=\"https:\/\/sinoextrud.com\/product\/800-800mm-clip-in-ceiling-system\/\" target=\"_blank\">800x800mm Clip-in Ceiling System<\/a><\/li>\r\n<li><a href=\"https:\/\/sinoextrud.com\/product\/combination-ceiling-system\/\" target=\"_blank\">Combination Ceiling System<\/a><\/li>\r\n<li><a href=\"https:\/\/sinoextrud.com\/product\/aluminum-outdoor-enclose-heat-sinks\/\" target=\"_blank\">Aluminum outdoor enclose heat sinks<\/a><\/li>\r\n<li><a href=\"https:\/\/sinoextrud.com\/product\/customized-ome-aluminium-profile-extruded-with-the-anodized-black-champage-silver-white-and-blasted-treatment\/\" target=\"_blank\">Customized OME Aluminium Profile Extruded With The Anodized Black Champage Silver White And Blasted Treatment<\/a><\/li>"},"feature_list":[]},"_links":{"self":[{"href":"https:\/\/sinoextrud.com\/fi\/wp-json\/wp\/v2\/product\/3428","targetHints":{"allow":["GET"]}}],"collection":[{"href":"https:\/\/sinoextrud.com\/fi\/wp-json\/wp\/v2\/product"}],"about":[{"href":"https:\/\/sinoextrud.com\/fi\/wp-json\/wp\/v2\/types\/product"}],"wp:featuredmedia":[{"embeddable":true,"href":"https:\/\/sinoextrud.com\/fi\/wp-json\/wp\/v2\/media\/3430"}],"wp:attachment":[{"href":"https:\/\/sinoextrud.com\/fi\/wp-json\/wp\/v2\/media?parent=3428"}],"wp:term":[{"taxonomy":"category","embeddable":true,"href":"https:\/\/sinoextrud.com\/fi\/wp-json\/wp\/v2\/categories?post=3428"}],"curies":[{"name":"wp","href":"https:\/\/api.w.org\/{rel}","templated":true}]}}