{"id":11022,"date":"2025-08-01T03:41:51","date_gmt":"2025-08-01T03:41:51","guid":{"rendered":"https:\/\/sinoextrud.com\/product\/ssr-radiator-for-industrial-control-systems\/"},"modified":"2025-10-11T23:12:51","modified_gmt":"2025-10-11T15:12:51","slug":"ssr-patteri-teollisuuden-ohjausjarjestelmia-varten","status":"publish","type":"product","link":"https:\/\/sinoextrud.com\/fi\/product\/ssr-radiator-for-industrial-control-systems\/","title":{"rendered":"SSR-j\u00e4\u00e4hdytin teollisuuden ohjausj\u00e4rjestelmi\u00e4 varten"},"content":{"rendered":"<h2>Tuotteiden tiedot<\/h2>\n<div class=\"product-table\">\n<div class=\"row\">\n<div class=\"cell label\">Myyntiyksik\u00f6t<\/div>\n<div class=\"cell value\">Yksitt\u00e4inen tuote<\/div>\n<\/div>\n<\/div>\n<p><\/p>\n<h2>Tuotantopohjamme<\/h2>\n<h3>Tehtaan panoraama<\/h3>\n<p><img decoding=\"async\" src=\"\/wp-content\/uploads\/factory-01.webp\"\/><\/p>\n<h3>Alumiini Bar Manufacturing Workshop<\/h3>\n<p><img decoding=\"async\" src=\"\/wp-content\/uploads\/factory-02.webp\"\/><\/p>\n<\/p>\n<p><img decoding=\"async\" src=\"\/wp-content\/uploads\/factory-03.webp\"\/><\/p>\n<h3>Muotin varastointi Varasto<\/h3>\n<p><img decoding=\"async\" src=\"\/wp-content\/uploads\/factory-04.webp\"\/><\/p>\n<h3>43 alumiinin ekstruusiolinjat (500-5500 tonnia)<\/h3>\n<p><img decoding=\"async\" src=\"\/wp-content\/uploads\/factory-05.webp\"\/><\/p>\n<p><img decoding=\"async\" src=\"\/wp-content\/uploads\/factory-06.webp\"\/><\/p>\n<p><img decoding=\"async\" src=\"\/wp-content\/uploads\/factory-07.webp\"\/><\/p>\n<h3>Jauhemaalaus ty\u00f6paja<\/h3>\n<p><img decoding=\"async\" src=\"\/wp-content\/uploads\/factory-09.webp\"\/><\/p>\n<h3>Anodisointi ty\u00f6paja<\/h3>\n<p><img decoding=\"async\" src=\"\/wp-content\/uploads\/factory-10.webp\"\/><\/p>\n<h3>Syv\u00e4k\u00e4sittelyn ty\u00f6paja<\/h3>\n<p><img decoding=\"async\" src=\"\/wp-content\/uploads\/factory-11.webp\"\/><\/p>\n<h3>CNC-tarkkuuskoneistus ty\u00f6paja<\/h3>\n<p><img decoding=\"async\" src=\"\/wp-content\/uploads\/factory-11.5.webp\"\/><\/p>\n<h3>Valmiiden tuotteiden ja vientivarasto<\/h3>\n<p><img decoding=\"async\" src=\"\/wp-content\/uploads\/factory-12.webp\"\/><\/p>\n<p><img decoding=\"async\" src=\"\/wp-content\/uploads\/factory-13.webp\"\/><\/p>\n<p><img decoding=\"async\" src=\"\/wp-content\/uploads\/factory-14.webp\"\/><\/p>\n<h2>FAQ<\/h2>\n<p><strong>1. Mit\u00e4 materiaaleja SSR-patterissa k\u00e4ytet\u00e4\u00e4n?<\/strong><br \/>SSR-j\u00e4\u00e4hdytin on valmistettu korkealaatuisesta alumiinista, joka takaa erinomaisen l\u00e4mm\u00f6nsiirron.<\/p>\n<p><strong>2. Voidaanko SSR-j\u00e4\u00e4hdytin r\u00e4\u00e4t\u00e4l\u00f6id\u00e4 teollisuusk\u00e4ytt\u00f6\u00f6n?<\/strong><br \/>Kyll\u00e4, tarjoamme koon ja kokoonpanon r\u00e4\u00e4t\u00e4l\u00f6inti\u00e4 teollisuuden vaatimusten mukaisesti.<\/p>\n<p><strong>3. Miten asennan SSR-patterin j\u00e4rjestelm\u00e4\u00e4ni?<\/strong><br \/>SSR-j\u00e4\u00e4hdyttimess\u00e4 on helppo asennusprosessi, joka on yhteensopiva vakioj\u00e4rjestelmien kanssa.<\/p>\n<p><strong>4. Mik\u00e4 on SSR-patterin takuuaika?<\/strong><br \/>Tarjoamme SSR-patterille yhden vuoden takuun, joka kattaa valmistusvirheet.<\/p>\n<p><strong>5. Soveltuuko SSR-s\u00e4teilij\u00e4 korkeal\u00e4mp\u00f6tilaymp\u00e4rist\u00f6ihin?<\/strong><br \/>Kyll\u00e4, se on suunniteltu toimimaan tehokkaasti korkeissa l\u00e4mp\u00f6tiloissa.<\/p>\n<p><strong>6. Voinko tilata SSR-j\u00e4\u00e4hdyttimen mukautetun koon projektiini?<\/strong><br \/>Kyll\u00e4, r\u00e4\u00e4t\u00e4l\u00f6ityj\u00e4 kokoja on saatavana projektisi erityistarpeiden mukaan.<\/p>\n<p><strong>7. Tarjoatteko SSR-j\u00e4\u00e4hdyttimelle kansainv\u00e4list\u00e4 toimitusta?<\/strong><br \/>Kyll\u00e4, tarjoamme SSR-j\u00e4\u00e4hdyttimelle maailmanlaajuisia kuljetuspalveluja.<\/p>\n<p><\/p>","protected":false},"featured_media":10730,"template":"","categories":[72],"class_list":["post-11022","product","type-product","status-publish","has-post-thumbnail","hentry","category-extruded-aluminum-heatsink"],"meta_box":{"hilight_text_group":{"product_hilight_text":"<li>High-efficiency cooling performance for various applications<\/li>\r\n<li>Compatible with a wide range of heat exchange systems<\/li>\r\n<li>Constructed with durable materials for extended life span<\/li>\r\n<li>Designed for easy installation and maintenance<\/li>\r\n<li>Supports custom sizing and configurations for B2B needs<\/li>"},"feature_list":[]},"_links":{"self":[{"href":"https:\/\/sinoextrud.com\/fi\/wp-json\/wp\/v2\/product\/11022","targetHints":{"allow":["GET"]}}],"collection":[{"href":"https:\/\/sinoextrud.com\/fi\/wp-json\/wp\/v2\/product"}],"about":[{"href":"https:\/\/sinoextrud.com\/fi\/wp-json\/wp\/v2\/types\/product"}],"wp:featuredmedia":[{"embeddable":true,"href":"https:\/\/sinoextrud.com\/fi\/wp-json\/wp\/v2\/media\/10730"}],"wp:attachment":[{"href":"https:\/\/sinoextrud.com\/fi\/wp-json\/wp\/v2\/media?parent=11022"}],"wp:term":[{"taxonomy":"category","embeddable":true,"href":"https:\/\/sinoextrud.com\/fi\/wp-json\/wp\/v2\/categories?post=11022"}],"curies":[{"name":"wp","href":"https:\/\/api.w.org\/{rel}","templated":true}]}}