{"id":11020,"date":"2025-08-01T03:40:59","date_gmt":"2025-08-01T03:40:59","guid":{"rendered":"https:\/\/sinoextrud.com\/product\/vapour-chambers-for-high-efficiency-cooling\/"},"modified":"2025-08-01T03:40:59","modified_gmt":"2025-08-01T03:40:59","slug":"hoyrykammiot-tehokkaaseen-jaahdytykseen","status":"publish","type":"product","link":"https:\/\/sinoextrud.com\/fi\/product\/vapour-chambers-for-high-efficiency-cooling\/","title":{"rendered":"H\u00f6yrykammiot tehokkaaseen j\u00e4\u00e4hdytykseen"},"content":{"rendered":"<h2>Tuotteiden tiedot<\/h2>\n<div class=\"product-table\">\n<div class=\"row\">\n<div class=\"cell label\">Materiaali<\/div>\n<div class=\"cell value\">Alumiini<\/div>\n<\/div>\n<div class=\"row\">\n<div class=\"cell label\">Tuotteen nimi<\/div>\n<div class=\"cell value\">L\u00e4mm\u00f6nsiili\/alumiiniprofiili<\/div>\n<\/div>\n<div class=\"row\">\n<div class=\"cell label\">Hakemus<\/div>\n<div class=\"cell value\">Piirilevy\/elektroniset laitteet<\/div>\n<\/div>\n<div class=\"row\">\n<div class=\"cell label\">V\u00e4ri<\/div>\n<div class=\"cell value\">OEM<\/div>\n<\/div>\n<div class=\"row\">\n<div class=\"cell label\">K\u00e4ytt\u00f6<\/div>\n<div class=\"cell value\">J\u00e4\u00e4hdytys<\/div>\n<\/div>\n<div class=\"row\">\n<div class=\"cell label\">MOQ<\/div>\n<div class=\"cell value\">100kpl<\/div>\n<\/div>\n<div class=\"row\">\n<div class=\"cell label\">Muoto<\/div>\n<div class=\"cell value\">Mukautettu muoto piirustuksen mukaan<\/div>\n<\/div>\n<div class=\"row\">\n<div class=\"cell label\">Logo<\/div>\n<div class=\"cell value\">Hyv\u00e4ksy r\u00e4\u00e4t\u00e4l\u00f6ity logo<\/div>\n<\/div>\n<div class=\"row\">\n<div class=\"cell label\">Suvaitsevaisuus<\/div>\n<div class=\"cell value\">0.1MM<\/div>\n<\/div>\n<div class=\"row\">\n<div class=\"cell label\">Viimeistely<\/div>\n<div class=\"cell value\">Anodisoitu pintak\u00e4sittely<\/div>\n<\/div>\n<div class=\"row\">\n<div class=\"cell label\">Myyntiyksik\u00f6t<\/div>\n<div class=\"cell value\">Yksitt\u00e4inen tuote<\/div>\n<\/div>\n<div class=\"row\">\n<div class=\"cell label\">Yhden pakkauksen koko<\/div>\n<div class=\"cell value\">30X40X20 cm<\/div>\n<\/div>\n<div class=\"row\">\n<div class=\"cell label\">Yksitt\u00e4inen bruttopaino<\/div>\n<div class=\"cell value\">0,200 KG<\/div>\n<\/div>\n<\/div>\n<p><\/p>\n<h2>Tuotantopohjamme<\/h2>\n<h3>Tehtaan panoraama<\/h3>\n<p><img decoding=\"async\" src=\"\/wp-content\/uploads\/factory-01.webp\"\/><\/p>\n<h3>Alumiini Bar Manufacturing Workshop<\/h3>\n<p><img decoding=\"async\" src=\"\/wp-content\/uploads\/factory-02.webp\"\/><\/p>\n<p><img decoding=\"async\" src=\"\/wp-content\/uploads\/factory-03.webp\"\/><\/p>\n<h3>Muotin varastointi Varasto<\/h3>\n<p><img decoding=\"async\" src=\"\/wp-content\/uploads\/factory-04.webp\"\/><\/p>\n<h3>43 alumiinin ekstruusiolinjat (500-5500 tonnia)<\/h3>\n<p><img decoding=\"async\" src=\"\/wp-content\/uploads\/factory-05.webp\"\/><\/p>\n<p><img decoding=\"async\" src=\"\/wp-content\/uploads\/factory-06.webp\"\/><\/p>\n<p><img decoding=\"async\" src=\"\/wp-content\/uploads\/factory-07.webp\"\/><\/p>\n<h3>Jauhemaalaus ty\u00f6paja<\/h3>\n<p><img decoding=\"async\" src=\"\/wp-content\/uploads\/factory-09.webp\"\/><\/p>\n<h3>Anodisointi ty\u00f6paja<\/h3>\n<p><img decoding=\"async\" src=\"\/wp-content\/uploads\/factory-10.webp\"\/><\/p>\n<h3>Syv\u00e4k\u00e4sittelyn ty\u00f6paja<\/h3>\n<p><img decoding=\"async\" src=\"\/wp-content\/uploads\/factory-11.webp\"\/><\/p>\n<h3>CNC-tarkkuuskoneistus ty\u00f6paja<\/h3>\n<p><img decoding=\"async\" src=\"\/wp-content\/uploads\/factory-11.5.webp\"\/><\/p>\n<h3>Valmiiden tuotteiden ja vientivarasto<\/h3>\n<p><img decoding=\"async\" src=\"\/wp-content\/uploads\/factory-12.webp\"\/><\/p>\n<p><img decoding=\"async\" src=\"\/wp-content\/uploads\/factory-13.webp\"\/><\/p>\n<p><img decoding=\"async\" src=\"\/wp-content\/uploads\/factory-14.webp\"\/><\/p>\n<h2>FAQ<\/h2>\n<p><strong>1. Mihin h\u00f6yrykammioita k\u00e4ytet\u00e4\u00e4n?<\/strong><br \/>H\u00f6yrykammioita k\u00e4ytet\u00e4\u00e4n elektroniikan ja tietojenk\u00e4sittelylaitteiden tehokkaaseen l\u00e4mm\u00f6nhallintaan.<\/p>\n<p><strong>2. Miten h\u00f6yrykammiot parantavat j\u00e4\u00e4hdytyst\u00e4?<\/strong><br \/>Ne levitt\u00e4v\u00e4t l\u00e4mp\u00f6\u00e4 nopeasti ja tasaisesti, mik\u00e4 parantaa j\u00e4\u00e4hdytystehoa merkitt\u00e4v\u00e4sti.<\/p>\n<p><strong>3. Voiko h\u00f6yrykammioita r\u00e4\u00e4t\u00e4l\u00f6id\u00e4?<\/strong><br \/>Kyll\u00e4, tarjoamme r\u00e4\u00e4t\u00e4l\u00f6inti\u00e4 koon, muodon ja erityisten sovellusvaatimusten mukaan.<\/p>\n<p><strong>4. Soveltuvatko h\u00f6yrykammiot kaikille elektroniikkalaitteille?<\/strong><br \/>H\u00f6yrykammiot soveltuvat tehokkaita l\u00e4mm\u00f6npoistoja vaativiin korkean suorituskyvyn laitteisiin.<\/p>\n<p><strong>5. Mit\u00e4 materiaaleja h\u00f6yrykammioissa k\u00e4ytet\u00e4\u00e4n?<\/strong><br \/>Tyypillisesti h\u00f6yrykammiot valmistetaan kuparista tai alumiinista optimaalisen l\u00e4mm\u00f6njohtavuuden varmistamiseksi.<\/p>\n<p><strong>6. Tarjoatteko suunnittelutukea h\u00f6yrykammioiden integroimiseksi?<\/strong><br \/>Kyll\u00e4, tarjoamme suunnittelutukea varmistaaksemme saumattoman integroinnin laitteisiisi.<\/p>\n<p><strong>7. Mik\u00e4 on h\u00f6yrykammion odotettu k\u00e4ytt\u00f6ik\u00e4?<\/strong><br \/>Oikein huollettuina ne tarjoavat pitk\u00e4aikaisen luotettavuuden ja tehokkaan l\u00e4mp\u00f6tehokkuuden.<\/p>\n<p><\/p>","protected":false},"featured_media":10749,"template":"","categories":[74],"class_list":["post-11020","product","type-product","status-publish","has-post-thumbnail","hentry","category-vapor-chamber"],"meta_box":{"hilight_text_group":[{"product_hilight_text":"<li>Advanced thermal management for high-performance electronics<\/li>\n<li>Customizable designs to fit diverse applications<\/li>\n<li>Enhanced heat spreading capability for superior cooling efficiency<\/li>\n<li>Reliable performance in demanding environments<\/li>\n<li>Support for OEM and ODM with flexible production capabilities<\/li>"}],"feature_list":[]},"_links":{"self":[{"href":"https:\/\/sinoextrud.com\/fi\/wp-json\/wp\/v2\/product\/11020","targetHints":{"allow":["GET"]}}],"collection":[{"href":"https:\/\/sinoextrud.com\/fi\/wp-json\/wp\/v2\/product"}],"about":[{"href":"https:\/\/sinoextrud.com\/fi\/wp-json\/wp\/v2\/types\/product"}],"wp:featuredmedia":[{"embeddable":true,"href":"https:\/\/sinoextrud.com\/fi\/wp-json\/wp\/v2\/media\/10749"}],"wp:attachment":[{"href":"https:\/\/sinoextrud.com\/fi\/wp-json\/wp\/v2\/media?parent=11020"}],"wp:term":[{"taxonomy":"category","embeddable":true,"href":"https:\/\/sinoextrud.com\/fi\/wp-json\/wp\/v2\/categories?post=11020"}],"curies":[{"name":"wp","href":"https:\/\/api.w.org\/{rel}","templated":true}]}}