{"id":11018,"date":"2025-08-01T03:40:02","date_gmt":"2025-08-01T03:40:02","guid":{"rendered":"https:\/\/sinoextrud.com\/product\/phase-change-cooling-heat-sink-for-electronics\/"},"modified":"2025-08-01T03:40:02","modified_gmt":"2025-08-01T03:40:02","slug":"vaiheen-muutos-jaahdytys-jaahdytyselementti-elektroniikkaan","status":"publish","type":"product","link":"https:\/\/sinoextrud.com\/fi\/product\/phase-change-cooling-heat-sink-for-electronics\/","title":{"rendered":"Vaiheen muutos j\u00e4\u00e4hdytys j\u00e4\u00e4hdytys j\u00e4\u00e4hdytyslevy elektroniikkaan"},"content":{"rendered":"<h2>Tuotteiden tiedot<\/h2>\n<div class=\"product-table\">\n<div class=\"row\">\n<div class=\"cell label\">CNC-ty\u00f6st\u00f6 vai ei<\/div>\n<div class=\"cell value\">Cnc-ty\u00f6st\u00f6<\/div>\n<\/div>\n<div class=\"row\">\n<div class=\"cell label\">Materiaalivalmiudet<\/div>\n<div class=\"cell value\">Alumiini, Messinki, Pronssi, Kupari, Karkaistut metallit, Jalometallit, Ruostumaton ter\u00e4s, Ter\u00e4sseokset, Ter\u00e4sseokset<\/div>\n<\/div>\n<div class=\"row\">\n<div class=\"cell label\">Tyyppi<\/div>\n<div class=\"cell value\">Laserty\u00f6st\u00f6, Jyrsint\u00e4, Muut ty\u00f6st\u00f6palvelut, Sorvaus, Laserty\u00f6st\u00f6<\/div>\n<\/div>\n<div class=\"row\">\n<div class=\"cell label\">Mikrokoneistus vai ei<\/div>\n<div class=\"cell value\">Mikrokoneistus<\/div>\n<\/div>\n<div class=\"row\">\n<div class=\"cell label\">Materiaali<\/div>\n<div class=\"cell value\">Alumiiniseos, messinki, ruostumaton ter\u00e4s<\/div>\n<\/div>\n<div class=\"row\">\n<div class=\"cell label\">Tuotteen nimi<\/div>\n<div class=\"cell value\">L\u00e4mm\u00f6nsiili<\/div>\n<\/div>\n<div class=\"row\">\n<div class=\"cell label\">Prosessi<\/div>\n<div class=\"cell value\">Jyrsint\u00e4,sorvaus<\/div>\n<\/div>\n<div class=\"row\">\n<div class=\"cell label\">Pintak\u00e4sittely<\/div>\n<div class=\"cell value\">Asiakkaan pyynt\u00f6<\/div>\n<\/div>\n<div class=\"row\">\n<div class=\"cell label\">Palvelu<\/div>\n<div class=\"cell value\">R\u00e4\u00e4t\u00e4l\u00f6ity OEM<\/div>\n<\/div>\n<div class=\"row\">\n<div class=\"cell label\">Hakemus<\/div>\n<div class=\"cell value\">S\u00e4\u00e4timen kotelo, viestint\u00e4laitteet, invertterin virtal\u00e4hde<\/div>\n<\/div>\n<div class=\"row\">\n<div class=\"cell label\">V\u00e4ri<\/div>\n<div class=\"cell value\">R\u00e4\u00e4t\u00e4l\u00f6ity v\u00e4ri<\/div>\n<\/div>\n<div class=\"row\">\n<div class=\"cell label\">Laitteet<\/div>\n<div class=\"cell value\">CNC-ty\u00f6st\u00f6keskukset<\/div>\n<\/div>\n<div class=\"row\">\n<div class=\"cell label\">Koko<\/div>\n<div class=\"cell value\">R\u00e4\u00e4t\u00e4l\u00f6idyt koot hyv\u00e4ksytt\u00e4vi\u00e4<\/div>\n<\/div>\n<div class=\"row\">\n<div class=\"cell label\">Avainsana<\/div>\n<div class=\"cell value\">Cnc koneistus osat Cnc koneistus palvelu<\/div>\n<\/div>\n<div class=\"row\">\n<div class=\"cell label\">Myyntiyksik\u00f6t<\/div>\n<div class=\"cell value\">Yksitt\u00e4inen tuote<\/div>\n<\/div>\n<\/div>\n<p><\/p>\n<h2>Tuotantopohjamme<\/h2>\n<h3>Tehtaan panoraama<\/h3>\n<p><img decoding=\"async\" src=\"\/wp-content\/uploads\/factory-01.webp\"\/><\/p>\n<h3>Alumiini Bar Manufacturing Workshop<\/h3>\n<p><img decoding=\"async\" src=\"\/wp-content\/uploads\/factory-02.webp\"\/><\/p>\n<p><img decoding=\"async\" src=\"\/wp-content\/uploads\/factory-03.webp\"\/><\/p>\n<h3>Muotin varastointi Varasto<\/h3>\n<p><img decoding=\"async\" src=\"\/wp-content\/uploads\/factory-04.webp\"\/><\/p>\n<h3>43 alumiinin ekstruusiolinjat (500-5500 tonnia)<\/h3>\n<p><img decoding=\"async\" src=\"\/wp-content\/uploads\/factory-05.webp\"\/><\/p>\n<p><img decoding=\"async\" src=\"\/wp-content\/uploads\/factory-06.webp\"\/><\/p>\n<p><img decoding=\"async\" src=\"\/wp-content\/uploads\/factory-07.webp\"\/><\/p>\n<h3>Jauhemaalaus ty\u00f6paja<\/h3>\n<p><img decoding=\"async\" src=\"\/wp-content\/uploads\/factory-09.webp\"\/><\/p>\n<h3>Anodisointi ty\u00f6paja<\/h3>\n<p><img decoding=\"async\" src=\"\/wp-content\/uploads\/factory-10.webp\"\/><\/p>\n<h3>Syv\u00e4k\u00e4sittelyn ty\u00f6paja<\/h3>\n<p><img decoding=\"async\" src=\"\/wp-content\/uploads\/factory-11.webp\"\/><\/p>\n<h3>CNC-tarkkuuskoneistus ty\u00f6paja<\/h3>\n<p><img decoding=\"async\" src=\"\/wp-content\/uploads\/factory-11.5.webp\"\/><\/p>\n<h3>Valmiiden tuotteiden ja vientivarasto<\/h3>\n<p><img decoding=\"async\" src=\"\/wp-content\/uploads\/factory-12.webp\"\/><\/p>\n<p><img decoding=\"async\" src=\"\/wp-content\/uploads\/factory-13.webp\"\/><\/p>\n<p><img decoding=\"async\" src=\"\/wp-content\/uploads\/factory-14.webp\"\/><\/p>\n<h2>FAQ<\/h2>\n<p><strong>1. Mik\u00e4 on vaihemuutosj\u00e4\u00e4hdytin?<\/strong><br \/>Se on laite, joka on suunniteltu haihduttamaan l\u00e4mp\u00f6\u00e4 tehokkaasti k\u00e4ytt\u00e4m\u00e4ll\u00e4 faasimuutosmateriaaleja ja parantamaan l\u00e4mm\u00f6nhallintaa.<\/p>\n<p><strong>2. Miten faasimuutosmateriaali toimii?<\/strong><br \/>Materiaali absorboi l\u00e4mp\u00f6\u00e4 ja muuttaa olomuotoaan, jolloin l\u00e4mp\u00f6energia levi\u00e4\u00e4 tehokkaasti ja j\u00e4rjestelm\u00e4 j\u00e4\u00e4htyy.<\/p>\n<p><strong>3. Voidaanko j\u00e4\u00e4hdytyselementti r\u00e4\u00e4t\u00e4l\u00f6id\u00e4 erityistarpeita varten?<\/strong><br \/>Kyll\u00e4, tarjoamme r\u00e4\u00e4t\u00e4l\u00f6intivaihtoehtoja, mukaan lukien mitat ja kokoonpanot eri sovelluksia varten.<\/p>\n<p><strong>4. Soveltuuko t\u00e4m\u00e4 j\u00e4\u00e4hdytyselementti korkean suorituskyvyn laskentaan?<\/strong><br \/>Kyll\u00e4, se on suunniteltu k\u00e4sittelem\u00e4\u00e4n suuritehoisten laskentalaitteiden lis\u00e4\u00e4ntynytt\u00e4 l\u00e4mp\u00f6kuormaa.<\/p>\n<p><strong>5. Mitk\u00e4 teollisuudenalat voivat hy\u00f6ty\u00e4 t\u00e4st\u00e4 j\u00e4\u00e4hdytyselementist\u00e4?<\/strong><br \/>Sen j\u00e4\u00e4hdytysominaisuuksista voivat hy\u00f6ty\u00e4 esimerkiksi elektroniikka-, auto- ja tietoliikenneteollisuus.<\/p>\n<p><strong>6. Tukeeko j\u00e4\u00e4hdytyselementti OEM-tuotantoa?<\/strong><br \/>Kyll\u00e4, OEM-tuotanto on saatavilla, ja voimme r\u00e4\u00e4t\u00e4l\u00f6id\u00e4 tuotteen vastaamaan erityisvaatimuksiasi.<\/p>\n<p><strong>7. Mit\u00e4 ymp\u00e4rist\u00f6etuja faasimuutosj\u00e4\u00e4hdyttimien k\u00e4yt\u00f6st\u00e4 on?<\/strong><br \/>Ne tarjoavat tehokasta l\u00e4mm\u00f6nhallintaa, mik\u00e4 v\u00e4hent\u00e4\u00e4 energiankulutusta ja ymp\u00e4rist\u00f6vaikutuksia.<\/p>\n<p><\/p>","protected":false},"featured_media":10753,"template":"","categories":[72],"class_list":["post-11018","product","type-product","status-publish","has-post-thumbnail","hentry","category-extruded-aluminum-heatsink"],"meta_box":{"hilight_text_group":[{"product_hilight_text":"<li>Designed for efficient thermal management in high-performance applications<\/li>\n<li>Customizable configurations to meet specific industrial needs<\/li>\n<li>Integrated phase change material for superior heat dissipation<\/li>\n<li>Durable construction supporting long life cycles<\/li>\n<li>Compatible with a wide range of electronic devices and systems<\/li>"}],"feature_list":[]},"_links":{"self":[{"href":"https:\/\/sinoextrud.com\/fi\/wp-json\/wp\/v2\/product\/11018","targetHints":{"allow":["GET"]}}],"collection":[{"href":"https:\/\/sinoextrud.com\/fi\/wp-json\/wp\/v2\/product"}],"about":[{"href":"https:\/\/sinoextrud.com\/fi\/wp-json\/wp\/v2\/types\/product"}],"wp:featuredmedia":[{"embeddable":true,"href":"https:\/\/sinoextrud.com\/fi\/wp-json\/wp\/v2\/media\/10753"}],"wp:attachment":[{"href":"https:\/\/sinoextrud.com\/fi\/wp-json\/wp\/v2\/media?parent=11018"}],"wp:term":[{"taxonomy":"category","embeddable":true,"href":"https:\/\/sinoextrud.com\/fi\/wp-json\/wp\/v2\/categories?post=11018"}],"curies":[{"name":"wp","href":"https:\/\/api.w.org\/{rel}","templated":true}]}}