{"id":11015,"date":"2025-08-01T03:39:08","date_gmt":"2025-08-01T03:39:08","guid":{"rendered":"https:\/\/sinoextrud.com\/product\/liquid-cooling-system-heat-sinks-for-equipment\/"},"modified":"2025-08-01T03:39:08","modified_gmt":"2025-08-01T03:39:08","slug":"nestejaahdytysjarjestelman-jaahdytyslevyt-laitteille","status":"publish","type":"product","link":"https:\/\/sinoextrud.com\/fi\/product\/liquid-cooling-system-heat-sinks-for-equipment\/","title":{"rendered":"Nestej\u00e4\u00e4hdytysj\u00e4rjestelm\u00e4n j\u00e4\u00e4hdytyslevyt laitteille"},"content":{"rendered":"<h2>Tuotteiden tiedot<\/h2>\n<div class=\"product-table\">\n<div class=\"row\">\n<div class=\"cell label\">Luokka<\/div>\n<div class=\"cell value\">6000-sarja<\/div>\n<\/div>\n<div class=\"row\">\n<div class=\"cell label\">Suvaitsevaisuus<\/div>\n<div class=\"cell value\">\u00c2\u00b11%<\/div>\n<\/div>\n<div class=\"row\">\n<div class=\"cell label\">Toimitusaika<\/div>\n<div class=\"cell value\">8-14 p\u00e4iv\u00e4\u00e4<\/div>\n<\/div>\n<div class=\"row\">\n<div class=\"cell label\">Temper<\/div>\n<div class=\"cell value\">T3-T8<\/div>\n<\/div>\n<div class=\"row\">\n<div class=\"cell label\">Hakemus<\/div>\n<div class=\"cell value\">L\u00e4mm\u00f6nsiili<\/div>\n<\/div>\n<div class=\"row\">\n<div class=\"cell label\">Muoto<\/div>\n<div class=\"cell value\">Muut<\/div>\n<\/div>\n<div class=\"row\">\n<div class=\"cell label\">Metalliseos tai ei<\/div>\n<div class=\"cell value\">Onko seos<\/div>\n<\/div>\n<div class=\"row\">\n<div class=\"cell label\">K\u00e4sittelypalvelu<\/div>\n<div class=\"cell value\">Taivutus, purku, hitsaus, l\u00e4vistys, leikkaus<\/div>\n<\/div>\n<div class=\"row\">\n<div class=\"cell label\">Materiaali<\/div>\n<div class=\"cell value\">6063 alumiiniseos<\/div>\n<\/div>\n<div class=\"row\">\n<div class=\"cell label\">Pintak\u00e4sittely<\/div>\n<div class=\"cell value\">Mukautettu pintak\u00e4sittely<\/div>\n<\/div>\n<div class=\"row\">\n<div class=\"cell label\">K\u00e4ytt\u00f6<\/div>\n<div class=\"cell value\">Teollinen<\/div>\n<\/div>\n<div class=\"row\">\n<div class=\"cell label\">Pituus<\/div>\n<div class=\"cell value\">Mukautettu koko<\/div>\n<\/div>\n<div class=\"row\">\n<div class=\"cell label\">V\u00e4ri<\/div>\n<div class=\"cell value\">Hopea<\/div>\n<\/div>\n<div class=\"row\">\n<div class=\"cell label\">Koko<\/div>\n<div class=\"cell value\">Asiakkaan vaatimus<\/div>\n<\/div>\n<div class=\"row\">\n<div class=\"cell label\">Myyntiyksik\u00f6t<\/div>\n<div class=\"cell value\">Yksitt\u00e4inen tuote<\/div>\n<\/div>\n<div class=\"row\">\n<div class=\"cell label\">Yhden pakkauksen koko<\/div>\n<div class=\"cell value\">110X110X50 cm<\/div>\n<\/div>\n<div class=\"row\">\n<div class=\"cell label\">Yksitt\u00e4inen bruttopaino<\/div>\n<div class=\"cell value\">1.000 KG<\/div>\n<\/div>\n<\/div>\n<p><\/p>\n<h2>Tuotantopohjamme<\/h2>\n<h3>Tehtaan panoraama<\/h3>\n<p><img decoding=\"async\" src=\"\/wp-content\/uploads\/factory-01.webp\"\/><\/p>\n<h3>Alumiini Bar Manufacturing Workshop<\/h3>\n<p><img decoding=\"async\" src=\"\/wp-content\/uploads\/factory-02.webp\"\/><\/p>\n<p><img decoding=\"async\" src=\"\/wp-content\/uploads\/factory-03.webp\"\/><\/p>\n<h3>Muotin varastointi Varasto<\/h3>\n<p><img decoding=\"async\" src=\"\/wp-content\/uploads\/factory-04.webp\"\/><\/p>\n<h3>43 alumiinin ekstruusiolinjat (500-5500 tonnia)<\/h3>\n<p><img decoding=\"async\" src=\"\/wp-content\/uploads\/factory-05.webp\"\/><\/p>\n<p><img decoding=\"async\" src=\"\/wp-content\/uploads\/factory-06.webp\"\/><\/p>\n<p><img decoding=\"async\" src=\"\/wp-content\/uploads\/factory-07.webp\"\/><\/p>\n<h3>Jauhemaalaus ty\u00f6paja<\/h3>\n<p><img decoding=\"async\" src=\"\/wp-content\/uploads\/factory-09.webp\"\/><\/p>\n<h3>Anodisointi ty\u00f6paja<\/h3>\n<p><img decoding=\"async\" src=\"\/wp-content\/uploads\/factory-10.webp\"\/><\/p>\n<h3>Syv\u00e4k\u00e4sittelyn ty\u00f6paja<\/h3>\n<p><img decoding=\"async\" src=\"\/wp-content\/uploads\/factory-11.webp\"\/><\/p>\n<h3>CNC-tarkkuuskoneistus ty\u00f6paja<\/h3>\n<p><img decoding=\"async\" src=\"\/wp-content\/uploads\/factory-11.5.webp\"\/><\/p>\n<h3>Valmiiden tuotteiden ja vientivarasto<\/h3>\n<p><img decoding=\"async\" src=\"\/wp-content\/uploads\/factory-12.webp\"\/><\/p>\n<p><img decoding=\"async\" src=\"\/wp-content\/uploads\/factory-13.webp\"\/><\/p>\n<p><img decoding=\"async\" src=\"\/wp-content\/uploads\/factory-14.webp\"\/><\/p>\n<h2>FAQ<\/h2>\n<p><strong>1. Mit\u00e4 materiaaleja k\u00e4ytet\u00e4\u00e4n nestej\u00e4\u00e4hdytysj\u00e4rjestelm\u00e4n j\u00e4\u00e4hdytyslevyiss\u00e4?<\/strong><br \/>J\u00e4\u00e4hdytyslevyt on valmistettu ensiluokkaisista materiaaleista, kuten alumiinista ja kuparista, optimaalisen l\u00e4mm\u00f6nsiirron varmistamiseksi.<\/p>\n<p><strong>2. Voidaanko n\u00e4it\u00e4 j\u00e4\u00e4hdytyslevyj\u00e4 r\u00e4\u00e4t\u00e4l\u00f6id\u00e4 erityisi\u00e4 sovelluksia varten?<\/strong><br \/>Kyll\u00e4, tarjoamme r\u00e4\u00e4t\u00e4l\u00f6ityj\u00e4 suunnittelupalveluja juuri sinun laitteesi ja j\u00e4\u00e4hdytystarpeidesi mukaan.<\/p>\n<p><strong>3. Mill\u00e4 teollisuudenaloilla k\u00e4ytet\u00e4\u00e4n yleisesti nestej\u00e4\u00e4hdytysj\u00e4rjestelm\u00e4n j\u00e4\u00e4hdytyslevyj\u00e4?<\/strong><br \/>Niit\u00e4 k\u00e4ytet\u00e4\u00e4n laajalti esimerkiksi tietotekniikka-, televiestint\u00e4- ja autoteollisuudessa.<\/p>\n<p><strong>4. Kuinka tehokkaita n\u00e4m\u00e4 j\u00e4\u00e4hdytyselementit ovat j\u00e4\u00e4hdytysj\u00e4rjestelmiss\u00e4?<\/strong><br \/>J\u00e4\u00e4hdytyslevyt on suunniteltu maksimoimaan l\u00e4mm\u00f6nhukka ja varmistamaan tehokas l\u00e4mm\u00f6nhallinta kriittisiss\u00e4 sovelluksissa.<\/p>\n<p><strong>5. Mik\u00e4 on irtotavarana tilattavien j\u00e4\u00e4hdytyslevyjen toimitusaika?<\/strong><br \/>Toimitusaika vaihtelee tilauksen koon mukaan, mutta yleens\u00e4 se on 4-6 viikkoa.<\/p>\n<p><strong>6. Tarjoatteko teknist\u00e4 tukea n\u00e4iden j\u00e4\u00e4hdytyslevyjen integroimiseksi olemassa oleviin j\u00e4rjestelmiin?<\/strong><br \/>Kyll\u00e4, tarjoamme t\u00e4yden teknisen tuen ja opastuksen saumatonta integrointia varten.<\/p>\n<p><strong>7. Ovatko j\u00e4\u00e4hdytyslevyt yhteensopivia sek\u00e4 neste- ett\u00e4 ilmaj\u00e4\u00e4hdytysj\u00e4rjestelmien kanssa?<\/strong><br \/>Kyll\u00e4, niit\u00e4 voidaan k\u00e4ytt\u00e4\u00e4 sek\u00e4 neste- ett\u00e4 ilmaj\u00e4\u00e4hdytysratkaisujen kanssa.<\/p>\n<p><\/p>","protected":false},"featured_media":10767,"template":"","categories":[72],"class_list":["post-11015","product","type-product","status-publish","has-post-thumbnail","hentry","category-extruded-aluminum-heatsink"],"meta_box":{"hilight_text_group":[{"product_hilight_text":"<li>Engineered for efficient heat dissipation in electronic devices<\/li>\n<li>Available in custom sizes and designs for diverse applications<\/li>\n<li>Manufactured using high-grade materials ensuring longevity<\/li>\n<li>Offers seamless integration into existing cooling systems<\/li>\n<li>Supports high-performance requirements for industrial use<\/li>"}],"feature_list":[]},"_links":{"self":[{"href":"https:\/\/sinoextrud.com\/fi\/wp-json\/wp\/v2\/product\/11015","targetHints":{"allow":["GET"]}}],"collection":[{"href":"https:\/\/sinoextrud.com\/fi\/wp-json\/wp\/v2\/product"}],"about":[{"href":"https:\/\/sinoextrud.com\/fi\/wp-json\/wp\/v2\/types\/product"}],"wp:featuredmedia":[{"embeddable":true,"href":"https:\/\/sinoextrud.com\/fi\/wp-json\/wp\/v2\/media\/10767"}],"wp:attachment":[{"href":"https:\/\/sinoextrud.com\/fi\/wp-json\/wp\/v2\/media?parent=11015"}],"wp:term":[{"taxonomy":"category","embeddable":true,"href":"https:\/\/sinoextrud.com\/fi\/wp-json\/wp\/v2\/categories?post=11015"}],"curies":[{"name":"wp","href":"https:\/\/api.w.org\/{rel}","templated":true}]}}