{"id":11014,"date":"2025-08-01T03:39:06","date_gmt":"2025-08-01T03:39:06","guid":{"rendered":"https:\/\/sinoextrud.com\/product\/liquid-cooling-aluminum-heat-sinks-for-electronics\/"},"modified":"2025-08-01T03:39:06","modified_gmt":"2025-08-01T03:39:06","slug":"nestejaahdytys-alumiini-jaahdytyslevyt-elektroniikkaan","status":"publish","type":"product","link":"https:\/\/sinoextrud.com\/fi\/product\/liquid-cooling-aluminum-heat-sinks-for-electronics\/","title":{"rendered":"Nestem\u00e4inen j\u00e4\u00e4hdytys alumiini j\u00e4\u00e4hdytyslevyt elektroniikkaan"},"content":{"rendered":"<h2>Tuotteiden tiedot<\/h2>\n<div class=\"product-table\">\n<div class=\"row\">\n<div class=\"cell label\">Luokka<\/div>\n<div class=\"cell value\">6000-sarja<\/div>\n<\/div>\n<div class=\"row\">\n<div class=\"cell label\">Suvaitsevaisuus<\/div>\n<div class=\"cell value\">\u00c2\u00b11%<\/div>\n<\/div>\n<div class=\"row\">\n<div class=\"cell label\">Toimitusaika<\/div>\n<div class=\"cell value\">8-14 p\u00e4iv\u00e4\u00e4<\/div>\n<\/div>\n<div class=\"row\">\n<div class=\"cell label\">Temper<\/div>\n<div class=\"cell value\">T3-T8<\/div>\n<\/div>\n<div class=\"row\">\n<div class=\"cell label\">Hakemus<\/div>\n<div class=\"cell value\">L\u00e4mm\u00f6nsiili<\/div>\n<\/div>\n<div class=\"row\">\n<div class=\"cell label\">Muoto<\/div>\n<div class=\"cell value\">Muut<\/div>\n<\/div>\n<div class=\"row\">\n<div class=\"cell label\">Metalliseos tai ei<\/div>\n<div class=\"cell value\">Onko seos<\/div>\n<\/div>\n<div class=\"row\">\n<div class=\"cell label\">K\u00e4sittelypalvelu<\/div>\n<div class=\"cell value\">Taivutus, purku, hitsaus, l\u00e4vistys, leikkaus<\/div>\n<\/div>\n<div class=\"row\">\n<div class=\"cell label\">Materiaali<\/div>\n<div class=\"cell value\">6063 alumiiniseos<\/div>\n<\/div>\n<div class=\"row\">\n<div class=\"cell label\">Pintak\u00e4sittely<\/div>\n<div class=\"cell value\">Mukautettu pintak\u00e4sittely<\/div>\n<\/div>\n<div class=\"row\">\n<div class=\"cell label\">K\u00e4ytt\u00f6<\/div>\n<div class=\"cell value\">Teollinen<\/div>\n<\/div>\n<div class=\"row\">\n<div class=\"cell label\">Pituus<\/div>\n<div class=\"cell value\">Mukautettu koko<\/div>\n<\/div>\n<div class=\"row\">\n<div class=\"cell label\">V\u00e4ri<\/div>\n<div class=\"cell value\">Hopea<\/div>\n<\/div>\n<div class=\"row\">\n<div class=\"cell label\">Koko<\/div>\n<div class=\"cell value\">Asiakkaan vaatimus<\/div>\n<\/div>\n<div class=\"row\">\n<div class=\"cell label\">Myyntiyksik\u00f6t<\/div>\n<div class=\"cell value\">Yksitt\u00e4inen tuote<\/div>\n<\/div>\n<div class=\"row\">\n<div class=\"cell label\">Yhden pakkauksen koko<\/div>\n<div class=\"cell value\">110X110X50 cm<\/div>\n<\/div>\n<div class=\"row\">\n<div class=\"cell label\">Yksitt\u00e4inen bruttopaino<\/div>\n<div class=\"cell value\">1.000 KG<\/div>\n<\/div>\n<\/div>\n<p><\/p>\n<h2>Tuotantopohjamme<\/h2>\n<h3>Tehtaan panoraama<\/h3>\n<p><img decoding=\"async\" src=\"\/wp-content\/uploads\/factory-01.webp\"\/><\/p>\n<h3>Alumiini Bar Manufacturing Workshop<\/h3>\n<p><img decoding=\"async\" src=\"\/wp-content\/uploads\/factory-02.webp\"\/><\/p>\n<p><img decoding=\"async\" src=\"\/wp-content\/uploads\/factory-03.webp\"\/><\/p>\n<h3>Muotin varastointi Varasto<\/h3>\n<p><img decoding=\"async\" src=\"\/wp-content\/uploads\/factory-04.webp\"\/><\/p>\n<h3>43 alumiinin ekstruusiolinjat (500-5500 tonnia)<\/h3>\n<p><img decoding=\"async\" src=\"\/wp-content\/uploads\/factory-05.webp\"\/><\/p>\n<p><img decoding=\"async\" src=\"\/wp-content\/uploads\/factory-06.webp\"\/><\/p>\n<p><img decoding=\"async\" src=\"\/wp-content\/uploads\/factory-07.webp\"\/><\/p>\n<h3>Jauhemaalaus ty\u00f6paja<\/h3>\n<p><img decoding=\"async\" src=\"\/wp-content\/uploads\/factory-09.webp\"\/><\/p>\n<h3>Anodisointi ty\u00f6paja<\/h3>\n<p><img decoding=\"async\" src=\"\/wp-content\/uploads\/factory-10.webp\"\/><\/p>\n<h3>Syv\u00e4k\u00e4sittelyn ty\u00f6paja<\/h3>\n<p><img decoding=\"async\" src=\"\/wp-content\/uploads\/factory-11.webp\"\/><\/p>\n<h3>CNC-tarkkuuskoneistus ty\u00f6paja<\/h3>\n<p><img decoding=\"async\" src=\"\/wp-content\/uploads\/factory-11.5.webp\"\/><\/p>\n<h3>Valmiiden tuotteiden ja vientivarasto<\/h3>\n<p><img decoding=\"async\" src=\"\/wp-content\/uploads\/factory-12.webp\"\/><\/p>\n<p><img decoding=\"async\" src=\"\/wp-content\/uploads\/factory-13.webp\"\/><\/p>\n<p><img decoding=\"async\" src=\"\/wp-content\/uploads\/factory-14.webp\"\/><\/p>\n<h2>FAQ<\/h2>\n<p><strong>1. Mitk\u00e4 teollisuudenalat k\u00e4ytt\u00e4v\u00e4t nestej\u00e4\u00e4hdytyst\u00e4 alumiinista j\u00e4\u00e4hdytyslevy\u00e4?<\/strong><br \/>Tietotekniikan, autoteollisuuden ja televiestinn\u00e4n kaltaiset teollisuudenalat k\u00e4ytt\u00e4v\u00e4t yleisesti j\u00e4\u00e4hdytyslevyj\u00e4mme ylivoimaiseen l\u00e4mm\u00f6nhallintaan.<\/p>\n<p><strong>2. Voidaanko j\u00e4\u00e4hdytyslevyj\u00e4 r\u00e4\u00e4t\u00e4l\u00f6id\u00e4 erityisi\u00e4 sovelluksia varten?<\/strong><br \/>Kyll\u00e4, tarjoamme r\u00e4\u00e4t\u00e4l\u00f6inti\u00e4 koon, muodon ja kiinnitysvaihtoehtojen osalta erilaisiin sovelluksiin.<\/p>\n<p><strong>3. Onko n\u00e4ytteit\u00e4 saatavilla ennen suuren tilauksen tekemist\u00e4?<\/strong><br \/>Kyll\u00e4, tarjoamme n\u00e4ytteit\u00e4, joiden avulla voit arvioida laatua ja eritelmi\u00e4 etuk\u00e4teen.<\/p>\n<p><strong>4. Mik\u00e4 on tyypillinen toimitusaika irtotilauksille?<\/strong><br \/>Toimitusajat vaihtelevat, mutta ovat yleens\u00e4 4-6 viikkoa tilauksen monimutkaisuudesta riippuen.<\/p>\n<p><strong>5. Tarjoatteko teknist\u00e4 tukea asennusta varten?<\/strong><br \/>Kyll\u00e4, tarjoamme kattavaa teknist\u00e4 tukea asianmukaisen asennuksen ja k\u00e4yt\u00f6n varmistamiseksi.<\/p>\n<p><strong>6. Onko n\u00e4ille j\u00e4\u00e4hdytyslevyille saatavana kansainv\u00e4list\u00e4 toimitusta?<\/strong><br \/>Kyll\u00e4, helpotamme maailmanlaajuista toimitusta ja hoidamme kaiken kansainv\u00e4lisen logistiikan ja dokumentoinnin.<\/p>\n<p><strong>7. Voidaanko j\u00e4\u00e4hdytyselementit integroida olemassa oleviin nestej\u00e4\u00e4hdytysj\u00e4rjestelmiin?<\/strong><br \/>Ehdottomasti, j\u00e4\u00e4hdytyselementtimme on suunniteltu niin, ett\u00e4 ne on helppo integroida useimpiin nykyisiin nestej\u00e4\u00e4hdytysj\u00e4rjestelmiin.<\/p>\n<p><\/p>","protected":false},"featured_media":10760,"template":"","categories":[72],"class_list":["post-11014","product","type-product","status-publish","has-post-thumbnail","hentry","category-extruded-aluminum-heatsink"],"meta_box":{"hilight_text_group":[{"product_hilight_text":"<li>Optimized for efficient thermal management in high-performance systems<\/li>\n<li>Customizable dimensions and designs for diverse industry needs<\/li>\n<li>Manufactured with high-quality aluminum for superior heat dissipation<\/li>\n<li>Suitable for OEM and ODM projects with competitive pricing<\/li>\n<li>Advanced liquid cooling capabilities for enhanced reliability<\/li>"}],"feature_list":[]},"_links":{"self":[{"href":"https:\/\/sinoextrud.com\/fi\/wp-json\/wp\/v2\/product\/11014","targetHints":{"allow":["GET"]}}],"collection":[{"href":"https:\/\/sinoextrud.com\/fi\/wp-json\/wp\/v2\/product"}],"about":[{"href":"https:\/\/sinoextrud.com\/fi\/wp-json\/wp\/v2\/types\/product"}],"wp:featuredmedia":[{"embeddable":true,"href":"https:\/\/sinoextrud.com\/fi\/wp-json\/wp\/v2\/media\/10760"}],"wp:attachment":[{"href":"https:\/\/sinoextrud.com\/fi\/wp-json\/wp\/v2\/media?parent=11014"}],"wp:term":[{"taxonomy":"category","embeddable":true,"href":"https:\/\/sinoextrud.com\/fi\/wp-json\/wp\/v2\/categories?post=11014"}],"curies":[{"name":"wp","href":"https:\/\/api.w.org\/{rel}","templated":true}]}}