{"id":11013,"date":"2025-08-01T03:39:04","date_gmt":"2025-08-01T03:39:04","guid":{"rendered":"https:\/\/sinoextrud.com\/product\/silver-aluminum-vapor-chamber-for-electronics\/"},"modified":"2025-08-01T03:39:04","modified_gmt":"2025-08-01T03:39:04","slug":"hopea-alumiini-hoyrykammio-elektroniikkaan","status":"publish","type":"product","link":"https:\/\/sinoextrud.com\/fi\/product\/silver-aluminum-vapor-chamber-for-electronics\/","title":{"rendered":"Hopea alumiini h\u00f6yrykammio elektroniikkaan"},"content":{"rendered":"<h2>Tuotteiden tiedot<\/h2>\n<div class=\"product-table\">\n<div class=\"row\">\n<div class=\"cell label\">CNC-ty\u00f6st\u00f6 vai ei<\/div>\n<div class=\"cell value\">Cnc-ty\u00f6st\u00f6<\/div>\n<\/div>\n<div class=\"row\">\n<div class=\"cell label\">Materiaalivalmiudet<\/div>\n<div class=\"cell value\">Alumiini, Messinki, Pronssi, Kupari, Karkaistut metallit, Jalometallit, Ruostumaton ter\u00e4s, Ter\u00e4sseokset, Ter\u00e4sseokset<\/div>\n<\/div>\n<div class=\"row\">\n<div class=\"cell label\">Tyyppi<\/div>\n<div class=\"cell value\">Jyrsint\u00e4, Laserty\u00f6st\u00f6, Laserty\u00f6st\u00f6, Jyrsint\u00e4, Poraaminen, Sy\u00f6vytys \/ kemiallinen ty\u00f6st\u00f6, Muut ty\u00f6st\u00f6palvelut, Sorvaus, Langankorjaus, Nopea prototyyppien rakentaminen, Puristus<\/div>\n<\/div>\n<div class=\"row\">\n<div class=\"cell label\">Mikrokoneistus vai ei<\/div>\n<div class=\"cell value\">Mikrokoneistus<\/div>\n<\/div>\n<div class=\"row\">\n<div class=\"cell label\">Tuotteen nimi<\/div>\n<div class=\"cell value\">Alumiini ekstruusiosta j\u00e4\u00e4hdytyslevy<\/div>\n<\/div>\n<div class=\"row\">\n<div class=\"cell label\">Pintak\u00e4sittely<\/div>\n<div class=\"cell value\">Musta anodisointi<\/div>\n<\/div>\n<div class=\"row\">\n<div class=\"cell label\">MOQ<\/div>\n<div class=\"cell value\">100kpl<\/div>\n<\/div>\n<div class=\"row\">\n<div class=\"cell label\">Sertifiointi<\/div>\n<div class=\"cell value\">ISO9001:2015<\/div>\n<\/div>\n<div class=\"row\">\n<div class=\"cell label\">V\u00e4ri<\/div>\n<div class=\"cell value\">Musta<\/div>\n<\/div>\n<div class=\"row\">\n<div class=\"cell label\">Prosessi<\/div>\n<div class=\"cell value\">CNC, puristaminen jne.<\/div>\n<\/div>\n<div class=\"row\">\n<div class=\"cell label\">Pakkaus<\/div>\n<div class=\"cell value\">Sis\u00e4inen pp laukku ulompi puinen tapauksessa<\/div>\n<\/div>\n<div class=\"row\">\n<div class=\"cell label\">Ominaisuus<\/div>\n<div class=\"cell value\">Kevyt, ja korkea hy\u00f6tysuhde s\u00e4teilev\u00e4<\/div>\n<\/div>\n<div class=\"row\">\n<div class=\"cell label\">OEM-palvelu<\/div>\n<div class=\"cell value\">Kyll\u00e4<\/div>\n<\/div>\n<div class=\"row\">\n<div class=\"cell label\">Koko<\/div>\n<div class=\"cell value\">Custom<\/div>\n<\/div>\n<div class=\"row\">\n<div class=\"cell label\">Myyntiyksik\u00f6t<\/div>\n<div class=\"cell value\">Yksitt\u00e4inen tuote<\/div>\n<\/div>\n<div class=\"row\">\n<div class=\"cell label\">Yhden pakkauksen koko<\/div>\n<div class=\"cell value\">1X1X1 cm<\/div>\n<\/div>\n<div class=\"row\">\n<div class=\"cell label\">Yksitt\u00e4inen bruttopaino<\/div>\n<div class=\"cell value\">1.000 KG<\/div>\n<\/div>\n<\/div>\n<p><\/p>\n<h2>Tuotantopohjamme<\/h2>\n<h3>Tehtaan panoraama<\/h3>\n<p><img decoding=\"async\" src=\"\/wp-content\/uploads\/factory-01.webp\"\/><\/p>\n<h3>Alumiini Bar Manufacturing Workshop<\/h3>\n<p><img decoding=\"async\" src=\"\/wp-content\/uploads\/factory-02.webp\"\/><\/p>\n<p><img decoding=\"async\" src=\"\/wp-content\/uploads\/factory-03.webp\"\/><\/p>\n<h3>Muotin varastointi Varasto<\/h3>\n<p><img decoding=\"async\" src=\"\/wp-content\/uploads\/factory-04.webp\"\/><\/p>\n<h3>43 alumiinin ekstruusiolinjat (500-5500 tonnia)<\/h3>\n<p><img decoding=\"async\" src=\"\/wp-content\/uploads\/factory-05.webp\"\/><\/p>\n<p><img decoding=\"async\" src=\"\/wp-content\/uploads\/factory-06.webp\"\/><\/p>\n<p><img decoding=\"async\" src=\"\/wp-content\/uploads\/factory-07.webp\"\/><\/p>\n<h3>Jauhemaalaus ty\u00f6paja<\/h3>\n<p><img decoding=\"async\" src=\"\/wp-content\/uploads\/factory-09.webp\"\/><\/p>\n<h3>Anodisointi ty\u00f6paja<\/h3>\n<p><img decoding=\"async\" src=\"\/wp-content\/uploads\/factory-10.webp\"\/><\/p>\n<h3>Syv\u00e4k\u00e4sittelyn ty\u00f6paja<\/h3>\n<p><img decoding=\"async\" src=\"\/wp-content\/uploads\/factory-11.webp\"\/><\/p>\n<h3>CNC-tarkkuuskoneistus ty\u00f6paja<\/h3>\n<p><img decoding=\"async\" src=\"\/wp-content\/uploads\/factory-11.5.webp\"\/><\/p>\n<h3>Valmiiden tuotteiden ja vientivarasto<\/h3>\n<p><img decoding=\"async\" src=\"\/wp-content\/uploads\/factory-12.webp\"\/><\/p>\n<p><img decoding=\"async\" src=\"\/wp-content\/uploads\/factory-13.webp\"\/><\/p>\n<p><img decoding=\"async\" src=\"\/wp-content\/uploads\/factory-14.webp\"\/><\/p>\n<h2>FAQ<\/h2>\n<p><strong>1. Mitk\u00e4 ovat Sliver-alumiinih\u00f6yrykammion ensisijaiset k\u00e4ytt\u00f6kohteet?<\/strong><br \/>Sit\u00e4 k\u00e4ytet\u00e4\u00e4n ensisijaisesti tehokkaaseen l\u00e4mm\u00f6nhallintaan elektroniikka- ja tietotekniikkalaitteissa.<\/p>\n<p><strong>2. Voidaanko h\u00f6yrykammion mitat mukauttaa?<\/strong><br \/>Kyll\u00e4, tarjoamme r\u00e4\u00e4t\u00e4l\u00f6inti\u00e4 vastaamaan laitteidesi erityisvaatimuksia.<\/p>\n<p><strong>3. Soveltuuko t\u00e4m\u00e4 h\u00f6yrykammio korkean l\u00e4mp\u00f6tilan ymp\u00e4rist\u00f6ihin?<\/strong><br \/>Kyll\u00e4, se on suunniteltu toimimaan tehokkaasti korkeissa l\u00e4mp\u00f6tiloissa.<\/p>\n<p><strong>4. Toimitatteko n\u00e4ytteit\u00e4 testausta varten?<\/strong><br \/>Kyll\u00e4, n\u00e4ytetilauksia on saatavilla suorituskyvyn ja yhteensopivuuden arvioimiseksi.<\/p>\n<p><strong>5. Mit\u00e4 materiaaleja h\u00f6yrykammion valmistuksessa on k\u00e4ytetty?<\/strong><br \/>Se on valmistettu korkealaatuisesta alumiinista kevyen ja tehokkaan l\u00e4mm\u00f6njohtamisen vuoksi.<\/p>\n<p><strong>6. Ovatko OEM-palvelut saatavilla t\u00e4lle tuotteelle?<\/strong><br \/>Kyll\u00e4, tarjoamme OEM-palveluja, joiden avulla kammio voidaan integroida tuotteisiisi.<\/p>\n<p><strong>7. Mik\u00e4 on vakiom\u00e4\u00e4r\u00e4inen toimitusaika irtotilauksille?<\/strong><br \/>Tyypillinen toimitusaika on 4-6 viikkoa tilauksen koosta ja r\u00e4\u00e4t\u00e4l\u00f6innist\u00e4 riippuen.<\/p>\n<p><\/p>","protected":false},"featured_media":10771,"template":"","categories":[55],"class_list":["post-11013","product","type-product","status-publish","has-post-thumbnail","hentry","category-extruded-aluminum-profiles"],"meta_box":{"hilight_text_group":[{"product_hilight_text":"<li>Efficient heat dissipation for high-performance applications<\/li>\n<li>Lightweight aluminum construction ideal for various devices<\/li>\n<li>Customizable dimensions to fit specific B2B needs<\/li>\n<li>Advanced manufacturing ensures reliability and durability<\/li>\n<li>OEM solutions available with competitive pricing<\/li>"}],"feature_list":[]},"_links":{"self":[{"href":"https:\/\/sinoextrud.com\/fi\/wp-json\/wp\/v2\/product\/11013","targetHints":{"allow":["GET"]}}],"collection":[{"href":"https:\/\/sinoextrud.com\/fi\/wp-json\/wp\/v2\/product"}],"about":[{"href":"https:\/\/sinoextrud.com\/fi\/wp-json\/wp\/v2\/types\/product"}],"wp:featuredmedia":[{"embeddable":true,"href":"https:\/\/sinoextrud.com\/fi\/wp-json\/wp\/v2\/media\/10771"}],"wp:attachment":[{"href":"https:\/\/sinoextrud.com\/fi\/wp-json\/wp\/v2\/media?parent=11013"}],"wp:term":[{"taxonomy":"category","embeddable":true,"href":"https:\/\/sinoextrud.com\/fi\/wp-json\/wp\/v2\/categories?post=11013"}],"curies":[{"name":"wp","href":"https:\/\/api.w.org\/{rel}","templated":true}]}}