{"id":11012,"date":"2025-08-01T03:39:02","date_gmt":"2025-08-01T03:39:02","guid":{"rendered":"https:\/\/sinoextrud.com\/product\/vapor-chamber-phase-change-heat-sink-for-cooling\/"},"modified":"2025-08-01T03:39:02","modified_gmt":"2025-08-01T03:39:02","slug":"hoyrykammion-vaiheenvaihdon-jaahdytyselementti-jaahdytysta-varten","status":"publish","type":"product","link":"https:\/\/sinoextrud.com\/fi\/product\/vapor-chamber-phase-change-heat-sink-for-cooling\/","title":{"rendered":"H\u00f6yrykammion vaiheenmuutosl\u00e4mm\u00f6nsiili j\u00e4\u00e4hdytyst\u00e4 varten"},"content":{"rendered":"<h2>Tuotteiden tiedot<\/h2>\n<div class=\"product-table\">\n<div class=\"row\">\n<div class=\"cell label\">Luokka<\/div>\n<div class=\"cell value\">6000-sarja<\/div>\n<\/div>\n<div class=\"row\">\n<div class=\"cell label\">Suvaitsevaisuus<\/div>\n<div class=\"cell value\">\u00c2\u00b11%<\/div>\n<\/div>\n<div class=\"row\">\n<div class=\"cell label\">Toimitusaika<\/div>\n<div class=\"cell value\">22-30 p\u00e4iv\u00e4\u00e4<\/div>\n<\/div>\n<div class=\"row\">\n<div class=\"cell label\">Temper<\/div>\n<div class=\"cell value\">T3-T8<\/div>\n<\/div>\n<div class=\"row\">\n<div class=\"cell label\">Hakemus<\/div>\n<div class=\"cell value\">led\/elektroniikka\/cpu\/teollisuus<\/div>\n<\/div>\n<div class=\"row\">\n<div class=\"cell label\">Muoto<\/div>\n<div class=\"cell value\">custom<\/div>\n<\/div>\n<div class=\"row\">\n<div class=\"cell label\">Metalliseos tai ei<\/div>\n<div class=\"cell value\">Onko seos<\/div>\n<\/div>\n<div class=\"row\">\n<div class=\"cell label\">K\u00e4sittelypalvelu<\/div>\n<div class=\"cell value\">Taivutus, purku, hitsaus, l\u00e4vistys, leikkaus<\/div>\n<\/div>\n<div class=\"row\">\n<div class=\"cell label\">Tuotteen nimi<\/div>\n<div class=\"cell value\">Mukautettu alumiininen j\u00e4\u00e4hdytyselementti<\/div>\n<\/div>\n<div class=\"row\">\n<div class=\"cell label\">Materiaali<\/div>\n<div class=\"cell value\">6063 6061 6005 Alumiiniseos 6063 6061 6005 Alumiiniseos<\/div>\n<\/div>\n<div class=\"row\">\n<div class=\"cell label\">V\u00e4ri<\/div>\n<div class=\"cell value\">Hopea, musta, kultainen musta ja niin edelleen<\/div>\n<\/div>\n<div class=\"row\">\n<div class=\"cell label\">Pintak\u00e4sittely<\/div>\n<div class=\"cell value\">Mill Finish, anodisointi, jauhemaalaus<\/div>\n<\/div>\n<div class=\"row\">\n<div class=\"cell label\">Ominaisuus<\/div>\n<div class=\"cell value\">Korkea korroosionkest\u00e4vyys<\/div>\n<\/div>\n<div class=\"row\">\n<div class=\"cell label\">muoto<\/div>\n<div class=\"cell value\">R\u00e4\u00e4t\u00e4l\u00f6ity<\/div>\n<\/div>\n<div class=\"row\">\n<div class=\"cell label\">K\u00e4ytt\u00f6<\/div>\n<div class=\"cell value\">Led\/elektroniikka\/cpu\/teollisuus<\/div>\n<\/div>\n<div class=\"row\">\n<div class=\"cell label\">N\u00e4yte<\/div>\n<div class=\"cell value\">Ilmainen n\u00e4yte<\/div>\n<\/div>\n<div class=\"row\">\n<div class=\"cell label\">Pituus<\/div>\n<div class=\"cell value\">Mukautettu pituus<\/div>\n<\/div>\n<div class=\"row\">\n<div class=\"cell label\">Palvelu<\/div>\n<div class=\"cell value\">OEM ODM<\/div>\n<\/div>\n<div class=\"row\">\n<div class=\"cell label\">Myyntiyksik\u00f6t<\/div>\n<div class=\"cell value\">Yksitt\u00e4inen tuote<\/div>\n<\/div>\n<div class=\"row\">\n<div class=\"cell label\">Yhden pakkauksen koko<\/div>\n<div class=\"cell value\">30X20X20 cm<\/div>\n<\/div>\n<div class=\"row\">\n<div class=\"cell label\">Yksitt\u00e4inen bruttopaino<\/div>\n<div class=\"cell value\">3.000 KG<\/div>\n<\/div>\n<\/div>\n<p><\/p>\n<h2>Tuotantopohjamme<\/h2>\n<h3>Tehtaan panoraama<\/h3>\n<p><img decoding=\"async\" src=\"\/wp-content\/uploads\/factory-01.webp\"\/><\/p>\n<h3>Alumiini Bar Manufacturing Workshop<\/h3>\n<p><img decoding=\"async\" src=\"\/wp-content\/uploads\/factory-02.webp\"\/><\/p>\n<p><img decoding=\"async\" src=\"\/wp-content\/uploads\/factory-03.webp\"\/><\/p>\n<h3>Muotin varastointi Varasto<\/h3>\n<p><img decoding=\"async\" src=\"\/wp-content\/uploads\/factory-04.webp\"\/><\/p>\n<h3>43 alumiinin ekstruusiolinjat (500-5500 tonnia)<\/h3>\n<p><img decoding=\"async\" src=\"\/wp-content\/uploads\/factory-05.webp\"\/><\/p>\n<p><img decoding=\"async\" src=\"\/wp-content\/uploads\/factory-06.webp\"\/><\/p>\n<p><img decoding=\"async\" src=\"\/wp-content\/uploads\/factory-07.webp\"\/><\/p>\n<h3>Jauhemaalaus ty\u00f6paja<\/h3>\n<p><img decoding=\"async\" src=\"\/wp-content\/uploads\/factory-09.webp\"\/><\/p>\n<h3>Anodisointi ty\u00f6paja<\/h3>\n<p><img decoding=\"async\" src=\"\/wp-content\/uploads\/factory-10.webp\"\/><\/p>\n<h3>Syv\u00e4k\u00e4sittelyn ty\u00f6paja<\/h3>\n<p><img decoding=\"async\" src=\"\/wp-content\/uploads\/factory-11.webp\"\/><\/p>\n<h3>CNC-tarkkuuskoneistus ty\u00f6paja<\/h3>\n<p><img decoding=\"async\" src=\"\/wp-content\/uploads\/factory-11.5.webp\"\/><\/p>\n<h3>Valmiiden tuotteiden ja vientivarasto<\/h3>\n<p><img decoding=\"async\" src=\"\/wp-content\/uploads\/factory-12.webp\"\/><\/p>\n<p><img decoding=\"async\" src=\"\/wp-content\/uploads\/factory-13.webp\"\/><\/p>\n<p><img decoding=\"async\" src=\"\/wp-content\/uploads\/factory-14.webp\"\/><\/p>\n<h2>FAQ<\/h2>\n<p><strong>1. Mik\u00e4 on h\u00f6yrykammion vaiheenvaihtol\u00e4mm\u00f6nsiirtimen ensisijainen teht\u00e4v\u00e4?<\/strong><br \/>Se on suunniteltu tehokkaaseen l\u00e4mm\u00f6nhallintaan tehokkaissa elektroniikkalaitteissa.<\/p>\n<p><strong>2. Voidaanko t\u00e4m\u00e4n j\u00e4\u00e4hdytyselementin kokoa mukauttaa?<\/strong><br \/>Kyll\u00e4, se voidaan r\u00e4\u00e4t\u00e4l\u00f6id\u00e4 vastaamaan laitteen erityisvaatimuksia.<\/p>\n<p><strong>3. Soveltuuko t\u00e4m\u00e4 j\u00e4\u00e4hdytyselementti datakeskuksissa k\u00e4ytett\u00e4v\u00e4ksi?<\/strong><br \/>Kyll\u00e4, se on ihanteellinen korkean tiheyden laskentaymp\u00e4rist\u00f6ihin, kuten datakeskuksiin.<\/p>\n<p><strong>4. Tukeeko j\u00e4\u00e4hdytyselementti erilaisia asennussuuntia?<\/strong><br \/>Kyll\u00e4, se voidaan asentaa sek\u00e4 pysty- ett\u00e4 vaakasuoraan.<\/p>\n<p><strong>5. Mit\u00e4 materiaalia k\u00e4ytet\u00e4\u00e4n j\u00e4\u00e4hdytyselementin rakentamiseen?<\/strong><br \/>Se on valmistettu korkealaatuisista materiaaleista kest\u00e4vyyden ja l\u00e4mp\u00f6tehokkuuden varmistamiseksi.<\/p>\n<p><strong>6. Onko tuote alan standardien mukainen?<\/strong><br \/>Kyll\u00e4, se t\u00e4ytt\u00e4\u00e4 elektroniikan l\u00e4mm\u00f6nhallintaa koskevat standardit.<\/p>\n<p><strong>7. Tarjoatteko teknist\u00e4 tukea laitteiden integroinnille?<\/strong><br \/>Kyll\u00e4, tarjoamme teknist\u00e4 tukea eri j\u00e4rjestelmiin integroinnin helpottamiseksi.<\/p>\n<p><\/p>","protected":false},"featured_media":10773,"template":"","categories":[72],"class_list":["post-11012","product","type-product","status-publish","has-post-thumbnail","hentry","category-extruded-aluminum-heatsink"],"meta_box":{"hilight_text_group":[{"product_hilight_text":"<li>Efficient thermal management for high-performance electronics<\/li>\n<li>Customizable dimensions to fit various device specifications<\/li>\n<li>Ideal for use in data centers and high-density computing environments<\/li>\n<li>Robust construction for prolonged operational stability<\/li>\n<li>Support for both vertical and horizontal installation orientations<\/li>"}],"feature_list":[]},"_links":{"self":[{"href":"https:\/\/sinoextrud.com\/fi\/wp-json\/wp\/v2\/product\/11012","targetHints":{"allow":["GET"]}}],"collection":[{"href":"https:\/\/sinoextrud.com\/fi\/wp-json\/wp\/v2\/product"}],"about":[{"href":"https:\/\/sinoextrud.com\/fi\/wp-json\/wp\/v2\/types\/product"}],"wp:featuredmedia":[{"embeddable":true,"href":"https:\/\/sinoextrud.com\/fi\/wp-json\/wp\/v2\/media\/10773"}],"wp:attachment":[{"href":"https:\/\/sinoextrud.com\/fi\/wp-json\/wp\/v2\/media?parent=11012"}],"wp:term":[{"taxonomy":"category","embeddable":true,"href":"https:\/\/sinoextrud.com\/fi\/wp-json\/wp\/v2\/categories?post=11012"}],"curies":[{"name":"wp","href":"https:\/\/api.w.org\/{rel}","templated":true}]}}