{"id":11011,"date":"2025-08-01T03:39:00","date_gmt":"2025-08-01T03:39:00","guid":{"rendered":"https:\/\/sinoextrud.com\/product\/vapor-chamber-cooling-for-high-performance-systems\/"},"modified":"2025-08-01T03:39:00","modified_gmt":"2025-08-01T03:39:00","slug":"hoyrykammion-jaahdytys-korkean-suorituskyvyn-jarjestelmia-varten","status":"publish","type":"product","link":"https:\/\/sinoextrud.com\/fi\/product\/vapor-chamber-cooling-for-high-performance-systems\/","title":{"rendered":"H\u00f6yrykammion j\u00e4\u00e4hdytys korkean suorituskyvyn j\u00e4rjestelmi\u00e4 varten"},"content":{"rendered":"<h2>Tuotteiden tiedot<\/h2>\n<div class=\"product-table\">\n<div class=\"row\">\n<div class=\"cell label\">koneiden testausraportti<\/div>\n<div class=\"cell value\">Toimitettu<\/div>\n<\/div>\n<div class=\"row\">\n<div class=\"cell label\">video l\u00e4htev\u00e4-tarkastus<\/div>\n<div class=\"cell value\">Toimitettu<\/div>\n<\/div>\n<div class=\"row\">\n<div class=\"cell label\">takuu<\/div>\n<div class=\"cell value\">1 vuosi<\/div>\n<\/div>\n<div class=\"row\">\n<div class=\"cell label\">hakemus<\/div>\n<div class=\"cell value\">L\u00e4mmittimen osat<\/div>\n<\/div>\n<div class=\"row\">\n<div class=\"cell label\">tyyppi<\/div>\n<div class=\"cell value\">Nestem\u00e4inen kylm\u00e4levy<\/div>\n<\/div>\n<div class=\"row\">\n<div class=\"cell label\">paino (kg)<\/div>\n<div class=\"cell value\">5<\/div>\n<\/div>\n<div class=\"row\">\n<div class=\"cell label\">Tuotteen nimi<\/div>\n<div class=\"cell value\">vesilohko<\/div>\n<\/div>\n<div class=\"row\">\n<div class=\"cell label\">Mitat (L*S*K)<\/div>\n<div class=\"cell value\">Jopa 3.8*1.1 L*W<\/div>\n<\/div>\n<div class=\"row\">\n<div class=\"cell label\">Pinnan karheus<\/div>\n<div class=\"cell value\">1.2 um<\/div>\n<\/div>\n<div class=\"row\">\n<div class=\"cell label\">Pinnan tasaisuus<\/div>\n<div class=\"cell value\">Alle 0,005 cm\/cm<\/div>\n<\/div>\n<div class=\"row\">\n<div class=\"cell label\">T\u00e4rkein tekniikka<\/div>\n<div class=\"cell value\">CNC-ty\u00f6st\u00f6<\/div>\n<\/div>\n<div class=\"row\">\n<div class=\"cell label\">Liimaustekniikka<\/div>\n<div class=\"cell value\">Tyhji\u00f6juottaminen<\/div>\n<\/div>\n<div class=\"row\">\n<div class=\"cell label\">Ty\u00f6paine<\/div>\n<div class=\"cell value\">1,2-5 baaria<\/div>\n<\/div>\n<div class=\"row\">\n<div class=\"cell label\">Neste<\/div>\n<div class=\"cell value\">Vesi tai sopiva j\u00e4\u00e4hdytysneste<\/div>\n<\/div>\n<div class=\"row\">\n<div class=\"cell label\">Hakemus<\/div>\n<div class=\"cell value\">Vesij\u00e4\u00e4hdytyslohko lasereille, IGBT-moduuleille ja EV-akulle.<\/div>\n<\/div>\n<div class=\"row\">\n<div class=\"cell label\">Sertifiointi<\/div>\n<div class=\"cell value\">CE<\/div>\n<\/div>\n<div class=\"row\">\n<div class=\"cell label\">Myyntiyksik\u00f6t<\/div>\n<div class=\"cell value\">Yksitt\u00e4inen tuote<\/div>\n<\/div>\n<div class=\"row\">\n<div class=\"cell label\">Yhden pakkauksen koko<\/div>\n<div class=\"cell value\">50X30X15 cm<\/div>\n<\/div>\n<div class=\"row\">\n<div class=\"cell label\">Yksitt\u00e4inen bruttopaino<\/div>\n<div class=\"cell value\">9.900 KG<\/div>\n<\/div>\n<\/div>\n<p><\/p>\n<h2>Tuotantopohjamme<\/h2>\n<h3>Tehtaan panoraama<\/h3>\n<p><img decoding=\"async\" src=\"\/wp-content\/uploads\/factory-01.webp\"\/><\/p>\n<h3>Alumiini Bar Manufacturing Workshop<\/h3>\n<p><img decoding=\"async\" src=\"\/wp-content\/uploads\/factory-02.webp\"\/><\/p>\n<p><img decoding=\"async\" src=\"\/wp-content\/uploads\/factory-03.webp\"\/><\/p>\n<h3>Muotin varastointi Varasto<\/h3>\n<p><img decoding=\"async\" src=\"\/wp-content\/uploads\/factory-04.webp\"\/><\/p>\n<h3>43 alumiinin ekstruusiolinjat (500-5500 tonnia)<\/h3>\n<p><img decoding=\"async\" src=\"\/wp-content\/uploads\/factory-05.webp\"\/><\/p>\n<p><img decoding=\"async\" src=\"\/wp-content\/uploads\/factory-06.webp\"\/><\/p>\n<p><img decoding=\"async\" src=\"\/wp-content\/uploads\/factory-07.webp\"\/><\/p>\n<h3>Jauhemaalaus ty\u00f6paja<\/h3>\n<p><img decoding=\"async\" src=\"\/wp-content\/uploads\/factory-09.webp\"\/><\/p>\n<h3>Anodisointi ty\u00f6paja<\/h3>\n<p><img decoding=\"async\" src=\"\/wp-content\/uploads\/factory-10.webp\"\/><\/p>\n<h3>Syv\u00e4k\u00e4sittelyn ty\u00f6paja<\/h3>\n<p><img decoding=\"async\" src=\"\/wp-content\/uploads\/factory-11.webp\"\/><\/p>\n<h3>CNC-tarkkuuskoneistus ty\u00f6paja<\/h3>\n<p><img decoding=\"async\" src=\"\/wp-content\/uploads\/factory-11.5.webp\"\/><\/p>\n<h3>Valmiiden tuotteiden ja vientivarasto<\/h3>\n<p><img decoding=\"async\" src=\"\/wp-content\/uploads\/factory-12.webp\"\/><\/p>\n<p><img decoding=\"async\" src=\"\/wp-content\/uploads\/factory-13.webp\"\/><\/p>\n<p><img decoding=\"async\" src=\"\/wp-content\/uploads\/factory-14.webp\"\/><\/p>\n<h2>FAQ<\/h2>\n<p><strong>1. Mik\u00e4 on h\u00f6yrykammion j\u00e4\u00e4hdytysj\u00e4rjestelm\u00e4?<\/strong><br \/>H\u00f6yrykammion j\u00e4\u00e4hdytysj\u00e4rjestelm\u00e4 on l\u00e4mm\u00f6nhallintalaite, joka on suunniteltu jakamaan l\u00e4mp\u00f6\u00e4 tasaisesti elektronisissa komponenteissa.<\/p>\n<p><strong>2. Miten h\u00f6yrykammion j\u00e4\u00e4hdytys toimii?<\/strong><br \/>H\u00f6yrykammioj\u00e4\u00e4hdytys toimii k\u00e4ytt\u00e4m\u00e4ll\u00e4 nesteiden faasimuutosta l\u00e4mm\u00f6n tehokkaaseen absorptioon ja haihduttamiseen pintojen yli.<\/p>\n<p><strong>3. Voidaanko h\u00f6yrykammion j\u00e4\u00e4hdytys mukauttaa?<\/strong><br \/>Kyll\u00e4, tarjoamme r\u00e4\u00e4t\u00e4l\u00f6ityj\u00e4 malleja ja kokoja eri laitteiden erityisten j\u00e4\u00e4hdytysvaatimusten t\u00e4ytt\u00e4miseksi.<\/p>\n<p><strong>4. Mit\u00e4 hy\u00f6ty\u00e4 h\u00f6yrykammion k\u00e4yt\u00f6st\u00e4 on elektroniikassa?<\/strong><br \/>H\u00f6yrykammioj\u00e4\u00e4hdytys tarjoaa erinomaisen l\u00e4mm\u00f6ntuottokyvyn, v\u00e4hent\u00e4\u00e4 l\u00e4mp\u00f6haittoja ja parantaa laitteen suorituskyky\u00e4.<\/p>\n<p><strong>5. Onko h\u00f6yrykammioj\u00e4\u00e4hdytys tehokas pienikokoisissa laitteissa?<\/strong><br \/>Kyll\u00e4, h\u00f6yrykammioj\u00e4\u00e4hdytys on ihanteellinen pienikokoisille laitteille sen ohuen profiilin ja tehokkaan l\u00e4mm\u00f6n levi\u00e4misen ansiosta.<\/p>\n<p><strong>6. Voidaanko h\u00f6yrykammiotekniikka integroida olemassa oleviin j\u00e4rjestelmiin?<\/strong><br \/>Kyll\u00e4, h\u00f6yrykammiomme voidaan suunnitella niin, ett\u00e4 ne voidaan integroida saumattomasti olemassa oleviin l\u00e4mm\u00f6nhallintaj\u00e4rjestelmiin.<\/p>\n<p><strong>7. Tuetteko h\u00f6yrykammion j\u00e4\u00e4hdytysj\u00e4rjestelmien kansainv\u00e4list\u00e4 toimitusta?<\/strong><br \/>Kyll\u00e4, tarjoamme kansainv\u00e4lisi\u00e4 toimitusvaihtoehtoja ja t\u00e4yden logistiikkatuen h\u00f6yrykammion j\u00e4\u00e4hdytysj\u00e4rjestelmille.<\/p>\n<p><\/p>","protected":false},"featured_media":10774,"template":"","categories":[74],"class_list":["post-11011","product","type-product","status-publish","has-post-thumbnail","hentry","category-vapor-chamber"],"meta_box":{"hilight_text_group":[{"product_hilight_text":"<li>Designed to efficiently dissipate heat in electronics<\/li>\n<li>Custom sizes and designs available for B2B applications<\/li>\n<li>Suitable for high-performance servers and computing devices<\/li>\n<li>Enhances thermal management in compact spaces<\/li>\n<li>Supports OEM and ODM with competitive lead times<\/li>"}],"feature_list":[]},"_links":{"self":[{"href":"https:\/\/sinoextrud.com\/fi\/wp-json\/wp\/v2\/product\/11011","targetHints":{"allow":["GET"]}}],"collection":[{"href":"https:\/\/sinoextrud.com\/fi\/wp-json\/wp\/v2\/product"}],"about":[{"href":"https:\/\/sinoextrud.com\/fi\/wp-json\/wp\/v2\/types\/product"}],"wp:featuredmedia":[{"embeddable":true,"href":"https:\/\/sinoextrud.com\/fi\/wp-json\/wp\/v2\/media\/10774"}],"wp:attachment":[{"href":"https:\/\/sinoextrud.com\/fi\/wp-json\/wp\/v2\/media?parent=11011"}],"wp:term":[{"taxonomy":"category","embeddable":true,"href":"https:\/\/sinoextrud.com\/fi\/wp-json\/wp\/v2\/categories?post=11011"}],"curies":[{"name":"wp","href":"https:\/\/api.w.org\/{rel}","templated":true}]}}