{"id":11010,"date":"2025-08-01T03:38:58","date_gmt":"2025-08-01T03:38:58","guid":{"rendered":"https:\/\/sinoextrud.com\/product\/upgraded-vapor-chamber-heat-sink-for-heat-dissipation\/"},"modified":"2025-08-01T03:38:58","modified_gmt":"2025-08-01T03:38:58","slug":"paivitetty-hoyrykammion-jaahdytyselementti-lammonpoistoa-varten","status":"publish","type":"product","link":"https:\/\/sinoextrud.com\/fi\/product\/upgraded-vapor-chamber-heat-sink-for-heat-dissipation\/","title":{"rendered":"P\u00e4ivitetty h\u00f6yrykammion j\u00e4\u00e4hdytyselementti l\u00e4mm\u00f6npoistoa varten"},"content":{"rendered":"<h2>Tuotteiden tiedot<\/h2>\n<div class=\"product-table\">\n<div class=\"row\">\n<div class=\"cell label\">Materiaali<\/div>\n<div class=\"cell value\">Alumiini\/ter\u00e4s\/rauta\/ruostumaton ter\u00e4s\/luomu\/muovi\/<\/div>\n<\/div>\n<div class=\"row\">\n<div class=\"cell label\">Palvelu<\/div>\n<div class=\"cell value\">Yhden luukun palvelu. Koneistus-kokoonpano<\/div>\n<\/div>\n<div class=\"row\">\n<div class=\"cell label\">Koko<\/div>\n<div class=\"cell value\">Koko R\u00e4\u00e4t\u00e4l\u00f6ity<\/div>\n<\/div>\n<div class=\"row\">\n<div class=\"cell label\">Pintak\u00e4sittely<\/div>\n<div class=\"cell value\">kiillotus \/ kirkas anodisointi \/ s\u00e4hk\u00f6pinnoitus \/ \u00f6ljypainatus<\/div>\n<\/div>\n<div class=\"row\">\n<div class=\"cell label\">Piirustusmuoto<\/div>\n<div class=\"cell value\">2D\/(PDF\/CAD)3D(IGES\/STEP)<\/div>\n<\/div>\n<div class=\"row\">\n<div class=\"cell label\">Suvaitsevaisuus<\/div>\n<div class=\"cell value\">0.01-0.05mm<\/div>\n<\/div>\n<div class=\"row\">\n<div class=\"cell label\">Toimitusaika<\/div>\n<div class=\"cell value\">7-15 p\u00e4iv\u00e4\u00e4<\/div>\n<\/div>\n<div class=\"row\">\n<div class=\"cell label\">MOQ<\/div>\n<div class=\"cell value\">10kpl<\/div>\n<\/div>\n<div class=\"row\">\n<div class=\"cell label\">Pakkaus<\/div>\n<div class=\"cell value\">Kartonki<\/div>\n<\/div>\n<div class=\"row\">\n<div class=\"cell label\">OEM&amp;ODM<\/div>\n<div class=\"cell value\">Hyv\u00e4ksytty<\/div>\n<\/div>\n<div class=\"row\">\n<div class=\"cell label\">Myyntiyksik\u00f6t<\/div>\n<div class=\"cell value\">Yksitt\u00e4inen tuote<\/div>\n<\/div>\n<div class=\"row\">\n<div class=\"cell label\">Yhden pakkauksen koko<\/div>\n<div class=\"cell value\">10X6X2 cm<\/div>\n<\/div>\n<div class=\"row\">\n<div class=\"cell label\">Yksitt\u00e4inen bruttopaino<\/div>\n<div class=\"cell value\">0,090 KG<\/div>\n<\/div>\n<\/div>\n<p><\/p>\n<h2>Tuotantopohjamme<\/h2>\n<h3>Tehtaan panoraama<\/h3>\n<p><img decoding=\"async\" src=\"\/wp-content\/uploads\/factory-01.webp\"\/><\/p>\n<h3>Alumiini Bar Manufacturing Workshop<\/h3>\n<p><img decoding=\"async\" src=\"\/wp-content\/uploads\/factory-02.webp\"\/><\/p>\n<p><img decoding=\"async\" src=\"\/wp-content\/uploads\/factory-03.webp\"\/><\/p>\n<h3>Muotin varastointi Varasto<\/h3>\n<p><img decoding=\"async\" src=\"\/wp-content\/uploads\/factory-04.webp\"\/><\/p>\n<h3>43 alumiinin ekstruusiolinjat (500-5500 tonnia)<\/h3>\n<p><img decoding=\"async\" src=\"\/wp-content\/uploads\/factory-05.webp\"\/><\/p>\n<p><img decoding=\"async\" src=\"\/wp-content\/uploads\/factory-06.webp\"\/><\/p>\n<p><img decoding=\"async\" src=\"\/wp-content\/uploads\/factory-07.webp\"\/><\/p>\n<h3>Jauhemaalaus ty\u00f6paja<\/h3>\n<p><img decoding=\"async\" src=\"\/wp-content\/uploads\/factory-09.webp\"\/><\/p>\n<h3>Anodisointi ty\u00f6paja<\/h3>\n<p><img decoding=\"async\" src=\"\/wp-content\/uploads\/factory-10.webp\"\/><\/p>\n<h3>Syv\u00e4k\u00e4sittelyn ty\u00f6paja<\/h3>\n<p><img decoding=\"async\" src=\"\/wp-content\/uploads\/factory-11.webp\"\/><\/p>\n<h3>CNC-tarkkuuskoneistus ty\u00f6paja<\/h3>\n<p><img decoding=\"async\" src=\"\/wp-content\/uploads\/factory-11.5.webp\"\/><\/p>\n<h3>Valmiiden tuotteiden ja vientivarasto<\/h3>\n<p><img decoding=\"async\" src=\"\/wp-content\/uploads\/factory-12.webp\"\/><\/p>\n<p><img decoding=\"async\" src=\"\/wp-content\/uploads\/factory-13.webp\"\/><\/p>\n<p><img decoding=\"async\" src=\"\/wp-content\/uploads\/factory-14.webp\"\/><\/p>\n<h2>FAQ<\/h2>\n<p><strong>1. Mik\u00e4 tekee p\u00e4ivitetyst\u00e4 h\u00f6yrykammiol\u00e4mm\u00f6nsiirtimest\u00e4 tehokkaan?<\/strong><br \/>Se k\u00e4ytt\u00e4\u00e4 kehittynytt\u00e4 h\u00f6yrykammiotekniikkaa tehokkaan l\u00e4mm\u00f6ntuonnin ja laitteen j\u00e4\u00e4hdytyksen varmistamiseksi.<\/p>\n<p><strong>2. Voidaanko j\u00e4\u00e4hdytyselementti r\u00e4\u00e4t\u00e4l\u00f6id\u00e4 tiettyj\u00e4 sovelluksia varten?<\/strong><br \/>Kyll\u00e4, suunnittelu voidaan r\u00e4\u00e4t\u00e4l\u00f6id\u00e4 erilaisiin elektroniikkakokoonpanoihin ja asiakkaan vaatimuksiin sopivaksi.<\/p>\n<p><strong>3. Soveltuuko t\u00e4m\u00e4 j\u00e4\u00e4hdytyselementti korkean suorituskyvyn laitteisiin?<\/strong><br \/>Se on ehdottomasti suunniteltu tukemaan huipputehokasta elektroniikkaa hallitsemalla liiallista l\u00e4mp\u00f6\u00e4.<\/p>\n<p><strong>4. Mit\u00e4 materiaaleja h\u00f6yrykammion j\u00e4\u00e4hdytyselementiss\u00e4 k\u00e4ytet\u00e4\u00e4n?<\/strong><br \/>J\u00e4\u00e4hdytyselementti on valmistettu korkealaatuisista, l\u00e4mp\u00f6\u00e4 johtavista materiaaleista optimaalisen tehokkuuden varmistamiseksi.<\/p>\n<p><strong>5. Vaatiiko h\u00f6yrykammio huoltoa?<\/strong><br \/>Ei, se toimii huoltovapaasti ja takaa pitk\u00e4aikaisen luotettavuuden.<\/p>\n<p><strong>6. Miten t\u00e4m\u00e4 j\u00e4\u00e4hdytyselementti parantaa laitteen suorituskyky\u00e4?<\/strong><br \/>S\u00e4ilytt\u00e4m\u00e4ll\u00e4 optimaaliset l\u00e4mp\u00f6tilat se parantaa laitteen tehokkuutta ja pident\u00e4\u00e4 komponenttien k\u00e4ytt\u00f6ik\u00e4\u00e4.<\/p>\n<p><strong>7. Onko kansainv\u00e4linen toimitus saatavilla irtotilauksille?<\/strong><br \/>Kyll\u00e4, tarjoamme kattavaa kansainv\u00e4list\u00e4 logistiikkatukea suurille tilauksille.<\/p>\n<p><\/p>","protected":false},"featured_media":10775,"template":"","categories":[72],"class_list":["post-11010","product","type-product","status-publish","has-post-thumbnail","hentry","category-extruded-aluminum-heatsink"],"meta_box":{"hilight_text_group":[{"product_hilight_text":"<li>Features advanced thermal management for optimized cooling performance<\/li>\n<li>Customizable design to fit a variety of electronic devices<\/li>\n<li>Manufactured using high-quality materials for maximum durability<\/li>\n<li>Available for OEM and ODM services with flexible order quantities<\/li>\n<li>Designed to enhance device lifespan by preventing overheating<\/li>"}],"feature_list":[]},"_links":{"self":[{"href":"https:\/\/sinoextrud.com\/fi\/wp-json\/wp\/v2\/product\/11010","targetHints":{"allow":["GET"]}}],"collection":[{"href":"https:\/\/sinoextrud.com\/fi\/wp-json\/wp\/v2\/product"}],"about":[{"href":"https:\/\/sinoextrud.com\/fi\/wp-json\/wp\/v2\/types\/product"}],"wp:featuredmedia":[{"embeddable":true,"href":"https:\/\/sinoextrud.com\/fi\/wp-json\/wp\/v2\/media\/10775"}],"wp:attachment":[{"href":"https:\/\/sinoextrud.com\/fi\/wp-json\/wp\/v2\/media?parent=11010"}],"wp:term":[{"taxonomy":"category","embeddable":true,"href":"https:\/\/sinoextrud.com\/fi\/wp-json\/wp\/v2\/categories?post=11010"}],"curies":[{"name":"wp","href":"https:\/\/api.w.org\/{rel}","templated":true}]}}