{"id":11007,"date":"2025-08-01T03:38:52","date_gmt":"2025-08-01T03:38:52","guid":{"rendered":"https:\/\/sinoextrud.com\/product\/uni-dimensional-vapor-chamber-for-compact-systems\/"},"modified":"2025-08-01T03:38:52","modified_gmt":"2025-08-01T03:38:52","slug":"yksiulotteinen-hoyrykammio-kompakteja-jarjestelmia-varten","status":"publish","type":"product","link":"https:\/\/sinoextrud.com\/fi\/product\/uni-dimensional-vapor-chamber-for-compact-systems\/","title":{"rendered":"Yksiulotteinen h\u00f6yrykammio kompakteille j\u00e4rjestelmille"},"content":{"rendered":"<h2>Tuotteiden tiedot<\/h2>\n<div class=\"product-table\">\n<div class=\"row\">\n<div class=\"cell label\">Luokka<\/div>\n<div class=\"cell value\">6000-sarja<\/div>\n<\/div>\n<div class=\"row\">\n<div class=\"cell label\">Suvaitsevaisuus<\/div>\n<div class=\"cell value\">\u00c2\u00b11%<\/div>\n<\/div>\n<div class=\"row\">\n<div class=\"cell label\">Toimitusaika<\/div>\n<div class=\"cell value\">15-25 p\u00e4iv\u00e4\u00e4<\/div>\n<\/div>\n<div class=\"row\">\n<div class=\"cell label\">Temper<\/div>\n<div class=\"cell value\">T3-T8<\/div>\n<\/div>\n<div class=\"row\">\n<div class=\"cell label\">Hakemus<\/div>\n<div class=\"cell value\">Tuuletin, led-valo, s\u00e4hk\u00f6laitteet<\/div>\n<\/div>\n<div class=\"row\">\n<div class=\"cell label\">Muoto<\/div>\n<div class=\"cell value\">py\u00f6re\u00e4<\/div>\n<\/div>\n<div class=\"row\">\n<div class=\"cell label\">Metalliseos tai ei<\/div>\n<div class=\"cell value\">Onko seos<\/div>\n<\/div>\n<div class=\"row\">\n<div class=\"cell label\">K\u00e4sittelypalvelu<\/div>\n<div class=\"cell value\">Taivutus, hitsaus, l\u00e4vistys, leikkaus, leimaaminen, painevalu<\/div>\n<\/div>\n<div class=\"row\">\n<div class=\"cell label\">Tyyli<\/div>\n<div class=\"cell value\">Mukautettu henkil\u00f6kohtainen<\/div>\n<\/div>\n<div class=\"row\">\n<div class=\"cell label\">MOQ<\/div>\n<div class=\"cell value\">1TON<\/div>\n<\/div>\n<div class=\"row\">\n<div class=\"cell label\">Paksuus<\/div>\n<div class=\"cell value\">0.8-5mm<\/div>\n<\/div>\n<div class=\"row\">\n<div class=\"cell label\">Prosessi<\/div>\n<div class=\"cell value\">Puristaminen<\/div>\n<\/div>\n<div class=\"row\">\n<div class=\"cell label\">Toimitus<\/div>\n<div class=\"cell value\">Meritse\/lent\u00e4en<\/div>\n<\/div>\n<div class=\"row\">\n<div class=\"cell label\">Pintak\u00e4sittely<\/div>\n<div class=\"cell value\">Anodisoitu, jauhemaalaus, puunsuikaleet<\/div>\n<\/div>\n<div class=\"row\">\n<div class=\"cell label\">Tyyppi<\/div>\n<div class=\"cell value\">100% QC-testaus<\/div>\n<\/div>\n<div class=\"row\">\n<div class=\"cell label\">OEM-palvelu<\/div>\n<div class=\"cell value\">Saatavilla<\/div>\n<\/div>\n<div class=\"row\">\n<div class=\"cell label\">Palvelu<\/div>\n<div class=\"cell value\">24 tuntia verkossa<\/div>\n<\/div>\n<div class=\"row\">\n<div class=\"cell label\">Sertifiointi<\/div>\n<div class=\"cell value\">ISO9001, CE, ROHS, testausselosteet<\/div>\n<\/div>\n<div class=\"row\">\n<div class=\"cell label\">Myyntiyksik\u00f6t<\/div>\n<div class=\"cell value\">Yksitt\u00e4inen tuote<\/div>\n<\/div>\n<div class=\"row\">\n<div class=\"cell label\">Yhden pakkauksen koko<\/div>\n<div class=\"cell value\">50X50X30 cm<\/div>\n<\/div>\n<div class=\"row\">\n<div class=\"cell label\">Yksitt\u00e4inen bruttopaino<\/div>\n<div class=\"cell value\">1.300 KG<\/div>\n<\/div>\n<\/div>\n<p><\/p>\n<h2>Tuotantopohjamme<\/h2>\n<h3>Tehtaan panoraama<\/h3>\n<p><img decoding=\"async\" src=\"\/wp-content\/uploads\/factory-01.webp\"\/><\/p>\n<h3>Alumiini Bar Manufacturing Workshop<\/h3>\n<p><img decoding=\"async\" src=\"\/wp-content\/uploads\/factory-02.webp\"\/><\/p>\n<p><img decoding=\"async\" src=\"\/wp-content\/uploads\/factory-03.webp\"\/><\/p>\n<h3>Muotin varastointi Varasto<\/h3>\n<p><img decoding=\"async\" src=\"\/wp-content\/uploads\/factory-04.webp\"\/><\/p>\n<h3>43 alumiinin ekstruusiolinjat (500-5500 tonnia)<\/h3>\n<p><img decoding=\"async\" src=\"\/wp-content\/uploads\/factory-05.webp\"\/><\/p>\n<p><img decoding=\"async\" src=\"\/wp-content\/uploads\/factory-06.webp\"\/><\/p>\n<p><img decoding=\"async\" src=\"\/wp-content\/uploads\/factory-07.webp\"\/><\/p>\n<h3>Jauhemaalaus ty\u00f6paja<\/h3>\n<p><img decoding=\"async\" src=\"\/wp-content\/uploads\/factory-09.webp\"\/><\/p>\n<h3>Anodisointi ty\u00f6paja<\/h3>\n<p><img decoding=\"async\" src=\"\/wp-content\/uploads\/factory-10.webp\"\/><\/p>\n<h3>Syv\u00e4k\u00e4sittelyn ty\u00f6paja<\/h3>\n<p><img decoding=\"async\" src=\"\/wp-content\/uploads\/factory-11.webp\"\/><\/p>\n<h3>CNC-tarkkuuskoneistus ty\u00f6paja<\/h3>\n<p><img decoding=\"async\" src=\"\/wp-content\/uploads\/factory-11.5.webp\"\/><\/p>\n<h3>Valmiiden tuotteiden ja vientivarasto<\/h3>\n<p><img decoding=\"async\" src=\"\/wp-content\/uploads\/factory-12.webp\"\/><\/p>\n<p><img decoding=\"async\" src=\"\/wp-content\/uploads\/factory-13.webp\"\/><\/p>\n<p><img decoding=\"async\" src=\"\/wp-content\/uploads\/factory-14.webp\"\/><\/p>\n<h2>FAQ<\/h2>\n<p><strong>1. Mik\u00e4 on yksiulotteisen h\u00f6yrykammion ensisijainen tarkoitus?<\/strong><br \/>H\u00f6yrykammio on suunniteltu haihduttamaan tehokkaasti elektronisten laitteiden l\u00e4mp\u00f6\u00e4, mik\u00e4 parantaa niiden suorituskyky\u00e4 ja k\u00e4ytt\u00f6ik\u00e4\u00e4.<\/p>\n<p><strong>2. Voidaanko h\u00f6yrykammio r\u00e4\u00e4t\u00e4l\u00f6id\u00e4 tiettyj\u00e4 sovelluksia varten?<\/strong><br \/>Kyll\u00e4, sen kokoa ja kokoonpanoa voidaan mukauttaa eri laitteisiin ja sovelluksiin sopivaksi.<\/p>\n<p><strong>3. Onko h\u00f6yrykammio yhteensopiva kaikentyyppisten elektronisten laitteiden kanssa?<\/strong><br \/>Se on yhteensopiva monenlaisten laitteiden kanssa, mutta mukauttaminen voi olla tarpeen tiettyj\u00e4 malleja varten.<\/p>\n<p><strong>4. Miten h\u00f6yrykammio parantaa laitteen suorituskyky\u00e4?<\/strong><br \/>Tehokkaasti l\u00e4mp\u00f6\u00e4 haihduttamalla se v\u00e4hent\u00e4\u00e4 l\u00e4mp\u00f6kuristusta ja mahdollistaa elektronisten komponenttien toiminnan optimaalisella nopeudella.<\/p>\n<p><strong>5. Mit\u00e4 materiaaleja on k\u00e4ytetty t\u00e4m\u00e4n h\u00f6yrykammion rakentamisessa?<\/strong><br \/>Kammio on tyypillisesti valmistettu kuparista tai alumiinista korkean l\u00e4mm\u00f6njohtavuuden vuoksi.<\/p>\n<p><strong>6. Soveltuuko t\u00e4m\u00e4 h\u00f6yrykammio suuritehoisiin tietokoneisiin?<\/strong><br \/>Kyll\u00e4, se on ihanteellinen korkean suorituskyvyn tietokoneisiin, jotka tarvitsevat erinomaista l\u00e4mm\u00f6nhallintaa.<\/p>\n<p><strong>7. Tarjoatteko teknist\u00e4 tukea h\u00f6yrykammion integrointiin?<\/strong><br \/>Kyll\u00e4, tarjoamme teknist\u00e4 apua varmistaaksemme onnistuneen integroinnin j\u00e4rjestelmiinne.<\/p>\n<p><\/p>","protected":false},"featured_media":10782,"template":"","categories":[74],"class_list":["post-11007","product","type-product","status-publish","has-post-thumbnail","hentry","category-vapor-chamber"],"meta_box":{"hilight_text_group":[{"product_hilight_text":"<li>Efficient heat dissipation with advanced vapor chamber technology<\/li>\n<li>Customizable sizes and configurations for diverse applications<\/li>\n<li>High thermal conductivity improves device performance<\/li>\n<li>Designed for seamless integration in electronic devices<\/li>\n<li>Durable construction ensures longevity and reliability<\/li>"}],"feature_list":[]},"_links":{"self":[{"href":"https:\/\/sinoextrud.com\/fi\/wp-json\/wp\/v2\/product\/11007","targetHints":{"allow":["GET"]}}],"collection":[{"href":"https:\/\/sinoextrud.com\/fi\/wp-json\/wp\/v2\/product"}],"about":[{"href":"https:\/\/sinoextrud.com\/fi\/wp-json\/wp\/v2\/types\/product"}],"wp:featuredmedia":[{"embeddable":true,"href":"https:\/\/sinoextrud.com\/fi\/wp-json\/wp\/v2\/media\/10782"}],"wp:attachment":[{"href":"https:\/\/sinoextrud.com\/fi\/wp-json\/wp\/v2\/media?parent=11007"}],"wp:term":[{"taxonomy":"category","embeddable":true,"href":"https:\/\/sinoextrud.com\/fi\/wp-json\/wp\/v2\/categories?post=11007"}],"curies":[{"name":"wp","href":"https:\/\/api.w.org\/{rel}","templated":true}]}}