{"id":11006,"date":"2025-08-01T03:38:50","date_gmt":"2025-08-01T03:38:50","guid":{"rendered":"https:\/\/sinoextrud.com\/product\/large-led-extruded-heat-sinks-for-lighting\/"},"modified":"2025-08-01T03:38:50","modified_gmt":"2025-08-01T03:38:50","slug":"suuret-led-suulakepuristetut-jaahdytyslevyt-valaistukseen","status":"publish","type":"product","link":"https:\/\/sinoextrud.com\/fi\/product\/large-led-extruded-heat-sinks-for-lighting\/","title":{"rendered":"Suuret LED suulakepuristetut j\u00e4\u00e4hdytyslevyt valaistukseen"},"content":{"rendered":"<h2>Tuotteiden tiedot<\/h2>\n<div class=\"product-table\">\n<div class=\"row\">\n<div class=\"cell label\">Luokka<\/div>\n<div class=\"cell value\">1000-sarja<\/div>\n<\/div>\n<div class=\"row\">\n<div class=\"cell label\">Suvaitsevaisuus<\/div>\n<div class=\"cell value\">\u00c2\u00b11%<\/div>\n<\/div>\n<div class=\"row\">\n<div class=\"cell label\">Toimitusaika<\/div>\n<div class=\"cell value\">15-21 p\u00e4iv\u00e4\u00e4<\/div>\n<\/div>\n<div class=\"row\">\n<div class=\"cell label\">Temper<\/div>\n<div class=\"cell value\">T3-T8<\/div>\n<\/div>\n<div class=\"row\">\n<div class=\"cell label\">Hakemus<\/div>\n<div class=\"cell value\">L\u00e4mm\u00f6nsiili<\/div>\n<\/div>\n<div class=\"row\">\n<div class=\"cell label\">Muoto<\/div>\n<div class=\"cell value\">Neli\u00f6<\/div>\n<\/div>\n<div class=\"row\">\n<div class=\"cell label\">Metalliseos tai ei<\/div>\n<div class=\"cell value\">Onko seos<\/div>\n<\/div>\n<div class=\"row\">\n<div class=\"cell label\">K\u00e4sittelypalvelu<\/div>\n<div class=\"cell value\">Taivutus, purku, hitsaus, rei'itys, leikkaus, rullapinta, rullapinta, rullapinta<\/div>\n<\/div>\n<div class=\"row\">\n<div class=\"cell label\">Tuotteen nimi<\/div>\n<div class=\"cell value\">Suulakepuristettu j\u00e4\u00e4hdytyslevy<\/div>\n<\/div>\n<div class=\"row\">\n<div class=\"cell label\">Prosessi<\/div>\n<div class=\"cell value\">Puristettu + CNC-ty\u00f6st\u00f6<\/div>\n<\/div>\n<div class=\"row\">\n<div class=\"cell label\">K\u00e4ytt\u00f6<\/div>\n<div class=\"cell value\">Kokoonpano<\/div>\n<\/div>\n<div class=\"row\">\n<div class=\"cell label\">V\u00e4ri<\/div>\n<div class=\"cell value\">Hopea<\/div>\n<\/div>\n<div class=\"row\">\n<div class=\"cell label\">Pintak\u00e4sittely<\/div>\n<div class=\"cell value\">Anodisointi<\/div>\n<\/div>\n<div class=\"row\">\n<div class=\"cell label\">MOQ<\/div>\n<div class=\"cell value\">2kpl<\/div>\n<\/div>\n<div class=\"row\">\n<div class=\"cell label\">Materiaali<\/div>\n<div class=\"cell value\">Metalliseos\/kupari<\/div>\n<\/div>\n<div class=\"row\">\n<div class=\"cell label\">Paketti<\/div>\n<div class=\"cell value\">Vaahto + kartonki<\/div>\n<\/div>\n<div class=\"row\">\n<div class=\"cell label\">Mitta<\/div>\n<div class=\"cell value\">R\u00e4\u00e4t\u00e4l\u00f6ity<\/div>\n<\/div>\n<div class=\"row\">\n<div class=\"cell label\">Suvaitsevaisuus<\/div>\n<div class=\"cell value\">0.01-0.05mm<\/div>\n<\/div>\n<div class=\"row\">\n<div class=\"cell label\">Myyntiyksik\u00f6t<\/div>\n<div class=\"cell value\">Yksitt\u00e4inen tuote<\/div>\n<\/div>\n<div class=\"row\">\n<div class=\"cell label\">Yhden pakkauksen koko<\/div>\n<div class=\"cell value\">35X30X25 cm<\/div>\n<\/div>\n<div class=\"row\">\n<div class=\"cell label\">Yksitt\u00e4inen bruttopaino<\/div>\n<div class=\"cell value\">2.000 KG<\/div>\n<\/div>\n<\/div>\n<p><\/p>\n<h2>Tuotantopohjamme<\/h2>\n<h3>Tehtaan panoraama<\/h3>\n<p><img decoding=\"async\" src=\"\/wp-content\/uploads\/factory-01.webp\"\/><\/p>\n<h3>Alumiini Bar Manufacturing Workshop<\/h3>\n<p><img decoding=\"async\" src=\"\/wp-content\/uploads\/factory-02.webp\"\/><\/p>\n<p><img decoding=\"async\" src=\"\/wp-content\/uploads\/factory-03.webp\"\/><\/p>\n<h3>Muotin varastointi Varasto<\/h3>\n<p><img decoding=\"async\" src=\"\/wp-content\/uploads\/factory-04.webp\"\/><\/p>\n<h3>43 alumiinin ekstruusiolinjat (500-5500 tonnia)<\/h3>\n<p><img decoding=\"async\" src=\"\/wp-content\/uploads\/factory-05.webp\"\/><\/p>\n<p><img decoding=\"async\" src=\"\/wp-content\/uploads\/factory-06.webp\"\/><\/p>\n<p><img decoding=\"async\" src=\"\/wp-content\/uploads\/factory-07.webp\"\/><\/p>\n<h3>Jauhemaalaus ty\u00f6paja<\/h3>\n<p><img decoding=\"async\" src=\"\/wp-content\/uploads\/factory-09.webp\"\/><\/p>\n<h3>Anodisointi ty\u00f6paja<\/h3>\n<p><img decoding=\"async\" src=\"\/wp-content\/uploads\/factory-10.webp\"\/><\/p>\n<h3>Syv\u00e4k\u00e4sittelyn ty\u00f6paja<\/h3>\n<p><img decoding=\"async\" src=\"\/wp-content\/uploads\/factory-11.webp\"\/><\/p>\n<h3>CNC-tarkkuuskoneistus ty\u00f6paja<\/h3>\n<p><img decoding=\"async\" src=\"\/wp-content\/uploads\/factory-11.5.webp\"\/><\/p>\n<h3>Valmiiden tuotteiden ja vientivarasto<\/h3>\n<p><img decoding=\"async\" src=\"\/wp-content\/uploads\/factory-12.webp\"\/><\/p>\n<p><img decoding=\"async\" src=\"\/wp-content\/uploads\/factory-13.webp\"\/><\/p>\n<p><img decoding=\"async\" src=\"\/wp-content\/uploads\/factory-14.webp\"\/><\/p>\n<h2>FAQ<\/h2>\n<p><strong>1. Mihin k\u00e4ytet\u00e4\u00e4n suuria LED-puristettuja j\u00e4\u00e4hdytyslevyj\u00e4?<\/strong><br \/>Niit\u00e4 k\u00e4ytet\u00e4\u00e4n LED-valojen tuottaman l\u00e4mm\u00f6n haihduttamiseen, mik\u00e4 pident\u00e4\u00e4 niiden k\u00e4ytt\u00f6ik\u00e4\u00e4 ja suorituskyky\u00e4.<\/p>\n<p><strong>2. Voiko j\u00e4\u00e4hdytyslevyj\u00e4 mukauttaa?<\/strong><br \/>Kyll\u00e4, tarjoamme r\u00e4\u00e4t\u00e4l\u00f6intivaihtoehtoja, kuten kokoa, muotoa ja viimeistely\u00e4 erityisvaatimusten t\u00e4ytt\u00e4miseksi.<\/p>\n<p><strong>3. Mit\u00e4 materiaaleja n\u00e4iss\u00e4 j\u00e4\u00e4hdytyslevyiss\u00e4 k\u00e4ytet\u00e4\u00e4n?<\/strong><br \/>Ne valmistetaan p\u00e4\u00e4asiassa alumiinista, joka on tunnettu erinomaisesta l\u00e4mm\u00f6njohtavuudestaan ja kevyist\u00e4 ominaisuuksistaan.<\/p>\n<p><strong>4. Soveltuvatko n\u00e4m\u00e4 j\u00e4\u00e4hdytyslevyt ulkok\u00e4ytt\u00f6\u00f6n?<\/strong><br \/>Kyll\u00e4, anodisoituina ne tarjoavat korroosionkest\u00e4vyyden, joka soveltuu ulkoymp\u00e4rist\u00f6ihin.<\/p>\n<p><strong>5. Mit\u00e4 hy\u00f6ty\u00e4 on suulakepuristettujen j\u00e4\u00e4hdytyslevyjen k\u00e4yt\u00f6st\u00e4 LEDeille?<\/strong><br \/>Puristetut j\u00e4\u00e4hdytyslevyt tarjoavat tehokkaan l\u00e4mm\u00f6nhallinnan, mik\u00e4 parantaa LEDien suorituskyky\u00e4 ja pitk\u00e4ik\u00e4isyytt\u00e4.<\/p>\n<p><strong>6. Miten valitsen oikean kokoisen j\u00e4\u00e4hdytyselementin LED-sovellukseeni?<\/strong><br \/>Ota huomioon LED-moduulin l\u00e4mm\u00f6ntuotto, jotta voit varmistaa riitt\u00e4v\u00e4n l\u00e4mm\u00f6npoistokyvyn.<\/p>\n<p><strong>7. Tarjoatteko teknist\u00e4 tukea n\u00e4iden j\u00e4\u00e4hdytyslevyjen integroimiseksi?<\/strong><br \/>Kyll\u00e4, tiimimme voi auttaa integroinnissa ja teknisiss\u00e4 vaatimuksissa optimaalisen suorituskyvyn varmistamiseksi.<\/p>\n<p><\/p>","protected":false},"featured_media":10746,"template":"","categories":[72],"class_list":["post-11006","product","type-product","status-publish","has-post-thumbnail","hentry","category-extruded-aluminum-heatsink"],"meta_box":{"hilight_text_group":[{"product_hilight_text":"<li>Optimized for efficient heat dissipation in LED applications<\/li>\n<li>Customizable sizes to fit different LED modules and fixtures<\/li>\n<li>High thermal conductivity for enhanced LED lifespan<\/li>\n<li>Lightweight aluminum construction for ease of installation<\/li>\n<li>Available in anodized finishes for corrosion resistance<\/li>"}],"feature_list":[]},"_links":{"self":[{"href":"https:\/\/sinoextrud.com\/fi\/wp-json\/wp\/v2\/product\/11006","targetHints":{"allow":["GET"]}}],"collection":[{"href":"https:\/\/sinoextrud.com\/fi\/wp-json\/wp\/v2\/product"}],"about":[{"href":"https:\/\/sinoextrud.com\/fi\/wp-json\/wp\/v2\/types\/product"}],"wp:featuredmedia":[{"embeddable":true,"href":"https:\/\/sinoextrud.com\/fi\/wp-json\/wp\/v2\/media\/10746"}],"wp:attachment":[{"href":"https:\/\/sinoextrud.com\/fi\/wp-json\/wp\/v2\/media?parent=11006"}],"wp:term":[{"taxonomy":"category","embeddable":true,"href":"https:\/\/sinoextrud.com\/fi\/wp-json\/wp\/v2\/categories?post=11006"}],"curies":[{"name":"wp","href":"https:\/\/api.w.org\/{rel}","templated":true}]}}