{"id":11005,"date":"2025-08-01T03:38:48","date_gmt":"2025-08-01T03:38:48","guid":{"rendered":"https:\/\/sinoextrud.com\/product\/multi-chambered-aluminum-heat-sink-vapor-chamber\/"},"modified":"2025-08-01T03:38:48","modified_gmt":"2025-08-01T03:38:48","slug":"monikammioinen-alumiininen-jaahdytyselementti-hoyrykammio","status":"publish","type":"product","link":"https:\/\/sinoextrud.com\/fi\/product\/multi-chambered-aluminum-heat-sink-vapor-chamber\/","title":{"rendered":"Monikammioinen alumiininen j\u00e4\u00e4hdytyselementti H\u00f6yrykammio"},"content":{"rendered":"<h2>Tuotteiden tiedot<\/h2>\n<div class=\"product-table\">\n<div class=\"row\">\n<div class=\"cell label\">CNC-ty\u00f6st\u00f6 vai ei<\/div>\n<div class=\"cell value\">Cnc-ty\u00f6st\u00f6<\/div>\n<\/div>\n<div class=\"row\">\n<div class=\"cell label\">Materiaalivalmiudet<\/div>\n<div class=\"cell value\">Alumiini, messinki, pronssi, kupari, karkaistut metallit, jalometallit, ruostumaton ter\u00e4s, ter\u00e4sseokset, titaaniosat.<\/div>\n<\/div>\n<div class=\"row\">\n<div class=\"cell label\">Tyyppi<\/div>\n<div class=\"cell value\">Jyrsint\u00e4, Laserty\u00f6st\u00f6, Laserty\u00f6st\u00f6, Jyrsint\u00e4, Poraaminen, Sy\u00f6vytys \/ kemiallinen ty\u00f6st\u00f6, Muut ty\u00f6st\u00f6palvelut, Sorvaus, Langankorjaus, Nopea prototyyppien rakentaminen, Puristus<\/div>\n<\/div>\n<div class=\"row\">\n<div class=\"cell label\">Mikrokoneistus vai ei<\/div>\n<div class=\"cell value\">Mikrokoneistus<\/div>\n<\/div>\n<div class=\"row\">\n<div class=\"cell label\">Tuotteen nimi<\/div>\n<div class=\"cell value\">J\u00e4\u00e4hdytyslevyjen ty\u00f6st\u00f6palvelu<\/div>\n<\/div>\n<div class=\"row\">\n<div class=\"cell label\">CNC-toleranssi<\/div>\n<div class=\"cell value\">0.02mm<\/div>\n<\/div>\n<div class=\"row\">\n<div class=\"cell label\">OEM\/ODM<\/div>\n<div class=\"cell value\">Accepptable<\/div>\n<\/div>\n<div class=\"row\">\n<div class=\"cell label\">Prosessi<\/div>\n<div class=\"cell value\">CNC-ty\u00f6st\u00f6 + purseenpoisto<\/div>\n<\/div>\n<div class=\"row\">\n<div class=\"cell label\">Piirustusmuoto<\/div>\n<div class=\"cell value\">DWG, STP<\/div>\n<\/div>\n<div class=\"row\">\n<div class=\"cell label\">Logo<\/div>\n<div class=\"cell value\">Asiakkaan logo<\/div>\n<\/div>\n<div class=\"row\">\n<div class=\"cell label\">Pintak\u00e4sittely<\/div>\n<div class=\"cell value\">Pyynn\u00f6n mukaan<\/div>\n<\/div>\n<div class=\"row\">\n<div class=\"cell label\">Pakkaus<\/div>\n<div class=\"cell value\">Poly Bag + Inner Box + Carton<\/div>\n<\/div>\n<div class=\"row\">\n<div class=\"cell label\">Sertifiointi<\/div>\n<div class=\"cell value\">ISO9001:2018\/ROSH<\/div>\n<\/div>\n<div class=\"row\">\n<div class=\"cell label\">MOQ<\/div>\n<div class=\"cell value\">1PCS<\/div>\n<\/div>\n<div class=\"row\">\n<div class=\"cell label\">Myyntiyksik\u00f6t<\/div>\n<div class=\"cell value\">Yksitt\u00e4inen tuote<\/div>\n<\/div>\n<div class=\"row\">\n<div class=\"cell label\">Yhden pakkauksen koko<\/div>\n<div class=\"cell value\">28X30X25 cm<\/div>\n<\/div>\n<div class=\"row\">\n<div class=\"cell label\">Yksitt\u00e4inen bruttopaino<\/div>\n<div class=\"cell value\">1.000 KG<\/div>\n<\/div>\n<\/div>\n<p><\/p>\n<h2>Tuotantopohjamme<\/h2>\n<h3>Tehtaan panoraama<\/h3>\n<p><img decoding=\"async\" src=\"\/wp-content\/uploads\/factory-01.webp\"\/><\/p>\n<h3>Alumiini Bar Manufacturing Workshop<\/h3>\n<p><img decoding=\"async\" src=\"\/wp-content\/uploads\/factory-02.webp\"\/><\/p>\n<p><img decoding=\"async\" src=\"\/wp-content\/uploads\/factory-03.webp\"\/><\/p>\n<h3>Muotin varastointi Varasto<\/h3>\n<p><img decoding=\"async\" src=\"\/wp-content\/uploads\/factory-04.webp\"\/><\/p>\n<h3>43 alumiinin ekstruusiolinjat (500-5500 tonnia)<\/h3>\n<p><img decoding=\"async\" src=\"\/wp-content\/uploads\/factory-05.webp\"\/><\/p>\n<p><img decoding=\"async\" src=\"\/wp-content\/uploads\/factory-06.webp\"\/><\/p>\n<p><img decoding=\"async\" src=\"\/wp-content\/uploads\/factory-07.webp\"\/><\/p>\n<h3>Jauhemaalaus ty\u00f6paja<\/h3>\n<p><img decoding=\"async\" src=\"\/wp-content\/uploads\/factory-09.webp\"\/><\/p>\n<h3>Anodisointi ty\u00f6paja<\/h3>\n<p><img decoding=\"async\" src=\"\/wp-content\/uploads\/factory-10.webp\"\/><\/p>\n<h3>Syv\u00e4k\u00e4sittelyn ty\u00f6paja<\/h3>\n<p><img decoding=\"async\" src=\"\/wp-content\/uploads\/factory-11.webp\"\/><\/p>\n<h3>CNC-tarkkuuskoneistus ty\u00f6paja<\/h3>\n<p><img decoding=\"async\" src=\"\/wp-content\/uploads\/factory-11.5.webp\"\/><\/p>\n<h3>Valmiiden tuotteiden ja vientivarasto<\/h3>\n<p><img decoding=\"async\" src=\"\/wp-content\/uploads\/factory-12.webp\"\/><\/p>\n<p><img decoding=\"async\" src=\"\/wp-content\/uploads\/factory-13.webp\"\/><\/p>\n<p><img decoding=\"async\" src=\"\/wp-content\/uploads\/factory-14.webp\"\/><\/p>\n<h2>FAQ<\/h2>\n<p><strong>1. Mihin monikammioista alumiinista j\u00e4\u00e4hdytyselementti\u00e4 k\u00e4ytet\u00e4\u00e4n?<\/strong><br \/>Sit\u00e4 k\u00e4ytet\u00e4\u00e4n tehokkaaseen l\u00e4mm\u00f6nhallintaan elektronisissa laitteissa, mik\u00e4 parantaa j\u00e4\u00e4hdytystehoa.<\/p>\n<p><strong>2. Voidaanko alumiininen j\u00e4\u00e4hdytyselementin h\u00f6yrykammio r\u00e4\u00e4t\u00e4l\u00f6id\u00e4 tiettyj\u00e4 sovelluksia varten?<\/strong><br \/>Kyll\u00e4, malleja voidaan r\u00e4\u00e4t\u00e4l\u00f6id\u00e4 teollisuuden erityistarpeiden ja laitteiden spesifikaatioiden mukaan.<\/p>\n<p><strong>3. Tukeeko h\u00f6yrykammio suuren tehotiheyden laitteita?<\/strong><br \/>Kyll\u00e4, se on suunniteltu hallitsemaan tehokkaasti l\u00e4mp\u00f6\u00e4 suuren tehotiheyden sovelluksissa.<\/p>\n<p><strong>4. Mit\u00e4 materiaaleja h\u00f6yrykammion rakentamisessa on k\u00e4ytetty?<\/strong><br \/>H\u00f6yrykammio on valmistettu kevyest\u00e4 alumiinista kest\u00e4vyyden ja tehokkuuden varmistamiseksi.<\/p>\n<p><strong>5. Soveltuuko t\u00e4m\u00e4 tuote korkean suorituskyvyn elektroniikkaan?<\/strong><br \/>Se on ehdottomasti suunniteltu optimaaliseen l\u00e4mm\u00f6ntuottoon huipputehokkaissa elektroniikkalaitteissa.<\/p>\n<p><strong>6. Miten useat kammiot parantavat h\u00f6yrykammion suorituskyky\u00e4?<\/strong><br \/>Useat kammiot parantavat l\u00e4mm\u00f6nsiirtokyky\u00e4 ja levitt\u00e4v\u00e4t l\u00e4mm\u00f6n tasaisemmin koko pinnalle.<\/p>\n<p><strong>7. Voidaanko h\u00f6yrykammio integroida olemassa oleviin j\u00e4rjestelmiin?<\/strong><br \/>Kyll\u00e4, sen kevyt ja mukautuva rakenne tekee siit\u00e4 helposti integroitavissa olevan l\u00e4mm\u00f6nhallintaj\u00e4rjestelm\u00e4n.<\/p>\n<p><\/p>","protected":false},"featured_media":10783,"template":"","categories":[55],"class_list":["post-11005","product","type-product","status-publish","has-post-thumbnail","hentry","category-extruded-aluminum-profiles"],"meta_box":{"hilight_text_group":[{"product_hilight_text":"<li>Efficient thermal management for high-performance devices<\/li>\n<li>Lightweight aluminum construction for easy integration<\/li>\n<li>Multiple chambers enhance heat dissipation abilities<\/li>\n<li>Custom designs available for specific industrial applications<\/li>\n<li>Supports high power density applications<\/li>"}],"feature_list":[]},"_links":{"self":[{"href":"https:\/\/sinoextrud.com\/fi\/wp-json\/wp\/v2\/product\/11005","targetHints":{"allow":["GET"]}}],"collection":[{"href":"https:\/\/sinoextrud.com\/fi\/wp-json\/wp\/v2\/product"}],"about":[{"href":"https:\/\/sinoextrud.com\/fi\/wp-json\/wp\/v2\/types\/product"}],"wp:featuredmedia":[{"embeddable":true,"href":"https:\/\/sinoextrud.com\/fi\/wp-json\/wp\/v2\/media\/10783"}],"wp:attachment":[{"href":"https:\/\/sinoextrud.com\/fi\/wp-json\/wp\/v2\/media?parent=11005"}],"wp:term":[{"taxonomy":"category","embeddable":true,"href":"https:\/\/sinoextrud.com\/fi\/wp-json\/wp\/v2\/categories?post=11005"}],"curies":[{"name":"wp","href":"https:\/\/api.w.org\/{rel}","templated":true}]}}