{"id":11003,"date":"2025-08-01T03:38:44","date_gmt":"2025-08-01T03:38:44","guid":{"rendered":"https:\/\/sinoextrud.com\/product\/highly-difficult-extruded-heat-sinks-for-ssr-modules\/"},"modified":"2025-08-01T03:38:44","modified_gmt":"2025-08-01T03:38:44","slug":"erittain-vaikeat-suulakepuristetut-jaahdytyselementit-ssr-moduuleille","status":"publish","type":"product","link":"https:\/\/sinoextrud.com\/fi\/product\/highly-difficult-extruded-heat-sinks-for-ssr-modules\/","title":{"rendered":"Eritt\u00e4in vaikeat suulakepuristetut j\u00e4\u00e4hdytyslevyt SSR-moduuleille"},"content":{"rendered":"<h2>Tuotteiden tiedot<\/h2>\n<div class=\"product-table\">\n<div class=\"row\">\n<div class=\"cell label\">K\u00e4ytt\u00f6<\/div>\n<div class=\"cell value\">Yleinen k\u00e4ytt\u00f6tarkoitus<\/div>\n<\/div>\n<div class=\"row\">\n<div class=\"cell label\">Alkuper\u00e4<\/div>\n<div class=\"cell value\">Manner-Kiina<\/div>\n<\/div>\n<div class=\"row\">\n<div class=\"cell label\">Myyntiyksik\u00f6t<\/div>\n<div class=\"cell value\">Yksitt\u00e4inen tuote<\/div>\n<\/div>\n<div class=\"row\">\n<div class=\"cell label\">Yhden pakkauksen koko<\/div>\n<div class=\"cell value\">10X10X10 cm<\/div>\n<\/div>\n<div class=\"row\">\n<div class=\"cell label\">Yksitt\u00e4inen bruttopaino<\/div>\n<div class=\"cell value\">0,120 kg<\/div>\n<\/div>\n<\/div>\n<p><\/p>\n<h2>Tuotantopohjamme<\/h2>\n<h3>Tehtaan panoraama<\/h3>\n<p><img decoding=\"async\" src=\"\/wp-content\/uploads\/factory-01.webp\"\/><\/p>\n<h3>Alumiini Bar Manufacturing Workshop<\/h3>\n<p><img decoding=\"async\" src=\"\/wp-content\/uploads\/factory-02.webp\"\/><\/p>\n<p><img decoding=\"async\" src=\"\/wp-content\/uploads\/factory-03.webp\"\/><\/p>\n<h3>Muotin varastointi Varasto<\/h3>\n<p><img decoding=\"async\" src=\"\/wp-content\/uploads\/factory-04.webp\"\/><\/p>\n<h3>43 alumiinin ekstruusiolinjat (500-5500 tonnia)<\/h3>\n<p><img decoding=\"async\" src=\"\/wp-content\/uploads\/factory-05.webp\"\/><\/p>\n<p><img decoding=\"async\" src=\"\/wp-content\/uploads\/factory-06.webp\"\/><\/p>\n<p><img decoding=\"async\" src=\"\/wp-content\/uploads\/factory-07.webp\"\/><\/p>\n<h3>Jauhemaalaus ty\u00f6paja<\/h3>\n<p><img decoding=\"async\" src=\"\/wp-content\/uploads\/factory-09.webp\"\/><\/p>\n<h3>Anodisointi ty\u00f6paja<\/h3>\n<p><img decoding=\"async\" src=\"\/wp-content\/uploads\/factory-10.webp\"\/><\/p>\n<h3>Syv\u00e4k\u00e4sittelyn ty\u00f6paja<\/h3>\n<p><img decoding=\"async\" src=\"\/wp-content\/uploads\/factory-11.webp\"\/><\/p>\n<h3>CNC-tarkkuuskoneistus ty\u00f6paja<\/h3>\n<p><img decoding=\"async\" src=\"\/wp-content\/uploads\/factory-11.5.webp\"\/><\/p>\n<h3>Valmiiden tuotteiden ja vientivarasto<\/h3>\n<p><img decoding=\"async\" src=\"\/wp-content\/uploads\/factory-12.webp\"\/><\/p>\n<p><img decoding=\"async\" src=\"\/wp-content\/uploads\/factory-13.webp\"\/><\/p>\n<p><img decoding=\"async\" src=\"\/wp-content\/uploads\/factory-14.webp\"\/><\/p>\n<h2>FAQ<\/h2>\n<p><strong>1. Mitk\u00e4 ovat ekstrudoitujen j\u00e4\u00e4hdytyselementtien p\u00e4\u00e4asialliset k\u00e4ytt\u00f6kohteet?<\/strong><br \/>Niit\u00e4 k\u00e4ytet\u00e4\u00e4n p\u00e4\u00e4asiassa SSR:iss\u00e4 l\u00e4mp\u00f6tehokkuuden ja luotettavuuden parantamiseksi.<\/p>\n<p><strong>2. Voidaanko n\u00e4it\u00e4 j\u00e4\u00e4hdytyselementtej\u00e4 r\u00e4\u00e4t\u00e4l\u00f6id\u00e4 tiettyihin mittoihin?<\/strong><br \/>Kyll\u00e4, tarjoamme r\u00e4\u00e4t\u00e4l\u00f6inti\u00e4 yksil\u00f6llisten spesifikaatioiden ja kokovaatimusten mukaisesti.<\/p>\n<p><strong>3. Tukevatko n\u00e4m\u00e4 j\u00e4\u00e4hdytyselementit korkeaa l\u00e4mm\u00f6njohtavuutta?<\/strong><br \/>Ehdottomasti, ne on suunniteltu hallitsemaan tehokkaasti suuria l\u00e4mp\u00f6kuormia.<\/p>\n<p><strong>4. Voiko j\u00e4\u00e4hdytyselementin pinnan viimeistelyn mukauttaa?<\/strong><br \/>Kyll\u00e4, saatavilla on erilaisia viimeistelyj\u00e4, jotka sopivat suunnittelusi esteettisiin vaatimuksiin.<\/p>\n<p><strong>5. Mist\u00e4 materiaaleista n\u00e4m\u00e4 j\u00e4\u00e4hdytyselementit on valmistettu?<\/strong><br \/>Ne on yleens\u00e4 valmistettu korkealaatuisesta alumiinista, mutta muita materiaaleja on saatavilla pyynn\u00f6st\u00e4.<\/p>\n<p><strong>6. Soveltuvatko n\u00e4m\u00e4 tuotteet korkean energian ymp\u00e4rist\u00f6ihin?<\/strong><br \/>Kyll\u00e4, ne on rakennettu kest\u00e4m\u00e4\u00e4n vaativia l\u00e4mp\u00f6- ja mekaanisia olosuhteita.<\/p>\n<p><strong>7. Tarjoatteko ratkaisuja l\u00e4mp\u00f6hallintaj\u00e4rjestelmien parantamiseen?<\/strong><br \/>Kyll\u00e4, j\u00e4\u00e4hdytyselementtimme ovat olennainen osa optimoituja l\u00e4mm\u00f6nhallintaratkaisuja.<\/p>\n<p><\/p>","protected":false},"featured_media":10751,"template":"","categories":[72],"class_list":["post-11003","product","type-product","status-publish","has-post-thumbnail","hentry","category-extruded-aluminum-heatsink"],"meta_box":{"hilight_text_group":[{"product_hilight_text":"<li>Engineered for superior thermal management in SSR applications<\/li>\n<li>Capable of handling extreme temperatures with high thermal conductivity<\/li>\n<li>Precisely extruded for intricate and complex designs<\/li>\n<li>Customizable in dimensions and finishes to meet specific requirements<\/li>\n<li>Manufactured with high-quality materials ensuring robust performance<\/li>"}],"feature_list":[]},"_links":{"self":[{"href":"https:\/\/sinoextrud.com\/fi\/wp-json\/wp\/v2\/product\/11003","targetHints":{"allow":["GET"]}}],"collection":[{"href":"https:\/\/sinoextrud.com\/fi\/wp-json\/wp\/v2\/product"}],"about":[{"href":"https:\/\/sinoextrud.com\/fi\/wp-json\/wp\/v2\/types\/product"}],"wp:featuredmedia":[{"embeddable":true,"href":"https:\/\/sinoextrud.com\/fi\/wp-json\/wp\/v2\/media\/10751"}],"wp:attachment":[{"href":"https:\/\/sinoextrud.com\/fi\/wp-json\/wp\/v2\/media?parent=11003"}],"wp:term":[{"taxonomy":"category","embeddable":true,"href":"https:\/\/sinoextrud.com\/fi\/wp-json\/wp\/v2\/categories?post=11003"}],"curies":[{"name":"wp","href":"https:\/\/api.w.org\/{rel}","templated":true}]}}