{"id":11002,"date":"2025-08-01T03:38:41","date_gmt":"2025-08-01T03:38:41","guid":{"rendered":"https:\/\/sinoextrud.com\/product\/led-heat-sink-for-thermal-control\/"},"modified":"2025-08-01T03:38:41","modified_gmt":"2025-08-01T03:38:41","slug":"led-jaahdytyselementti-lammonsaatoa-varten","status":"publish","type":"product","link":"https:\/\/sinoextrud.com\/fi\/product\/led-heat-sink-for-thermal-control\/","title":{"rendered":"LED-l\u00e4mm\u00f6nsiirtoelementti l\u00e4mm\u00f6ns\u00e4\u00e4t\u00f6\u00e4 varten"},"content":{"rendered":"<h2>Tuotteiden tiedot<\/h2>\n<div class=\"product-table\">\n<div class=\"row\">\n<div class=\"cell label\">Tyyppi<\/div>\n<div class=\"cell value\">J\u00e4\u00e4hdytyselementti<\/div>\n<\/div>\n<div class=\"row\">\n<div class=\"cell label\">Kiinnitysmenetelm\u00e4<\/div>\n<div class=\"cell value\">Juottaminen<\/div>\n<\/div>\n<div class=\"row\">\n<div class=\"cell label\">Materiaali<\/div>\n<div class=\"cell value\">Alumiini ja kupari<\/div>\n<\/div>\n<div class=\"row\">\n<div class=\"cell label\">Hakemus<\/div>\n<div class=\"cell value\">LED-j\u00e4\u00e4hdytysj\u00e4rjestelm\u00e4; LED-lavavalo<\/div>\n<\/div>\n<div class=\"row\">\n<div class=\"cell label\">Sertifiointi<\/div>\n<div class=\"cell value\">ISO9001:2015; IATF 16949: 2016<\/div>\n<\/div>\n<div class=\"row\">\n<div class=\"cell label\">Myyntiyksik\u00f6t<\/div>\n<div class=\"cell value\">Yksitt\u00e4inen tuote<\/div>\n<\/div>\n<\/div>\n<p><\/p>\n<h2>Tuotantopohjamme<\/h2>\n<h3>Tehtaan panoraama<\/h3>\n<p><img decoding=\"async\" src=\"\/wp-content\/uploads\/factory-01.webp\"\/><\/p>\n<h3>Alumiini Bar Manufacturing Workshop<\/h3>\n<p><img decoding=\"async\" src=\"\/wp-content\/uploads\/factory-02.webp\"\/><\/p>\n<p><img decoding=\"async\" src=\"\/wp-content\/uploads\/factory-03.webp\"\/><\/p>\n<h3>Muotin varastointi Varasto<\/h3>\n<p><img decoding=\"async\" src=\"\/wp-content\/uploads\/factory-04.webp\"\/><\/p>\n<h3>43 alumiinin ekstruusiolinjat (500-5500 tonnia)<\/h3>\n<p><img decoding=\"async\" src=\"\/wp-content\/uploads\/factory-05.webp\"\/><\/p>\n<p><img decoding=\"async\" src=\"\/wp-content\/uploads\/factory-06.webp\"\/><\/p>\n<p><img decoding=\"async\" src=\"\/wp-content\/uploads\/factory-07.webp\"\/><\/p>\n<h3>Jauhemaalaus ty\u00f6paja<\/h3>\n<p><img decoding=\"async\" src=\"\/wp-content\/uploads\/factory-09.webp\"\/><\/p>\n<h3>Anodisointi ty\u00f6paja<\/h3>\n<p><img decoding=\"async\" src=\"\/wp-content\/uploads\/factory-10.webp\"\/><\/p>\n<h3>Syv\u00e4k\u00e4sittelyn ty\u00f6paja<\/h3>\n<p><img decoding=\"async\" src=\"\/wp-content\/uploads\/factory-11.webp\"\/><\/p>\n<h3>CNC-tarkkuuskoneistus ty\u00f6paja<\/h3>\n<p><img decoding=\"async\" src=\"\/wp-content\/uploads\/factory-11.5.webp\"\/><\/p>\n<h3>Valmiiden tuotteiden ja vientivarasto<\/h3>\n<p><img decoding=\"async\" src=\"\/wp-content\/uploads\/factory-12.webp\"\/><\/p>\n<p><img decoding=\"async\" src=\"\/wp-content\/uploads\/factory-13.webp\"\/><\/p>\n<p><img decoding=\"async\" src=\"\/wp-content\/uploads\/factory-14.webp\"\/><\/p>\n<h2>FAQ<\/h2>\n<p><strong>1. Mik\u00e4 on LED-j\u00e4\u00e4hdytyselementin ensisijainen teht\u00e4v\u00e4?<\/strong><br \/>LED-j\u00e4\u00e4hdytyselementti on suunniteltu haihduttamaan l\u00e4mp\u00f6\u00e4 tehokkaasti, mik\u00e4 pident\u00e4\u00e4 LED-valojen k\u00e4ytt\u00f6ik\u00e4\u00e4 ja tehokkuutta.<\/p>\n<p><strong>2. Voidaanko LED-j\u00e4\u00e4hdytyselementti r\u00e4\u00e4t\u00e4l\u00f6id\u00e4?<\/strong><br \/>Kyll\u00e4, tarjoamme r\u00e4\u00e4t\u00e4l\u00f6inti\u00e4 koon, muodon ja kiinnitysvaihtoehtojen osalta tiettyihin LED-sovelluksiin sopiviksi.<\/p>\n<p><strong>3. Onko LED-j\u00e4\u00e4hdytyselementti yhteensopiva kaikentyyppisten LEDien kanssa?<\/strong><br \/>J\u00e4\u00e4hdytyselementtimme ovat yhteensopivia monenlaisten LED-moduulien kanssa, joten ne soveltuvat erilaisiin sovelluksiin.<\/p>\n<p><strong>4. Mit\u00e4 materiaaleja k\u00e4ytet\u00e4\u00e4n ledin j\u00e4\u00e4hdytyselementin rakentamisessa?<\/strong><br \/>J\u00e4\u00e4hdytyslevyt on valmistettu p\u00e4\u00e4asiassa korkealaatuisesta alumiinista optimaalisen l\u00e4mp\u00f6suorituskyvyn varmistamiseksi.<\/p>\n<p><strong>5. Mit\u00e4 etuja korkealaatuiset materiaalit tuovat j\u00e4\u00e4hdytyselementtiin?<\/strong><br \/>Laadukkaiden materiaalien k\u00e4ytt\u00f6 takaa tehokkaan l\u00e4mm\u00f6npoiston ja pident\u00e4\u00e4 LED-sovellusten k\u00e4ytt\u00f6ik\u00e4\u00e4.<\/p>\n<p><strong>6. Miten j\u00e4\u00e4hdytyselementin rakenne vaikuttaa sen suorituskykyyn?<\/strong><br \/>Hyvin suunniteltu j\u00e4\u00e4hdytyselementti parantaa l\u00e4mm\u00f6nhukkaa ja voi parantaa merkitt\u00e4v\u00e4sti LED-valojen tehokkuutta.<\/p>\n<p><strong>7. Onko j\u00e4\u00e4hdytyselementti ymp\u00e4rist\u00f6yst\u00e4v\u00e4llinen?<\/strong><br \/>Kyll\u00e4, tuotteemme on valmistettu kierr\u00e4tyskelpoisista materiaaleista ja suunniteltu kest\u00e4v\u00e4n kehityksen n\u00e4k\u00f6kulmasta.<\/p>\n<p><\/p>","protected":false},"featured_media":10789,"template":"","categories":[72],"class_list":["post-11002","product","type-product","status-publish","has-post-thumbnail","hentry","category-extruded-aluminum-heatsink"],"meta_box":{"hilight_text_group":[{"product_hilight_text":"<li>Optimized for superior thermal management in LED applications<\/li>\n<li>Available in various shapes and sizes to fit different LED designs<\/li>\n<li>Manufactured with high-quality aluminum for efficient heat dissipation<\/li>\n<li>Supports customized solutions for unique project requirements<\/li>\n<li>Compatible with a wide range of LED modules and systems<\/li>"}],"feature_list":[]},"_links":{"self":[{"href":"https:\/\/sinoextrud.com\/fi\/wp-json\/wp\/v2\/product\/11002","targetHints":{"allow":["GET"]}}],"collection":[{"href":"https:\/\/sinoextrud.com\/fi\/wp-json\/wp\/v2\/product"}],"about":[{"href":"https:\/\/sinoextrud.com\/fi\/wp-json\/wp\/v2\/types\/product"}],"wp:featuredmedia":[{"embeddable":true,"href":"https:\/\/sinoextrud.com\/fi\/wp-json\/wp\/v2\/media\/10789"}],"wp:attachment":[{"href":"https:\/\/sinoextrud.com\/fi\/wp-json\/wp\/v2\/media?parent=11002"}],"wp:term":[{"taxonomy":"category","embeddable":true,"href":"https:\/\/sinoextrud.com\/fi\/wp-json\/wp\/v2\/categories?post=11002"}],"curies":[{"name":"wp","href":"https:\/\/api.w.org\/{rel}","templated":true}]}}