{"id":11001,"date":"2025-08-01T03:38:39","date_gmt":"2025-08-01T03:38:39","guid":{"rendered":"https:\/\/sinoextrud.com\/product\/miniature-heat-sink-for-compact-electronics\/"},"modified":"2025-08-01T03:38:39","modified_gmt":"2025-08-01T03:38:39","slug":"pienoiskoossa-oleva-jaahdytyselementti-kompaktia-elektroniikkaa-varten","status":"publish","type":"product","link":"https:\/\/sinoextrud.com\/fi\/product\/miniature-heat-sink-for-compact-electronics\/","title":{"rendered":"Pienikokoinen j\u00e4\u00e4hdytyselementti kompaktille elektroniikalle"},"content":{"rendered":"<h2>Tuotteiden tiedot<\/h2>\n<div class=\"product-table\">\n<div class=\"row\">\n<div class=\"cell label\">Luokka<\/div>\n<div class=\"cell value\">6000-sarja<\/div>\n<\/div>\n<div class=\"row\">\n<div class=\"cell label\">Suvaitsevaisuus<\/div>\n<div class=\"cell value\">\u00c2\u00b11%<\/div>\n<\/div>\n<div class=\"row\">\n<div class=\"cell label\">Toimitusaika<\/div>\n<div class=\"cell value\">22-30 p\u00e4iv\u00e4\u00e4<\/div>\n<\/div>\n<div class=\"row\">\n<div class=\"cell label\">Temper<\/div>\n<div class=\"cell value\">T3-T8<\/div>\n<\/div>\n<div class=\"row\">\n<div class=\"cell label\">Hakemus<\/div>\n<div class=\"cell value\">led\/elektroniikka\/cpu\/teollisuus<\/div>\n<\/div>\n<div class=\"row\">\n<div class=\"cell label\">Muoto<\/div>\n<div class=\"cell value\">custom<\/div>\n<\/div>\n<div class=\"row\">\n<div class=\"cell label\">Metalliseos tai ei<\/div>\n<div class=\"cell value\">Onko seos<\/div>\n<\/div>\n<div class=\"row\">\n<div class=\"cell label\">K\u00e4sittelypalvelu<\/div>\n<div class=\"cell value\">Taivutus, purku, hitsaus, l\u00e4vistys, leikkaus<\/div>\n<\/div>\n<div class=\"row\">\n<div class=\"cell label\">Tuotteen nimi<\/div>\n<div class=\"cell value\">Mukautettu alumiininen j\u00e4\u00e4hdytyselementti<\/div>\n<\/div>\n<div class=\"row\">\n<div class=\"cell label\">Materiaali<\/div>\n<div class=\"cell value\">6063 6061 6005 Alumiiniseos 6063 6061 6005 Alumiiniseos<\/div>\n<\/div>\n<div class=\"row\">\n<div class=\"cell label\">V\u00e4ri<\/div>\n<div class=\"cell value\">Hopea, musta, kultainen musta ja niin edelleen<\/div>\n<\/div>\n<div class=\"row\">\n<div class=\"cell label\">Pintak\u00e4sittely<\/div>\n<div class=\"cell value\">Mill Finish, anodisointi, jauhemaalaus<\/div>\n<\/div>\n<div class=\"row\">\n<div class=\"cell label\">Sertifiointi<\/div>\n<div class=\"cell value\">ISO9001:2008<\/div>\n<\/div>\n<div class=\"row\">\n<div class=\"cell label\">muoto<\/div>\n<div class=\"cell value\">R\u00e4\u00e4t\u00e4l\u00f6ity<\/div>\n<\/div>\n<div class=\"row\">\n<div class=\"cell label\">K\u00e4ytt\u00f6<\/div>\n<div class=\"cell value\">Led\/elektroniikka\/cpu\/teollisuus<\/div>\n<\/div>\n<div class=\"row\">\n<div class=\"cell label\">N\u00e4yte<\/div>\n<div class=\"cell value\">Ilmainen n\u00e4yte<\/div>\n<\/div>\n<div class=\"row\">\n<div class=\"cell label\">Pituus<\/div>\n<div class=\"cell value\">Mukautettu pituus<\/div>\n<\/div>\n<div class=\"row\">\n<div class=\"cell label\">Palvelu<\/div>\n<div class=\"cell value\">OEM ODM<\/div>\n<\/div>\n<div class=\"row\">\n<div class=\"cell label\">Myyntiyksik\u00f6t<\/div>\n<div class=\"cell value\">Yksitt\u00e4inen tuote<\/div>\n<\/div>\n<div class=\"row\">\n<div class=\"cell label\">Yhden pakkauksen koko<\/div>\n<div class=\"cell value\">30X20X20 cm<\/div>\n<\/div>\n<div class=\"row\">\n<div class=\"cell label\">Yksitt\u00e4inen bruttopaino<\/div>\n<div class=\"cell value\">3.000 KG<\/div>\n<\/div>\n<\/div>\n<p><\/p>\n<h2>Tuotantopohjamme<\/h2>\n<h3>Tehtaan panoraama<\/h3>\n<p><img decoding=\"async\" src=\"\/wp-content\/uploads\/factory-01.webp\"\/><\/p>\n<h3>Alumiini Bar Manufacturing Workshop<\/h3>\n<p><img decoding=\"async\" src=\"\/wp-content\/uploads\/factory-02.webp\"\/><\/p>\n<p><img decoding=\"async\" src=\"\/wp-content\/uploads\/factory-03.webp\"\/><\/p>\n<h3>Muotin varastointi Varasto<\/h3>\n<p><img decoding=\"async\" src=\"\/wp-content\/uploads\/factory-04.webp\"\/><\/p>\n<h3>43 alumiinin ekstruusiolinjat (500-5500 tonnia)<\/h3>\n<p><img decoding=\"async\" src=\"\/wp-content\/uploads\/factory-05.webp\"\/><\/p>\n<p><img decoding=\"async\" src=\"\/wp-content\/uploads\/factory-06.webp\"\/><\/p>\n<p><img decoding=\"async\" src=\"\/wp-content\/uploads\/factory-07.webp\"\/><\/p>\n<h3>Jauhemaalaus ty\u00f6paja<\/h3>\n<p><img decoding=\"async\" src=\"\/wp-content\/uploads\/factory-09.webp\"\/><\/p>\n<h3>Anodisointi ty\u00f6paja<\/h3>\n<p><img decoding=\"async\" src=\"\/wp-content\/uploads\/factory-10.webp\"\/><\/p>\n<h3>Syv\u00e4k\u00e4sittelyn ty\u00f6paja<\/h3>\n<p><img decoding=\"async\" src=\"\/wp-content\/uploads\/factory-11.webp\"\/><\/p>\n<h3>CNC-tarkkuuskoneistus ty\u00f6paja<\/h3>\n<p><img decoding=\"async\" src=\"\/wp-content\/uploads\/factory-11.5.webp\"\/><\/p>\n<h3>Valmiiden tuotteiden ja vientivarasto<\/h3>\n<p><img decoding=\"async\" src=\"\/wp-content\/uploads\/factory-12.webp\"\/><\/p>\n<p><img decoding=\"async\" src=\"\/wp-content\/uploads\/factory-13.webp\"\/><\/p>\n<p><img decoding=\"async\" src=\"\/wp-content\/uploads\/factory-14.webp\"\/><\/p>\n<h2>FAQ<\/h2>\n<p><strong>1. Mihin laitteisiin minikokoisia j\u00e4\u00e4hdytyselementtej\u00e4 voidaan k\u00e4ytt\u00e4\u00e4?<\/strong><br \/>Pienikokoinen j\u00e4\u00e4hdytyselementti sopii pieniin elektroniikkalaitteisiin, kuten suorittimiin, n\u00e4yt\u00f6nohjaimiin ja muuhun pienikokoiseen elektroniikkaan.<\/p>\n<p><strong>2. Voidaanko miniatyyril\u00e4mm\u00f6nsiirtimen kokoa mukauttaa?<\/strong><br \/>Kyll\u00e4, tarjoamme koon mukauttamista vastaamaan laitteesi erityisvaatimuksia.<\/p>\n<p><strong>3. Mit\u00e4 materiaaleja k\u00e4ytet\u00e4\u00e4n minikokoisen j\u00e4\u00e4hdytyselementin rakentamisessa?<\/strong><br \/>Minikokoinen j\u00e4\u00e4hdytyselementti on valmistettu korkealaatuisista l\u00e4mp\u00f6\u00e4 johtavista materiaaleista, kuten alumiinista ja kuparista.<\/p>\n<p><strong>4. Miten minikokoinen j\u00e4\u00e4hdytyselementti parantaa laitteen suorituskyky\u00e4?<\/strong><br \/>Se johtaa tehokkaasti l\u00e4mp\u00f6\u00e4, yll\u00e4pit\u00e4\u00e4 optimaalisen k\u00e4ytt\u00f6l\u00e4mp\u00f6tilan ja est\u00e4\u00e4 ylikuumenemisen.<\/p>\n<p><strong>5. Voimmeko tilata irtotavarana kaupallisia projekteja varten?<\/strong><br \/>Kyll\u00e4, tarjoamme joustavia tilausm\u00e4\u00e4ri\u00e4, jotka sopivat sek\u00e4 pieniin ett\u00e4 suuriin kaupallisiin projekteihin.<\/p>\n<p><strong>6. Onko minikokoisen j\u00e4\u00e4hdytyselementin asennukseen saatavilla teknist\u00e4 tukea?<\/strong><br \/>Teknist\u00e4 tukea ja ohjeita tarjotaan oikean asennuksen varmistamiseksi.<\/p>\n<p><strong>7. Tarjoatteko maailmanlaajuista toimitusta miniatyyril\u00e4mm\u00f6nsiirtimelle?<\/strong><br \/>Kyll\u00e4, maailmanlaajuinen toimitus on mahdollista, ja voimme auttaa logistiikan ja dokumentoinnin kanssa.<\/p>\n<p><\/p>","protected":false},"featured_media":10790,"template":"","categories":[72],"class_list":["post-11001","product","type-product","status-publish","has-post-thumbnail","hentry","category-extruded-aluminum-heatsink"],"meta_box":{"hilight_text_group":[{"product_hilight_text":"<li>Compact design suitable for small electronic devices<\/li>\n<li>Highly efficient thermal management for improved device performance<\/li>\n<li>Customizable sizes and shapes to fit unique specifications<\/li>\n<li>Manufactured with high-quality materials for enhanced durability<\/li>\n<li>Available for OEM and ODM partnerships with flexible order quantities<\/li>"}],"feature_list":[]},"_links":{"self":[{"href":"https:\/\/sinoextrud.com\/fi\/wp-json\/wp\/v2\/product\/11001","targetHints":{"allow":["GET"]}}],"collection":[{"href":"https:\/\/sinoextrud.com\/fi\/wp-json\/wp\/v2\/product"}],"about":[{"href":"https:\/\/sinoextrud.com\/fi\/wp-json\/wp\/v2\/types\/product"}],"wp:featuredmedia":[{"embeddable":true,"href":"https:\/\/sinoextrud.com\/fi\/wp-json\/wp\/v2\/media\/10790"}],"wp:attachment":[{"href":"https:\/\/sinoextrud.com\/fi\/wp-json\/wp\/v2\/media?parent=11001"}],"wp:term":[{"taxonomy":"category","embeddable":true,"href":"https:\/\/sinoextrud.com\/fi\/wp-json\/wp\/v2\/categories?post=11001"}],"curies":[{"name":"wp","href":"https:\/\/api.w.org\/{rel}","templated":true}]}}