{"id":11000,"date":"2025-08-01T03:38:37","date_gmt":"2025-08-01T03:38:37","guid":{"rendered":"https:\/\/sinoextrud.com\/product\/thermal-transfer-plate-heat-sink-for-devices\/"},"modified":"2025-08-01T03:38:37","modified_gmt":"2025-08-01T03:38:37","slug":"lammonsiirtolevyn-jaahdytyselementti-laitteita-varten","status":"publish","type":"product","link":"https:\/\/sinoextrud.com\/fi\/product\/thermal-transfer-plate-heat-sink-for-devices\/","title":{"rendered":"L\u00e4mm\u00f6nsiirtolevyn j\u00e4\u00e4hdytyslevy laitteille"},"content":{"rendered":"<h2>Tuotteiden tiedot<\/h2>\n<div class=\"product-table\">\n<div class=\"row\">\n<div class=\"cell label\">koneiden testausraportti<\/div>\n<div class=\"cell value\">Toimitettu<\/div>\n<\/div>\n<div class=\"row\">\n<div class=\"cell label\">video l\u00e4htev\u00e4-tarkastus<\/div>\n<div class=\"cell value\">Toimitettu<\/div>\n<\/div>\n<div class=\"row\">\n<div class=\"cell label\">takuu<\/div>\n<div class=\"cell value\">1 vuosi<\/div>\n<\/div>\n<div class=\"row\">\n<div class=\"cell label\">hakemus<\/div>\n<div class=\"cell value\">L\u00e4mmittimen osat<\/div>\n<\/div>\n<div class=\"row\">\n<div class=\"cell label\">tyyppi<\/div>\n<div class=\"cell value\">nestem\u00e4inen kylm\u00e4levy<\/div>\n<\/div>\n<div class=\"row\">\n<div class=\"cell label\">paino (kg)<\/div>\n<div class=\"cell value\">5<\/div>\n<\/div>\n<div class=\"row\">\n<div class=\"cell label\">Tuotteen nimi<\/div>\n<div class=\"cell value\">kylm\u00e4 levy j\u00e4\u00e4hdytyselementti<\/div>\n<\/div>\n<div class=\"row\">\n<div class=\"cell label\">Materiaali<\/div>\n<div class=\"cell value\">Alumiiniseos<\/div>\n<\/div>\n<div class=\"row\">\n<div class=\"cell label\">Mitat (L*S*K)<\/div>\n<div class=\"cell value\">Jopa 1,2*1m L*W<\/div>\n<\/div>\n<div class=\"row\">\n<div class=\"cell label\">Pinnan karheus<\/div>\n<div class=\"cell value\">3.2 um<\/div>\n<\/div>\n<div class=\"row\">\n<div class=\"cell label\">Pinnan tasaisuus<\/div>\n<div class=\"cell value\">0,1 mm<\/div>\n<\/div>\n<div class=\"row\">\n<div class=\"cell label\">Ty\u00f6paine<\/div>\n<div class=\"cell value\">V\u00e4hint\u00e4\u00e4n 1 baari<\/div>\n<\/div>\n<div class=\"row\">\n<div class=\"cell label\">T\u00e4rkein tekniikka<\/div>\n<div class=\"cell value\">CNC-ty\u00f6st\u00f6<\/div>\n<\/div>\n<div class=\"row\">\n<div class=\"cell label\">Liimaustekniikka<\/div>\n<div class=\"cell value\">Tyhji\u00f6juottaminen<\/div>\n<\/div>\n<div class=\"row\">\n<div class=\"cell label\">J\u00e4\u00e4hdytysneste<\/div>\n<div class=\"cell value\">Deionisoitu vesi, inhiboitu glykoli ja vesi, dielektrinen neste<\/div>\n<\/div>\n<div class=\"row\">\n<div class=\"cell label\">Pinnan viimeistely<\/div>\n<div class=\"cell value\">Jyrsint\u00e4k\u00e4sittely tai anodisointi<\/div>\n<\/div>\n<div class=\"row\">\n<div class=\"cell label\">Myyntiyksik\u00f6t<\/div>\n<div class=\"cell value\">Yksitt\u00e4inen tuote<\/div>\n<\/div>\n<div class=\"row\">\n<div class=\"cell label\">Yhden pakkauksen koko<\/div>\n<div class=\"cell value\">21X14X11 cm<\/div>\n<\/div>\n<div class=\"row\">\n<div class=\"cell label\">Yksitt\u00e4inen bruttopaino<\/div>\n<div class=\"cell value\">5.000 KG<\/div>\n<\/div>\n<\/div>\n<p><\/p>\n<h2>Tuotantopohjamme<\/h2>\n<h3>Tehtaan panoraama<\/h3>\n<p><img decoding=\"async\" src=\"\/wp-content\/uploads\/factory-01.webp\"\/><\/p>\n<h3>Alumiini Bar Manufacturing Workshop<\/h3>\n<p><img decoding=\"async\" src=\"\/wp-content\/uploads\/factory-02.webp\"\/><\/p>\n<p><img decoding=\"async\" src=\"\/wp-content\/uploads\/factory-03.webp\"\/><\/p>\n<h3>Muotin varastointi Varasto<\/h3>\n<p><img decoding=\"async\" src=\"\/wp-content\/uploads\/factory-04.webp\"\/><\/p>\n<h3>43 alumiinin ekstruusiolinjat (500-5500 tonnia)<\/h3>\n<p><img decoding=\"async\" src=\"\/wp-content\/uploads\/factory-05.webp\"\/><\/p>\n<p><img decoding=\"async\" src=\"\/wp-content\/uploads\/factory-06.webp\"\/><\/p>\n<p><img decoding=\"async\" src=\"\/wp-content\/uploads\/factory-07.webp\"\/><\/p>\n<h3>Jauhemaalaus ty\u00f6paja<\/h3>\n<p><img decoding=\"async\" src=\"\/wp-content\/uploads\/factory-09.webp\"\/><\/p>\n<h3>Anodisointi ty\u00f6paja<\/h3>\n<p><img decoding=\"async\" src=\"\/wp-content\/uploads\/factory-10.webp\"\/><\/p>\n<h3>Syv\u00e4k\u00e4sittelyn ty\u00f6paja<\/h3>\n<p><img decoding=\"async\" src=\"\/wp-content\/uploads\/factory-11.webp\"\/><\/p>\n<h3>CNC-tarkkuuskoneistus ty\u00f6paja<\/h3>\n<p><img decoding=\"async\" src=\"\/wp-content\/uploads\/factory-11.5.webp\"\/><\/p>\n<h3>Valmiiden tuotteiden ja vientivarasto<\/h3>\n<p><img decoding=\"async\" src=\"\/wp-content\/uploads\/factory-12.webp\"\/><\/p>\n<p><img decoding=\"async\" src=\"\/wp-content\/uploads\/factory-13.webp\"\/><\/p>\n<p><img decoding=\"async\" src=\"\/wp-content\/uploads\/factory-14.webp\"\/><\/p>\n<h2>FAQ<\/h2>\n<p><strong>1. Mik\u00e4 on l\u00e4mm\u00f6nsiirtolevyl\u00e4mm\u00f6nsiirtimen ensisijainen teht\u00e4v\u00e4?<\/strong><br \/>Sen ensisijainen teht\u00e4v\u00e4 on haihduttaa l\u00e4mp\u00f6\u00e4 tehokkaasti, jotta laitteen suorituskyky s\u00e4ilyy optimaalisena.<\/p>\n<p><strong>2. Voidaanko j\u00e4\u00e4hdytyselementin muotoilu mukauttaa?<\/strong><br \/>Kyll\u00e4, rakenne voidaan r\u00e4\u00e4t\u00e4l\u00f6id\u00e4 vastaamaan eri sovellusten erityisi\u00e4 j\u00e4\u00e4hdytysvaatimuksia.<\/p>\n<p><strong>3. Mit\u00e4 materiaaleja k\u00e4ytet\u00e4\u00e4n j\u00e4\u00e4hdytyselementin rakentamisessa?<\/strong><br \/>Se on valmistettu korkealaatuisista materiaaleista, kuten alumiinista tai kuparista, jotta se johtaa tehokkaasti l\u00e4mp\u00f6\u00e4.<\/p>\n<p><strong>4. Onko j\u00e4\u00e4hdytyselementti sopiva suuritehoisille elektroniikkakomponenteille?<\/strong><br \/>Kyll\u00e4, se on suunniteltu k\u00e4sittelem\u00e4\u00e4n suuria l\u00e4mp\u00f6kuormituksia, jotka ovat yleisi\u00e4 suuritehoisissa komponenteissa.<\/p>\n<p><strong>5. Tarjoatteko prototyyppipalveluja ennen massatuotantoa?<\/strong><br \/>Kyll\u00e4, tarjoamme prototyyppien kehitt\u00e4mist\u00e4, jotta voimme varmistaa, ett\u00e4 suunnittelu vastaa vaatimuksiasi.<\/p>\n<p><strong>6. Millainen on t\u00e4m\u00e4n tuotteen l\u00e4mp\u00f6tehokkuus verrattuna muihin tuotteisiin?<\/strong><br \/>Se tarjoaa erinomaisen l\u00e4mp\u00f6tehokkuuden optimoidun rakenteensa ja materiaalivalintansa ansiosta.<\/p>\n<p><strong>7. Onko ostoissa v\u00e4himm\u00e4istilausm\u00e4\u00e4ri\u00e4?<\/strong><br \/>Kyll\u00e4, on olemassa MOQ:t, jotka vaihtelevat r\u00e4\u00e4t\u00e4l\u00f6innin ja tilauksen yksityiskohtien mukaan.<\/p>\n<p><\/p>","protected":false},"featured_media":10791,"template":"","categories":[72],"class_list":["post-11000","product","type-product","status-publish","has-post-thumbnail","hentry","category-extruded-aluminum-heatsink"],"meta_box":{"hilight_text_group":[{"product_hilight_text":"<li>Efficient thermal management for electronic devices<\/li>\n<li>Customizable design to fit specific cooling requirements<\/li>\n<li>Manufactured using high-quality, durable materials<\/li>\n<li>Suits a wide range of applications in various industries<\/li>\n<li>Supports bulk orders with competitive pricing options<\/li>"}],"feature_list":[]},"_links":{"self":[{"href":"https:\/\/sinoextrud.com\/fi\/wp-json\/wp\/v2\/product\/11000","targetHints":{"allow":["GET"]}}],"collection":[{"href":"https:\/\/sinoextrud.com\/fi\/wp-json\/wp\/v2\/product"}],"about":[{"href":"https:\/\/sinoextrud.com\/fi\/wp-json\/wp\/v2\/types\/product"}],"wp:featuredmedia":[{"embeddable":true,"href":"https:\/\/sinoextrud.com\/fi\/wp-json\/wp\/v2\/media\/10791"}],"wp:attachment":[{"href":"https:\/\/sinoextrud.com\/fi\/wp-json\/wp\/v2\/media?parent=11000"}],"wp:term":[{"taxonomy":"category","embeddable":true,"href":"https:\/\/sinoextrud.com\/fi\/wp-json\/wp\/v2\/categories?post=11000"}],"curies":[{"name":"wp","href":"https:\/\/api.w.org\/{rel}","templated":true}]}}