{"id":10995,"date":"2025-08-01T03:38:28","date_gmt":"2025-08-01T03:38:28","guid":{"rendered":"https:\/\/sinoextrud.com\/product\/extruded-heat-sink-for-industrial-electronics\/"},"modified":"2025-08-01T03:38:28","modified_gmt":"2025-08-01T03:38:28","slug":"suulakepuristettu-jaahdytyselementti-teollisuuselektroniikkaa-varten","status":"publish","type":"product","link":"https:\/\/sinoextrud.com\/fi\/product\/extruded-heat-sink-for-industrial-electronics\/","title":{"rendered":"Suulakepuristettu j\u00e4\u00e4hdytyselementti teollisuuselektroniikkaan"},"content":{"rendered":"<h2>Tuotteiden tiedot<\/h2>\n<div class=\"product-table\">\n<div class=\"row\">\n<div class=\"cell label\">Luokka<\/div>\n<div class=\"cell value\">6000-sarja<\/div>\n<\/div>\n<div class=\"row\">\n<div class=\"cell label\">Suvaitsevaisuus<\/div>\n<div class=\"cell value\">\u00c2\u00b11%<\/div>\n<\/div>\n<div class=\"row\">\n<div class=\"cell label\">Toimitusaika<\/div>\n<div class=\"cell value\">22-30 p\u00e4iv\u00e4\u00e4<\/div>\n<\/div>\n<div class=\"row\">\n<div class=\"cell label\">Temper<\/div>\n<div class=\"cell value\">T3-T8<\/div>\n<\/div>\n<div class=\"row\">\n<div class=\"cell label\">Hakemus<\/div>\n<div class=\"cell value\">L\u00e4mm\u00f6nsiili<\/div>\n<\/div>\n<div class=\"row\">\n<div class=\"cell label\">Muoto<\/div>\n<div class=\"cell value\">T - Profiili<\/div>\n<\/div>\n<div class=\"row\">\n<div class=\"cell label\">Metalliseos tai ei<\/div>\n<div class=\"cell value\">Onko seos<\/div>\n<\/div>\n<div class=\"row\">\n<div class=\"cell label\">K\u00e4sittelypalvelu<\/div>\n<div class=\"cell value\">Taivutus, k\u00e4\u00e4mityksen poisto, l\u00e4vistys, leikkaaminen<\/div>\n<\/div>\n<div class=\"row\">\n<div class=\"cell label\">Tuotteen materiaali<\/div>\n<div class=\"cell value\">6063 alumiini<\/div>\n<\/div>\n<div class=\"row\">\n<div class=\"cell label\">V\u00e4ri<\/div>\n<div class=\"cell value\">Musta metalli<\/div>\n<\/div>\n<div class=\"row\">\n<div class=\"cell label\">Koko<\/div>\n<div class=\"cell value\">R\u00e4\u00e4t\u00e4l\u00f6ity<\/div>\n<\/div>\n<div class=\"row\">\n<div class=\"cell label\">Pintak\u00e4sittely<\/div>\n<div class=\"cell value\">Anodisoitu\/oksidi jne. \/p\u00f6lypinnoitettu<\/div>\n<\/div>\n<div class=\"row\">\n<div class=\"cell label\">Ty\u00f6kalut<\/div>\n<div class=\"cell value\">Itse tehty<\/div>\n<\/div>\n<div class=\"row\">\n<div class=\"cell label\">Pakkaus<\/div>\n<div class=\"cell value\">Kartonki<\/div>\n<\/div>\n<div class=\"row\">\n<div class=\"cell label\">Prosessi<\/div>\n<div class=\"cell value\">Hiekkavalu + CNC-ty\u00f6st\u00f6<\/div>\n<\/div>\n<div class=\"row\">\n<div class=\"cell label\">Sertifiointi<\/div>\n<div class=\"cell value\">ISO9001-2008<\/div>\n<\/div>\n<div class=\"row\">\n<div class=\"cell label\">Koneistus<\/div>\n<div class=\"cell value\">Saatavilla<\/div>\n<\/div>\n<div class=\"row\">\n<div class=\"cell label\">Hakemus<\/div>\n<div class=\"cell value\">Teollisuuslaitteet<\/div>\n<\/div>\n<div class=\"row\">\n<div class=\"cell label\">Myyntiyksik\u00f6t<\/div>\n<div class=\"cell value\">Yksitt\u00e4inen tuote<\/div>\n<\/div>\n<div class=\"row\">\n<div class=\"cell label\">Yhden pakkauksen koko<\/div>\n<div class=\"cell value\">20X10X10 cm<\/div>\n<\/div>\n<div class=\"row\">\n<div class=\"cell label\">Yksitt\u00e4inen bruttopaino<\/div>\n<div class=\"cell value\">3.000 KG<\/div>\n<\/div>\n<\/div>\n<p><\/p>\n<h2>Tuotantopohjamme<\/h2>\n<h3>Tehtaan panoraama<\/h3>\n<p><img decoding=\"async\" src=\"\/wp-content\/uploads\/factory-01.webp\"\/><\/p>\n<h3>Alumiini Bar Manufacturing Workshop<\/h3>\n<p><img decoding=\"async\" src=\"\/wp-content\/uploads\/factory-02.webp\"\/><\/p>\n<p><img decoding=\"async\" src=\"\/wp-content\/uploads\/factory-03.webp\"\/><\/p>\n<h3>Muotin varastointi Varasto<\/h3>\n<p><img decoding=\"async\" src=\"\/wp-content\/uploads\/factory-04.webp\"\/><\/p>\n<h3>43 alumiinin ekstruusiolinjat (500-5500 tonnia)<\/h3>\n<p><img decoding=\"async\" src=\"\/wp-content\/uploads\/factory-05.webp\"\/><\/p>\n<p><img decoding=\"async\" src=\"\/wp-content\/uploads\/factory-06.webp\"\/><\/p>\n<p><img decoding=\"async\" src=\"\/wp-content\/uploads\/factory-07.webp\"\/><\/p>\n<h3>Jauhemaalaus ty\u00f6paja<\/h3>\n<p><img decoding=\"async\" src=\"\/wp-content\/uploads\/factory-09.webp\"\/><\/p>\n<h3>Anodisointi ty\u00f6paja<\/h3>\n<p><img decoding=\"async\" src=\"\/wp-content\/uploads\/factory-10.webp\"\/><\/p>\n<h3>Syv\u00e4k\u00e4sittelyn ty\u00f6paja<\/h3>\n<p><img decoding=\"async\" src=\"\/wp-content\/uploads\/factory-11.webp\"\/><\/p>\n<h3>CNC-tarkkuuskoneistus ty\u00f6paja<\/h3>\n<p><img decoding=\"async\" src=\"\/wp-content\/uploads\/factory-11.5.webp\"\/><\/p>\n<h3>Valmiiden tuotteiden ja vientivarasto<\/h3>\n<p><img decoding=\"async\" src=\"\/wp-content\/uploads\/factory-12.webp\"\/><\/p>\n<p><img decoding=\"async\" src=\"\/wp-content\/uploads\/factory-13.webp\"\/><\/p>\n<p><img decoding=\"async\" src=\"\/wp-content\/uploads\/factory-14.webp\"\/><\/p>\n<h2>FAQ<\/h2>\n<p><strong>1. Mit\u00e4 materiaaleja k\u00e4ytet\u00e4\u00e4n suulakepuristetuissa j\u00e4\u00e4hdytyslevyiss\u00e4?<\/strong><br \/>Suulakepuristetut j\u00e4\u00e4hdytyselementit valmistetaan yleens\u00e4 alumiinista sen erinomaisten l\u00e4mp\u00f6ominaisuuksien vuoksi.<\/p>\n<p><strong>2. Voidaanko suulakepuristettu j\u00e4\u00e4hdytyselementti r\u00e4\u00e4t\u00e4l\u00f6id\u00e4 eri laitteille?<\/strong><br \/>Kyll\u00e4, suulakepuristetut j\u00e4\u00e4hdytyselementit voidaan r\u00e4\u00e4t\u00e4l\u00f6id\u00e4 eri kokoisiksi ja muotoisiksi eri sovelluksiin sopiviksi.<\/p>\n<p><strong>3. Miten suulakepuristettu j\u00e4\u00e4hdytyselementti parantaa laitteen suorituskyky\u00e4?<\/strong><br \/>Se haihduttaa l\u00e4mp\u00f6\u00e4 tehokkaasti, est\u00e4\u00e4 ylikuumenemisen ja parantaa suorituskyky\u00e4.<\/p>\n<p><strong>4. Soveltuuko suulakepuristettu j\u00e4\u00e4hdytyselementti suuritehoiselle elektroniikalle?<\/strong><br \/>Kyll\u00e4, se on suunniteltu tehokkaaseen l\u00e4mm\u00f6npoistoon suuritehoisissa elektroniikkalaitteissa.<\/p>\n<p><strong>5. Mitk\u00e4 ovat suulakepuristetun j\u00e4\u00e4hdytyselementin k\u00e4yt\u00f6n edut?<\/strong><br \/>Suulakepuristetut j\u00e4\u00e4hdytyslevyt tarjoavat kustannustehokasta, kevytt\u00e4 ja tehokasta l\u00e4mm\u00f6nhallintaa.<\/p>\n<p><strong>6. Voimmeko tilata suulakepuristettuja j\u00e4\u00e4hdytyslevyj\u00e4 eri pinnoilla?<\/strong><br \/>Kyll\u00e4, r\u00e4\u00e4t\u00e4l\u00f6ityj\u00e4 pintak\u00e4sittelyj\u00e4, kuten anodisointia, on saatavilla esteettisyyden ja suojan parantamiseksi.<\/p>\n<p><strong>7. Onko suulakepuristetuille j\u00e4\u00e4hdytyslevyille olemassa ymp\u00e4rist\u00f6yst\u00e4v\u00e4llisi\u00e4 vaihtoehtoja?<\/strong><br \/>Kyll\u00e4, tarjoamme pyynn\u00f6st\u00e4 suulakepuristettuja j\u00e4\u00e4hdytyslevyj\u00e4, joissa on ymp\u00e4rist\u00f6yst\u00e4v\u00e4llisi\u00e4 materiaaleja ja prosesseja.<\/p>\n<p><\/p>","protected":false},"featured_media":10799,"template":"","categories":[55],"class_list":["post-10995","product","type-product","status-publish","has-post-thumbnail","hentry","category-extruded-aluminum-profiles"],"meta_box":{"hilight_text_group":[{"product_hilight_text":"<li>Efficient thermal management solution for electronic devices<\/li>\n<li>Customizable dimensions to fit specific requirements<\/li>\n<li>Lightweight design with high thermal conductivity<\/li>\n<li>Manufactured with premium aluminum alloy for durability<\/li>\n<li>Supports OEM and ODM services for bulk orders<\/li>"}],"feature_list":[]},"_links":{"self":[{"href":"https:\/\/sinoextrud.com\/fi\/wp-json\/wp\/v2\/product\/10995","targetHints":{"allow":["GET"]}}],"collection":[{"href":"https:\/\/sinoextrud.com\/fi\/wp-json\/wp\/v2\/product"}],"about":[{"href":"https:\/\/sinoextrud.com\/fi\/wp-json\/wp\/v2\/types\/product"}],"wp:featuredmedia":[{"embeddable":true,"href":"https:\/\/sinoextrud.com\/fi\/wp-json\/wp\/v2\/media\/10799"}],"wp:attachment":[{"href":"https:\/\/sinoextrud.com\/fi\/wp-json\/wp\/v2\/media?parent=10995"}],"wp:term":[{"taxonomy":"category","embeddable":true,"href":"https:\/\/sinoextrud.com\/fi\/wp-json\/wp\/v2\/categories?post=10995"}],"curies":[{"name":"wp","href":"https:\/\/api.w.org\/{rel}","templated":true}]}}