{"id":10990,"date":"2025-08-01T03:29:26","date_gmt":"2025-08-01T03:29:26","guid":{"rendered":"https:\/\/sinoextrud.com\/product\/extruded-aluminum-plate-fin-heat-sink\/"},"modified":"2025-08-01T03:29:26","modified_gmt":"2025-08-01T03:29:26","slug":"suulakepuristettu-alumiinilevy-jaahdytyselementti","status":"publish","type":"product","link":"https:\/\/sinoextrud.com\/fi\/product\/extruded-aluminum-plate-fin-heat-sink\/","title":{"rendered":"Suulakepuristettu alumiinilevy Fin Heat Sink"},"content":{"rendered":"<h2>Tuotteiden tiedot<\/h2>\n<div class=\"product-table\">\n<div class=\"row\">\n<div class=\"cell label\">Tuotteen nimi<\/div>\n<div class=\"cell value\">Custom suulakepuristetut alumiini osat, Custom suulakepuristetut alumiiniprofiilit<\/div>\n<\/div>\n<div class=\"row\">\n<div class=\"cell label\">Materiaali<\/div>\n<div class=\"cell value\">AL6061, 6063<\/div>\n<\/div>\n<div class=\"row\">\n<div class=\"cell label\">Viimeistely<\/div>\n<div class=\"cell value\">Luonnollinen, anodisoitu, jauhemaalaus, lakkapinnoite<\/div>\n<\/div>\n<div class=\"row\">\n<div class=\"cell label\">V\u00e4ri<\/div>\n<div class=\"cell value\">Valkoinen, musta jne.<\/div>\n<\/div>\n<div class=\"row\">\n<div class=\"cell label\">Koko<\/div>\n<div class=\"cell value\">Asiakkaiden piirustus<\/div>\n<\/div>\n<div class=\"row\">\n<div class=\"cell label\">Maksu<\/div>\n<div class=\"cell value\">T\/T, L\/C<\/div>\n<\/div>\n<div class=\"row\">\n<div class=\"cell label\">Piirustusmuoto<\/div>\n<div class=\"cell value\">step, stp, x_t, pdf<\/div>\n<\/div>\n<div class=\"row\">\n<div class=\"cell label\">Todistus<\/div>\n<div class=\"cell value\">ISO9001:2015<\/div>\n<\/div>\n<div class=\"row\">\n<div class=\"cell label\">MOQ<\/div>\n<div class=\"cell value\">100kpl<\/div>\n<\/div>\n<div class=\"row\">\n<div class=\"cell label\">Toimitusaika<\/div>\n<div class=\"cell value\">15-25 p\u00e4iv\u00e4\u00e4<\/div>\n<\/div>\n<div class=\"row\">\n<div class=\"cell label\">Myyntiyksik\u00f6t<\/div>\n<div class=\"cell value\">Yksitt\u00e4inen tuote<\/div>\n<\/div>\n<div class=\"row\">\n<div class=\"cell label\">Yhden pakkauksen koko<\/div>\n<div class=\"cell value\">15X15X10 cm<\/div>\n<\/div>\n<div class=\"row\">\n<div class=\"cell label\">Yksitt\u00e4inen bruttopaino<\/div>\n<div class=\"cell value\">0,500 KG<\/div>\n<\/div>\n<\/div>\n<p><\/p>\n<h2>Tuotantopohjamme<\/h2>\n<h3>Tehtaan panoraama<\/h3>\n<p><img decoding=\"async\" src=\"\/wp-content\/uploads\/factory-01.webp\"\/><\/p>\n<h3>Alumiini Bar Manufacturing Workshop<\/h3>\n<p><img decoding=\"async\" src=\"\/wp-content\/uploads\/factory-02.webp\"\/><\/p>\n<p><img decoding=\"async\" src=\"\/wp-content\/uploads\/factory-03.webp\"\/><\/p>\n<h3>Muotin varastointi Varasto<\/h3>\n<p><img decoding=\"async\" src=\"\/wp-content\/uploads\/factory-04.webp\"\/><\/p>\n<h3>43 alumiinin ekstruusiolinjat (500-5500 tonnia)<\/h3>\n<p><img decoding=\"async\" src=\"\/wp-content\/uploads\/factory-05.webp\"\/><\/p>\n<p><img decoding=\"async\" src=\"\/wp-content\/uploads\/factory-06.webp\"\/><\/p>\n<p><img decoding=\"async\" src=\"\/wp-content\/uploads\/factory-07.webp\"\/><\/p>\n<h3>Jauhemaalaus ty\u00f6paja<\/h3>\n<p><img decoding=\"async\" src=\"\/wp-content\/uploads\/factory-09.webp\"\/><\/p>\n<h3>Anodisointi ty\u00f6paja<\/h3>\n<p><img decoding=\"async\" src=\"\/wp-content\/uploads\/factory-10.webp\"\/><\/p>\n<h3>Syv\u00e4k\u00e4sittelyn ty\u00f6paja<\/h3>\n<p><img decoding=\"async\" src=\"\/wp-content\/uploads\/factory-11.webp\"\/><\/p>\n<h3>CNC-tarkkuuskoneistus ty\u00f6paja<\/h3>\n<p><img decoding=\"async\" src=\"\/wp-content\/uploads\/factory-11.5.webp\"\/><\/p>\n<h3>Valmiiden tuotteiden ja vientivarasto<\/h3>\n<p><img decoding=\"async\" src=\"\/wp-content\/uploads\/factory-12.webp\"\/><\/p>\n<p><img decoding=\"async\" src=\"\/wp-content\/uploads\/factory-13.webp\"\/><\/p>\n<p><img decoding=\"async\" src=\"\/wp-content\/uploads\/factory-14.webp\"\/><\/p>\n<h2>FAQ<\/h2>\n<p><strong>1. Mihin k\u00e4ytet\u00e4\u00e4n suulakepuristettua alumiinilevyl\u00e4mm\u00f6nsiirrint\u00e4?<\/strong><br \/>Sit\u00e4 k\u00e4ytet\u00e4\u00e4n elektroniikkakomponenttien l\u00e4mm\u00f6npoistoon l\u00e4mm\u00f6nhallinnan parantamiseksi.<\/p>\n<p><strong>2. Voidaanko j\u00e4\u00e4hdytyselementti r\u00e4\u00e4t\u00e4l\u00f6id\u00e4 tiettyj\u00e4 sovelluksia varten?<\/strong><br \/>Kyll\u00e4, tarjoamme r\u00e4\u00e4t\u00e4l\u00f6intivaihtoehtoja erityisten l\u00e4mp\u00f6suorituskykytarpeiden t\u00e4ytt\u00e4miseksi.<\/p>\n<p><strong>3. Soveltuuko t\u00e4m\u00e4 j\u00e4\u00e4hdytyselementti suuritehoisiin sovelluksiin?<\/strong><br \/>Kyll\u00e4, se on suunniteltu hallitsemaan tehokkaasti suuritehoisten elektronisten j\u00e4rjestelmien l\u00e4mp\u00f6\u00e4.<\/p>\n<p><strong>4. Mit\u00e4 materiaaleja t\u00e4ss\u00e4 j\u00e4\u00e4hdytyselementiss\u00e4 k\u00e4ytet\u00e4\u00e4n?<\/strong><br \/>J\u00e4\u00e4hdytyselementti on valmistettu korkealaatuisesta suulakepuristetusta alumiinista optimaalisen l\u00e4mm\u00f6njohtavuuden varmistamiseksi.<\/p>\n<p><strong>5. Tukeeko tuote OEM-tilauksia?<\/strong><br \/>Kyll\u00e4, tuemme OEM-valmistajia ja voimme r\u00e4\u00e4t\u00e4l\u00f6id\u00e4 j\u00e4\u00e4hdytyselementin vaatimustesi mukaan.<\/p>\n<p><strong>6. Mitk\u00e4 ovat alumiinilevyn j\u00e4\u00e4hdytyselementin k\u00e4yt\u00f6n edut?<\/strong><br \/>Alumiinilevyiset j\u00e4\u00e4hdytyselementit tarjoavat erinomaisen l\u00e4mm\u00f6nsiirron, keveyden ja kustannustehokkuuden.<\/p>\n<p><strong>7. Tarjoatteko teknist\u00e4 tukea j\u00e4rjestelmiin integrointia varten?<\/strong><br \/>Kyll\u00e4, tarjoamme tukea saumattoman integroinnin varmistamiseksi s\u00e4hk\u00f6isiin j\u00e4rjestelmiinne.<\/p>\n<p><\/p>","protected":false},"featured_media":10804,"template":"","categories":[72],"class_list":["post-10990","product","type-product","status-publish","has-post-thumbnail","hentry","category-extruded-aluminum-heatsink"],"meta_box":{"hilight_text_group":[{"product_hilight_text":"<li>Engineered for effective heat dissipation in electronic systems<\/li>\n<li>Lightweight and durable construction with aluminum material<\/li>\n<li>Customizable extrusions for tailored thermal performance<\/li>\n<li>Suitable for a wide range of industrial applications<\/li>\n<li>Enhances device reliability by managing heat efficiently<\/li>"}],"feature_list":[]},"_links":{"self":[{"href":"https:\/\/sinoextrud.com\/fi\/wp-json\/wp\/v2\/product\/10990","targetHints":{"allow":["GET"]}}],"collection":[{"href":"https:\/\/sinoextrud.com\/fi\/wp-json\/wp\/v2\/product"}],"about":[{"href":"https:\/\/sinoextrud.com\/fi\/wp-json\/wp\/v2\/types\/product"}],"wp:featuredmedia":[{"embeddable":true,"href":"https:\/\/sinoextrud.com\/fi\/wp-json\/wp\/v2\/media\/10804"}],"wp:attachment":[{"href":"https:\/\/sinoextrud.com\/fi\/wp-json\/wp\/v2\/media?parent=10990"}],"wp:term":[{"taxonomy":"category","embeddable":true,"href":"https:\/\/sinoextrud.com\/fi\/wp-json\/wp\/v2\/categories?post=10990"}],"curies":[{"name":"wp","href":"https:\/\/api.w.org\/{rel}","templated":true}]}}