{"id":10989,"date":"2025-08-01T03:29:24","date_gmt":"2025-08-01T03:29:24","guid":{"rendered":"https:\/\/sinoextrud.com\/product\/embodied-aluminum-heat-sink-for-integrated-cooling\/"},"modified":"2025-08-01T03:29:24","modified_gmt":"2025-08-01T03:29:24","slug":"integroitu-alumiininen-jaahdytyselementti-integroitua-jaahdytysta-varten","status":"publish","type":"product","link":"https:\/\/sinoextrud.com\/fi\/product\/embodied-aluminum-heat-sink-for-integrated-cooling\/","title":{"rendered":"Integroitu alumiininen j\u00e4\u00e4hdytyselementti integroitua j\u00e4\u00e4hdytyst\u00e4 varten"},"content":{"rendered":"<h2>Tuotteiden tiedot<\/h2>\n<div class=\"product-table\">\n<div class=\"row\">\n<div class=\"cell label\">Luokka<\/div>\n<div class=\"cell value\">6000-sarja<\/div>\n<\/div>\n<div class=\"row\">\n<div class=\"cell label\">Suvaitsevaisuus<\/div>\n<div class=\"cell value\">\u00c2\u00b11%<\/div>\n<\/div>\n<div class=\"row\">\n<div class=\"cell label\">Toimitusaika<\/div>\n<div class=\"cell value\">22-30 p\u00e4iv\u00e4\u00e4<\/div>\n<\/div>\n<div class=\"row\">\n<div class=\"cell label\">Temper<\/div>\n<div class=\"cell value\">T3-T8<\/div>\n<\/div>\n<div class=\"row\">\n<div class=\"cell label\">Hakemus<\/div>\n<div class=\"cell value\">led\/elektroniikka\/cpu\/teollisuus<\/div>\n<\/div>\n<div class=\"row\">\n<div class=\"cell label\">Muoto<\/div>\n<div class=\"cell value\">custom<\/div>\n<\/div>\n<div class=\"row\">\n<div class=\"cell label\">Metalliseos tai ei<\/div>\n<div class=\"cell value\">Onko seos<\/div>\n<\/div>\n<div class=\"row\">\n<div class=\"cell label\">K\u00e4sittelypalvelu<\/div>\n<div class=\"cell value\">Taivutus, purku, hitsaus, l\u00e4vistys, leikkaus<\/div>\n<\/div>\n<div class=\"row\">\n<div class=\"cell label\">Tuotteen nimi<\/div>\n<div class=\"cell value\">Mukautettu alumiininen j\u00e4\u00e4hdytyselementti<\/div>\n<\/div>\n<div class=\"row\">\n<div class=\"cell label\">Materiaali<\/div>\n<div class=\"cell value\">6063 6061 6005 Alumiiniseos 6063 6061 6005 Alumiiniseos<\/div>\n<\/div>\n<div class=\"row\">\n<div class=\"cell label\">V\u00e4ri<\/div>\n<div class=\"cell value\">Hopea, musta, kultainen musta ja niin edelleen<\/div>\n<\/div>\n<div class=\"row\">\n<div class=\"cell label\">Pintak\u00e4sittely<\/div>\n<div class=\"cell value\">Mill Finish, anodisointi, jauhemaalaus<\/div>\n<\/div>\n<div class=\"row\">\n<div class=\"cell label\">Ominaisuus<\/div>\n<div class=\"cell value\">Korkea korroosionkest\u00e4vyys<\/div>\n<\/div>\n<div class=\"row\">\n<div class=\"cell label\">Hakemus<\/div>\n<div class=\"cell value\">l\u00e4mp\u00f6s\u00e4hk\u00f6iset j\u00e4\u00e4hdyttimet\/generaattorit, IGBT\/UPS-j\u00e4\u00e4hdytysj\u00e4rjestelm\u00e4t jne.<\/div>\n<\/div>\n<div class=\"row\">\n<div class=\"cell label\">K\u00e4ytt\u00f6<\/div>\n<div class=\"cell value\">Led\/elektroniikka\/cpu\/teollisuus<\/div>\n<\/div>\n<div class=\"row\">\n<div class=\"cell label\">N\u00e4yte<\/div>\n<div class=\"cell value\">Ilmainen n\u00e4yte<\/div>\n<\/div>\n<div class=\"row\">\n<div class=\"cell label\">Pituus<\/div>\n<div class=\"cell value\">Mukautettu pituus<\/div>\n<\/div>\n<div class=\"row\">\n<div class=\"cell label\">Palvelu<\/div>\n<div class=\"cell value\">OEM ODM<\/div>\n<\/div>\n<div class=\"row\">\n<div class=\"cell label\">Myyntiyksik\u00f6t<\/div>\n<div class=\"cell value\">Yksitt\u00e4inen tuote<\/div>\n<\/div>\n<div class=\"row\">\n<div class=\"cell label\">Yhden pakkauksen koko<\/div>\n<div class=\"cell value\">30X30X50 cm<\/div>\n<\/div>\n<div class=\"row\">\n<div class=\"cell label\">Yksitt\u00e4inen bruttopaino<\/div>\n<div class=\"cell value\">5.000 KG<\/div>\n<\/div>\n<\/div>\n<p><\/p>\n<h2>Tuotantopohjamme<\/h2>\n<h3>Tehtaan panoraama<\/h3>\n<p><img decoding=\"async\" src=\"\/wp-content\/uploads\/factory-01.webp\"\/><\/p>\n<h3>Alumiini Bar Manufacturing Workshop<\/h3>\n<p><img decoding=\"async\" src=\"\/wp-content\/uploads\/factory-02.webp\"\/><\/p>\n<p><img decoding=\"async\" src=\"\/wp-content\/uploads\/factory-03.webp\"\/><\/p>\n<h3>Muotin varastointi Varasto<\/h3>\n<p><img decoding=\"async\" src=\"\/wp-content\/uploads\/factory-04.webp\"\/><\/p>\n<h3>43 alumiinin ekstruusiolinjat (500-5500 tonnia)<\/h3>\n<p><img decoding=\"async\" src=\"\/wp-content\/uploads\/factory-05.webp\"\/><\/p>\n<p><img decoding=\"async\" src=\"\/wp-content\/uploads\/factory-06.webp\"\/><\/p>\n<p><img decoding=\"async\" src=\"\/wp-content\/uploads\/factory-07.webp\"\/><\/p>\n<h3>Jauhemaalaus ty\u00f6paja<\/h3>\n<p><img decoding=\"async\" src=\"\/wp-content\/uploads\/factory-09.webp\"\/><\/p>\n<h3>Anodisointi ty\u00f6paja<\/h3>\n<p><img decoding=\"async\" src=\"\/wp-content\/uploads\/factory-10.webp\"\/><\/p>\n<h3>Syv\u00e4k\u00e4sittelyn ty\u00f6paja<\/h3>\n<p><img decoding=\"async\" src=\"\/wp-content\/uploads\/factory-11.webp\"\/><\/p>\n<h3>CNC-tarkkuuskoneistus ty\u00f6paja<\/h3>\n<p><img decoding=\"async\" src=\"\/wp-content\/uploads\/factory-11.5.webp\"\/><\/p>\n<h3>Valmiiden tuotteiden ja vientivarasto<\/h3>\n<p><img decoding=\"async\" src=\"\/wp-content\/uploads\/factory-12.webp\"\/><\/p>\n<p><img decoding=\"async\" src=\"\/wp-content\/uploads\/factory-13.webp\"\/><\/p>\n<p><img decoding=\"async\" src=\"\/wp-content\/uploads\/factory-14.webp\"\/><\/p>\n<h2>FAQ<\/h2>\n<p><strong>1. Mik\u00e4 on alumiinisen j\u00e4\u00e4hdytyselementin ensisijainen teht\u00e4v\u00e4?<\/strong><br \/>Sen p\u00e4\u00e4teht\u00e4v\u00e4n\u00e4 on haihduttaa l\u00e4mp\u00f6\u00e4 elektronisten komponenttien suorituskyvyn parantamiseksi.<\/p>\n<p><strong>2. Voidaanko alumiininen j\u00e4\u00e4hdytyselementti r\u00e4\u00e4t\u00e4l\u00f6id\u00e4 eri tuotteille?<\/strong><br \/>Kyll\u00e4, se voidaan r\u00e4\u00e4t\u00e4l\u00f6id\u00e4 vastaamaan erityisi\u00e4 suunnittelu- ja kokovaatimuksia.<\/p>\n<p><strong>3. Onko j\u00e4\u00e4hdytyselementin materiaali kest\u00e4v\u00e4?<\/strong><br \/>Kyll\u00e4, se on valmistettu korkealaatuisesta alumiinista, joka takaa pitk\u00e4aikaisen suorituskyvyn.<\/p>\n<p><strong>4. Mink\u00e4 tyyppiset laitteet ovat yhteensopivia t\u00e4m\u00e4n j\u00e4\u00e4hdytyselementin kanssa?<\/strong><br \/>Se soveltuu erilaisiin elektroniikkalaitteisiin, kuten tietokoneisiin ja teollisuuslaitteisiin.<\/p>\n<p><strong>5. Tukeeko j\u00e4\u00e4hdytyselementti ymp\u00e4rist\u00f6yst\u00e4v\u00e4llisi\u00e4 aloitteita?<\/strong><br \/>Kyll\u00e4, se on valmistettu ymp\u00e4rist\u00f6yst\u00e4v\u00e4llisill\u00e4 prosesseilla.<\/p>\n<p><strong>6. Miten j\u00e4\u00e4hdytyselementti parantaa laitteen tehokkuutta?<\/strong><br \/>Se alentaa k\u00e4ytt\u00f6l\u00e4mp\u00f6tilaa, mik\u00e4 parantaa laitteen luotettavuutta ja pitk\u00e4ik\u00e4isyytt\u00e4.<\/p>\n<p><strong>7. Onko kansainv\u00e4linen toimitus saatavilla irtotilauksille?<\/strong><br \/>Kyll\u00e4, tarjoamme maailmanlaajuisia toimitusvaihtoehtoja t\u00e4yden logistiikka-avun tukemana.<\/p>\n<p><\/p>","protected":false},"featured_media":10798,"template":"","categories":[72],"class_list":["post-10989","product","type-product","status-publish","has-post-thumbnail","hentry","category-extruded-aluminum-heatsink"],"meta_box":{"hilight_text_group":[{"product_hilight_text":"<li>Efficient heat dissipation for enhanced electronic performance<\/li>\n<li>Customizable designs to fit various electronic devices<\/li>\n<li>Lightweight yet durable aluminum construction<\/li>\n<li>Compatible with a wide range of electronic applications<\/li>\n<li>Eco-friendly manufacturing process and materials<\/li>"}],"feature_list":[]},"_links":{"self":[{"href":"https:\/\/sinoextrud.com\/fi\/wp-json\/wp\/v2\/product\/10989","targetHints":{"allow":["GET"]}}],"collection":[{"href":"https:\/\/sinoextrud.com\/fi\/wp-json\/wp\/v2\/product"}],"about":[{"href":"https:\/\/sinoextrud.com\/fi\/wp-json\/wp\/v2\/types\/product"}],"wp:featuredmedia":[{"embeddable":true,"href":"https:\/\/sinoextrud.com\/fi\/wp-json\/wp\/v2\/media\/10798"}],"wp:attachment":[{"href":"https:\/\/sinoextrud.com\/fi\/wp-json\/wp\/v2\/media?parent=10989"}],"wp:term":[{"taxonomy":"category","embeddable":true,"href":"https:\/\/sinoextrud.com\/fi\/wp-json\/wp\/v2\/categories?post=10989"}],"curies":[{"name":"wp","href":"https:\/\/api.w.org\/{rel}","templated":true}]}}