{"id":10987,"date":"2025-08-01T03:29:20","date_gmt":"2025-08-01T03:29:20","guid":{"rendered":"https:\/\/sinoextrud.com\/product\/electronic-heat-sink-for-industrial-devices\/"},"modified":"2025-08-01T03:29:20","modified_gmt":"2025-08-01T03:29:20","slug":"elektroninen-jaahdytyselementti-teollisuuslaitteita-varten","status":"publish","type":"product","link":"https:\/\/sinoextrud.com\/fi\/product\/electronic-heat-sink-for-industrial-devices\/","title":{"rendered":"Elektroninen j\u00e4\u00e4hdytyselementti teollisuuslaitteille"},"content":{"rendered":"<h2>Tuotteiden tiedot<\/h2>\n<div class=\"product-table\">\n<div class=\"row\">\n<div class=\"cell label\">Luokka<\/div>\n<div class=\"cell value\">Alumiini<\/div>\n<\/div>\n<div class=\"row\">\n<div class=\"cell label\">Suvaitsevaisuus<\/div>\n<div class=\"cell value\">\u00c2\u00b11%<\/div>\n<\/div>\n<div class=\"row\">\n<div class=\"cell label\">Toimitusaika<\/div>\n<div class=\"cell value\">10p\u00e4iv\u00e4\u00e4<\/div>\n<\/div>\n<div class=\"row\">\n<div class=\"cell label\">Temper<\/div>\n<div class=\"cell value\">custom<\/div>\n<\/div>\n<div class=\"row\">\n<div class=\"cell label\">Hakemus<\/div>\n<div class=\"cell value\">Elektroniikka, kodinkoneet, s\u00e4hk\u00f6, LED-lamput, autoteollisuus jne.<\/div>\n<\/div>\n<div class=\"row\">\n<div class=\"cell label\">Muoto<\/div>\n<div class=\"cell value\">custom<\/div>\n<\/div>\n<div class=\"row\">\n<div class=\"cell label\">K\u00e4sittelypalvelu<\/div>\n<div class=\"cell value\">Taivutus, purku, hitsaus, l\u00e4vistys, leikkaus<\/div>\n<\/div>\n<div class=\"row\">\n<div class=\"cell label\">Tuotteen nimi<\/div>\n<div class=\"cell value\">Alumiini suulakepuristus j\u00e4\u00e4hdytin laitteet voivat tukea r\u00e4\u00e4t\u00e4l\u00f6inti\u00e4<\/div>\n<\/div>\n<div class=\"row\">\n<div class=\"cell label\">N\u00e4yte<\/div>\n<div class=\"cell value\">Saatavilla<\/div>\n<\/div>\n<div class=\"row\">\n<div class=\"cell label\">R\u00e4\u00e4t\u00e4l\u00f6ity tuki<\/div>\n<div class=\"cell value\">R\u00e4\u00e4t\u00e4l\u00f6ity<\/div>\n<\/div>\n<div class=\"row\">\n<div class=\"cell label\">MOQ<\/div>\n<div class=\"cell value\">100kpl<\/div>\n<\/div>\n<div class=\"row\">\n<div class=\"cell label\">K\u00e4ytt\u00f6<\/div>\n<div class=\"cell value\">Alumiini suulakepuristetut profiilit Puristettu alumiini<\/div>\n<\/div>\n<div class=\"row\">\n<div class=\"cell label\">Tyyppi<\/div>\n<div class=\"cell value\">Puristaminen<\/div>\n<\/div>\n<div class=\"row\">\n<div class=\"cell label\">Avainsana<\/div>\n<div class=\"cell value\">Led profiili valo<\/div>\n<\/div>\n<div class=\"row\">\n<div class=\"cell label\">Prosessi<\/div>\n<div class=\"cell value\">Syv\u00e4sti ty\u00f6st\u00f6<\/div>\n<\/div>\n<div class=\"row\">\n<div class=\"cell label\">Koko<\/div>\n<div class=\"cell value\">Asiakkaan vaatimus<\/div>\n<\/div>\n<div class=\"row\">\n<div class=\"cell label\">V\u00e4ri<\/div>\n<div class=\"cell value\">R\u00e4\u00e4t\u00e4l\u00f6ity v\u00e4ri<\/div>\n<\/div>\n<div class=\"row\">\n<div class=\"cell label\">Myyntiyksik\u00f6t<\/div>\n<div class=\"cell value\">Yksitt\u00e4inen tuote<\/div>\n<\/div>\n<div class=\"row\">\n<div class=\"cell label\">Yhden pakkauksen koko<\/div>\n<div class=\"cell value\">32X32X31 cm<\/div>\n<\/div>\n<div class=\"row\">\n<div class=\"cell label\">Yksitt\u00e4inen bruttopaino<\/div>\n<div class=\"cell value\">1.000 KG<\/div>\n<\/div>\n<\/div>\n<p><\/p>\n<h2>Tuotantopohjamme<\/h2>\n<h3>Tehtaan panoraama<\/h3>\n<p><img decoding=\"async\" src=\"\/wp-content\/uploads\/factory-01.webp\"\/><\/p>\n<h3>Alumiini Bar Manufacturing Workshop<\/h3>\n<p><img decoding=\"async\" src=\"\/wp-content\/uploads\/factory-02.webp\"\/><\/p>\n<p><img decoding=\"async\" src=\"\/wp-content\/uploads\/factory-03.webp\"\/><\/p>\n<h3>Muotin varastointi Varasto<\/h3>\n<p><img decoding=\"async\" src=\"\/wp-content\/uploads\/factory-04.webp\"\/><\/p>\n<h3>43 alumiinin ekstruusiolinjat (500-5500 tonnia)<\/h3>\n<p><img decoding=\"async\" src=\"\/wp-content\/uploads\/factory-05.webp\"\/><\/p>\n<p><img decoding=\"async\" src=\"\/wp-content\/uploads\/factory-06.webp\"\/><\/p>\n<p><img decoding=\"async\" src=\"\/wp-content\/uploads\/factory-07.webp\"\/><\/p>\n<h3>Jauhemaalaus ty\u00f6paja<\/h3>\n<p><img decoding=\"async\" src=\"\/wp-content\/uploads\/factory-09.webp\"\/><\/p>\n<h3>Anodisointi ty\u00f6paja<\/h3>\n<p><img decoding=\"async\" src=\"\/wp-content\/uploads\/factory-10.webp\"\/><\/p>\n<h3>Syv\u00e4k\u00e4sittelyn ty\u00f6paja<\/h3>\n<p><img decoding=\"async\" src=\"\/wp-content\/uploads\/factory-11.webp\"\/><\/p>\n<h3>CNC-tarkkuuskoneistus ty\u00f6paja<\/h3>\n<p><img decoding=\"async\" src=\"\/wp-content\/uploads\/factory-11.5.webp\"\/><\/p>\n<h3>Valmiiden tuotteiden ja vientivarasto<\/h3>\n<p><img decoding=\"async\" src=\"\/wp-content\/uploads\/factory-12.webp\"\/><\/p>\n<p><img decoding=\"async\" src=\"\/wp-content\/uploads\/factory-13.webp\"\/><\/p>\n<p><img decoding=\"async\" src=\"\/wp-content\/uploads\/factory-14.webp\"\/><\/p>\n<h2>FAQ<\/h2>\n<p><strong>1. Mik\u00e4 on elektronisen j\u00e4\u00e4hdytyselementin ensisijainen teht\u00e4v\u00e4?<\/strong><br \/>Elektroninen j\u00e4\u00e4hdytyselementti on suunniteltu haihduttamaan l\u00e4mp\u00f6\u00e4 elektronisista komponenteista, kuten suorittimista ja n\u00e4yt\u00f6nohjaimista.<\/p>\n<p><strong>2. Voiko elektronisia j\u00e4\u00e4hdytyslevyj\u00e4 mukauttaa kooltaan?<\/strong><br \/>Kyll\u00e4, elektroniset j\u00e4\u00e4hdytyslevyt voidaan r\u00e4\u00e4t\u00e4l\u00f6id\u00e4 sovelluksen vaatimien erityismittojen mukaisiksi.<\/p>\n<p><strong>3. Mit\u00e4 materiaaleja k\u00e4ytet\u00e4\u00e4n elektroniikan j\u00e4\u00e4hdytyslevyiss\u00e4?<\/strong><br \/>Elektroniset j\u00e4\u00e4hdytyslevyt valmistetaan yleens\u00e4 alumiinista tai kuparista niiden erinomaisen l\u00e4mm\u00f6njohtavuuden vuoksi.<\/p>\n<p><strong>4. Miten valitsen oikean j\u00e4\u00e4hdytyselementin laitteelleni?<\/strong><br \/>Oikea j\u00e4\u00e4hdytyselementti riippuu laitteesi l\u00e4mp\u00f6tehosta ja tilarajoituksista.<\/p>\n<p><strong>5. Onko elektronisia j\u00e4\u00e4hdytyslevyj\u00e4 saatavilla irtotavarana?<\/strong><br \/>Kyll\u00e4, elektronisia j\u00e4\u00e4hdytyslevyj\u00e4 voidaan tilata irtotavarana kaupalliseen k\u00e4ytt\u00f6\u00f6n.<\/p>\n<p><strong>6. Voidaanko tietokoneissa k\u00e4ytt\u00e4\u00e4 elektronisia j\u00e4\u00e4hdytyslevyj\u00e4?<\/strong><br \/>Kyll\u00e4, elektroniset j\u00e4\u00e4hdytyselementit ovat v\u00e4ltt\u00e4m\u00e4tt\u00f6mi\u00e4 prosessoreiden ja muiden huipputehokkaiden tietokonekomponenttien j\u00e4\u00e4hdytyksess\u00e4.<\/p>\n<p><strong>7. Tarjoatteko teknist\u00e4 tukea j\u00e4\u00e4hdytyslevyjen asentamiseen?<\/strong><br \/>Kyll\u00e4, tarjoamme asennusoppaita ja teknist\u00e4 tukea kaikille elektronisille j\u00e4\u00e4hdytyslevyille.<\/p>\n<p><\/p>","protected":false},"featured_media":10740,"template":"","categories":[72],"class_list":["post-10987","product","type-product","status-publish","has-post-thumbnail","hentry","category-extruded-aluminum-heatsink"],"meta_box":{"hilight_text_group":[{"product_hilight_text":"<li>Designed to efficiently dissipate heat in electronic devices<\/li>\n<li>Available in various sizes and materials to suit different needs<\/li>\n<li>Precision engineered for optimal thermal performance<\/li>\n<li>Compatible with a wide range of electronic applications<\/li>\n<li>Customizable designs and dimensions for B2B clients<\/li>"}],"feature_list":[]},"_links":{"self":[{"href":"https:\/\/sinoextrud.com\/fi\/wp-json\/wp\/v2\/product\/10987","targetHints":{"allow":["GET"]}}],"collection":[{"href":"https:\/\/sinoextrud.com\/fi\/wp-json\/wp\/v2\/product"}],"about":[{"href":"https:\/\/sinoextrud.com\/fi\/wp-json\/wp\/v2\/types\/product"}],"wp:featuredmedia":[{"embeddable":true,"href":"https:\/\/sinoextrud.com\/fi\/wp-json\/wp\/v2\/media\/10740"}],"wp:attachment":[{"href":"https:\/\/sinoextrud.com\/fi\/wp-json\/wp\/v2\/media?parent=10987"}],"wp:term":[{"taxonomy":"category","embeddable":true,"href":"https:\/\/sinoextrud.com\/fi\/wp-json\/wp\/v2\/categories?post=10987"}],"curies":[{"name":"wp","href":"https:\/\/api.w.org\/{rel}","templated":true}]}}