{"id":10985,"date":"2025-08-01T03:29:17","date_gmt":"2025-08-01T03:29:17","guid":{"rendered":"https:\/\/sinoextrud.com\/product\/electrical-heat-sink-for-power-equipment\/"},"modified":"2025-08-01T03:29:17","modified_gmt":"2025-08-01T03:29:17","slug":"sahkoinen-jaahdytyselementti-sahkolaitteita-varten","status":"publish","type":"product","link":"https:\/\/sinoextrud.com\/fi\/product\/electrical-heat-sink-for-power-equipment\/","title":{"rendered":"S\u00e4hk\u00f6inen j\u00e4\u00e4hdytyselementti s\u00e4hk\u00f6laitteille"},"content":{"rendered":"<h2>Tuotteiden tiedot<\/h2>\n<div class=\"product-table\">\n<div class=\"row\">\n<div class=\"cell label\">Luokka<\/div>\n<div class=\"cell value\">6000-sarja<\/div>\n<\/div>\n<div class=\"row\">\n<div class=\"cell label\">Suvaitsevaisuus<\/div>\n<div class=\"cell value\">\u00c2\u00b11%<\/div>\n<\/div>\n<div class=\"row\">\n<div class=\"cell label\">Toimitusaika<\/div>\n<div class=\"cell value\">15-21 p\u00e4iv\u00e4\u00e4<\/div>\n<\/div>\n<div class=\"row\">\n<div class=\"cell label\">Temper<\/div>\n<div class=\"cell value\">T3-T8<\/div>\n<\/div>\n<div class=\"row\">\n<div class=\"cell label\">Hakemus<\/div>\n<div class=\"cell value\">Lasisein\u00e4<\/div>\n<\/div>\n<div class=\"row\">\n<div class=\"cell label\">Muoto<\/div>\n<div class=\"cell value\">tasainen<\/div>\n<\/div>\n<div class=\"row\">\n<div class=\"cell label\">Metalliseos tai ei<\/div>\n<div class=\"cell value\">Onko seos<\/div>\n<\/div>\n<div class=\"row\">\n<div class=\"cell label\">K\u00e4sittelypalvelu<\/div>\n<div class=\"cell value\">Taivutus, purku, hitsaus, l\u00e4vistys, leikkaus<\/div>\n<\/div>\n<div class=\"row\">\n<div class=\"cell label\">Tuotteen nimi<\/div>\n<div class=\"cell value\">alumiini suulakepuristettu j\u00e4\u00e4hdytyselementti<\/div>\n<\/div>\n<div class=\"row\">\n<div class=\"cell label\">Luokka<\/div>\n<div class=\"cell value\">6063\/6061\/6005\/6060 T5\/T6<\/div>\n<\/div>\n<div class=\"row\">\n<div class=\"cell label\">V\u00e4ri<\/div>\n<div class=\"cell value\">Hopea\/punainen\/musta\/v\u00e4rik\u00e4s<\/div>\n<\/div>\n<div class=\"row\">\n<div class=\"cell label\">Sertifiointi<\/div>\n<div class=\"cell value\">ISO9001<\/div>\n<\/div>\n<div class=\"row\">\n<div class=\"cell label\">Viimeistely<\/div>\n<div class=\"cell value\">erilaiset anodisoinnit\/kiillotukset\/harjaukset\/pinnoitukset<\/div>\n<\/div>\n<div class=\"row\">\n<div class=\"cell label\">Pintak\u00e4sittely<\/div>\n<div class=\"cell value\">Anodisointi viimeistely<\/div>\n<\/div>\n<div class=\"row\">\n<div class=\"cell label\">Paksuus<\/div>\n<div class=\"cell value\">0.8mm~30mm<\/div>\n<\/div>\n<div class=\"row\">\n<div class=\"cell label\">Kontin kuorma<\/div>\n<div class=\"cell value\">400 kartonkia\/20\u2032, 830 kartonkia\/40HQ<\/div>\n<\/div>\n<div class=\"row\">\n<div class=\"cell label\">Materiaali<\/div>\n<div class=\"cell value\">Anodisoitu alumiini suulakepuristus<\/div>\n<\/div>\n<div class=\"row\">\n<div class=\"cell label\">Tyyppi<\/div>\n<div class=\"cell value\">OEM alumiini suulakepuristukset Heat Sink<\/div>\n<\/div>\n<div class=\"row\">\n<div class=\"cell label\">Myyntiyksik\u00f6t<\/div>\n<div class=\"cell value\">Yksitt\u00e4inen tuote<\/div>\n<\/div>\n<div class=\"row\">\n<div class=\"cell label\">Yhden pakkauksen koko<\/div>\n<div class=\"cell value\">110X110X50 cm<\/div>\n<\/div>\n<div class=\"row\">\n<div class=\"cell label\">Yksitt\u00e4inen bruttopaino<\/div>\n<div class=\"cell value\">1.000 KG<\/div>\n<\/div>\n<\/div>\n<p><\/p>\n<h2>Tuotantopohjamme<\/h2>\n<h3>Tehtaan panoraama<\/h3>\n<p><img decoding=\"async\" src=\"\/wp-content\/uploads\/factory-01.webp\"\/><\/p>\n<h3>Alumiini Bar Manufacturing Workshop<\/h3>\n<p><img decoding=\"async\" src=\"\/wp-content\/uploads\/factory-02.webp\"\/><\/p>\n<p><img decoding=\"async\" src=\"\/wp-content\/uploads\/factory-03.webp\"\/><\/p>\n<h3>Muotin varastointi Varasto<\/h3>\n<p><img decoding=\"async\" src=\"\/wp-content\/uploads\/factory-04.webp\"\/><\/p>\n<h3>43 alumiinin ekstruusiolinjat (500-5500 tonnia)<\/h3>\n<p><img decoding=\"async\" src=\"\/wp-content\/uploads\/factory-05.webp\"\/><\/p>\n<p><img decoding=\"async\" src=\"\/wp-content\/uploads\/factory-06.webp\"\/><\/p>\n<p><img decoding=\"async\" src=\"\/wp-content\/uploads\/factory-07.webp\"\/><\/p>\n<h3>Jauhemaalaus ty\u00f6paja<\/h3>\n<p><img decoding=\"async\" src=\"\/wp-content\/uploads\/factory-09.webp\"\/><\/p>\n<h3>Anodisointi ty\u00f6paja<\/h3>\n<p><img decoding=\"async\" src=\"\/wp-content\/uploads\/factory-10.webp\"\/><\/p>\n<h3>Syv\u00e4k\u00e4sittelyn ty\u00f6paja<\/h3>\n<p><img decoding=\"async\" src=\"\/wp-content\/uploads\/factory-11.webp\"\/><\/p>\n<h3>CNC-tarkkuuskoneistus ty\u00f6paja<\/h3>\n<p><img decoding=\"async\" src=\"\/wp-content\/uploads\/factory-11.5.webp\"\/><\/p>\n<h3>Valmiiden tuotteiden ja vientivarasto<\/h3>\n<p><img decoding=\"async\" src=\"\/wp-content\/uploads\/factory-12.webp\"\/><\/p>\n<p><img decoding=\"async\" src=\"\/wp-content\/uploads\/factory-13.webp\"\/><\/p>\n<p><img decoding=\"async\" src=\"\/wp-content\/uploads\/factory-14.webp\"\/><\/p>\n<h2>FAQ<\/h2>\n<p><strong>1. Mik\u00e4 on s\u00e4hk\u00f6isen j\u00e4\u00e4hdytyselementin ensisijainen teht\u00e4v\u00e4?<\/strong><br \/>Sen ensisijainen teht\u00e4v\u00e4 on johtaa l\u00e4mp\u00f6\u00e4 s\u00e4hk\u00f6komponenteista ylikuumenemisen est\u00e4miseksi.<\/p>\n<p><strong>2. Voidaanko s\u00e4hk\u00f6inen j\u00e4\u00e4hdytyselementti r\u00e4\u00e4t\u00e4l\u00f6id\u00e4 tiettyihin komponentteihin sopivaksi?<\/strong><br \/>Kyll\u00e4, r\u00e4\u00e4t\u00e4l\u00f6intivaihtoehtoja on saatavana eri komponenttikokojen ja -muotojen mukaan.<\/p>\n<p><strong>3. Mist\u00e4 materiaaleista s\u00e4hk\u00f6iset j\u00e4\u00e4hdytyslevyt on valmistettu?<\/strong><br \/>Ne on tyypillisesti valmistettu alumiinista tai kuparista tehokkaan l\u00e4mm\u00f6njohtavuuden varmistamiseksi.<\/p>\n<p><strong>4. Onko r\u00e4\u00e4t\u00e4l\u00f6idyill\u00e4 j\u00e4\u00e4hdytyslevyill\u00e4 v\u00e4himm\u00e4istilausm\u00e4\u00e4r\u00e4?<\/strong><br \/>MOQ riippuu r\u00e4\u00e4t\u00e4l\u00f6intitarpeista, mutta alkaa yleens\u00e4 100 yksik\u00f6st\u00e4.<\/p>\n<p><strong>5. Ovatko s\u00e4hk\u00f6iset j\u00e4\u00e4hdytyslevyt kevyit\u00e4, jotta ne olisi helppo asentaa?<\/strong><br \/>Kyll\u00e4, ne on suunniteltu kevyiksi ja helposti asennettaviksi erilaisiin j\u00e4rjestelmiin.<\/p>\n<p><strong>6. Tarjoatteko j\u00e4\u00e4hdytyselementtiratkaisuja eri teollisuudenaloille?<\/strong><br \/>Kyll\u00e4, palvelemme useita teollisuudenaloja, kuten autoteollisuutta, elektroniikkaa ja televiestint\u00e4\u00e4.<\/p>\n<p><strong>7. Mik\u00e4 on n\u00e4iden j\u00e4\u00e4hdytyslevyjen ihanteellinen k\u00e4ytt\u00f6ymp\u00e4rist\u00f6?<\/strong><br \/>Ne soveltuvat ymp\u00e4rist\u00f6ihin, joissa tehokas l\u00e4mm\u00f6nsiirto on ratkaisevan t\u00e4rke\u00e4\u00e4 laitteiden suorituskyvyn kannalta.<\/p>\n<p><\/p>","protected":false},"featured_media":10796,"template":"","categories":[72],"class_list":["post-10985","product","type-product","status-publish","has-post-thumbnail","hentry","category-extruded-aluminum-heatsink"],"meta_box":{"hilight_text_group":[{"product_hilight_text":"<li>Designed to efficiently dissipate heat in electrical systems<\/li>\n<li>Available in various sizes to fit different components<\/li>\n<li>Constructed with high-quality materials for excellent thermal conductivity<\/li>\n<li>Offers lightweight solutions that are easy to integrate<\/li>\n<li>Customizable design for specific client requirements<\/li>"}],"feature_list":[]},"_links":{"self":[{"href":"https:\/\/sinoextrud.com\/fi\/wp-json\/wp\/v2\/product\/10985","targetHints":{"allow":["GET"]}}],"collection":[{"href":"https:\/\/sinoextrud.com\/fi\/wp-json\/wp\/v2\/product"}],"about":[{"href":"https:\/\/sinoextrud.com\/fi\/wp-json\/wp\/v2\/types\/product"}],"wp:featuredmedia":[{"embeddable":true,"href":"https:\/\/sinoextrud.com\/fi\/wp-json\/wp\/v2\/media\/10796"}],"wp:attachment":[{"href":"https:\/\/sinoextrud.com\/fi\/wp-json\/wp\/v2\/media?parent=10985"}],"wp:term":[{"taxonomy":"category","embeddable":true,"href":"https:\/\/sinoextrud.com\/fi\/wp-json\/wp\/v2\/categories?post=10985"}],"curies":[{"name":"wp","href":"https:\/\/api.w.org\/{rel}","templated":true}]}}