{"id":10980,"date":"2025-08-01T03:29:08","date_gmt":"2025-08-01T03:29:08","guid":{"rendered":"https:\/\/sinoextrud.com\/product\/vapor-chamber-extruded-heat-sink\/"},"modified":"2025-08-01T03:29:08","modified_gmt":"2025-08-01T03:29:08","slug":"hoyrykammio-suulakepuristettu-jaahdytyselementti","status":"publish","type":"product","link":"https:\/\/sinoextrud.com\/fi\/product\/vapor-chamber-extruded-heat-sink\/","title":{"rendered":"H\u00f6yrykammio Puristettu j\u00e4\u00e4hdytyselementti"},"content":{"rendered":"<h2>Tuotteiden tiedot<\/h2>\n<div class=\"product-table\">\n<div class=\"row\">\n<div class=\"cell label\">Materiaali<\/div>\n<div class=\"cell value\">Alumiini\/ter\u00e4s\/rauta\/ruostumaton ter\u00e4s\/luomu\/muovi\/<\/div>\n<\/div>\n<div class=\"row\">\n<div class=\"cell label\">Palvelu<\/div>\n<div class=\"cell value\">Yhden luukun palvelu. Koneistus-kokoonpano<\/div>\n<\/div>\n<div class=\"row\">\n<div class=\"cell label\">Koko<\/div>\n<div class=\"cell value\">Koko R\u00e4\u00e4t\u00e4l\u00f6ity<\/div>\n<\/div>\n<div class=\"row\">\n<div class=\"cell label\">Pintak\u00e4sittely<\/div>\n<div class=\"cell value\">kiillotus \/ kirkas anodisointi \/ s\u00e4hk\u00f6pinnoitus \/ \u00f6ljypainatus<\/div>\n<\/div>\n<div class=\"row\">\n<div class=\"cell label\">Piirustusmuoto<\/div>\n<div class=\"cell value\">2D\/(PDF\/CAD)3D(IGES\/STEP)<\/div>\n<\/div>\n<div class=\"row\">\n<div class=\"cell label\">Suvaitsevaisuus<\/div>\n<div class=\"cell value\">0.01-0.05mm<\/div>\n<\/div>\n<div class=\"row\">\n<div class=\"cell label\">Toimitusaika<\/div>\n<div class=\"cell value\">7-15 p\u00e4iv\u00e4\u00e4<\/div>\n<\/div>\n<div class=\"row\">\n<div class=\"cell label\">MOQ<\/div>\n<div class=\"cell value\">10kpl<\/div>\n<\/div>\n<div class=\"row\">\n<div class=\"cell label\">Pakkaus<\/div>\n<div class=\"cell value\">Kartonki<\/div>\n<\/div>\n<div class=\"row\">\n<div class=\"cell label\">OEM&amp;ODM<\/div>\n<div class=\"cell value\">Hyv\u00e4ksytty<\/div>\n<\/div>\n<div class=\"row\">\n<div class=\"cell label\">Myyntiyksik\u00f6t<\/div>\n<div class=\"cell value\">Yksitt\u00e4inen tuote<\/div>\n<\/div>\n<div class=\"row\">\n<div class=\"cell label\">Yhden pakkauksen koko<\/div>\n<div class=\"cell value\">10X6X2 cm<\/div>\n<\/div>\n<div class=\"row\">\n<div class=\"cell label\">Yksitt\u00e4inen bruttopaino<\/div>\n<div class=\"cell value\">0,090 KG<\/div>\n<\/div>\n<\/div>\n<p><\/p>\n<h2>Tuotantopohjamme<\/h2>\n<h3>Tehtaan panoraama<\/h3>\n<p><img decoding=\"async\" src=\"\/wp-content\/uploads\/factory-01.webp\"\/><\/p>\n<h3>Alumiini Bar Manufacturing Workshop<\/h3>\n<p><img decoding=\"async\" src=\"\/wp-content\/uploads\/factory-02.webp\"\/><\/p>\n<p><img decoding=\"async\" src=\"\/wp-content\/uploads\/factory-03.webp\"\/><\/p>\n<h3>Muotin varastointi Varasto<\/h3>\n<p><img decoding=\"async\" src=\"\/wp-content\/uploads\/factory-04.webp\"\/><\/p>\n<h3>43 alumiinin ekstruusiolinjat (500-5500 tonnia)<\/h3>\n<p><img decoding=\"async\" src=\"\/wp-content\/uploads\/factory-05.webp\"\/><\/p>\n<p><img decoding=\"async\" src=\"\/wp-content\/uploads\/factory-06.webp\"\/><\/p>\n<p><img decoding=\"async\" src=\"\/wp-content\/uploads\/factory-07.webp\"\/><\/p>\n<h3>Jauhemaalaus ty\u00f6paja<\/h3>\n<p><img decoding=\"async\" src=\"\/wp-content\/uploads\/factory-09.webp\"\/><\/p>\n<h3>Anodisointi ty\u00f6paja<\/h3>\n<p><img decoding=\"async\" src=\"\/wp-content\/uploads\/factory-10.webp\"\/><\/p>\n<h3>Syv\u00e4k\u00e4sittelyn ty\u00f6paja<\/h3>\n<p><img decoding=\"async\" src=\"\/wp-content\/uploads\/factory-11.webp\"\/><\/p>\n<h3>CNC-tarkkuuskoneistus ty\u00f6paja<\/h3>\n<p><img decoding=\"async\" src=\"\/wp-content\/uploads\/factory-11.5.webp\"\/><\/p>\n<h3>Valmiiden tuotteiden ja vientivarasto<\/h3>\n<p><img decoding=\"async\" src=\"\/wp-content\/uploads\/factory-12.webp\"\/><\/p>\n<p><img decoding=\"async\" src=\"\/wp-content\/uploads\/factory-13.webp\"\/><\/p>\n<p><img decoding=\"async\" src=\"\/wp-content\/uploads\/factory-14.webp\"\/><\/p>\n<h2>FAQ<\/h2>\n<p><strong>1. Mit\u00e4 etuja on h\u00f6yrykammiosta puristetun j\u00e4\u00e4hdytyselementin k\u00e4yt\u00f6ss\u00e4?<\/strong><br \/>Vapor Chamber -tekniikka tarjoaa erinomaisen l\u00e4mm\u00f6nsiirron korkean suorituskyvyn laitteille.<\/p>\n<p><strong>2. Voidaanko h\u00f6yrykammion suulakepuristetun j\u00e4\u00e4hdytyselementin kokoa mukauttaa?<\/strong><br \/>Kyll\u00e4, se voidaan r\u00e4\u00e4t\u00e4l\u00f6id\u00e4 vastaamaan erityisi\u00e4 mittavaatimuksia.<\/p>\n<p><strong>3. Soveltuuko t\u00e4m\u00e4 j\u00e4\u00e4hdytyselementti k\u00e4ytett\u00e4v\u00e4ksi korkean l\u00e4mp\u00f6tilan ymp\u00e4rist\u00f6iss\u00e4?<\/strong><br \/>Kyll\u00e4, se on suunniteltu toimimaan tehokkaasti erilaisissa l\u00e4mp\u00f6olosuhteissa.<\/p>\n<p><strong>4. Toimitatteko n\u00e4ytteit\u00e4 h\u00f6yrykammiosta pursotetusta j\u00e4\u00e4hdytyslevyst\u00e4?<\/strong><br \/>Kyll\u00e4, n\u00e4ytteit\u00e4 voidaan toimittaa laadunarviointia ja testausta varten.<\/p>\n<p><strong>5. Mik\u00e4 on tilauksen v\u00e4himm\u00e4ism\u00e4\u00e4r\u00e4 r\u00e4\u00e4t\u00e4l\u00f6idyiss\u00e4 malleissa?<\/strong><br \/>R\u00e4\u00e4t\u00e4l\u00f6ityjen mallien MOQ alkaa tyypillisesti 500 kappaleesta, riippuen spesifikaatioista.<\/p>\n<p><strong>6. Voidaanko n\u00e4it\u00e4 j\u00e4\u00e4hdytyslevyj\u00e4 k\u00e4ytt\u00e4\u00e4 kulutuselektroniikassa?<\/strong><br \/>Kyll\u00e4, ne sopivat erinomaisesti sek\u00e4 teollisuus- ett\u00e4 kuluttajaelektroniikkalaitteisiin, jotka vaativat l\u00e4mm\u00f6nhallintaa.<\/p>\n<p><strong>7. Miten h\u00f6yrykammiotekniikka parantaa l\u00e4mp\u00f6tehoa?<\/strong><br \/>H\u00f6yrykammiot levitt\u00e4v\u00e4t l\u00e4mm\u00f6n tasaisesti koko j\u00e4\u00e4hdytyselementtiin ja lis\u00e4\u00e4v\u00e4t tehokkuutta.<\/p>\n<p><\/p>","protected":false},"featured_media":10809,"template":"","categories":[55],"class_list":["post-10980","product","type-product","status-publish","has-post-thumbnail","hentry","category-extruded-aluminum-profiles"],"meta_box":{"hilight_text_group":[{"product_hilight_text":"<li>Efficient heat dissipation with vapor chamber technology<\/li>\n<li>Customizable dimensions to fit specific device requirements<\/li>\n<li>Lightweight and robust design for durability<\/li>\n<li>Optimized for various thermal management applications<\/li>\n<li>Supports both OEM and ODM projects with competitive pricing<\/li>"}],"feature_list":[]},"_links":{"self":[{"href":"https:\/\/sinoextrud.com\/fi\/wp-json\/wp\/v2\/product\/10980","targetHints":{"allow":["GET"]}}],"collection":[{"href":"https:\/\/sinoextrud.com\/fi\/wp-json\/wp\/v2\/product"}],"about":[{"href":"https:\/\/sinoextrud.com\/fi\/wp-json\/wp\/v2\/types\/product"}],"wp:featuredmedia":[{"embeddable":true,"href":"https:\/\/sinoextrud.com\/fi\/wp-json\/wp\/v2\/media\/10809"}],"wp:attachment":[{"href":"https:\/\/sinoextrud.com\/fi\/wp-json\/wp\/v2\/media?parent=10980"}],"wp:term":[{"taxonomy":"category","embeddable":true,"href":"https:\/\/sinoextrud.com\/fi\/wp-json\/wp\/v2\/categories?post=10980"}],"curies":[{"name":"wp","href":"https:\/\/api.w.org\/{rel}","templated":true}]}}