{"id":10977,"date":"2025-08-01T03:29:01","date_gmt":"2025-08-01T03:29:01","guid":{"rendered":"https:\/\/sinoextrud.com\/product\/high-efficiency-heat-sink-for-thermal-management\/"},"modified":"2025-08-01T03:29:01","modified_gmt":"2025-08-01T03:29:01","slug":"korkean-hyotysuhteen-jaahdytyselementti-lammonhallintaa-varten","status":"publish","type":"product","link":"https:\/\/sinoextrud.com\/fi\/product\/high-efficiency-heat-sink-for-thermal-management\/","title":{"rendered":"Korkean hy\u00f6tysuhteen j\u00e4\u00e4hdytyselementti l\u00e4mm\u00f6nhallintaan"},"content":{"rendered":"<h2>Tuotteiden tiedot<\/h2>\n<div class=\"product-table\">\n<div class=\"row\">\n<div class=\"cell label\">Luokka<\/div>\n<div class=\"cell value\">6000-sarja<\/div>\n<\/div>\n<div class=\"row\">\n<div class=\"cell label\">Suvaitsevaisuus<\/div>\n<div class=\"cell value\">\u00c2\u00b120%<\/div>\n<\/div>\n<div class=\"row\">\n<div class=\"cell label\">Toimitusaika<\/div>\n<div class=\"cell value\">31-45 p\u00e4iv\u00e4\u00e4<\/div>\n<\/div>\n<div class=\"row\">\n<div class=\"cell label\">Temper<\/div>\n<div class=\"cell value\">T3-T8<\/div>\n<\/div>\n<div class=\"row\">\n<div class=\"cell label\">Hakemus<\/div>\n<div class=\"cell value\">Sisustus, teollisuus, valaistus, rakentaminen, liikenne jne.<\/div>\n<\/div>\n<div class=\"row\">\n<div class=\"cell label\">Muoto<\/div>\n<div class=\"cell value\">Neli\u00f6, py\u00f6re\u00e4, litte\u00e4 jne.<\/div>\n<\/div>\n<div class=\"row\">\n<div class=\"cell label\">Metalliseos tai ei<\/div>\n<div class=\"cell value\">Onko seos<\/div>\n<\/div>\n<div class=\"row\">\n<div class=\"cell label\">K\u00e4sittelypalvelu<\/div>\n<div class=\"cell value\">Taivutus, purku, hitsaus, l\u00e4vistys, leikkaus<\/div>\n<\/div>\n<div class=\"row\">\n<div class=\"cell label\">Tuotteen nimi<\/div>\n<div class=\"cell value\">Tehtaan tarjonta korkean tehokkuuden kuusikulmainen alumiininen j\u00e4\u00e4hdytyselementti tai j\u00e4\u00e4hdytyselementti<\/div>\n<\/div>\n<div class=\"row\">\n<div class=\"cell label\">Materiaali<\/div>\n<div class=\"cell value\">Seos 6063\/6061\/661\/6005\/6060 T5\/T6 jne. Kuten asiakkaat vaativat<\/div>\n<\/div>\n<div class=\"row\">\n<div class=\"cell label\">V\u00e4ri<\/div>\n<div class=\"cell value\">R\u00e4\u00e4t\u00e4l\u00f6ity v\u00e4ri<\/div>\n<\/div>\n<div class=\"row\">\n<div class=\"cell label\">Tyyppi<\/div>\n<div class=\"cell value\">Aluninum ekstruusio<\/div>\n<\/div>\n<div class=\"row\">\n<div class=\"cell label\">Pintak\u00e4sittely<\/div>\n<div class=\"cell value\">Mill viimeistely, anodisointi, jauhemaalaus, kiillotus, harjaus jne.<\/div>\n<\/div>\n<div class=\"row\">\n<div class=\"cell label\">Teknologia<\/div>\n<div class=\"cell value\">Puristettu + tarkkuusty\u00f6st\u00f6, pintak\u00e4sittely<\/div>\n<\/div>\n<div class=\"row\">\n<div class=\"cell label\">Ominaisuudet<\/div>\n<div class=\"cell value\">Vahva, tyylik\u00e4s, kest\u00e4v\u00e4, korroosionkest\u00e4v\u00e4.<\/div>\n<\/div>\n<div class=\"row\">\n<div class=\"cell label\">Ty\u00f6st\u00f6prosessi<\/div>\n<div class=\"cell value\">Leikkaus, l\u00e4vistys, poraus, hitsaus, mylly, CNC jne.<\/div>\n<\/div>\n<div class=\"row\">\n<div class=\"cell label\">Toimitusaika<\/div>\n<div class=\"cell value\">25-30 ty\u00f6p\u00e4iv\u00e4\u00e4 kuusikulmaiselle alumiiniselle j\u00e4\u00e4hdytyselementille<\/div>\n<\/div>\n<div class=\"row\">\n<div class=\"cell label\">OEM-palvelu<\/div>\n<div class=\"cell value\">Saatavana kuusikulmaiselle alumiiniselle j\u00e4\u00e4hdytyselementille<\/div>\n<\/div>\n<div class=\"row\">\n<div class=\"cell label\">Myyntiyksik\u00f6t<\/div>\n<div class=\"cell value\">Yksitt\u00e4inen tuote<\/div>\n<\/div>\n<div class=\"row\">\n<div class=\"cell label\">Yhden pakkauksen koko<\/div>\n<div class=\"cell value\">45X5X45 cm<\/div>\n<\/div>\n<div class=\"row\">\n<div class=\"cell label\">Yksitt\u00e4inen bruttopaino<\/div>\n<div class=\"cell value\">2.000 KG<\/div>\n<\/div>\n<\/div>\n<p><\/p>\n<h2>Tuotantopohjamme<\/h2>\n<h3>Tehtaan panoraama<\/h3>\n<p><img decoding=\"async\" src=\"\/wp-content\/uploads\/factory-01.webp\"\/><\/p>\n<h3>Alumiini Bar Manufacturing Workshop<\/h3>\n<p><img decoding=\"async\" src=\"\/wp-content\/uploads\/factory-02.webp\"\/><\/p>\n<p><img decoding=\"async\" src=\"\/wp-content\/uploads\/factory-03.webp\"\/><\/p>\n<h3>Muotin varastointi Varasto<\/h3>\n<p><img decoding=\"async\" src=\"\/wp-content\/uploads\/factory-04.webp\"\/><\/p>\n<h3>43 alumiinin ekstruusiolinjat (500-5500 tonnia)<\/h3>\n<p><img decoding=\"async\" src=\"\/wp-content\/uploads\/factory-05.webp\"\/><\/p>\n<p><img decoding=\"async\" src=\"\/wp-content\/uploads\/factory-06.webp\"\/><\/p>\n<p><img decoding=\"async\" src=\"\/wp-content\/uploads\/factory-07.webp\"\/><\/p>\n<h3>Jauhemaalaus ty\u00f6paja<\/h3>\n<p><img decoding=\"async\" src=\"\/wp-content\/uploads\/factory-09.webp\"\/><\/p>\n<h3>Anodisointi ty\u00f6paja<\/h3>\n<p><img decoding=\"async\" src=\"\/wp-content\/uploads\/factory-10.webp\"\/><\/p>\n<h3>Syv\u00e4k\u00e4sittelyn ty\u00f6paja<\/h3>\n<p><img decoding=\"async\" src=\"\/wp-content\/uploads\/factory-11.webp\"\/><\/p>\n<h3>CNC-tarkkuuskoneistus ty\u00f6paja<\/h3>\n<p><img decoding=\"async\" src=\"\/wp-content\/uploads\/factory-11.5.webp\"\/><\/p>\n<h3>Valmiiden tuotteiden ja vientivarasto<\/h3>\n<p><img decoding=\"async\" src=\"\/wp-content\/uploads\/factory-12.webp\"\/><\/p>\n<p><img decoding=\"async\" src=\"\/wp-content\/uploads\/factory-13.webp\"\/><\/p>\n<p><img decoding=\"async\" src=\"\/wp-content\/uploads\/factory-14.webp\"\/><\/p>\n<h2>FAQ<\/h2>\n<p><strong>1. Mik\u00e4 tekee t\u00e4st\u00e4 j\u00e4\u00e4hdytyselementist\u00e4 eritt\u00e4in tehokkaan?<\/strong><br \/>Sen suunnittelu ja materiaalivalinnat takaavat optimaalisen l\u00e4mm\u00f6nsiirron ja l\u00e4mm\u00f6nhallinnan.<\/p>\n<p><strong>2. Voidaanko j\u00e4\u00e4hdytyselementti r\u00e4\u00e4t\u00e4l\u00f6id\u00e4?<\/strong><br \/>Kyll\u00e4, tarjoamme koon, muodon ja kiinnitysvaihtoehtojen mukauttamista erityistarpeiden mukaan.<\/p>\n<p><strong>3. Ovatko j\u00e4\u00e4hdytyslevynne yhteensopivia eri elektronisten laitteiden kanssa?<\/strong><br \/>Ehdottomasti, j\u00e4\u00e4hdytyselementtimme on suunniteltu yhteensopiviksi monenlaisten laitteiden kanssa.<\/p>\n<p><strong>4. Tarjoatteko teknist\u00e4 tukea integrointia varten?<\/strong><br \/>Kyll\u00e4, tarjoamme t\u00e4yden teknisen tuen ja opastusta tuotteiden integrointiin.<\/p>\n<p><strong>5. Onko mahdollista tilata n\u00e4yte j\u00e4\u00e4hdytyselementist\u00e4?<\/strong><br \/>Kyll\u00e4, n\u00e4ytteit\u00e4 on saatavana arviointia varten ennen kuin sitoudut irtotilauksiin.<\/p>\n<p><strong>6. Mit\u00e4 materiaaleja j\u00e4\u00e4hdytyselementiss\u00e4 k\u00e4ytet\u00e4\u00e4n?<\/strong><br \/>Tyypillisesti se on valmistettu alumiinista tai kuparista, jotka tunnetaan erinomaisista l\u00e4mp\u00f6ominaisuuksistaan.<\/p>\n<p><strong>7. Tarjoatteko kansainv\u00e4lisi\u00e4 toimituksia n\u00e4ille j\u00e4\u00e4hdytyslevyille?<\/strong><br \/>Kyll\u00e4, tarjoamme maailmanlaajuisia kuljetuspalveluja ja kattavaa logistiikkatukea.<\/p>\n<p><\/p>","protected":false},"featured_media":10811,"template":"","categories":[72],"class_list":["post-10977","product","type-product","status-publish","has-post-thumbnail","hentry","category-extruded-aluminum-heatsink"],"meta_box":{"hilight_text_group":[{"product_hilight_text":"<li>Engineered for optimal thermal management in various applications<\/li>\n<li>Customizable designs to fit client-specific requirements<\/li>\n<li>Manufactured using high-quality materials for enhanced durability<\/li>\n<li>Compatible with a wide range of electronic components<\/li>\n<li>Environmentally friendly production processes<\/li>"}],"feature_list":[]},"_links":{"self":[{"href":"https:\/\/sinoextrud.com\/fi\/wp-json\/wp\/v2\/product\/10977","targetHints":{"allow":["GET"]}}],"collection":[{"href":"https:\/\/sinoextrud.com\/fi\/wp-json\/wp\/v2\/product"}],"about":[{"href":"https:\/\/sinoextrud.com\/fi\/wp-json\/wp\/v2\/types\/product"}],"wp:featuredmedia":[{"embeddable":true,"href":"https:\/\/sinoextrud.com\/fi\/wp-json\/wp\/v2\/media\/10811"}],"wp:attachment":[{"href":"https:\/\/sinoextrud.com\/fi\/wp-json\/wp\/v2\/media?parent=10977"}],"wp:term":[{"taxonomy":"category","embeddable":true,"href":"https:\/\/sinoextrud.com\/fi\/wp-json\/wp\/v2\/categories?post=10977"}],"curies":[{"name":"wp","href":"https:\/\/api.w.org\/{rel}","templated":true}]}}