{"id":10976,"date":"2025-08-01T03:28:59","date_gmt":"2025-08-01T03:28:59","guid":{"rendered":"https:\/\/sinoextrud.com\/product\/custom-cnc-aluminum-case-for-electronics\/"},"modified":"2025-08-01T03:28:59","modified_gmt":"2025-08-01T03:28:59","slug":"custom-cnc-alumiini-tapauksessa-elektroniikka","status":"publish","type":"product","link":"https:\/\/sinoextrud.com\/fi\/product\/custom-cnc-aluminum-case-for-electronics\/","title":{"rendered":"Custom CNC alumiini tapauksessa elektroniikka"},"content":{"rendered":"<h2>Tuotteiden tiedot<\/h2>\n<div class=\"product-table\">\n<div class=\"row\">\n<div class=\"cell label\">Luokka<\/div>\n<div class=\"cell value\">6000-sarja<\/div>\n<\/div>\n<div class=\"row\">\n<div class=\"cell label\">Suvaitsevaisuus<\/div>\n<div class=\"cell value\">\u00c2\u00b11%<\/div>\n<\/div>\n<div class=\"row\">\n<div class=\"cell label\">Toimitusaika<\/div>\n<div class=\"cell value\">15-21 p\u00e4iv\u00e4\u00e4<\/div>\n<\/div>\n<div class=\"row\">\n<div class=\"cell label\">Temper<\/div>\n<div class=\"cell value\">T3-T8<\/div>\n<\/div>\n<div class=\"row\">\n<div class=\"cell label\">Hakemus<\/div>\n<div class=\"cell value\">Koristeet<\/div>\n<\/div>\n<div class=\"row\">\n<div class=\"cell label\">Muoto<\/div>\n<div class=\"cell value\">muotoiltu<\/div>\n<\/div>\n<div class=\"row\">\n<div class=\"cell label\">Metalliseos tai ei<\/div>\n<div class=\"cell value\">Onko seos<\/div>\n<\/div>\n<div class=\"row\">\n<div class=\"cell label\">K\u00e4sittelypalvelu<\/div>\n<div class=\"cell value\">L\u00e4vistys, leikkaus, CNC, jyrsint\u00e4<\/div>\n<\/div>\n<div class=\"row\">\n<div class=\"cell label\">Materiaali<\/div>\n<div class=\"cell value\">Seos 6000-sarja<\/div>\n<\/div>\n<div class=\"row\">\n<div class=\"cell label\">Pintak\u00e4sittely<\/div>\n<div class=\"cell value\">anodisoitu<\/div>\n<\/div>\n<div class=\"row\">\n<div class=\"cell label\">V\u00e4ri<\/div>\n<div class=\"cell value\">hopeinen<\/div>\n<\/div>\n<div class=\"row\">\n<div class=\"cell label\">Tuotteen nimi<\/div>\n<div class=\"cell value\">eritt\u00e4in tarkasti valitut materiaalit j\u00e4\u00e4hdyttimen alumiiniprofiili<\/div>\n<\/div>\n<div class=\"row\">\n<div class=\"cell label\">K\u00e4ytt\u00f6<\/div>\n<div class=\"cell value\">teollisuus<\/div>\n<\/div>\n<div class=\"row\">\n<div class=\"cell label\">Pituus<\/div>\n<div class=\"cell value\">r\u00e4\u00e4t\u00e4l\u00f6ity<\/div>\n<\/div>\n<div class=\"row\">\n<div class=\"cell label\">Viimeistely<\/div>\n<div class=\"cell value\">anodisoitu<\/div>\n<\/div>\n<div class=\"row\">\n<div class=\"cell label\">Nimi<\/div>\n<div class=\"cell value\">eritt\u00e4in tarkasti valitut materiaalit j\u00e4\u00e4hdyttimen alumiiniprofiili<\/div>\n<\/div>\n<div class=\"row\">\n<div class=\"cell label\">Myyntiyksik\u00f6t<\/div>\n<div class=\"cell value\">Yksitt\u00e4inen tuote<\/div>\n<\/div>\n<\/div>\n<p><\/p>\n<h2>Tuotantopohjamme<\/h2>\n<h3>Tehtaan panoraama<\/h3>\n<p><img decoding=\"async\" src=\"\/wp-content\/uploads\/factory-01.webp\"\/><\/p>\n<h3>Alumiini Bar Manufacturing Workshop<\/h3>\n<p><img decoding=\"async\" src=\"\/wp-content\/uploads\/factory-02.webp\"\/><\/p>\n<p><img decoding=\"async\" src=\"\/wp-content\/uploads\/factory-03.webp\"\/><\/p>\n<h3>Muotin varastointi Varasto<\/h3>\n<p><img decoding=\"async\" src=\"\/wp-content\/uploads\/factory-04.webp\"\/><\/p>\n<h3>43 alumiinin ekstruusiolinjat (500-5500 tonnia)<\/h3>\n<p><img decoding=\"async\" src=\"\/wp-content\/uploads\/factory-05.webp\"\/><\/p>\n<p><img decoding=\"async\" src=\"\/wp-content\/uploads\/factory-06.webp\"\/><\/p>\n<p><img decoding=\"async\" src=\"\/wp-content\/uploads\/factory-07.webp\"\/><\/p>\n<h3>Jauhemaalaus ty\u00f6paja<\/h3>\n<p><img decoding=\"async\" src=\"\/wp-content\/uploads\/factory-09.webp\"\/><\/p>\n<h3>Anodisointi ty\u00f6paja<\/h3>\n<p><img decoding=\"async\" src=\"\/wp-content\/uploads\/factory-10.webp\"\/><\/p>\n<h3>Syv\u00e4k\u00e4sittelyn ty\u00f6paja<\/h3>\n<p><img decoding=\"async\" src=\"\/wp-content\/uploads\/factory-11.webp\"\/><\/p>\n<h3>CNC-tarkkuuskoneistus ty\u00f6paja<\/h3>\n<p><img decoding=\"async\" src=\"\/wp-content\/uploads\/factory-11.5.webp\"\/><\/p>\n<h3>Valmiiden tuotteiden ja vientivarasto<\/h3>\n<p><img decoding=\"async\" src=\"\/wp-content\/uploads\/factory-12.webp\"\/><\/p>\n<p><img decoding=\"async\" src=\"\/wp-content\/uploads\/factory-13.webp\"\/><\/p>\n<p><img decoding=\"async\" src=\"\/wp-content\/uploads\/factory-14.webp\"\/><\/p>\n<h2>FAQ<\/h2>\n<p><strong>1. Mit\u00e4 materiaaleja alumiinikotelossa k\u00e4ytet\u00e4\u00e4n?<\/strong><br \/>Alumiinikotelo on valmistettu korkealaatuisesta alumiinista, joka takaa erinomaisen kest\u00e4vyyden.<\/p>\n<p><strong>2. Onko alumiinikotelo muokattavissa?<\/strong><br \/>Kyll\u00e4, tarjoamme koon, v\u00e4rin ja muotoilun r\u00e4\u00e4t\u00e4l\u00f6inti\u00e4 vastaamaan liiketoiminnan erityisvaatimuksia.<\/p>\n<p><strong>3. Kest\u00e4\u00e4k\u00f6 alumiinikotelo ruostetta ja korroosiota?<\/strong><br \/>Kyll\u00e4, kotelo on suunniteltu kest\u00e4m\u00e4\u00e4n hyvin ruostetta ja korroosiota, jotta se kest\u00e4\u00e4 pitk\u00e4\u00e4n.<\/p>\n<p><strong>4. Onko alumiinikotelo sopiva elektroniikkakomponenteille?<\/strong><br \/>Sit\u00e4 k\u00e4ytet\u00e4\u00e4n ihanteellisesti herkkien elektroniikkakomponenttien suojaamiseen.<\/p>\n<p><strong>5. Tarjoatteko irtotavarana alennuksia suurista tilauksista?<\/strong><br \/>Kyll\u00e4, kilpailukykyinen hinnoittelu ja irtotavaralennot ovat saatavilla suuremmille tilauksille.<\/p>\n<p><strong>6. Mit\u00e4 viimeistelyj\u00e4 alumiinikoteloon on saatavana?<\/strong><br \/>Tarjoamme erilaisia pintak\u00e4sittelyj\u00e4, mukaan lukien anodisoidut ja pulverimaalausvaihtoehdot.<\/p>\n<p><strong>7. Voidaanko alumiinikoteloa k\u00e4ytt\u00e4\u00e4 teollisuusymp\u00e4rist\u00f6iss\u00e4?<\/strong><br \/>Kyll\u00e4, se on riitt\u00e4v\u00e4n kest\u00e4v\u00e4 vaativiin teollisuusymp\u00e4rist\u00f6ihin ja -sovelluksiin.<\/p>\n<p><\/p>","protected":false},"featured_media":10739,"template":"","categories":[55],"class_list":["post-10976","product","type-product","status-publish","has-post-thumbnail","hentry","category-extruded-aluminum-profiles"],"meta_box":{"hilight_text_group":[{"product_hilight_text":"<li>Lightweight yet durable construction for various uses<\/li>\n<li>Highly resistant to corrosion and rust, ensuring long-term reliability<\/li>\n<li>Customizable dimensions and design to fit specific business needs<\/li>\n<li>Premium quality finish with options for anodized or powder coating<\/li>\n<li>Well-suited for both electronic and industrial applications<\/li>"}],"feature_list":[]},"_links":{"self":[{"href":"https:\/\/sinoextrud.com\/fi\/wp-json\/wp\/v2\/product\/10976","targetHints":{"allow":["GET"]}}],"collection":[{"href":"https:\/\/sinoextrud.com\/fi\/wp-json\/wp\/v2\/product"}],"about":[{"href":"https:\/\/sinoextrud.com\/fi\/wp-json\/wp\/v2\/types\/product"}],"wp:featuredmedia":[{"embeddable":true,"href":"https:\/\/sinoextrud.com\/fi\/wp-json\/wp\/v2\/media\/10739"}],"wp:attachment":[{"href":"https:\/\/sinoextrud.com\/fi\/wp-json\/wp\/v2\/media?parent=10976"}],"wp:term":[{"taxonomy":"category","embeddable":true,"href":"https:\/\/sinoextrud.com\/fi\/wp-json\/wp\/v2\/categories?post=10976"}],"curies":[{"name":"wp","href":"https:\/\/api.w.org\/{rel}","templated":true}]}}