{"id":10973,"date":"2025-08-01T03:22:27","date_gmt":"2025-08-01T03:22:27","guid":{"rendered":"https:\/\/sinoextrud.com\/product\/cooling-plate-for-thermal-management-systems\/"},"modified":"2025-08-01T03:22:27","modified_gmt":"2025-08-01T03:22:27","slug":"jaahdytyslevy-lammonhallintajarjestelmia-varten","status":"publish","type":"product","link":"https:\/\/sinoextrud.com\/fi\/product\/cooling-plate-for-thermal-management-systems\/","title":{"rendered":"L\u00e4mm\u00f6nhallintaj\u00e4rjestelmien j\u00e4\u00e4hdytyslevy"},"content":{"rendered":"<h2>Tuotteiden tiedot<\/h2>\n<div class=\"product-table\">\n<div class=\"row\">\n<div class=\"cell label\">Luokka<\/div>\n<div class=\"cell value\">6000-sarja<\/div>\n<\/div>\n<div class=\"row\">\n<div class=\"cell label\">Suvaitsevaisuus<\/div>\n<div class=\"cell value\">\u00c2\u00b11%<\/div>\n<\/div>\n<div class=\"row\">\n<div class=\"cell label\">Toimitusaika<\/div>\n<div class=\"cell value\">22-30 p\u00e4iv\u00e4\u00e4<\/div>\n<\/div>\n<div class=\"row\">\n<div class=\"cell label\">Temper<\/div>\n<div class=\"cell value\">T3-T8<\/div>\n<\/div>\n<div class=\"row\">\n<div class=\"cell label\">Hakemus<\/div>\n<div class=\"cell value\">led\/elektroniikka\/cpu\/teollisuus<\/div>\n<\/div>\n<div class=\"row\">\n<div class=\"cell label\">Muoto<\/div>\n<div class=\"cell value\">custom<\/div>\n<\/div>\n<div class=\"row\">\n<div class=\"cell label\">Metalliseos tai ei<\/div>\n<div class=\"cell value\">Onko seos<\/div>\n<\/div>\n<div class=\"row\">\n<div class=\"cell label\">K\u00e4sittelypalvelu<\/div>\n<div class=\"cell value\">Taivutus, purku, hitsaus, l\u00e4vistys, leikkaus<\/div>\n<\/div>\n<div class=\"row\">\n<div class=\"cell label\">Tuotteen nimi<\/div>\n<div class=\"cell value\">Mukautettu alumiininen j\u00e4\u00e4hdytyselementti<\/div>\n<\/div>\n<div class=\"row\">\n<div class=\"cell label\">Materiaali<\/div>\n<div class=\"cell value\">6063 6061 6005 Alumiiniseos 6063 6061 6005 Alumiiniseos<\/div>\n<\/div>\n<div class=\"row\">\n<div class=\"cell label\">V\u00e4ri<\/div>\n<div class=\"cell value\">Hopea, musta, kultainen musta ja niin edelleen<\/div>\n<\/div>\n<div class=\"row\">\n<div class=\"cell label\">Pintak\u00e4sittely<\/div>\n<div class=\"cell value\">Mill Finish, anodisointi, jauhemaalaus<\/div>\n<\/div>\n<div class=\"row\">\n<div class=\"cell label\">Sertifiointi<\/div>\n<div class=\"cell value\">ISO9001:2008<\/div>\n<\/div>\n<div class=\"row\">\n<div class=\"cell label\">muoto<\/div>\n<div class=\"cell value\">R\u00e4\u00e4t\u00e4l\u00f6ity<\/div>\n<\/div>\n<div class=\"row\">\n<div class=\"cell label\">K\u00e4ytt\u00f6<\/div>\n<div class=\"cell value\">Led\/elektroniikka\/cpu\/teollisuus<\/div>\n<\/div>\n<div class=\"row\">\n<div class=\"cell label\">N\u00e4yte<\/div>\n<div class=\"cell value\">Ilmainen n\u00e4yte<\/div>\n<\/div>\n<div class=\"row\">\n<div class=\"cell label\">Pituus<\/div>\n<div class=\"cell value\">Mukautettu pituus<\/div>\n<\/div>\n<div class=\"row\">\n<div class=\"cell label\">Palvelu<\/div>\n<div class=\"cell value\">OEM ODM<\/div>\n<\/div>\n<div class=\"row\">\n<div class=\"cell label\">Myyntiyksik\u00f6t<\/div>\n<div class=\"cell value\">Yksitt\u00e4inen tuote<\/div>\n<\/div>\n<div class=\"row\">\n<div class=\"cell label\">Yhden pakkauksen koko<\/div>\n<div class=\"cell value\">30X20X20 cm<\/div>\n<\/div>\n<div class=\"row\">\n<div class=\"cell label\">Yksitt\u00e4inen bruttopaino<\/div>\n<div class=\"cell value\">3.000 KG<\/div>\n<\/div>\n<\/div>\n<p><\/p>\n<h2>Tuotantopohjamme<\/h2>\n<h3>Tehtaan panoraama<\/h3>\n<p><img decoding=\"async\" src=\"\/wp-content\/uploads\/factory-01.webp\"\/><\/p>\n<h3>Alumiini Bar Manufacturing Workshop<\/h3>\n<p><img decoding=\"async\" src=\"\/wp-content\/uploads\/factory-02.webp\"\/><\/p>\n<p><img decoding=\"async\" src=\"\/wp-content\/uploads\/factory-03.webp\"\/><\/p>\n<h3>Muotin varastointi Varasto<\/h3>\n<p><img decoding=\"async\" src=\"\/wp-content\/uploads\/factory-04.webp\"\/><\/p>\n<h3>43 alumiinin ekstruusiolinjat (500-5500 tonnia)<\/h3>\n<p><img decoding=\"async\" src=\"\/wp-content\/uploads\/factory-05.webp\"\/><\/p>\n<p><img decoding=\"async\" src=\"\/wp-content\/uploads\/factory-06.webp\"\/><\/p>\n<p><img decoding=\"async\" src=\"\/wp-content\/uploads\/factory-07.webp\"\/><\/p>\n<h3>Jauhemaalaus ty\u00f6paja<\/h3>\n<p><img decoding=\"async\" src=\"\/wp-content\/uploads\/factory-09.webp\"\/><\/p>\n<h3>Anodisointi ty\u00f6paja<\/h3>\n<p><img decoding=\"async\" src=\"\/wp-content\/uploads\/factory-10.webp\"\/><\/p>\n<h3>Syv\u00e4k\u00e4sittelyn ty\u00f6paja<\/h3>\n<p><img decoding=\"async\" src=\"\/wp-content\/uploads\/factory-11.webp\"\/><\/p>\n<h3>CNC-tarkkuuskoneistus ty\u00f6paja<\/h3>\n<p><img decoding=\"async\" src=\"\/wp-content\/uploads\/factory-11.5.webp\"\/><\/p>\n<h3>Valmiiden tuotteiden ja vientivarasto<\/h3>\n<p><img decoding=\"async\" src=\"\/wp-content\/uploads\/factory-12.webp\"\/><\/p>\n<p><img decoding=\"async\" src=\"\/wp-content\/uploads\/factory-13.webp\"\/><\/p>\n<p><img decoding=\"async\" src=\"\/wp-content\/uploads\/factory-14.webp\"\/><\/p>\n<h2>FAQ<\/h2>\n<p><strong>1. Mihin j\u00e4\u00e4hdytyslevy\u00e4 k\u00e4ytet\u00e4\u00e4n?<\/strong><br \/>J\u00e4\u00e4hdytyslevy\u00e4 k\u00e4ytet\u00e4\u00e4n l\u00e4mm\u00f6n tehokkaaseen poistamiseen elektronisissa laitteissa ja muissa sovelluksissa.<\/p>\n<p><strong>2. Voidaanko j\u00e4\u00e4hdytyslevy r\u00e4\u00e4t\u00e4l\u00f6id\u00e4 erityistarpeita varten?<\/strong><br \/>Kyll\u00e4, j\u00e4\u00e4hdytyslevyt voidaan r\u00e4\u00e4t\u00e4l\u00f6id\u00e4 koon, materiaalin ja muotoilun osalta tarpeidesi mukaan.<\/p>\n<p><strong>3. Mit\u00e4 materiaaleja j\u00e4\u00e4hdytyslevyss\u00e4 k\u00e4ytet\u00e4\u00e4n?<\/strong><br \/>J\u00e4\u00e4hdytyslevyt on valmistettu korkealuokkaisista materiaaleista maksimaalisen tehokkuuden ja kest\u00e4vyyden varmistamiseksi.<\/p>\n<p><strong>4. Onko j\u00e4\u00e4hdytyslevyill\u00e4 v\u00e4himm\u00e4istilausm\u00e4\u00e4r\u00e4?<\/strong><br \/>Kyll\u00e4, r\u00e4\u00e4t\u00e4l\u00f6ityjen j\u00e4\u00e4hdytyslevyjen MOQ alkaa yleens\u00e4 200 kappaleesta.<\/p>\n<p><strong>5. Tarjoatteko j\u00e4\u00e4hdytyslevyjen kansainv\u00e4list\u00e4 toimitusta?<\/strong><br \/>Kyll\u00e4, tarjoamme maailmanlaajuisen toimituksen ja hoidamme kaiken logistiikan puolestasi.<\/p>\n<p><strong>6. Voidaanko j\u00e4\u00e4hdytyslevy\u00e4 k\u00e4ytt\u00e4\u00e4 korkean l\u00e4mp\u00f6tilan ymp\u00e4rist\u00f6iss\u00e4?<\/strong><br \/>Kyll\u00e4, j\u00e4\u00e4hdytyslevy on suunniteltu kest\u00e4m\u00e4\u00e4n korkeita l\u00e4mp\u00f6tiloja teollisuusk\u00e4ytt\u00f6\u00f6n.<\/p>\n<p><strong>7. Onko n\u00e4ytteit\u00e4 saatavilla ennen irtotilauksen tekemist\u00e4?<\/strong><br \/>Kyll\u00e4, tarjoamme n\u00e4ytteit\u00e4, joiden avulla voit arvioida j\u00e4\u00e4hdytyslevyjemme laatua ja suorituskyky\u00e4.<\/p>\n<p><\/p>","protected":false},"featured_media":10770,"template":"","categories":[72],"class_list":["post-10973","product","type-product","status-publish","has-post-thumbnail","hentry","category-extruded-aluminum-heatsink"],"meta_box":{"hilight_text_group":[{"product_hilight_text":"<li>Designed for optimal heat dissipation in various applications<\/li>\n<li>Available in customizable sizes and materials<\/li>\n<li>Highly efficient for extended use in industrial settings<\/li>\n<li>Supports OEM and ODM services for tailored solutions<\/li>\n<li>Constructed with high-grade, durable materials<\/li>"}],"feature_list":[]},"_links":{"self":[{"href":"https:\/\/sinoextrud.com\/fi\/wp-json\/wp\/v2\/product\/10973","targetHints":{"allow":["GET"]}}],"collection":[{"href":"https:\/\/sinoextrud.com\/fi\/wp-json\/wp\/v2\/product"}],"about":[{"href":"https:\/\/sinoextrud.com\/fi\/wp-json\/wp\/v2\/types\/product"}],"wp:featuredmedia":[{"embeddable":true,"href":"https:\/\/sinoextrud.com\/fi\/wp-json\/wp\/v2\/media\/10770"}],"wp:attachment":[{"href":"https:\/\/sinoextrud.com\/fi\/wp-json\/wp\/v2\/media?parent=10973"}],"wp:term":[{"taxonomy":"category","embeddable":true,"href":"https:\/\/sinoextrud.com\/fi\/wp-json\/wp\/v2\/categories?post=10973"}],"curies":[{"name":"wp","href":"https:\/\/api.w.org\/{rel}","templated":true}]}}