{"id":10972,"date":"2025-08-01T03:22:25","date_gmt":"2025-08-01T03:22:25","guid":{"rendered":"https:\/\/sinoextrud.com\/product\/led-aluminum-heatsink-for-lighting-fixtures\/"},"modified":"2025-08-01T03:22:25","modified_gmt":"2025-08-01T03:22:25","slug":"led-alumiini-jaahdytyslevy-valaisimille","status":"publish","type":"product","link":"https:\/\/sinoextrud.com\/fi\/product\/led-aluminum-heatsink-for-lighting-fixtures\/","title":{"rendered":"LED alumiini j\u00e4\u00e4hdytyselementti valaisimille Valaisimet"},"content":{"rendered":"<h2>Tuotteiden tiedot<\/h2>\n<div class=\"product-table\">\n<div class=\"row\">\n<div class=\"cell label\">Materiaalivalmiudet<\/div>\n<div class=\"cell value\">Alumiini<\/div>\n<\/div>\n<div class=\"row\">\n<div class=\"cell label\">Materiaali<\/div>\n<div class=\"cell value\">Alumiini, ruostumaton ter\u00e4s, messinki, pronssi, kupari.<\/div>\n<\/div>\n<div class=\"row\">\n<div class=\"cell label\">K\u00e4sittely<\/div>\n<div class=\"cell value\">Leimaaminen, taivutus, niittaus, hitsaus, r\u00e4\u00e4t\u00e4l\u00f6ity pintak\u00e4sittely<\/div>\n<\/div>\n<div class=\"row\">\n<div class=\"cell label\">Nimi<\/div>\n<div class=\"cell value\">intelin suorittimen j\u00e4\u00e4hdytin<\/div>\n<\/div>\n<div class=\"row\">\n<div class=\"cell label\">K\u00e4ytt\u00f6<\/div>\n<div class=\"cell value\">LED-j\u00e4\u00e4hdytyselementti alumiininen j\u00e4\u00e4hdytyselementti LED-lamppua varten<\/div>\n<\/div>\n<div class=\"row\">\n<div class=\"cell label\">Pintak\u00e4sittely<\/div>\n<div class=\"cell value\">Jauhemaalattu tai sinkitty, harjattu<\/div>\n<\/div>\n<div class=\"row\">\n<div class=\"cell label\">Mukautettu logo<\/div>\n<div class=\"cell value\">Saatavilla<\/div>\n<\/div>\n<div class=\"row\">\n<div class=\"cell label\">Todistukset<\/div>\n<div class=\"cell value\">ISO9001:2008<\/div>\n<\/div>\n<div class=\"row\">\n<div class=\"cell label\">N\u00e4yte<\/div>\n<div class=\"cell value\">Saatavilla<\/div>\n<\/div>\n<div class=\"row\">\n<div class=\"cell label\">Suvaitsevaisuus<\/div>\n<div class=\"cell value\">0.05mm~0.10mm<\/div>\n<\/div>\n<div class=\"row\">\n<div class=\"cell label\">RoHs<\/div>\n<div class=\"cell value\">RoHs-yhteensopiva<\/div>\n<\/div>\n<div class=\"row\">\n<div class=\"cell label\">Pakkaustiedot<\/div>\n<div class=\"cell value\">alumiininen j\u00e4\u00e4hdytyselementti<\/div>\n<\/div>\n<div class=\"row\">\n<div class=\"cell label\">L\u00e4hetyssatama<\/div>\n<div class=\"cell value\">ShenZhen<\/div>\n<\/div>\n<div class=\"row\">\n<div class=\"cell label\">Myyntiyksik\u00f6t<\/div>\n<div class=\"cell value\">Yksitt\u00e4inen tuote<\/div>\n<\/div>\n<div class=\"row\">\n<div class=\"cell label\">Yhden pakkauksen koko<\/div>\n<div class=\"cell value\">3X3X2 cm<\/div>\n<\/div>\n<div class=\"row\">\n<div class=\"cell label\">Yksitt\u00e4inen bruttopaino<\/div>\n<div class=\"cell value\">0,550 KG<\/div>\n<\/div>\n<div class=\"row\">\n<div class=\"cell label\">Toimituskyky<\/div>\n<div class=\"cell value\">1000 kappaletta p\u00e4iv\u00e4ss\u00e4<\/div>\n<\/div>\n<\/div>\n<p><\/p>\n<h2>Tuotantopohjamme<\/h2>\n<h3>Tehtaan panoraama<\/h3>\n<p><img decoding=\"async\" src=\"\/wp-content\/uploads\/factory-01.webp\"\/><\/p>\n<h3>Alumiini Bar Manufacturing Workshop<\/h3>\n<p><img decoding=\"async\" src=\"\/wp-content\/uploads\/factory-02.webp\"\/><\/p>\n<p><img decoding=\"async\" src=\"\/wp-content\/uploads\/factory-03.webp\"\/><\/p>\n<h3>Muotin varastointi Varasto<\/h3>\n<p><img decoding=\"async\" src=\"\/wp-content\/uploads\/factory-04.webp\"\/><\/p>\n<h3>43 alumiinin ekstruusiolinjat (500-5500 tonnia)<\/h3>\n<p><img decoding=\"async\" src=\"\/wp-content\/uploads\/factory-05.webp\"\/><\/p>\n<p><img decoding=\"async\" src=\"\/wp-content\/uploads\/factory-06.webp\"\/><\/p>\n<p><img decoding=\"async\" src=\"\/wp-content\/uploads\/factory-07.webp\"\/><\/p>\n<h3>Jauhemaalaus ty\u00f6paja<\/h3>\n<p><img decoding=\"async\" src=\"\/wp-content\/uploads\/factory-09.webp\"\/><\/p>\n<h3>Anodisointi ty\u00f6paja<\/h3>\n<p><img decoding=\"async\" src=\"\/wp-content\/uploads\/factory-10.webp\"\/><\/p>\n<h3>Syv\u00e4k\u00e4sittelyn ty\u00f6paja<\/h3>\n<p><img decoding=\"async\" src=\"\/wp-content\/uploads\/factory-11.webp\"\/><\/p>\n<h3>CNC-tarkkuuskoneistus ty\u00f6paja<\/h3>\n<p><img decoding=\"async\" src=\"\/wp-content\/uploads\/factory-11.5.webp\"\/><\/p>\n<h3>Valmiiden tuotteiden ja vientivarasto<\/h3>\n<p><img decoding=\"async\" src=\"\/wp-content\/uploads\/factory-12.webp\"\/><\/p>\n<p><img decoding=\"async\" src=\"\/wp-content\/uploads\/factory-13.webp\"\/><\/p>\n<p><img decoding=\"async\" src=\"\/wp-content\/uploads\/factory-14.webp\"\/><\/p>\n<h2>FAQ<\/h2>\n<p><strong>1. Mik\u00e4 on LED-alumiinij\u00e4\u00e4hdyttimen ensisijainen tarkoitus?<\/strong><br \/>LED-alumiinij\u00e4\u00e4hdytyslevy on suunniteltu haihduttamaan l\u00e4mp\u00f6\u00e4 tehokkaasti, mik\u00e4 takaa LED-j\u00e4rjestelmien pitk\u00e4ik\u00e4isyyden ja optimaalisen suorituskyvyn.<\/p>\n<p><strong>2. Voidaanko LED-alumiinij\u00e4\u00e4hdytyslevy\u00e4 r\u00e4\u00e4t\u00e4l\u00f6id\u00e4?<\/strong><br \/>Kyll\u00e4, tarjoamme r\u00e4\u00e4t\u00e4l\u00f6inti\u00e4 erityiskokojen ja -kokojen sovittamiseksi erilaisiin LED-sovelluksiin.<\/p>\n<p><strong>3. Miten alumiinimateriaali parantaa j\u00e4\u00e4hdytyselementin suorituskyky\u00e4?<\/strong><br \/>Alumiini tarjoaa erinomaisen l\u00e4mm\u00f6njohtavuuden, joka on ratkaisevan t\u00e4rke\u00e4\u00e4 tehokkaalle l\u00e4mm\u00f6nsiirrolle LED-sovelluksissa.<\/p>\n<p><strong>4. Soveltuuko LED-alumiinij\u00e4\u00e4hdytin ulkok\u00e4ytt\u00f6\u00f6n?<\/strong><br \/>Kyll\u00e4, j\u00e4\u00e4hdytyselementti on suunniteltu kest\u00e4m\u00e4\u00e4n ymp\u00e4rist\u00f6olosuhteita, joten se on kest\u00e4v\u00e4 ulkok\u00e4ytt\u00f6\u00f6n tarkoitetuissa LED-j\u00e4rjestelmiss\u00e4.<\/p>\n<p><strong>5. Mit\u00e4 etuja on alumiinisen j\u00e4\u00e4hdytyselementin k\u00e4ytt\u00e4misest\u00e4 LEDeille?<\/strong><br \/>Etuihin kuuluvat kevyt rakenne, tehokas l\u00e4mm\u00f6nsiirto ja korroosionkest\u00e4vyys.<\/p>\n<p><strong>6. Voimmeko tilata j\u00e4\u00e4hdytyselementin eri kokoisina?<\/strong><br \/>Kyll\u00e4, tarjoamme useita eri kokoja erilaisille LED-moduuleille ja -j\u00e4rjestelmille.<\/p>\n<p><strong>7. Tukeeko j\u00e4\u00e4hdytyselementti aktiivisia j\u00e4\u00e4hdytysmenetelmi\u00e4?<\/strong><br \/>Kyll\u00e4, suunnittelua voidaan tarvittaessa r\u00e4\u00e4t\u00e4l\u00f6id\u00e4 niin, ett\u00e4 siihen voidaan integroida aktiivisia j\u00e4\u00e4hdytysratkaisuja, kuten tuulettimia.<\/p>\n<p><\/p>","protected":false},"featured_media":10815,"template":"","categories":[72],"class_list":["post-10972","product","type-product","status-publish","has-post-thumbnail","hentry","category-extruded-aluminum-heatsink"],"meta_box":{"hilight_text_group":[{"product_hilight_text":"<li>Efficient thermal management for LED applications<\/li>\n<li>Customizable design to fit specific LED module configurations<\/li>\n<li>High-quality aluminum for superior heat dissipation<\/li>\n<li>Lightweight construction for easy installation<\/li>\n<li>Available in various sizes to accommodate different LED systems<\/li>"}],"feature_list":[]},"_links":{"self":[{"href":"https:\/\/sinoextrud.com\/fi\/wp-json\/wp\/v2\/product\/10972","targetHints":{"allow":["GET"]}}],"collection":[{"href":"https:\/\/sinoextrud.com\/fi\/wp-json\/wp\/v2\/product"}],"about":[{"href":"https:\/\/sinoextrud.com\/fi\/wp-json\/wp\/v2\/types\/product"}],"wp:featuredmedia":[{"embeddable":true,"href":"https:\/\/sinoextrud.com\/fi\/wp-json\/wp\/v2\/media\/10815"}],"wp:attachment":[{"href":"https:\/\/sinoextrud.com\/fi\/wp-json\/wp\/v2\/media?parent=10972"}],"wp:term":[{"taxonomy":"category","embeddable":true,"href":"https:\/\/sinoextrud.com\/fi\/wp-json\/wp\/v2\/categories?post=10972"}],"curies":[{"name":"wp","href":"https:\/\/api.w.org\/{rel}","templated":true}]}}