{"id":10970,"date":"2025-08-01T03:21:19","date_gmt":"2025-08-01T03:21:19","guid":{"rendered":"https:\/\/sinoextrud.com\/product\/round-heat-sink-for-compact-electronics\/"},"modified":"2025-08-01T03:21:19","modified_gmt":"2025-08-01T03:21:19","slug":"pyorea-jaahdytyselementti-kompaktille-elektroniikalle","status":"publish","type":"product","link":"https:\/\/sinoextrud.com\/fi\/product\/round-heat-sink-for-compact-electronics\/","title":{"rendered":"Py\u00f6re\u00e4 j\u00e4\u00e4hdytyselementti kompakti elektroniikkaan"},"content":{"rendered":"<h2>Tuotteiden tiedot<\/h2>\n<div class=\"product-table\">\n<div class=\"row\">\n<div class=\"cell label\">Luokka<\/div>\n<div class=\"cell value\">6000-sarja<\/div>\n<\/div>\n<div class=\"row\">\n<div class=\"cell label\">Suvaitsevaisuus<\/div>\n<div class=\"cell value\">\u00c2\u00b11%<\/div>\n<\/div>\n<div class=\"row\">\n<div class=\"cell label\">Toimitusaika<\/div>\n<div class=\"cell value\">22-30 p\u00e4iv\u00e4\u00e4<\/div>\n<\/div>\n<div class=\"row\">\n<div class=\"cell label\">Temper<\/div>\n<div class=\"cell value\">T3-T8<\/div>\n<\/div>\n<div class=\"row\">\n<div class=\"cell label\">Hakemus<\/div>\n<div class=\"cell value\">Muut<\/div>\n<\/div>\n<div class=\"row\">\n<div class=\"cell label\">Muoto<\/div>\n<div class=\"cell value\">Muut<\/div>\n<\/div>\n<div class=\"row\">\n<div class=\"cell label\">Metalliseos tai ei<\/div>\n<div class=\"cell value\">Onko seos<\/div>\n<\/div>\n<div class=\"row\">\n<div class=\"cell label\">K\u00e4sittelypalvelu<\/div>\n<div class=\"cell value\">Taivutus, hitsaus, l\u00e4vistys, leikkaus<\/div>\n<\/div>\n<div class=\"row\">\n<div class=\"cell label\">L\u00e4hetyssatama<\/div>\n<div class=\"cell value\">Taichung tai Taipei, Taiwan.<\/div>\n<\/div>\n<div class=\"row\">\n<div class=\"cell label\">Myyntiyksik\u00f6t<\/div>\n<div class=\"cell value\">Yksitt\u00e4inen tuote<\/div>\n<\/div>\n<\/div>\n<p><\/p>\n<h2>Tuotantopohjamme<\/h2>\n<h3>Tehtaan panoraama<\/h3>\n<p><img decoding=\"async\" src=\"\/wp-content\/uploads\/factory-01.webp\"\/><\/p>\n<h3>Alumiini Bar Manufacturing Workshop<\/h3>\n<p><img decoding=\"async\" src=\"\/wp-content\/uploads\/factory-02.webp\"\/><\/p>\n<p><img decoding=\"async\" src=\"\/wp-content\/uploads\/factory-03.webp\"\/><\/p>\n<h3>Muotin varastointi Varasto<\/h3>\n<p><img decoding=\"async\" src=\"\/wp-content\/uploads\/factory-04.webp\"\/><\/p>\n<h3>43 alumiinin ekstruusiolinjat (500-5500 tonnia)<\/h3>\n<p><img decoding=\"async\" src=\"\/wp-content\/uploads\/factory-05.webp\"\/><\/p>\n<p><img decoding=\"async\" src=\"\/wp-content\/uploads\/factory-06.webp\"\/><\/p>\n<p><img decoding=\"async\" src=\"\/wp-content\/uploads\/factory-07.webp\"\/><\/p>\n<h3>Jauhemaalaus ty\u00f6paja<\/h3>\n<p><img decoding=\"async\" src=\"\/wp-content\/uploads\/factory-09.webp\"\/><\/p>\n<h3>Anodisointi ty\u00f6paja<\/h3>\n<p><img decoding=\"async\" src=\"\/wp-content\/uploads\/factory-10.webp\"\/><\/p>\n<h3>Syv\u00e4k\u00e4sittelyn ty\u00f6paja<\/h3>\n<p><img decoding=\"async\" src=\"\/wp-content\/uploads\/factory-11.webp\"\/><\/p>\n<h3>CNC-tarkkuuskoneistus ty\u00f6paja<\/h3>\n<p><img decoding=\"async\" src=\"\/wp-content\/uploads\/factory-11.5.webp\"\/><\/p>\n<h3>Valmiiden tuotteiden ja vientivarasto<\/h3>\n<p><img decoding=\"async\" src=\"\/wp-content\/uploads\/factory-12.webp\"\/><\/p>\n<p><img decoding=\"async\" src=\"\/wp-content\/uploads\/factory-13.webp\"\/><\/p>\n<p><img decoding=\"async\" src=\"\/wp-content\/uploads\/factory-14.webp\"\/><\/p>\n<h2>FAQ<\/h2>\n<p><strong>1. Mit\u00e4 materiaaleja py\u00f6re\u00e4ss\u00e4 j\u00e4\u00e4hdytyselementiss\u00e4 k\u00e4ytet\u00e4\u00e4n?<\/strong><br \/>Py\u00f6re\u00e4 j\u00e4\u00e4hdytyselementti on valmistettu korkealaatuisesta alumiinista, joka takaa erinomaisen l\u00e4mm\u00f6nsiirron.<\/p>\n<p><strong>2. Voiko py\u00f6re\u00e4n j\u00e4\u00e4hdytyselementin kokoa mukauttaa?<\/strong><br \/>Kyll\u00e4, tarjoamme eri kokovaihtoehtoja ja voimme mukauttaa mittoja erityistarpeisiin.<\/p>\n<p><strong>3. Soveltuuko py\u00f6re\u00e4 j\u00e4\u00e4hdytyselementti korkean l\u00e4mp\u00f6tilan sovelluksiin?<\/strong><br \/>Kyll\u00e4, se on suunniteltu hallitsemaan korkeita l\u00e4mp\u00f6tiloja tehokkaasti eri ymp\u00e4rist\u00f6iss\u00e4.<\/p>\n<p><strong>4. Miten asennan py\u00f6re\u00e4n j\u00e4\u00e4hdytyselementin laitteeseeni?<\/strong><br \/>Mukana toimitetaan asennusohjeet, jotka takaavat saumattoman integroinnin j\u00e4rjestelm\u00e4\u00e4si.<\/p>\n<p><strong>5. Tarjoatteko nopeaa toimitusta irtotilauksille?<\/strong><br \/>Kyll\u00e4, meill\u00e4 on tehokkaat tuotantoprosessit, jotka mahdollistavat nopeat toimitusajat.<\/p>\n<p><strong>6. Onko mahdollista saada n\u00e4yte ennen irtotilauksen tekemist\u00e4?<\/strong><br \/>Kyll\u00e4, n\u00e4ytteit\u00e4 on saatavilla py\u00f6re\u00e4n j\u00e4\u00e4hdytyselementin suorituskyvyn ja sopivuuden testaamista varten.<\/p>\n<p><strong>7. Tukeeko py\u00f6re\u00e4 j\u00e4\u00e4hdytyselementti OEM-palveluja?<\/strong><br \/>Kyll\u00e4, tarjoamme laajoja OEM-palveluja, jotka mahdollistavat suunnittelun ja tuotemerkkien r\u00e4\u00e4t\u00e4l\u00f6innin.<\/p>\n<p><\/p>","protected":false},"featured_media":10816,"template":"","categories":[72],"class_list":["post-10970","product","type-product","status-publish","has-post-thumbnail","hentry","category-extruded-aluminum-heatsink"],"meta_box":{"hilight_text_group":[{"product_hilight_text":"<li>Efficiently designed for optimal thermal management<\/li>\n<li>Round shape enables versatile integration into various devices<\/li>\n<li>Available in multiple sizes to suit different applications<\/li>\n<li>Constructed with high-quality materials for lasting performance<\/li>\n<li>Supports custom designs for unique project requirements<\/li>"}],"feature_list":[]},"_links":{"self":[{"href":"https:\/\/sinoextrud.com\/fi\/wp-json\/wp\/v2\/product\/10970","targetHints":{"allow":["GET"]}}],"collection":[{"href":"https:\/\/sinoextrud.com\/fi\/wp-json\/wp\/v2\/product"}],"about":[{"href":"https:\/\/sinoextrud.com\/fi\/wp-json\/wp\/v2\/types\/product"}],"wp:featuredmedia":[{"embeddable":true,"href":"https:\/\/sinoextrud.com\/fi\/wp-json\/wp\/v2\/media\/10816"}],"wp:attachment":[{"href":"https:\/\/sinoextrud.com\/fi\/wp-json\/wp\/v2\/media?parent=10970"}],"wp:term":[{"taxonomy":"category","embeddable":true,"href":"https:\/\/sinoextrud.com\/fi\/wp-json\/wp\/v2\/categories?post=10970"}],"curies":[{"name":"wp","href":"https:\/\/api.w.org\/{rel}","templated":true}]}}