{"id":10969,"date":"2025-08-01T03:20:05","date_gmt":"2025-08-01T03:20:05","guid":{"rendered":"https:\/\/sinoextrud.com\/product\/large-aluminum-heat-sink-for-heavy-duty-devices\/"},"modified":"2025-08-01T03:20:05","modified_gmt":"2025-08-01T03:20:05","slug":"suuri-alumiininen-jaahdytyselementti-raskaisiin-laitteisiin","status":"publish","type":"product","link":"https:\/\/sinoextrud.com\/fi\/product\/large-aluminum-heat-sink-for-heavy-duty-devices\/","title":{"rendered":"Suuri alumiininen j\u00e4\u00e4hdytyselementti raskaille laitteille"},"content":{"rendered":"<h2>Tuotteiden tiedot<\/h2>\n<div class=\"product-table\">\n<div class=\"row\">\n<div class=\"cell label\">Luokka<\/div>\n<div class=\"cell value\">6000-sarja<\/div>\n<\/div>\n<div class=\"row\">\n<div class=\"cell label\">Suvaitsevaisuus<\/div>\n<div class=\"cell value\">GB\/T 3190-2008,GB\/T 14846-2008,ISO 2768<\/div>\n<\/div>\n<div class=\"row\">\n<div class=\"cell label\">Toimitusaika<\/div>\n<div class=\"cell value\">22-30 p\u00e4iv\u00e4\u00e4<\/div>\n<\/div>\n<div class=\"row\">\n<div class=\"cell label\">Temper<\/div>\n<div class=\"cell value\">T3-T8<\/div>\n<\/div>\n<div class=\"row\">\n<div class=\"cell label\">Hakemus<\/div>\n<div class=\"cell value\">L\u00e4mm\u00f6nsiili<\/div>\n<\/div>\n<div class=\"row\">\n<div class=\"cell label\">Muoto<\/div>\n<div class=\"cell value\">Custom<\/div>\n<\/div>\n<div class=\"row\">\n<div class=\"cell label\">Metalliseos tai ei<\/div>\n<div class=\"cell value\">Onko seos<\/div>\n<\/div>\n<div class=\"row\">\n<div class=\"cell label\">K\u00e4sittelypalvelu<\/div>\n<div class=\"cell value\">Leikkaus, poraus ja kierteitys, CNC-ty\u00f6st\u00f6, anodisointi<\/div>\n<\/div>\n<div class=\"row\">\n<div class=\"cell label\">Paino<\/div>\n<div class=\"cell value\">26,4 kg\/m<\/div>\n<\/div>\n<div class=\"row\">\n<div class=\"cell label\">Pintak\u00e4sittely<\/div>\n<div class=\"cell value\">(musta) anodisointi<\/div>\n<\/div>\n<div class=\"row\">\n<div class=\"cell label\">Vakiomuotit M\u00e4\u00e4r\u00e4<\/div>\n<div class=\"cell value\">30,000+sets<\/div>\n<\/div>\n<div class=\"row\">\n<div class=\"cell label\">Myyntiyksik\u00f6t<\/div>\n<div class=\"cell value\">Yksitt\u00e4inen tuote<\/div>\n<\/div>\n<div class=\"row\">\n<div class=\"cell label\">Yhden pakkauksen koko<\/div>\n<div class=\"cell value\">62X42X8 cm<\/div>\n<\/div>\n<div class=\"row\">\n<div class=\"cell label\">Yksitt\u00e4inen bruttopaino<\/div>\n<div class=\"cell value\">18.000 KG<\/div>\n<\/div>\n<\/div>\n<p><\/p>\n<h2>Tuotantopohjamme<\/h2>\n<h3>Tehtaan panoraama<\/h3>\n<p><img decoding=\"async\" src=\"\/wp-content\/uploads\/factory-01.webp\"\/><\/p>\n<h3>Alumiini Bar Manufacturing Workshop<\/h3>\n<p><img decoding=\"async\" src=\"\/wp-content\/uploads\/factory-02.webp\"\/><\/p>\n<p><img decoding=\"async\" src=\"\/wp-content\/uploads\/factory-03.webp\"\/><\/p>\n<h3>Muotin varastointi Varasto<\/h3>\n<p><img decoding=\"async\" src=\"\/wp-content\/uploads\/factory-04.webp\"\/><\/p>\n<h3>43 alumiinin ekstruusiolinjat (500-5500 tonnia)<\/h3>\n<p><img decoding=\"async\" src=\"\/wp-content\/uploads\/factory-05.webp\"\/><\/p>\n<p><img decoding=\"async\" src=\"\/wp-content\/uploads\/factory-06.webp\"\/><\/p>\n<p><img decoding=\"async\" src=\"\/wp-content\/uploads\/factory-07.webp\"\/><\/p>\n<h3>Jauhemaalaus ty\u00f6paja<\/h3>\n<p><img decoding=\"async\" src=\"\/wp-content\/uploads\/factory-09.webp\"\/><\/p>\n<h3>Anodisointi ty\u00f6paja<\/h3>\n<p><img decoding=\"async\" src=\"\/wp-content\/uploads\/factory-10.webp\"\/><\/p>\n<h3>Syv\u00e4k\u00e4sittelyn ty\u00f6paja<\/h3>\n<p><img decoding=\"async\" src=\"\/wp-content\/uploads\/factory-11.webp\"\/><\/p>\n<h3>CNC-tarkkuuskoneistus ty\u00f6paja<\/h3>\n<p><img decoding=\"async\" src=\"\/wp-content\/uploads\/factory-11.5.webp\"\/><\/p>\n<h3>Valmiiden tuotteiden ja vientivarasto<\/h3>\n<p><img decoding=\"async\" src=\"\/wp-content\/uploads\/factory-12.webp\"\/><\/p>\n<p><img decoding=\"async\" src=\"\/wp-content\/uploads\/factory-13.webp\"\/><\/p>\n<p><img decoding=\"async\" src=\"\/wp-content\/uploads\/factory-14.webp\"\/><\/p>\n<h2>FAQ<\/h2>\n<p><strong>1. Mit\u00e4 materiaaleja k\u00e4ytet\u00e4\u00e4n suuressa alumiinisessa j\u00e4\u00e4hdytyselementiss\u00e4?<\/strong><br \/>Suuri alumiininen j\u00e4\u00e4hdytyslevy on valmistettu korkealaatuisesta alumiinista, joka tunnetaan erinomaisesta l\u00e4mm\u00f6njohtavuudestaan.<\/p>\n<p><strong>2. Voiko alumiinisen j\u00e4\u00e4hdytyselementin kokoa mukauttaa?<\/strong><br \/>Kyll\u00e4, tarjoamme r\u00e4\u00e4t\u00e4l\u00f6it\u00e4viss\u00e4 olevia mittoja, jotta ne sopivat juuri sinun sovellustarpeisiisi.<\/p>\n<p><strong>3. Miten suuri alumiininen j\u00e4\u00e4hdytyslevy parantaa l\u00e4mm\u00f6nhallintaa?<\/strong><br \/>Se johtaa tehokkaasti l\u00e4mp\u00f6\u00e4, est\u00e4\u00e4 ylikuumenemisen ja parantaa laitteen suorituskyky\u00e4.<\/p>\n<p><strong>4. Onko j\u00e4\u00e4hdytyselementti sopiva suuritehoiselle elektroniikalle?<\/strong><br \/>Kyll\u00e4, se on suunniteltu k\u00e4sittelem\u00e4\u00e4n suuritehoisten elektroniikkalaitteiden l\u00e4mm\u00f6ntuottoa.<\/p>\n<p><strong>5. Mitk\u00e4 teollisuudenalat voivat hy\u00f6ty\u00e4 t\u00e4m\u00e4n alumiinisen j\u00e4\u00e4hdytyselementin k\u00e4yt\u00f6st\u00e4?<\/strong><br \/>Se sopii erinomaisesti esimerkiksi elektroniikka-, auto- ja televiestint\u00e4aloille.<\/p>\n<p><strong>6. Mik\u00e4 on v\u00e4himm\u00e4istilausm\u00e4\u00e4r\u00e4 suurelle alumiiniselle j\u00e4\u00e4hdytyslevylle?<\/strong><br \/>MOQ riippuu r\u00e4\u00e4t\u00e4l\u00f6intitasosta, yleens\u00e4 alkaen 500 yksik\u00f6st\u00e4.<\/p>\n<p><strong>7. Vaatiiko suuri alumiininen j\u00e4\u00e4hdytyselementti erityist\u00e4 asennustapaa?<\/strong><br \/>Ei, vaan siin\u00e4 on monipuolinen rakenne, joka mahdollistaa helpon integroinnin erilaisiin j\u00e4rjestelmiin.<\/p>\n<p><\/p>","protected":false},"featured_media":10817,"template":"","categories":[72],"class_list":["post-10969","product","type-product","status-publish","has-post-thumbnail","hentry","category-extruded-aluminum-heatsink"],"meta_box":{"hilight_text_group":[{"product_hilight_text":"<li>Efficient heat dissipation for enhanced thermal management<\/li>\n<li>Constructed from high-grade aluminum for superior heat conduction<\/li>\n<li>Customizable dimensions and finishes to fit specific applications<\/li>\n<li>Lightweight yet durable design for easy integration<\/li>\n<li>Compatible with a wide range of electronic devices and components<\/li>"}],"feature_list":[]},"_links":{"self":[{"href":"https:\/\/sinoextrud.com\/fi\/wp-json\/wp\/v2\/product\/10969","targetHints":{"allow":["GET"]}}],"collection":[{"href":"https:\/\/sinoextrud.com\/fi\/wp-json\/wp\/v2\/product"}],"about":[{"href":"https:\/\/sinoextrud.com\/fi\/wp-json\/wp\/v2\/types\/product"}],"wp:featuredmedia":[{"embeddable":true,"href":"https:\/\/sinoextrud.com\/fi\/wp-json\/wp\/v2\/media\/10817"}],"wp:attachment":[{"href":"https:\/\/sinoextrud.com\/fi\/wp-json\/wp\/v2\/media?parent=10969"}],"wp:term":[{"taxonomy":"category","embeddable":true,"href":"https:\/\/sinoextrud.com\/fi\/wp-json\/wp\/v2\/categories?post=10969"}],"curies":[{"name":"wp","href":"https:\/\/api.w.org\/{rel}","templated":true}]}}