{"id":10968,"date":"2025-08-01T03:19:08","date_gmt":"2025-08-01T03:19:08","guid":{"rendered":"https:\/\/sinoextrud.com\/product\/compositionalc-aluminum-heat-sink-vapor-chamber\/"},"modified":"2025-08-01T03:19:08","modified_gmt":"2025-08-01T03:19:08","slug":"koostumusc-alumiininen-jaahdytyselementti-hoyrykammio","status":"publish","type":"product","link":"https:\/\/sinoextrud.com\/fi\/product\/compositionalc-aluminum-heat-sink-vapor-chamber\/","title":{"rendered":"Koostumusc Alumiininen j\u00e4\u00e4hdytyselementti H\u00f6yrykammio"},"content":{"rendered":"<h2>Tuotteiden tiedot<\/h2>\n<div class=\"product-table\">\n<div class=\"row\">\n<div class=\"cell label\">Tuotteen nimi<\/div>\n<div class=\"cell value\">j\u00e4\u00e4hdytyslevy<\/div>\n<\/div>\n<div class=\"row\">\n<div class=\"cell label\">V\u00e4ri<\/div>\n<div class=\"cell value\">R\u00e4\u00e4t\u00e4l\u00f6idyt v\u00e4rit<\/div>\n<\/div>\n<div class=\"row\">\n<div class=\"cell label\">Nimi<\/div>\n<div class=\"cell value\">j\u00e4\u00e4hdytyslevy<\/div>\n<\/div>\n<div class=\"row\">\n<div class=\"cell label\">Pakkaus<\/div>\n<div class=\"cell value\">Kartonki<\/div>\n<\/div>\n<div class=\"row\">\n<div class=\"cell label\">Avainsana<\/div>\n<div class=\"cell value\">j\u00e4\u00e4hdytyslevy<\/div>\n<\/div>\n<div class=\"row\">\n<div class=\"cell label\">K\u00e4ytet\u00e4\u00e4n<\/div>\n<div class=\"cell value\">ev-akkujen j\u00e4\u00e4hdytykseen<\/div>\n<\/div>\n<div class=\"row\">\n<div class=\"cell label\">Maksu<\/div>\n<div class=\"cell value\">T\/T<\/div>\n<\/div>\n<div class=\"row\">\n<div class=\"cell label\">Tyyli<\/div>\n<div class=\"cell value\">j\u00e4\u00e4hdytyslevy<\/div>\n<\/div>\n<div class=\"row\">\n<div class=\"cell label\">Koko<\/div>\n<div class=\"cell value\">Mukautettu koko<\/div>\n<\/div>\n<div class=\"row\">\n<div class=\"cell label\">Laatu<\/div>\n<div class=\"cell value\">Laadukas<\/div>\n<\/div>\n<div class=\"row\">\n<div class=\"cell label\">Myyntiyksik\u00f6t<\/div>\n<div class=\"cell value\">Yksitt\u00e4inen tuote<\/div>\n<\/div>\n<\/div>\n<p><\/p>\n<h2>Tuotantopohjamme<\/h2>\n<h3>Tehtaan panoraama<\/h3>\n<p><img decoding=\"async\" src=\"\/wp-content\/uploads\/factory-01.webp\"\/><\/p>\n<h3>Alumiini Bar Manufacturing Workshop<\/h3>\n<p><img decoding=\"async\" src=\"\/wp-content\/uploads\/factory-02.webp\"\/><\/p>\n<p><img decoding=\"async\" src=\"\/wp-content\/uploads\/factory-03.webp\"\/><\/p>\n<h3>Muotin varastointi Varasto<\/h3>\n<p><img decoding=\"async\" src=\"\/wp-content\/uploads\/factory-04.webp\"\/><\/p>\n<h3>43 alumiinin ekstruusiolinjat (500-5500 tonnia)<\/h3>\n<p><img decoding=\"async\" src=\"\/wp-content\/uploads\/factory-05.webp\"\/><\/p>\n<p><img decoding=\"async\" src=\"\/wp-content\/uploads\/factory-06.webp\"\/><\/p>\n<p><img decoding=\"async\" src=\"\/wp-content\/uploads\/factory-07.webp\"\/><\/p>\n<h3>Jauhemaalaus ty\u00f6paja<\/h3>\n<p><img decoding=\"async\" src=\"\/wp-content\/uploads\/factory-09.webp\"\/><\/p>\n<h3>Anodisointi ty\u00f6paja<\/h3>\n<p><img decoding=\"async\" src=\"\/wp-content\/uploads\/factory-10.webp\"\/><\/p>\n<h3>Syv\u00e4k\u00e4sittelyn ty\u00f6paja<\/h3>\n<p><img decoding=\"async\" src=\"\/wp-content\/uploads\/factory-11.webp\"\/><\/p>\n<h3>CNC-tarkkuuskoneistus ty\u00f6paja<\/h3>\n<p><img decoding=\"async\" src=\"\/wp-content\/uploads\/factory-11.5.webp\"\/><\/p>\n<h3>Valmiiden tuotteiden ja vientivarasto<\/h3>\n<p><img decoding=\"async\" src=\"\/wp-content\/uploads\/factory-12.webp\"\/><\/p>\n<p><img decoding=\"async\" src=\"\/wp-content\/uploads\/factory-13.webp\"\/><\/p>\n<p><img decoding=\"async\" src=\"\/wp-content\/uploads\/factory-14.webp\"\/><\/p>\n<h2>FAQ<\/h2>\n<p><strong>1. Mik\u00e4 on h\u00f6yrykammio j\u00e4\u00e4hdytyselementiss\u00e4?<\/strong><br \/>H\u00f6yrykammio on komponentti, joka on suunniteltu levitt\u00e4m\u00e4\u00e4n l\u00e4mp\u00f6\u00e4 tasaisesti koko j\u00e4\u00e4hdytyselementtiin h\u00f6yrystymis- ja tiivistymisprosessien avulla.<\/p>\n<p><strong>2. Miten alumiinin koostumus vaikuttaa j\u00e4\u00e4hdytyselementin suorituskykyyn?<\/strong><br \/>Alumiini on kevyt ja l\u00e4mm\u00f6njohtavuudeltaan hyv\u00e4, mik\u00e4 on v\u00e4ltt\u00e4m\u00e4t\u00f6nt\u00e4 tehokkaan l\u00e4mm\u00f6nsiirron kannalta.<\/p>\n<p><strong>3. Voidaanko j\u00e4\u00e4hdytyselementti r\u00e4\u00e4t\u00e4l\u00f6id\u00e4 tiettyj\u00e4 laitteita varten?<\/strong><br \/>Kyll\u00e4, tarjoamme r\u00e4\u00e4t\u00e4l\u00f6ityj\u00e4 r\u00e4\u00e4t\u00e4l\u00f6intej\u00e4 eri laitevaatimusten ja -kokojen mukaan.<\/p>\n<p><strong>4. Soveltuuko t\u00e4m\u00e4 j\u00e4\u00e4hdytyselementti suuritehoisiin elektroniikkasovelluksiin?<\/strong><br \/>Se on ehdottomasti suunniteltu suuritehoisen elektroniikan intensiivisiin j\u00e4\u00e4hdytysteht\u00e4viin.<\/p>\n<p><strong>5. Vaatiiko h\u00f6yrykammio huoltoa?<\/strong><br \/>Ei, h\u00f6yrykammio on suljettu yksikk\u00f6, eik\u00e4 se vaadi huoltoa elinkaarensa aikana.<\/p>\n<p><strong>6. Mitk\u00e4 teollisuudenalat voivat hy\u00f6ty\u00e4 t\u00e4st\u00e4 j\u00e4\u00e4hdytyselementist\u00e4?<\/strong><br \/>Teollisuudenalat, kuten televiestint\u00e4, tietotekniikka ja autoelektroniikka, voivat hy\u00f6ty\u00e4 t\u00e4st\u00e4 merkitt\u00e4v\u00e4sti.<\/p>\n<p><strong>7. Tukeeko t\u00e4m\u00e4 tuote energiatehokkaita k\u00e4yt\u00e4nt\u00f6j\u00e4?<\/strong><br \/>Kyll\u00e4, koska se parantaa l\u00e4mm\u00f6nsiirtoa ja edist\u00e4\u00e4 laitteiden yleist\u00e4 energiatehokkuutta.<\/p>\n<p><\/p>","protected":false},"featured_media":10787,"template":"","categories":[74],"class_list":["post-10968","product","type-product","status-publish","has-post-thumbnail","hentry","category-vapor-chamber"],"meta_box":{"hilight_text_group":[{"product_hilight_text":"<li>Engineered for efficient heat dissipation in electronics<\/li>\n<li>Lightweight aluminum construction for easy integration<\/li>\n<li>Features advanced vapor chamber technology for optimized cooling<\/li>\n<li>Customizable dimensions and profiles for diverse applications<\/li>\n<li>Excellent thermal conductivity enhancing device performance<\/li>"}],"feature_list":[]},"_links":{"self":[{"href":"https:\/\/sinoextrud.com\/fi\/wp-json\/wp\/v2\/product\/10968","targetHints":{"allow":["GET"]}}],"collection":[{"href":"https:\/\/sinoextrud.com\/fi\/wp-json\/wp\/v2\/product"}],"about":[{"href":"https:\/\/sinoextrud.com\/fi\/wp-json\/wp\/v2\/types\/product"}],"wp:featuredmedia":[{"embeddable":true,"href":"https:\/\/sinoextrud.com\/fi\/wp-json\/wp\/v2\/media\/10787"}],"wp:attachment":[{"href":"https:\/\/sinoextrud.com\/fi\/wp-json\/wp\/v2\/media?parent=10968"}],"wp:term":[{"taxonomy":"category","embeddable":true,"href":"https:\/\/sinoextrud.com\/fi\/wp-json\/wp\/v2\/categories?post=10968"}],"curies":[{"name":"wp","href":"https:\/\/api.w.org\/{rel}","templated":true}]}}