{"id":10966,"date":"2025-08-01T03:18:17","date_gmt":"2025-08-01T03:18:17","guid":{"rendered":"https:\/\/sinoextrud.com\/product\/compact-heat-sink-for-ssr-modules\/"},"modified":"2025-08-01T03:18:17","modified_gmt":"2025-08-01T03:18:17","slug":"kompakti-jaahdytyselementti-ssr-moduuleille","status":"publish","type":"product","link":"https:\/\/sinoextrud.com\/fi\/product\/compact-heat-sink-for-ssr-modules\/","title":{"rendered":"Kompakti j\u00e4\u00e4hdytyselementti SSR-moduuleille"},"content":{"rendered":"<h2>Tuotteiden tiedot<\/h2>\n<div class=\"product-table\">\n<div class=\"row\">\n<div class=\"cell label\">Yhteydenotto Kuormitus<\/div>\n<div class=\"cell value\">Pieni teho<\/div>\n<\/div>\n<div class=\"row\">\n<div class=\"cell label\">Teoria<\/div>\n<div class=\"cell value\">Solid State Relay<\/div>\n<\/div>\n<div class=\"row\">\n<div class=\"cell label\">hakemus<\/div>\n<div class=\"cell value\">Yleinen k\u00e4ytt\u00f6tarkoitus<\/div>\n<\/div>\n<div class=\"row\">\n<div class=\"cell label\">Koko<\/div>\n<div class=\"cell value\">Subminiature<\/div>\n<\/div>\n<div class=\"row\">\n<div class=\"cell label\">Suojaa ominaisuus<\/div>\n<div class=\"cell value\">EPOXY<\/div>\n<\/div>\n<div class=\"row\">\n<div class=\"cell label\">v\u00e4ri<\/div>\n<div class=\"cell value\">Valkoinen<\/div>\n<\/div>\n<div class=\"row\">\n<div class=\"cell label\">Nimi<\/div>\n<div class=\"cell value\">Solid State Relay SSR alumiini j\u00e4\u00e4hdytyselementti haihdutus j\u00e4\u00e4hdytin<\/div>\n<\/div>\n<div class=\"row\">\n<div class=\"cell label\">Tyyppi<\/div>\n<div class=\"cell value\">Yleisk\u00e4ytt\u00f6iset tehoreleet<\/div>\n<\/div>\n<div class=\"row\">\n<div class=\"cell label\">MOQ<\/div>\n<div class=\"cell value\">1kpl<\/div>\n<\/div>\n<div class=\"row\">\n<div class=\"cell label\">Takuu<\/div>\n<div class=\"cell value\">2 vuotta<\/div>\n<\/div>\n<div class=\"row\">\n<div class=\"cell label\">Ominaisuus<\/div>\n<div class=\"cell value\">Alumiini L\u00e4mm\u00f6neristys Sink haihdutus j\u00e4\u00e4hdytin<\/div>\n<\/div>\n<div class=\"row\">\n<div class=\"cell label\">Hakemus<\/div>\n<div class=\"cell value\">Elektroniset laitteet<\/div>\n<\/div>\n<div class=\"row\">\n<div class=\"cell label\">Tyyppi 1<\/div>\n<div class=\"cell value\">Protectiv Relay<\/div>\n<\/div>\n<div class=\"row\">\n<div class=\"cell label\">Pakkaus<\/div>\n<div class=\"cell value\">Pakkauslaatikot<\/div>\n<\/div>\n<div class=\"row\">\n<div class=\"cell label\">Materiaali<\/div>\n<div class=\"cell value\">Alumiini<\/div>\n<\/div>\n<div class=\"row\">\n<div class=\"cell label\">Sertifikaatit<\/div>\n<div class=\"cell value\">CE ROHS ISO9001<\/div>\n<\/div>\n<div class=\"row\">\n<div class=\"cell label\">Myyntiyksik\u00f6t<\/div>\n<div class=\"cell value\">Yksitt\u00e4inen tuote<\/div>\n<\/div>\n<div class=\"row\">\n<div class=\"cell label\">Yhden pakkauksen koko<\/div>\n<div class=\"cell value\">34.5X19.7X23 cm.<\/div>\n<\/div>\n<div class=\"row\">\n<div class=\"cell label\">Yksitt\u00e4inen bruttopaino<\/div>\n<div class=\"cell value\">0,820 KG<\/div>\n<\/div>\n<\/div>\n<p><\/p>\n<h2>Tuotantopohjamme<\/h2>\n<h3>Tehtaan panoraama<\/h3>\n<p><img decoding=\"async\" src=\"\/wp-content\/uploads\/factory-01.webp\"\/><\/p>\n<h3>Alumiini Bar Manufacturing Workshop<\/h3>\n<p><img decoding=\"async\" src=\"\/wp-content\/uploads\/factory-02.webp\"\/><\/p>\n<p><img decoding=\"async\" src=\"\/wp-content\/uploads\/factory-03.webp\"\/><\/p>\n<h3>Muotin varastointi Varasto<\/h3>\n<p><img decoding=\"async\" src=\"\/wp-content\/uploads\/factory-04.webp\"\/><\/p>\n<h3>43 alumiinin ekstruusiolinjat (500-5500 tonnia)<\/h3>\n<p><img decoding=\"async\" src=\"\/wp-content\/uploads\/factory-05.webp\"\/><\/p>\n<p><img decoding=\"async\" src=\"\/wp-content\/uploads\/factory-06.webp\"\/><\/p>\n<p><img decoding=\"async\" src=\"\/wp-content\/uploads\/factory-07.webp\"\/><\/p>\n<h3>Jauhemaalaus ty\u00f6paja<\/h3>\n<p><img decoding=\"async\" src=\"\/wp-content\/uploads\/factory-09.webp\"\/><\/p>\n<h3>Anodisointi ty\u00f6paja<\/h3>\n<p><img decoding=\"async\" src=\"\/wp-content\/uploads\/factory-10.webp\"\/><\/p>\n<h3>Syv\u00e4k\u00e4sittelyn ty\u00f6paja<\/h3>\n<p><img decoding=\"async\" src=\"\/wp-content\/uploads\/factory-11.webp\"\/><\/p>\n<h3>CNC-tarkkuuskoneistus ty\u00f6paja<\/h3>\n<p><img decoding=\"async\" src=\"\/wp-content\/uploads\/factory-11.5.webp\"\/><\/p>\n<h3>Valmiiden tuotteiden ja vientivarasto<\/h3>\n<p><img decoding=\"async\" src=\"\/wp-content\/uploads\/factory-12.webp\"\/><\/p>\n<p><img decoding=\"async\" src=\"\/wp-content\/uploads\/factory-13.webp\"\/><\/p>\n<p><img decoding=\"async\" src=\"\/wp-content\/uploads\/factory-14.webp\"\/><\/p>\n<h2>FAQ<\/h2>\n<p><strong>1. Voidaanko SSR:n j\u00e4\u00e4hdytyselementti r\u00e4\u00e4t\u00e4l\u00f6id\u00e4 tiettyj\u00e4 sovelluksia varten?<\/strong><br \/>Kyll\u00e4, tarjoamme r\u00e4\u00e4t\u00e4l\u00f6ityj\u00e4 ratkaisuja, jotka vastaavat erityisi\u00e4 koko- ja asennusvaatimuksia.<\/p>\n<p><strong>2. Mit\u00e4 materiaaleja k\u00e4ytet\u00e4\u00e4n SSR:n j\u00e4\u00e4hdytyselementiss\u00e4?<\/strong><br \/>J\u00e4\u00e4hdytyslevyt on valmistettu korkealaatuisesta alumiinista, joka takaa erinomaisen l\u00e4mm\u00f6nsiirron.<\/p>\n<p><strong>3. Onko j\u00e4\u00e4hdytyselementti yhteensopiva kaikkien SSR-tyyppien kanssa?<\/strong><br \/>J\u00e4\u00e4hdytyselementtimme ovat yhteensopivia useiden erilaisten puolijohdereleiden kanssa.<\/p>\n<p><strong>4. Mit\u00e4 hy\u00f6ty\u00e4 SSR:n j\u00e4\u00e4hdytyselementin k\u00e4yt\u00f6st\u00e4 on?<\/strong><br \/>J\u00e4\u00e4hdytyselementti parantaa SSR:ien tehokkuutta ja k\u00e4ytt\u00f6ik\u00e4\u00e4 johtamalla tehokkaasti pois ylim\u00e4\u00e4r\u00e4ist\u00e4 l\u00e4mp\u00f6\u00e4.<\/p>\n<p><strong>5. Tarjoatteko SSR:n j\u00e4\u00e4hdytyselementille takuun?<\/strong><br \/>Kyll\u00e4, kaikilla j\u00e4\u00e4hdytyslevyill\u00e4mme on vakiotakuu laadun ja luotettavuuden varmistamiseksi.<\/p>\n<p><strong>6. Voinko saada teknist\u00e4 tukea SSR:n j\u00e4\u00e4hdytyselementin asentamiseen?<\/strong><br \/>Kyll\u00e4, tarjoamme t\u00e4yden teknisen tuen ja opastusta asennukseen ja k\u00e4ytt\u00f6\u00f6n.<\/p>\n<p><strong>7. Miten j\u00e4\u00e4hdytyselementti parantaa SSR:n suorituskyky\u00e4?<\/strong><br \/>J\u00e4\u00e4hdytyselementti parantaa SSR:n suorituskyky\u00e4 pit\u00e4m\u00e4ll\u00e4 yll\u00e4 optimaalista k\u00e4ytt\u00f6l\u00e4mp\u00f6tilaa ja est\u00e4m\u00e4ll\u00e4 siten ylikuumenemisen.<\/p>\n<p><\/p>","protected":false},"featured_media":10735,"template":"","categories":[72],"class_list":["post-10966","product","type-product","status-publish","has-post-thumbnail","hentry","category-extruded-aluminum-heatsink"],"meta_box":{"hilight_text_group":[{"product_hilight_text":"<li>Designed to efficiently dissipate heat for SSRs<\/li>\n<li>Compatible with a wide range of solid-state relays<\/li>\n<li>Manufactured from high-quality aluminum for optimal thermal performance<\/li>\n<li>Customizable size and mounting options for various applications<\/li>\n<li>Robust construction ensures long-lasting reliability under demanding conditions<\/li>"}],"feature_list":[]},"_links":{"self":[{"href":"https:\/\/sinoextrud.com\/fi\/wp-json\/wp\/v2\/product\/10966","targetHints":{"allow":["GET"]}}],"collection":[{"href":"https:\/\/sinoextrud.com\/fi\/wp-json\/wp\/v2\/product"}],"about":[{"href":"https:\/\/sinoextrud.com\/fi\/wp-json\/wp\/v2\/types\/product"}],"wp:featuredmedia":[{"embeddable":true,"href":"https:\/\/sinoextrud.com\/fi\/wp-json\/wp\/v2\/media\/10735"}],"wp:attachment":[{"href":"https:\/\/sinoextrud.com\/fi\/wp-json\/wp\/v2\/media?parent=10966"}],"wp:term":[{"taxonomy":"category","embeddable":true,"href":"https:\/\/sinoextrud.com\/fi\/wp-json\/wp\/v2\/categories?post=10966"}],"curies":[{"name":"wp","href":"https:\/\/api.w.org\/{rel}","templated":true}]}}