{"id":10963,"date":"2025-08-01T03:18:12","date_gmt":"2025-08-01T03:18:12","guid":{"rendered":"https:\/\/sinoextrud.com\/product\/led-street-lamp-heat-sink-for-outdoor-use\/"},"modified":"2025-08-01T03:18:12","modified_gmt":"2025-08-01T03:18:12","slug":"led-katulamppu-jaahdytyselementti-ulkokayttoon","status":"publish","type":"product","link":"https:\/\/sinoextrud.com\/fi\/product\/led-street-lamp-heat-sink-for-outdoor-use\/","title":{"rendered":"LED-katuvalaisimen j\u00e4\u00e4hdytyselementti ulkok\u00e4ytt\u00f6\u00f6n"},"content":{"rendered":"<h2>Tuotteiden tiedot<\/h2>\n<div class=\"product-table\">\n<div class=\"row\">\n<div class=\"cell label\">Materiaalivalmiudet<\/div>\n<div class=\"cell value\">Alumiini, Messinki, Pronssi, Kupari, Karkaistut metallit, Jalometallit, Ruostumaton ter\u00e4s, Ter\u00e4sseokset, Ter\u00e4sseokset<\/div>\n<\/div>\n<div class=\"row\">\n<div class=\"cell label\">Tyyppi<\/div>\n<div class=\"cell value\">Jyrsint\u00e4, Laserty\u00f6st\u00f6, Laserty\u00f6st\u00f6, Jyrsint\u00e4, Poraaminen, Sy\u00f6vytys \/ kemiallinen ty\u00f6st\u00f6, Muut ty\u00f6st\u00f6palvelut, Sorvaus, Langankorjaus, Nopea prototyyppien rakentaminen, Puristus<\/div>\n<\/div>\n<div class=\"row\">\n<div class=\"cell label\">Mikrokoneistus vai ei<\/div>\n<div class=\"cell value\">Mikrokoneistus<\/div>\n<\/div>\n<div class=\"row\">\n<div class=\"cell label\">Materiaali<\/div>\n<div class=\"cell value\">Alumiiniseos<\/div>\n<\/div>\n<div class=\"row\">\n<div class=\"cell label\">Prosessi<\/div>\n<div class=\"cell value\">CNC-muokkaus<\/div>\n<\/div>\n<div class=\"row\">\n<div class=\"cell label\">Pintak\u00e4sittely<\/div>\n<div class=\"cell value\">V\u00e4ri Anodize, jauhemaalaus<\/div>\n<\/div>\n<div class=\"row\">\n<div class=\"cell label\">Suvaitsevaisuus<\/div>\n<div class=\"cell value\">0.01-0.05mm<\/div>\n<\/div>\n<div class=\"row\">\n<div class=\"cell label\">Hakemus<\/div>\n<div class=\"cell value\">Elektroninen\/valaistus\/l\u00e4mp\u00f6ratkaisu<\/div>\n<\/div>\n<div class=\"row\">\n<div class=\"cell label\">Piirustusmuoto<\/div>\n<div class=\"cell value\">2D\/(PDF\/CAD)3D(IGES\/STEP)<\/div>\n<\/div>\n<div class=\"row\">\n<div class=\"cell label\">V\u00e4ri<\/div>\n<div class=\"cell value\">R\u00e4\u00e4t\u00e4l\u00f6ity<\/div>\n<\/div>\n<div class=\"row\">\n<div class=\"cell label\">Pakkaus<\/div>\n<div class=\"cell value\">R\u00e4\u00e4t\u00e4l\u00f6ity<\/div>\n<\/div>\n<div class=\"row\">\n<div class=\"cell label\">Palvelu<\/div>\n<div class=\"cell value\">R\u00e4\u00e4t\u00e4l\u00f6ity OEM<\/div>\n<\/div>\n<div class=\"row\">\n<div class=\"cell label\">MOQ<\/div>\n<div class=\"cell value\">1kpl<\/div>\n<\/div>\n<div class=\"row\">\n<div class=\"cell label\">Myyntiyksik\u00f6t<\/div>\n<div class=\"cell value\">Yksitt\u00e4inen tuote<\/div>\n<\/div>\n<div class=\"row\">\n<div class=\"cell label\">Yhden pakkauksen koko<\/div>\n<div class=\"cell value\">60X4536X45 cm<\/div>\n<\/div>\n<div class=\"row\">\n<div class=\"cell label\">Yksitt\u00e4inen bruttopaino<\/div>\n<div class=\"cell value\">6.000 KG<\/div>\n<\/div>\n<\/div>\n<p><\/p>\n<h2>Tuotantopohjamme<\/h2>\n<h3>Tehtaan panoraama<\/h3>\n<p><img decoding=\"async\" src=\"\/wp-content\/uploads\/factory-01.webp\"\/><\/p>\n<h3>Alumiini Bar Manufacturing Workshop<\/h3>\n<p><img decoding=\"async\" src=\"\/wp-content\/uploads\/factory-02.webp\"\/><\/p>\n<p><img decoding=\"async\" src=\"\/wp-content\/uploads\/factory-03.webp\"\/><\/p>\n<h3>Muotin varastointi Varasto<\/h3>\n<p><img decoding=\"async\" src=\"\/wp-content\/uploads\/factory-04.webp\"\/><\/p>\n<h3>43 alumiinin ekstruusiolinjat (500-5500 tonnia)<\/h3>\n<p><img decoding=\"async\" src=\"\/wp-content\/uploads\/factory-05.webp\"\/><\/p>\n<p><img decoding=\"async\" src=\"\/wp-content\/uploads\/factory-06.webp\"\/><\/p>\n<p><img decoding=\"async\" src=\"\/wp-content\/uploads\/factory-07.webp\"\/><\/p>\n<h3>Jauhemaalaus ty\u00f6paja<\/h3>\n<p><img decoding=\"async\" src=\"\/wp-content\/uploads\/factory-09.webp\"\/><\/p>\n<h3>Anodisointi ty\u00f6paja<\/h3>\n<p><img decoding=\"async\" src=\"\/wp-content\/uploads\/factory-10.webp\"\/><\/p>\n<h3>Syv\u00e4k\u00e4sittelyn ty\u00f6paja<\/h3>\n<p><img decoding=\"async\" src=\"\/wp-content\/uploads\/factory-11.webp\"\/><\/p>\n<h3>CNC-tarkkuuskoneistus ty\u00f6paja<\/h3>\n<p><img decoding=\"async\" src=\"\/wp-content\/uploads\/factory-11.5.webp\"\/><\/p>\n<h3>Valmiiden tuotteiden ja vientivarasto<\/h3>\n<p><img decoding=\"async\" src=\"\/wp-content\/uploads\/factory-12.webp\"\/><\/p>\n<p><img decoding=\"async\" src=\"\/wp-content\/uploads\/factory-13.webp\"\/><\/p>\n<p><img decoding=\"async\" src=\"\/wp-content\/uploads\/factory-14.webp\"\/><\/p>\n<h2>FAQ<\/h2>\n<p><strong>1. Mit\u00e4 materiaaleja k\u00e4ytet\u00e4\u00e4n LED-katuvalaisimen j\u00e4\u00e4hdytyselementiss\u00e4?<\/strong><br \/>J\u00e4\u00e4hdytyselementti on valmistettu korkealaatuisesta alumiinista erinomaisen l\u00e4mm\u00f6njohtavuuden varmistamiseksi.<\/p>\n<p><strong>2. Voidaanko j\u00e4\u00e4hdytyselementti r\u00e4\u00e4t\u00e4l\u00f6id\u00e4 eri lamppumalleja varten?<\/strong><br \/>Kyll\u00e4, tarjoamme r\u00e4\u00e4t\u00e4l\u00f6it\u00e4vi\u00e4 ratkaisuja, jotka sopivat erilaisiin LED-katuvalaisinmalleihin.<\/p>\n<p><strong>3. Miten j\u00e4\u00e4hdytyselementti parantaa LED-lampun suorituskyky\u00e4?<\/strong><br \/>Se haihduttaa tehokkaasti l\u00e4mp\u00f6\u00e4 ja yll\u00e4pit\u00e4\u00e4 optimaalisen l\u00e4mp\u00f6tilan, mik\u00e4 pident\u00e4\u00e4 lampun k\u00e4ytt\u00f6ik\u00e4\u00e4 ja tehokkuutta.<\/p>\n<p><strong>4. Onko LED-katuvalaisimen j\u00e4\u00e4hdytyselementti helppo asentaa?<\/strong><br \/>Kyll\u00e4, muotoilu mahdollistaa helpon asennuksen ja yhteensopivuuden vakiovarusteiden kanssa.<\/p>\n<p><strong>5. Voimmeko tilata n\u00e4ytteit\u00e4 j\u00e4\u00e4hdytyselementist\u00e4?<\/strong><br \/>Kyll\u00e4, n\u00e4ytetilauksia on saatavilla yhteensopivuuden ja suorituskyvyn testaamista varten.<\/p>\n<p><strong>6. Mit\u00e4 etuja j\u00e4\u00e4hdytyselementtisi k\u00e4ytt\u00e4misest\u00e4 LED-katuvalaisimissa on?<\/strong><br \/>L\u00e4mp\u00f6nielumme parantavat energiatehokkuutta v\u00e4hent\u00e4m\u00e4ll\u00e4 ylikuumenemista, mik\u00e4 pident\u00e4\u00e4 LED-lampun k\u00e4ytt\u00f6ik\u00e4\u00e4.<\/p>\n<p><strong>7. Tarjoatteko irtotavarana ostovaihtoehtoja alennuksin?<\/strong><br \/>Kyll\u00e4, kilpailukykyinen hinnoittelu on saatavilla irtotilauksille, ja lis\u00e4neuvottelut ovat mahdollisia tilauksen koon mukaan.<\/p>\n<p><\/p>","protected":false},"featured_media":10820,"template":"","categories":[72],"class_list":["post-10963","product","type-product","status-publish","has-post-thumbnail","hentry","category-extruded-aluminum-heatsink"],"meta_box":{"hilight_text_group":[{"product_hilight_text":"<li>Optimized for effective heat dissipation in street lighting<\/li>\n<li>Customizable to fit different LED street lamp models<\/li>\n<li>Constructed with high-quality, durable materials<\/li>\n<li>Compatible with a range of LED modules for flexibility<\/li>\n<li>Supports energy efficiency by maintaining optimal lamp temperature<\/li>"}],"feature_list":[]},"_links":{"self":[{"href":"https:\/\/sinoextrud.com\/fi\/wp-json\/wp\/v2\/product\/10963","targetHints":{"allow":["GET"]}}],"collection":[{"href":"https:\/\/sinoextrud.com\/fi\/wp-json\/wp\/v2\/product"}],"about":[{"href":"https:\/\/sinoextrud.com\/fi\/wp-json\/wp\/v2\/types\/product"}],"wp:featuredmedia":[{"embeddable":true,"href":"https:\/\/sinoextrud.com\/fi\/wp-json\/wp\/v2\/media\/10820"}],"wp:attachment":[{"href":"https:\/\/sinoextrud.com\/fi\/wp-json\/wp\/v2\/media?parent=10963"}],"wp:term":[{"taxonomy":"category","embeddable":true,"href":"https:\/\/sinoextrud.com\/fi\/wp-json\/wp\/v2\/categories?post=10963"}],"curies":[{"name":"wp","href":"https:\/\/api.w.org\/{rel}","templated":true}]}}