{"id":10959,"date":"2025-08-01T03:18:05","date_gmt":"2025-08-01T03:18:05","guid":{"rendered":"https:\/\/sinoextrud.com\/product\/liquid-cooled-plate-heat-sink-for-electronics\/"},"modified":"2025-08-01T03:18:05","modified_gmt":"2025-08-01T03:18:05","slug":"nestejaahdytteinen-levy-jaahdytyselementti-elektroniikkaan","status":"publish","type":"product","link":"https:\/\/sinoextrud.com\/fi\/product\/liquid-cooled-plate-heat-sink-for-electronics\/","title":{"rendered":"Nestej\u00e4\u00e4hdytteinen levyinen j\u00e4\u00e4hdytyslevy elektroniikkaan"},"content":{"rendered":"<h2>Tuotteiden tiedot<\/h2>\n<div class=\"product-table\">\n<div class=\"row\">\n<div class=\"cell label\">CNC-ty\u00f6st\u00f6 vai ei<\/div>\n<div class=\"cell value\">Cnc-ty\u00f6st\u00f6<\/div>\n<\/div>\n<div class=\"row\">\n<div class=\"cell label\">Materiaalivalmiudet<\/div>\n<div class=\"cell value\">Alumiini<\/div>\n<\/div>\n<div class=\"row\">\n<div class=\"cell label\">Tyyppi<\/div>\n<div class=\"cell value\">Muut koneistuspalvelut<\/div>\n<\/div>\n<div class=\"row\">\n<div class=\"cell label\">Mikrokoneistus vai ei<\/div>\n<div class=\"cell value\">Mikrokoneistus<\/div>\n<\/div>\n<div class=\"row\">\n<div class=\"cell label\">Myyntiyksik\u00f6t<\/div>\n<div class=\"cell value\">Yksitt\u00e4inen tuote<\/div>\n<\/div>\n<\/div>\n<p><\/p>\n<h2>Tuotantopohjamme<\/h2>\n<h3>Tehtaan panoraama<\/h3>\n<p><img decoding=\"async\" src=\"\/wp-content\/uploads\/factory-01.webp\"\/><\/p>\n<h3>Alumiini Bar Manufacturing Workshop<\/h3>\n<p><img decoding=\"async\" src=\"\/wp-content\/uploads\/factory-02.webp\"\/><\/p>\n<p><img decoding=\"async\" src=\"\/wp-content\/uploads\/factory-03.webp\"\/><\/p>\n<h3>Muotin varastointi Varasto<\/h3>\n<p><img decoding=\"async\" src=\"\/wp-content\/uploads\/factory-04.webp\"\/><\/p>\n<h3>43 alumiinin ekstruusiolinjat (500-5500 tonnia)<\/h3>\n<p><img decoding=\"async\" src=\"\/wp-content\/uploads\/factory-05.webp\"\/><\/p>\n<p><img decoding=\"async\" src=\"\/wp-content\/uploads\/factory-06.webp\"\/><\/p>\n<p><img decoding=\"async\" src=\"\/wp-content\/uploads\/factory-07.webp\"\/><\/p>\n<h3>Jauhemaalaus ty\u00f6paja<\/h3>\n<p><img decoding=\"async\" src=\"\/wp-content\/uploads\/factory-09.webp\"\/><\/p>\n<h3>Anodisointi ty\u00f6paja<\/h3>\n<p><img decoding=\"async\" src=\"\/wp-content\/uploads\/factory-10.webp\"\/><\/p>\n<h3>Syv\u00e4k\u00e4sittelyn ty\u00f6paja<\/h3>\n<p><img decoding=\"async\" src=\"\/wp-content\/uploads\/factory-11.webp\"\/><\/p>\n<h3>CNC-tarkkuuskoneistus ty\u00f6paja<\/h3>\n<p><img decoding=\"async\" src=\"\/wp-content\/uploads\/factory-11.5.webp\"\/><\/p>\n<h3>Valmiiden tuotteiden ja vientivarasto<\/h3>\n<p><img decoding=\"async\" src=\"\/wp-content\/uploads\/factory-12.webp\"\/><\/p>\n<p><img decoding=\"async\" src=\"\/wp-content\/uploads\/factory-13.webp\"\/><\/p>\n<p><img decoding=\"async\" src=\"\/wp-content\/uploads\/factory-14.webp\"\/><\/p>\n<h2>FAQ<\/h2>\n<p><strong>1. Mik\u00e4 on nestej\u00e4\u00e4hdytteinen levyl\u00e4mm\u00f6nsiirrin?<\/strong><br \/>Nestej\u00e4\u00e4hdytteinen levyl\u00e4mm\u00f6nsiirrin on laite, jota k\u00e4ytet\u00e4\u00e4n elektroniikan l\u00e4mm\u00f6npoistoon kierr\u00e4tt\u00e4m\u00e4ll\u00e4 j\u00e4\u00e4hdytysnestett\u00e4 levyrakenteen l\u00e4pi.<\/p>\n<p><strong>2. Miten nestej\u00e4\u00e4hdytteinen levyl\u00e4mm\u00f6nsiirrin toimii?<\/strong><br \/>Se toimii siirt\u00e4m\u00e4ll\u00e4 l\u00e4mp\u00f6\u00e4 elektroniikkakomponenteista j\u00e4\u00e4hdytysnesteeseen, joka sitten siirtyy pois ja alentaa l\u00e4mp\u00f6tilaa.<\/p>\n<p><strong>3. Voiko j\u00e4\u00e4hdytyselementin kokoa mukauttaa?<\/strong><br \/>Kyll\u00e4, nestej\u00e4\u00e4hdytteiset levyl\u00e4mm\u00f6nsiirtimet voidaan mitoittaa r\u00e4\u00e4t\u00e4l\u00f6idysti tiettyihin sovelluksiin sopiviksi.<\/p>\n<p><strong>4. Soveltuuko j\u00e4\u00e4hdytyselementti teollisiin sovelluksiin?<\/strong><br \/>Se on ehdottomasti suunniteltu palvelemaan sek\u00e4 teollisuuden ett\u00e4 kaupan l\u00e4mm\u00f6nhallinnan tarpeita.<\/p>\n<p><strong>5. Mit\u00e4 materiaaleja j\u00e4\u00e4hdytyselementiss\u00e4 k\u00e4ytet\u00e4\u00e4n?<\/strong><br \/>Valmistetaan tyypillisesti korkealaatuisista metalleista, kuten alumiinista tai kuparista, optimaalisen l\u00e4mm\u00f6njohtumisen varmistamiseksi.<\/p>\n<p><strong>6. Tukeeko se suuritehoisia sovelluksia?<\/strong><br \/>Kyll\u00e4, t\u00e4m\u00e4 j\u00e4\u00e4hdytyselementti on ihanteellinen suuritehoisille elektroniikkaj\u00e4rjestelmille.<\/p>\n<p><strong>7. Tarvitaanko j\u00e4\u00e4hdytyselementin huoltoa?<\/strong><br \/>Tehokkuuden s\u00e4ilytt\u00e4miseksi suositellaan j\u00e4\u00e4hdytysnestekanavien s\u00e4\u00e4nn\u00f6llist\u00e4 tarkastusta ja puhdistusta.<\/p>\n<p><\/p>","protected":false},"featured_media":10822,"template":"","categories":[72],"class_list":["post-10959","product","type-product","status-publish","has-post-thumbnail","hentry","category-extruded-aluminum-heatsink"],"meta_box":{"hilight_text_group":[{"product_hilight_text":"<li>Efficient thermal management solution for high-performance electronics<\/li>\n<li>Customizable design to meet specific cooling requirements<\/li>\n<li>High durability and resistance to thermal cycling<\/li>\n<li>Compatible with a wide range of electronic components and systems<\/li>\n<li>Supports high power density applications<\/li>"}],"feature_list":[]},"_links":{"self":[{"href":"https:\/\/sinoextrud.com\/fi\/wp-json\/wp\/v2\/product\/10959","targetHints":{"allow":["GET"]}}],"collection":[{"href":"https:\/\/sinoextrud.com\/fi\/wp-json\/wp\/v2\/product"}],"about":[{"href":"https:\/\/sinoextrud.com\/fi\/wp-json\/wp\/v2\/types\/product"}],"wp:featuredmedia":[{"embeddable":true,"href":"https:\/\/sinoextrud.com\/fi\/wp-json\/wp\/v2\/media\/10822"}],"wp:attachment":[{"href":"https:\/\/sinoextrud.com\/fi\/wp-json\/wp\/v2\/media?parent=10959"}],"wp:term":[{"taxonomy":"category","embeddable":true,"href":"https:\/\/sinoextrud.com\/fi\/wp-json\/wp\/v2\/categories?post=10959"}],"curies":[{"name":"wp","href":"https:\/\/api.w.org\/{rel}","templated":true}]}}