{"id":10958,"date":"2025-08-01T03:18:02","date_gmt":"2025-08-01T03:18:02","guid":{"rendered":"https:\/\/sinoextrud.com\/product\/round-aluminum-radiator-for-industrial-cooling\/"},"modified":"2025-08-01T03:18:02","modified_gmt":"2025-08-01T03:18:02","slug":"pyorea-alumiinipatteri-teollisuuden-jaahdytykseen","status":"publish","type":"product","link":"https:\/\/sinoextrud.com\/fi\/product\/round-aluminum-radiator-for-industrial-cooling\/","title":{"rendered":"Py\u00f6re\u00e4 alumiini j\u00e4\u00e4hdytin teollisuuden j\u00e4\u00e4hdytykseen"},"content":{"rendered":"<h2>Tuotteiden tiedot<\/h2>\n<div class=\"product-table\">\n<div class=\"row\">\n<div class=\"cell label\">Pintak\u00e4sittely<\/div>\n<div class=\"cell value\">Anodisoitu<\/div>\n<\/div>\n<div class=\"row\">\n<div class=\"cell label\">Muoto<\/div>\n<div class=\"cell value\">R\u00e4\u00e4t\u00e4l\u00f6ity<\/div>\n<\/div>\n<div class=\"row\">\n<div class=\"cell label\">Rungon materiaali<\/div>\n<div class=\"cell value\">Alumiini<\/div>\n<\/div>\n<div class=\"row\">\n<div class=\"cell label\">Tyyppi<\/div>\n<div class=\"cell value\">L\u00e4mm\u00f6neristeet<\/div>\n<\/div>\n<div class=\"row\">\n<div class=\"cell label\">Valaistusratkaisujen palvelu<\/div>\n<div class=\"cell value\">Valaistus- ja piirisuunnittelu, DIALux evo layout, LitePro DLX layout, Agi32 layout, automaattinen CAD layout, paikan p\u00e4\u00e4ll\u00e4 tapahtuva mittaus, projektin asennus<\/div>\n<\/div>\n<div class=\"row\">\n<div class=\"cell label\">Takuu (vuosi)<\/div>\n<div class=\"cell value\">3<\/div>\n<\/div>\n<div class=\"row\">\n<div class=\"cell label\">Prosessi<\/div>\n<div class=\"cell value\">Leikkaus, poraus, l\u00e4vistys jne.<\/div>\n<\/div>\n<div class=\"row\">\n<div class=\"cell label\">IP-luokitus<\/div>\n<div class=\"cell value\">ip55<\/div>\n<\/div>\n<div class=\"row\">\n<div class=\"cell label\">Rungon v\u00e4ri<\/div>\n<div class=\"cell value\">R\u00e4\u00e4t\u00e4l\u00f6ity<\/div>\n<\/div>\n<div class=\"row\">\n<div class=\"cell label\">Tyyppi<\/div>\n<div class=\"cell value\">Alumiininen j\u00e4\u00e4hdytyselementti<\/div>\n<\/div>\n<div class=\"row\">\n<div class=\"cell label\">V\u00e4ri<\/div>\n<div class=\"cell value\">Hopea tai r\u00e4\u00e4t\u00e4l\u00f6ity<\/div>\n<\/div>\n<div class=\"row\">\n<div class=\"cell label\">Paksuus<\/div>\n<div class=\"cell value\">0.5mm- r\u00e4\u00e4t\u00e4l\u00f6ity<\/div>\n<\/div>\n<div class=\"row\">\n<div class=\"cell label\">Pintak\u00e4sittely<\/div>\n<div class=\"cell value\">Mylly, anodisoitu, jauhemaalattu, elektroforeesi tai r\u00e4\u00e4t\u00e4l\u00f6ityj\u00e4<\/div>\n<\/div>\n<div class=\"row\">\n<div class=\"cell label\">Tuotetyypit<\/div>\n<div class=\"cell value\">Patteri<\/div>\n<\/div>\n<div class=\"row\">\n<div class=\"cell label\">Sertifiointi<\/div>\n<div class=\"cell value\">ISO9001-2015, COC<\/div>\n<\/div>\n<div class=\"row\">\n<div class=\"cell label\">Valmistus<\/div>\n<div class=\"cell value\">Leikkaus, jyrsint\u00e4, poraus, l\u00e4vistys jne.<\/div>\n<\/div>\n<div class=\"row\">\n<div class=\"cell label\">Maksuehto<\/div>\n<div class=\"cell value\">T\/T, L\/C, jne<\/div>\n<\/div>\n<div class=\"row\">\n<div class=\"cell label\">P\u00e4\u00e4markkinat<\/div>\n<div class=\"cell value\">Eurooppa,Amerikka,Kaakkois-Aasia,MIDE<\/div>\n<\/div>\n<div class=\"row\">\n<div class=\"cell label\">Pakkaustiedot<\/div>\n<div class=\"cell value\">Voimapaperi\/muovipussi\/valkoinen helmi puuvilla \/ PE-kalvo \/ kutistekalvo \/ kartonkilaatikko<\/div>\n<\/div>\n<div class=\"row\">\n<div class=\"cell label\">Myyntiyksik\u00f6t<\/div>\n<div class=\"cell value\">Yksitt\u00e4inen tuote<\/div>\n<\/div>\n<div class=\"row\">\n<div class=\"cell label\">Yhden pakkauksen koko<\/div>\n<div class=\"cell value\">10X10X10 cm<\/div>\n<\/div>\n<div class=\"row\">\n<div class=\"cell label\">Yksitt\u00e4inen bruttopaino<\/div>\n<div class=\"cell value\">1.000 KG<\/div>\n<\/div>\n<\/div>\n<p><\/p>\n<h2>Tuotantopohjamme<\/h2>\n<h3>Tehtaan panoraama<\/h3>\n<p><img decoding=\"async\" src=\"\/wp-content\/uploads\/factory-01.webp\"\/><\/p>\n<h3>Alumiini Bar Manufacturing Workshop<\/h3>\n<p><img decoding=\"async\" src=\"\/wp-content\/uploads\/factory-02.webp\"\/><\/p>\n<p><img decoding=\"async\" src=\"\/wp-content\/uploads\/factory-03.webp\"\/><\/p>\n<h3>Muotin varastointi Varasto<\/h3>\n<p><img decoding=\"async\" src=\"\/wp-content\/uploads\/factory-04.webp\"\/><\/p>\n<h3>43 alumiinin ekstruusiolinjat (500-5500 tonnia)<\/h3>\n<p><img decoding=\"async\" src=\"\/wp-content\/uploads\/factory-05.webp\"\/><\/p>\n<p><img decoding=\"async\" src=\"\/wp-content\/uploads\/factory-06.webp\"\/><\/p>\n<p><img decoding=\"async\" src=\"\/wp-content\/uploads\/factory-07.webp\"\/><\/p>\n<h3>Jauhemaalaus ty\u00f6paja<\/h3>\n<p><img decoding=\"async\" src=\"\/wp-content\/uploads\/factory-09.webp\"\/><\/p>\n<h3>Anodisointi ty\u00f6paja<\/h3>\n<p><img decoding=\"async\" src=\"\/wp-content\/uploads\/factory-10.webp\"\/><\/p>\n<h3>Syv\u00e4k\u00e4sittelyn ty\u00f6paja<\/h3>\n<p><img decoding=\"async\" src=\"\/wp-content\/uploads\/factory-11.webp\"\/><\/p>\n<h3>CNC-tarkkuuskoneistus ty\u00f6paja<\/h3>\n<p><img decoding=\"async\" src=\"\/wp-content\/uploads\/factory-11.5.webp\"\/><\/p>\n<h3>Valmiiden tuotteiden ja vientivarasto<\/h3>\n<p><img decoding=\"async\" src=\"\/wp-content\/uploads\/factory-12.webp\"\/><\/p>\n<p><img decoding=\"async\" src=\"\/wp-content\/uploads\/factory-13.webp\"\/><\/p>\n<p><img decoding=\"async\" src=\"\/wp-content\/uploads\/factory-14.webp\"\/><\/p>\n<h2>FAQ<\/h2>\n<p><strong>1. Mik\u00e4 on py\u00f6re\u00e4n alumiinipatterin k\u00e4yt\u00f6n t\u00e4rkein hy\u00f6ty?<\/strong><br \/>Py\u00f6re\u00e4 muoto mahdollistaa tehokkaan l\u00e4mm\u00f6ntuottamisen ja ilmavirran tasaisen jakautumisen.<\/p>\n<p><strong>2. Voidaanko alumiinipatteri r\u00e4\u00e4t\u00e4l\u00f6id\u00e4 sovellukseemme sopivaksi?<\/strong><br \/>Kyll\u00e4, voimme mukauttaa kokoa ja kiinnitysvaihtoehtoja erityistarpeiden mukaan.<\/p>\n<p><strong>3. Miten alumiini vaikuttaa j\u00e4\u00e4hdyttimen suorituskykyyn?<\/strong><br \/>Alumiinilla on erinomainen l\u00e4mm\u00f6njohtavuus ja korroosionkest\u00e4vyys, mik\u00e4 parantaa l\u00e4mm\u00f6nsiirtoa ja pitk\u00e4ik\u00e4isyytt\u00e4.<\/p>\n<p><strong>4. Soveltuuko t\u00e4m\u00e4 j\u00e4\u00e4hdytin auto- tai teollisuusk\u00e4ytt\u00f6\u00f6n?<\/strong><br \/>Kyll\u00e4, se on monipuolinen ja sit\u00e4 k\u00e4ytet\u00e4\u00e4n sek\u00e4 autojen ett\u00e4 teollisuuden l\u00e4mm\u00f6nhallintaj\u00e4rjestelmiss\u00e4.<\/p>\n<p><strong>5. Mitk\u00e4 ovat alumiinipatterin edut kuparipatteriin verrattuna?<\/strong><br \/>Alumiinipatterit ovat kevyempi\u00e4 ja usein kustannustehokkaampia, mutta tarjoavat silti erinomaisen l\u00e4mp\u00f6tehon.<\/p>\n<p><strong>6. Tarjoatteko suunnitteluapua tiettyihin hankkeisiin?<\/strong><br \/>Kyll\u00e4, tarjoamme suunnittelutukea varmistaaksemme yhteensopivuuden nykyisten j\u00e4rjestelmiesi kanssa.<\/p>\n<p><strong>7. Mik\u00e4 on py\u00f6re\u00e4n alumiinipatterin odotettu k\u00e4ytt\u00f6ik\u00e4?<\/strong><br \/>Asianmukaisen huollon avulla n\u00e4m\u00e4 patterit on suunniteltu pitk\u00e4ik\u00e4isiksi.<\/p>\n<p><\/p>","protected":false},"featured_media":0,"template":"","categories":[55],"class_list":["post-10958","product","type-product","status-publish","hentry","category-extruded-aluminum-profiles"],"meta_box":{"hilight_text_group":[{"product_hilight_text":"<li>High thermal conductivity for efficient heat dissipation<\/li>\n<li>Lightweight and corrosion-resistant for enhanced durability<\/li>\n<li>Available in various sizes tailored to specific industry needs<\/li>\n<li>Customizable design options to fit unique application requirements<\/li>\n<li>Eco-friendly material with recyclable properties<\/li>"}],"feature_list":[]},"_links":{"self":[{"href":"https:\/\/sinoextrud.com\/fi\/wp-json\/wp\/v2\/product\/10958","targetHints":{"allow":["GET"]}}],"collection":[{"href":"https:\/\/sinoextrud.com\/fi\/wp-json\/wp\/v2\/product"}],"about":[{"href":"https:\/\/sinoextrud.com\/fi\/wp-json\/wp\/v2\/types\/product"}],"wp:attachment":[{"href":"https:\/\/sinoextrud.com\/fi\/wp-json\/wp\/v2\/media?parent=10958"}],"wp:term":[{"taxonomy":"category","embeddable":true,"href":"https:\/\/sinoextrud.com\/fi\/wp-json\/wp\/v2\/categories?post=10958"}],"curies":[{"name":"wp","href":"https:\/\/api.w.org\/{rel}","templated":true}]}}