{"id":10957,"date":"2025-08-01T03:17:56","date_gmt":"2025-08-01T03:17:56","guid":{"rendered":"https:\/\/sinoextrud.com\/product\/machined-heat-sink-for-precision-components\/"},"modified":"2025-08-01T03:17:56","modified_gmt":"2025-08-01T03:17:56","slug":"koneistettu-jaahdytyselementti-tarkkuuskomponentteja-varten","status":"publish","type":"product","link":"https:\/\/sinoextrud.com\/fi\/product\/machined-heat-sink-for-precision-components\/","title":{"rendered":"Koneistettu j\u00e4\u00e4hdytyselementti tarkkuuskomponentteja varten"},"content":{"rendered":"<h2>Tuotteiden tiedot<\/h2>\n<div class=\"product-table\">\n<div class=\"row\">\n<div class=\"cell label\">Materiaali<\/div>\n<div class=\"cell value\">Alumiini\/ter\u00e4s\/rauta\/ruostumaton ter\u00e4s\/luomu\/muovi\/<\/div>\n<\/div>\n<div class=\"row\">\n<div class=\"cell label\">Tuotteen nimi<\/div>\n<div class=\"cell value\">L\u00e4mm\u00f6nsiili<\/div>\n<\/div>\n<div class=\"row\">\n<div class=\"cell label\">Palvelu<\/div>\n<div class=\"cell value\">Yhden luukun palvelu. Koneistus-kokoonpano<\/div>\n<\/div>\n<div class=\"row\">\n<div class=\"cell label\">Koko<\/div>\n<div class=\"cell value\">Koko R\u00e4\u00e4t\u00e4l\u00f6ity<\/div>\n<\/div>\n<div class=\"row\">\n<div class=\"cell label\">Pintak\u00e4sittely<\/div>\n<div class=\"cell value\">kiillotus \/ kirkas anodisointi \/ s\u00e4hk\u00f6pinnoitus \/ \u00f6ljypainatus<\/div>\n<\/div>\n<div class=\"row\">\n<div class=\"cell label\">Piirustusmuoto<\/div>\n<div class=\"cell value\">2D\/(PDF\/CAD)3D(IGES\/STEP)<\/div>\n<\/div>\n<div class=\"row\">\n<div class=\"cell label\">Suvaitsevaisuus<\/div>\n<div class=\"cell value\">0.01-0.05mm<\/div>\n<\/div>\n<div class=\"row\">\n<div class=\"cell label\">Toimitusaika<\/div>\n<div class=\"cell value\">7-15 p\u00e4iv\u00e4\u00e4<\/div>\n<\/div>\n<div class=\"row\">\n<div class=\"cell label\">MOQ<\/div>\n<div class=\"cell value\">10kpl<\/div>\n<\/div>\n<div class=\"row\">\n<div class=\"cell label\">Muoto<\/div>\n<div class=\"cell value\">Sqare<\/div>\n<\/div>\n<div class=\"row\">\n<div class=\"cell label\">Myyntiyksik\u00f6t<\/div>\n<div class=\"cell value\">Yksitt\u00e4inen tuote<\/div>\n<\/div>\n<div class=\"row\">\n<div class=\"cell label\">Yhden pakkauksen koko<\/div>\n<div class=\"cell value\">10X10X2 cm<\/div>\n<\/div>\n<div class=\"row\">\n<div class=\"cell label\">Yksitt\u00e4inen bruttopaino<\/div>\n<div class=\"cell value\">0,100 KG<\/div>\n<\/div>\n<\/div>\n<p><\/p>\n<h2>Tuotantopohjamme<\/h2>\n<h3>Tehtaan panoraama<\/h3>\n<p><img decoding=\"async\" src=\"\/wp-content\/uploads\/factory-01.webp\"\/><\/p>\n<h3>Alumiini Bar Manufacturing Workshop<\/h3>\n<p><img decoding=\"async\" src=\"\/wp-content\/uploads\/factory-02.webp\"\/><\/p>\n<p><img decoding=\"async\" src=\"\/wp-content\/uploads\/factory-03.webp\"\/><\/p>\n<h3>Muotin varastointi Varasto<\/h3>\n<p><img decoding=\"async\" src=\"\/wp-content\/uploads\/factory-04.webp\"\/><\/p>\n<h3>43 alumiinin ekstruusiolinjat (500-5500 tonnia)<\/h3>\n<p><img decoding=\"async\" src=\"\/wp-content\/uploads\/factory-05.webp\"\/><\/p>\n<p><img decoding=\"async\" src=\"\/wp-content\/uploads\/factory-06.webp\"\/><\/p>\n<p><img decoding=\"async\" src=\"\/wp-content\/uploads\/factory-07.webp\"\/><\/p>\n<h3>Jauhemaalaus ty\u00f6paja<\/h3>\n<p><img decoding=\"async\" src=\"\/wp-content\/uploads\/factory-09.webp\"\/><\/p>\n<h3>Anodisointi ty\u00f6paja<\/h3>\n<p><img decoding=\"async\" src=\"\/wp-content\/uploads\/factory-10.webp\"\/><\/p>\n<h3>Syv\u00e4k\u00e4sittelyn ty\u00f6paja<\/h3>\n<p><img decoding=\"async\" src=\"\/wp-content\/uploads\/factory-11.webp\"\/><\/p>\n<h3>CNC-tarkkuuskoneistus ty\u00f6paja<\/h3>\n<p><img decoding=\"async\" src=\"\/wp-content\/uploads\/factory-11.5.webp\"\/><\/p>\n<h3>Valmiiden tuotteiden ja vientivarasto<\/h3>\n<p><img decoding=\"async\" src=\"\/wp-content\/uploads\/factory-12.webp\"\/><\/p>\n<p><img decoding=\"async\" src=\"\/wp-content\/uploads\/factory-13.webp\"\/><\/p>\n<p><img decoding=\"async\" src=\"\/wp-content\/uploads\/factory-14.webp\"\/><\/p>\n<h2>FAQ<\/h2>\n<p><strong>1. Mit\u00e4 materiaaleja k\u00e4ytet\u00e4\u00e4n koneistetun j\u00e4\u00e4hdytyselementin valmistuksessa?<\/strong><br \/>Koneistetut j\u00e4\u00e4hdytyslevyt on valmistettu korkealaatuisesta alumiinista tai kuparista tehokasta l\u00e4mm\u00f6nhallintaa varten.<\/p>\n<p><strong>2. Voiko koneistettua j\u00e4\u00e4hdytyselementti\u00e4 r\u00e4\u00e4t\u00e4l\u00f6id\u00e4?<\/strong><br \/>Kyll\u00e4, tarjoamme r\u00e4\u00e4t\u00e4l\u00f6inti\u00e4 koon, muodon ja muotoilun osalta vastaamaan erityisvaatimuksiasi.<\/p>\n<p><strong>3. Mik\u00e4 on koneistettujen j\u00e4\u00e4hdytyslevyjen irtotilausten toimitusaika?<\/strong><br \/>Toimitusaika riippuu tilauksen m\u00e4\u00e4r\u00e4st\u00e4 ja on yleens\u00e4 4-6 viikkoa.<\/p>\n<p><strong>4. Onko r\u00e4\u00e4t\u00e4l\u00f6ityjen koneistettujen j\u00e4\u00e4hdytyslevyjen v\u00e4himm\u00e4istilausm\u00e4\u00e4r\u00e4?<\/strong><br \/>Kyll\u00e4, MOQ vaihtelee r\u00e4\u00e4t\u00e4l\u00f6intivaatimusten mukaan, yleens\u00e4 alkaen 100 yksik\u00f6st\u00e4.<\/p>\n<p><strong>5. Tarjoatteko teknist\u00e4 tukea koneistettujen j\u00e4\u00e4hdytyslevyjen integrointiin?<\/strong><br \/>Kyll\u00e4, tiimimme voi auttaa suunnittelussa ja integroinnissa optimaalisen l\u00e4mp\u00f6suorituskyvyn varmistamiseksi.<\/p>\n<p><strong>6. Onko koneistettuja j\u00e4\u00e4hdytyslevyj\u00e4 varten saatavilla n\u00e4ytteit\u00e4?<\/strong><br \/>Kyll\u00e4, voimme toimittaa n\u00e4ytteit\u00e4 tuotteen arvioimiseksi ennen irtotilauksen tekemist\u00e4.<\/p>\n<p><strong>7. Mill\u00e4 teollisuudenaloilla k\u00e4ytet\u00e4\u00e4n yleisesti koneistettuja j\u00e4\u00e4hdytyslevyj\u00e4?<\/strong><br \/>Koneistettuja j\u00e4\u00e4hdytyslevyj\u00e4 k\u00e4ytet\u00e4\u00e4n laajalti elektroniikan, autoteollisuuden, televiestinn\u00e4n ja teollisuuslaitteiden aloilla.<\/p>\n<p><\/p>","protected":false},"featured_media":10824,"template":"","categories":[72],"class_list":["post-10957","product","type-product","status-publish","has-post-thumbnail","hentry","category-extruded-aluminum-heatsink"],"meta_box":{"hilight_text_group":[{"product_hilight_text":"<li>Precision-machined for optimal thermal performance<\/li>\n<li>Available in various sizes and designs to accommodate diverse applications<\/li>\n<li>Constructed from high-quality materials for enhanced durability<\/li>\n<li>Customizable to fit specific project requirements and branding<\/li>\n<li>Supports high-volume production with competitive pricing for B2B clients<\/li>"}],"feature_list":[]},"_links":{"self":[{"href":"https:\/\/sinoextrud.com\/fi\/wp-json\/wp\/v2\/product\/10957","targetHints":{"allow":["GET"]}}],"collection":[{"href":"https:\/\/sinoextrud.com\/fi\/wp-json\/wp\/v2\/product"}],"about":[{"href":"https:\/\/sinoextrud.com\/fi\/wp-json\/wp\/v2\/types\/product"}],"wp:featuredmedia":[{"embeddable":true,"href":"https:\/\/sinoextrud.com\/fi\/wp-json\/wp\/v2\/media\/10824"}],"wp:attachment":[{"href":"https:\/\/sinoextrud.com\/fi\/wp-json\/wp\/v2\/media?parent=10957"}],"wp:term":[{"taxonomy":"category","embeddable":true,"href":"https:\/\/sinoextrud.com\/fi\/wp-json\/wp\/v2\/categories?post=10957"}],"curies":[{"name":"wp","href":"https:\/\/api.w.org\/{rel}","templated":true}]}}