{"id":10954,"date":"2025-08-01T03:17:25","date_gmt":"2025-08-01T03:17:25","guid":{"rendered":"https:\/\/sinoextrud.com\/product\/round-aluminum-heatsink-for-electrical-products\/"},"modified":"2025-08-01T03:17:25","modified_gmt":"2025-08-01T03:17:25","slug":"pyorea-alumiininen-jaahdytyslevy-sahkotuotteille","status":"publish","type":"product","link":"https:\/\/sinoextrud.com\/fi\/product\/round-aluminum-heatsink-for-electrical-products\/","title":{"rendered":"Py\u00f6re\u00e4 alumiini j\u00e4\u00e4hdytyslevy s\u00e4hk\u00f6tuotteiden"},"content":{"rendered":"<h2>Tuotteiden tiedot<\/h2>\n<div class=\"product-table\">\n<div class=\"row\">\n<div class=\"cell label\">Luokka<\/div>\n<div class=\"cell value\">6000-sarja<\/div>\n<\/div>\n<div class=\"row\">\n<div class=\"cell label\">Suvaitsevaisuus<\/div>\n<div class=\"cell value\">\u00c2\u00b10.05<\/div>\n<\/div>\n<div class=\"row\">\n<div class=\"cell label\">Toimitusaika<\/div>\n<div class=\"cell value\">15-25<\/div>\n<\/div>\n<div class=\"row\">\n<div class=\"cell label\">Temper<\/div>\n<div class=\"cell value\">T3-T8<\/div>\n<\/div>\n<div class=\"row\">\n<div class=\"cell label\">Hakemus<\/div>\n<div class=\"cell value\">alumiiniprofiili<\/div>\n<\/div>\n<div class=\"row\">\n<div class=\"cell label\">Muoto<\/div>\n<div class=\"cell value\">putki<\/div>\n<\/div>\n<div class=\"row\">\n<div class=\"cell label\">Metalliseos tai ei<\/div>\n<div class=\"cell value\">Onko seos<\/div>\n<\/div>\n<div class=\"row\">\n<div class=\"cell label\">K\u00e4sittelypalvelu<\/div>\n<div class=\"cell value\">Taivutus, purku, hitsaus, l\u00e4vistys, leikkaus<\/div>\n<\/div>\n<div class=\"row\">\n<div class=\"cell label\">Tuotteen nimi<\/div>\n<div class=\"cell value\">OEM alumiini profiili<\/div>\n<\/div>\n<div class=\"row\">\n<div class=\"cell label\">toleranssi<\/div>\n<div class=\"cell value\">0.05mm<\/div>\n<\/div>\n<div class=\"row\">\n<div class=\"cell label\">Materiaali<\/div>\n<div class=\"cell value\">6063,6061,6005,6005A,6082,6463,7005,3003<\/div>\n<\/div>\n<div class=\"row\">\n<div class=\"cell label\">Temper<\/div>\n<div class=\"cell value\">T4,T5,T6<\/div>\n<\/div>\n<div class=\"row\">\n<div class=\"cell label\">Lis\u00e4\u00e4 k\u00e4sittely\u00e4<\/div>\n<div class=\"cell value\">r\u00e4\u00e4t\u00e4l\u00f6ity<\/div>\n<\/div>\n<div class=\"row\">\n<div class=\"cell label\">Pinnan viimeistely<\/div>\n<div class=\"cell value\">Jauhepinnoitus, anodisointi, myllyn viimeistely, hiekkapuhallus jne.<\/div>\n<\/div>\n<div class=\"row\">\n<div class=\"cell label\">materiaali<\/div>\n<div class=\"cell value\">6063,6061,6005,6005A,6082<\/div>\n<\/div>\n<div class=\"row\">\n<div class=\"cell label\">QC<\/div>\n<div class=\"cell value\">100% Tiukka tarkastus jokaista k\u00e4sittely\u00e4 varten<\/div>\n<\/div>\n<div class=\"row\">\n<div class=\"cell label\">Yhden luukun palvelu<\/div>\n<div class=\"cell value\">R\u00e4\u00e4t\u00e4l\u00f6ity suunnittelu, valmistus, kokoonpano ja toimitus<\/div>\n<\/div>\n<div class=\"row\">\n<div class=\"cell label\">Koko<\/div>\n<div class=\"cell value\">r\u00e4\u00e4t\u00e4l\u00f6ity<\/div>\n<\/div>\n<div class=\"row\">\n<div class=\"cell label\">Myyntiyksik\u00f6t<\/div>\n<div class=\"cell value\">Yksitt\u00e4inen tuote<\/div>\n<\/div>\n<div class=\"row\">\n<div class=\"cell label\">Yhden pakkauksen koko<\/div>\n<div class=\"cell value\">4X6X3 cm<\/div>\n<\/div>\n<div class=\"row\">\n<div class=\"cell label\">Yksitt\u00e4inen bruttopaino<\/div>\n<div class=\"cell value\">1,361 KG<\/div>\n<\/div>\n<\/div>\n<p><\/p>\n<h2>Tuotantopohjamme<\/h2>\n<h3>Tehtaan panoraama<\/h3>\n<p><img decoding=\"async\" src=\"\/wp-content\/uploads\/factory-01.webp\"\/><\/p>\n<h3>Alumiini Bar Manufacturing Workshop<\/h3>\n<p><img decoding=\"async\" src=\"\/wp-content\/uploads\/factory-02.webp\"\/><\/p>\n<p><img decoding=\"async\" src=\"\/wp-content\/uploads\/factory-03.webp\"\/><\/p>\n<h3>Muotin varastointi Varasto<\/h3>\n<p><img decoding=\"async\" src=\"\/wp-content\/uploads\/factory-04.webp\"\/><\/p>\n<h3>43 alumiinin ekstruusiolinjat (500-5500 tonnia)<\/h3>\n<p><img decoding=\"async\" src=\"\/wp-content\/uploads\/factory-05.webp\"\/><\/p>\n<p><img decoding=\"async\" src=\"\/wp-content\/uploads\/factory-06.webp\"\/><\/p>\n<p><img decoding=\"async\" src=\"\/wp-content\/uploads\/factory-07.webp\"\/><\/p>\n<h3>Jauhemaalaus ty\u00f6paja<\/h3>\n<p><img decoding=\"async\" src=\"\/wp-content\/uploads\/factory-09.webp\"\/><\/p>\n<h3>Anodisointi ty\u00f6paja<\/h3>\n<p><img decoding=\"async\" src=\"\/wp-content\/uploads\/factory-10.webp\"\/><\/p>\n<h3>Syv\u00e4k\u00e4sittelyn ty\u00f6paja<\/h3>\n<p><img decoding=\"async\" src=\"\/wp-content\/uploads\/factory-11.webp\"\/><\/p>\n<h3>CNC-tarkkuuskoneistus ty\u00f6paja<\/h3>\n<p><img decoding=\"async\" src=\"\/wp-content\/uploads\/factory-11.5.webp\"\/><\/p>\n<h3>Valmiiden tuotteiden ja vientivarasto<\/h3>\n<p><img decoding=\"async\" src=\"\/wp-content\/uploads\/factory-12.webp\"\/><\/p>\n<p><img decoding=\"async\" src=\"\/wp-content\/uploads\/factory-13.webp\"\/><\/p>\n<p><img decoding=\"async\" src=\"\/wp-content\/uploads\/factory-14.webp\"\/><\/p>\n<h2>FAQ<\/h2>\n<p><strong>1. Mit\u00e4 etuja alumiinisen j\u00e4\u00e4hdytyselementin k\u00e4yt\u00f6st\u00e4 on?<\/strong><br \/>Alumiiniset j\u00e4\u00e4hdytyslevyt tarjoavat erinomaisen l\u00e4mm\u00f6njohtavuuden ja kevyen kest\u00e4vyyden, mik\u00e4 on ihanteellista elektroniikan l\u00e4mm\u00f6nhallintaan.<\/p>\n<p><strong>2. Voiko py\u00f6re\u00e4\u00e4 alumiinista j\u00e4\u00e4hdytyselementti\u00e4 r\u00e4\u00e4t\u00e4l\u00f6id\u00e4?<\/strong><br \/>Kyll\u00e4, tarjoamme r\u00e4\u00e4t\u00e4l\u00f6it\u00e4viss\u00e4 olevia vaihtoehtoja koon, kokoonpanon ja tuotemerkin suhteen irtotilauksissa.<\/p>\n<p><strong>3. Onko t\u00e4m\u00e4 j\u00e4\u00e4hdytyselementti yhteensopiva kaikkien s\u00e4hk\u00f6tuotteiden kanssa?<\/strong><br \/>Vaikka ne on suunniteltu monipuolisiksi, yhteensopivuus riippuu tuotteen mitoista ja l\u00e4mp\u00f6vaatimuksista.<\/p>\n<p><strong>4. Miten py\u00f6re\u00e4 muoto auttaa l\u00e4mm\u00f6n haihduttamisessa?<\/strong><br \/>Py\u00f6re\u00e4 muoto mahdollistaa l\u00e4mm\u00f6n tasaisemman jakautumisen ja paremman ilmavirran, mik\u00e4 parantaa l\u00e4mm\u00f6nhallintaa.<\/p>\n<p><strong>5. Mik\u00e4 on v\u00e4himm\u00e4istilausm\u00e4\u00e4r\u00e4 j\u00e4\u00e4hdytyslevyjen hankinnassa?<\/strong><br \/>MOQ on joustava, riippuen erityisvaatimuksista ja pyydetyist\u00e4 mukautetuista vaihtoehdoista.<\/p>\n<p><strong>6. Tarjoatteko teknist\u00e4 tukea j\u00e4\u00e4hdytyselementin integroimiseksi tuotteisiimme?<\/strong><br \/>Kyll\u00e4, tarjoamme teknist\u00e4 neuvontaa varmistaaksemme optimaalisen integroinnin s\u00e4hk\u00f6laitteisiisi.<\/p>\n<p><strong>7. Onko j\u00e4\u00e4hdytyslevyihin saatavilla ymp\u00e4rist\u00f6yst\u00e4v\u00e4llisi\u00e4 materiaaleja?<\/strong><br \/>Kyll\u00e4, voimme pyynn\u00f6st\u00e4 tarjota ymp\u00e4rist\u00f6yst\u00e4v\u00e4llisi\u00e4 materiaalivaihtoehtoja.<\/p>\n<p><\/p>","protected":false},"featured_media":10826,"template":"","categories":[72],"class_list":["post-10954","product","type-product","status-publish","has-post-thumbnail","hentry","category-extruded-aluminum-heatsink"],"meta_box":{"hilight_text_group":[{"product_hilight_text":"<li>Efficient thermal management for improved electronics performance<\/li>\n<li>Lightweight and robust design specifically for electrical products<\/li>\n<li>Customizable dimensions and configurations to suit various applications<\/li>\n<li>Made from high-quality aluminum for superior thermal conductivity<\/li>\n<li>Supports bulk orders with custom logo and branding services<\/li>"}],"feature_list":[]},"_links":{"self":[{"href":"https:\/\/sinoextrud.com\/fi\/wp-json\/wp\/v2\/product\/10954","targetHints":{"allow":["GET"]}}],"collection":[{"href":"https:\/\/sinoextrud.com\/fi\/wp-json\/wp\/v2\/product"}],"about":[{"href":"https:\/\/sinoextrud.com\/fi\/wp-json\/wp\/v2\/types\/product"}],"wp:featuredmedia":[{"embeddable":true,"href":"https:\/\/sinoextrud.com\/fi\/wp-json\/wp\/v2\/media\/10826"}],"wp:attachment":[{"href":"https:\/\/sinoextrud.com\/fi\/wp-json\/wp\/v2\/media?parent=10954"}],"wp:term":[{"taxonomy":"category","embeddable":true,"href":"https:\/\/sinoextrud.com\/fi\/wp-json\/wp\/v2\/categories?post=10954"}],"curies":[{"name":"wp","href":"https:\/\/api.w.org\/{rel}","templated":true}]}}