{"id":10953,"date":"2025-08-01T03:17:23","date_gmt":"2025-08-01T03:17:23","guid":{"rendered":"https:\/\/sinoextrud.com\/product\/power-dissipation-heat-sink-for-control-systems\/"},"modified":"2025-08-01T03:17:23","modified_gmt":"2025-08-01T03:17:23","slug":"tehonhavio-jaahdytyselementti-ohjausjarjestelmia-varten","status":"publish","type":"product","link":"https:\/\/sinoextrud.com\/fi\/product\/power-dissipation-heat-sink-for-control-systems\/","title":{"rendered":"Tehon h\u00e4vi\u00e4minen j\u00e4\u00e4hdytyselementti ohjausj\u00e4rjestelmille"},"content":{"rendered":"<h2>Tuotteiden tiedot<\/h2>\n<div class=\"product-table\">\n<div class=\"row\">\n<div class=\"cell label\">Luokka<\/div>\n<div class=\"cell value\">6000-sarja<\/div>\n<\/div>\n<div class=\"row\">\n<div class=\"cell label\">Suvaitsevaisuus<\/div>\n<div class=\"cell value\">\u00c2\u00b11%<\/div>\n<\/div>\n<div class=\"row\">\n<div class=\"cell label\">Toimitusaika<\/div>\n<div class=\"cell value\">8-14 p\u00e4iv\u00e4\u00e4<\/div>\n<\/div>\n<div class=\"row\">\n<div class=\"cell label\">Temper<\/div>\n<div class=\"cell value\">T3-T8<\/div>\n<\/div>\n<div class=\"row\">\n<div class=\"cell label\">Hakemus<\/div>\n<div class=\"cell value\">L\u00e4mm\u00f6nsiili<\/div>\n<\/div>\n<div class=\"row\">\n<div class=\"cell label\">Muoto<\/div>\n<div class=\"cell value\">T - Profiili<\/div>\n<\/div>\n<div class=\"row\">\n<div class=\"cell label\">Metalliseos tai ei<\/div>\n<div class=\"cell value\">Onko seos<\/div>\n<\/div>\n<div class=\"row\">\n<div class=\"cell label\">K\u00e4sittelypalvelu<\/div>\n<div class=\"cell value\">Taivutus, purku, hitsaus, l\u00e4vistys, leikkaus<\/div>\n<\/div>\n<div class=\"row\">\n<div class=\"cell label\">Tuotteen nimi<\/div>\n<div class=\"cell value\">Alumiininen j\u00e4\u00e4hdytyselementti<\/div>\n<\/div>\n<div class=\"row\">\n<div class=\"cell label\">Sertifiointi<\/div>\n<div class=\"cell value\">ISO9001<\/div>\n<\/div>\n<div class=\"row\">\n<div class=\"cell label\">Pintak\u00e4sittely<\/div>\n<div class=\"cell value\">Anodisoitu<\/div>\n<\/div>\n<div class=\"row\">\n<div class=\"cell label\">V\u00e4ri<\/div>\n<div class=\"cell value\">R\u00e4\u00e4t\u00e4l\u00f6ity v\u00e4ri<\/div>\n<\/div>\n<div class=\"row\">\n<div class=\"cell label\">Materiaali<\/div>\n<div class=\"cell value\">Seos 6063\/6061\/661\/6005\/6060 T5\/T6 jne.<\/div>\n<\/div>\n<div class=\"row\">\n<div class=\"cell label\">Pituus<\/div>\n<div class=\"cell value\">R\u00e4\u00e4t\u00e4l\u00f6ity pituus<\/div>\n<\/div>\n<div class=\"row\">\n<div class=\"cell label\">Koko<\/div>\n<div class=\"cell value\">Mukautettu koko<\/div>\n<\/div>\n<div class=\"row\">\n<div class=\"cell label\">Tyyppi<\/div>\n<div class=\"cell value\">OEM alumiini suulakepuristukset Heat Sink<\/div>\n<\/div>\n<div class=\"row\">\n<div class=\"cell label\">Avainsana<\/div>\n<div class=\"cell value\">L\u00e4mm\u00f6nsiirtimen puristaminen<\/div>\n<\/div>\n<div class=\"row\">\n<div class=\"cell label\">Paksuus<\/div>\n<div class=\"cell value\">0.2mm ~ 3mm \/ r\u00e4\u00e4t\u00e4l\u00f6ityj\u00e4<\/div>\n<\/div>\n<div class=\"row\">\n<div class=\"cell label\">Myyntiyksik\u00f6t<\/div>\n<div class=\"cell value\">Yksitt\u00e4inen tuote<\/div>\n<\/div>\n<div class=\"row\">\n<div class=\"cell label\">Yhden pakkauksen koko<\/div>\n<div class=\"cell value\">6X6X10 cm<\/div>\n<\/div>\n<div class=\"row\">\n<div class=\"cell label\">Yksitt\u00e4inen bruttopaino<\/div>\n<div class=\"cell value\">1.000 KG<\/div>\n<\/div>\n<\/div>\n<p><\/p>\n<h2>Tuotantopohjamme<\/h2>\n<h3>Tehtaan panoraama<\/h3>\n<p><img decoding=\"async\" src=\"\/wp-content\/uploads\/factory-01.webp\"\/><\/p>\n<h3>Alumiini Bar Manufacturing Workshop<\/h3>\n<p><img decoding=\"async\" src=\"\/wp-content\/uploads\/factory-02.webp\"\/><\/p>\n<p><img decoding=\"async\" src=\"\/wp-content\/uploads\/factory-03.webp\"\/><\/p>\n<h3>Muotin varastointi Varasto<\/h3>\n<p><img decoding=\"async\" src=\"\/wp-content\/uploads\/factory-04.webp\"\/><\/p>\n<h3>43 alumiinin ekstruusiolinjat (500-5500 tonnia)<\/h3>\n<p><img decoding=\"async\" src=\"\/wp-content\/uploads\/factory-05.webp\"\/><\/p>\n<p><img decoding=\"async\" src=\"\/wp-content\/uploads\/factory-06.webp\"\/><\/p>\n<p><img decoding=\"async\" src=\"\/wp-content\/uploads\/factory-07.webp\"\/><\/p>\n<h3>Jauhemaalaus ty\u00f6paja<\/h3>\n<p><img decoding=\"async\" src=\"\/wp-content\/uploads\/factory-09.webp\"\/><\/p>\n<h3>Anodisointi ty\u00f6paja<\/h3>\n<p><img decoding=\"async\" src=\"\/wp-content\/uploads\/factory-10.webp\"\/><\/p>\n<h3>Syv\u00e4k\u00e4sittelyn ty\u00f6paja<\/h3>\n<p><img decoding=\"async\" src=\"\/wp-content\/uploads\/factory-11.webp\"\/><\/p>\n<h3>CNC-tarkkuuskoneistus ty\u00f6paja<\/h3>\n<p><img decoding=\"async\" src=\"\/wp-content\/uploads\/factory-11.5.webp\"\/><\/p>\n<h3>Valmiiden tuotteiden ja vientivarasto<\/h3>\n<p><img decoding=\"async\" src=\"\/wp-content\/uploads\/factory-12.webp\"\/><\/p>\n<p><img decoding=\"async\" src=\"\/wp-content\/uploads\/factory-13.webp\"\/><\/p>\n<p><img decoding=\"async\" src=\"\/wp-content\/uploads\/factory-14.webp\"\/><\/p>\n<h2>FAQ<\/h2>\n<p><strong>1. Mik\u00e4 on tehoh\u00e4vi\u00f6n j\u00e4\u00e4hdytyselementin ensisijainen teht\u00e4v\u00e4?<\/strong><br \/>Sit\u00e4 k\u00e4ytet\u00e4\u00e4n elektroniikkakomponenttien l\u00e4mm\u00f6n hallintaan ja poistamiseen suorituskyvyn ja pitk\u00e4ik\u00e4isyyden parantamiseksi.<\/p>\n<p><strong>2. Voidaanko tehoh\u00e4vi\u00f6n j\u00e4\u00e4hdytyselementti mukauttaa?<\/strong><br \/>Kyll\u00e4, se voidaan r\u00e4\u00e4t\u00e4l\u00f6id\u00e4 koon, muodon ja materiaalin osalta vastaamaan erityisvaatimuksia.<\/p>\n<p><strong>3. Mit\u00e4 materiaaleja k\u00e4ytet\u00e4\u00e4n j\u00e4\u00e4hdytyselementin valmistuksessa?<\/strong><br \/>J\u00e4\u00e4hdytyselementti on tyypillisesti valmistettu alumiinista tai kuparista tehokkaan l\u00e4mm\u00f6njohtavuuden varmistamiseksi.<\/p>\n<p><strong>4. Soveltuuko tehoh\u00e4vi\u00f6n j\u00e4\u00e4hdytyselementti suuritehoisiin sovelluksiin?<\/strong><br \/>Kyll\u00e4, se on suunniteltu k\u00e4sittelem\u00e4\u00e4n ja johtamaan l\u00e4mp\u00f6\u00e4 tehokkaasti suuritehoisissa ymp\u00e4rist\u00f6iss\u00e4.<\/p>\n<p><strong>5. Onko j\u00e4\u00e4hdytyselementiss\u00e4 korroosionkest\u00e4v\u00e4 pinnoite?<\/strong><br \/>Kyll\u00e4, se on p\u00e4\u00e4llystetty korroosionkest\u00e4vyyden ja kest\u00e4vyyden s\u00e4ilytt\u00e4miseksi ajan my\u00f6t\u00e4.<\/p>\n<p><strong>6. Miten j\u00e4\u00e4hdytyselementti parantaa elektroniikkakomponenttien k\u00e4ytt\u00f6ik\u00e4\u00e4?<\/strong><br \/>Haihduttamalla tehokkaasti l\u00e4mp\u00f6\u00e4 se est\u00e4\u00e4 ylikuumenemisen ja elektroniikkakomponenttien mahdollisen vaurioitumisen.<\/p>\n<p><strong>7. Onko saatavilla teknist\u00e4 tukea j\u00e4\u00e4hdytyselementin integroimiseksi tuotteisiimme?<\/strong><br \/>Kyll\u00e4, tekninen tuki auttaa integroinnissa ja varmistaa optimaalisen suorituskyvyn.<\/p>\n<p><\/p>","protected":false},"featured_media":10827,"template":"","categories":[72],"class_list":["post-10953","product","type-product","status-publish","has-post-thumbnail","hentry","category-extruded-aluminum-heatsink"],"meta_box":{"hilight_text_group":[{"product_hilight_text":"<li>Efficient thermal management for electronic components<\/li>\n<li>Customizable shapes and sizes to fit various applications<\/li>\n<li>Made from high-quality materials for optimal performance<\/li>\n<li>Supports high power applications with effective heat dissipation<\/li>\n<li>Corrosion-resistant coating for durability<\/li>"}],"feature_list":[]},"_links":{"self":[{"href":"https:\/\/sinoextrud.com\/fi\/wp-json\/wp\/v2\/product\/10953","targetHints":{"allow":["GET"]}}],"collection":[{"href":"https:\/\/sinoextrud.com\/fi\/wp-json\/wp\/v2\/product"}],"about":[{"href":"https:\/\/sinoextrud.com\/fi\/wp-json\/wp\/v2\/types\/product"}],"wp:featuredmedia":[{"embeddable":true,"href":"https:\/\/sinoextrud.com\/fi\/wp-json\/wp\/v2\/media\/10827"}],"wp:attachment":[{"href":"https:\/\/sinoextrud.com\/fi\/wp-json\/wp\/v2\/media?parent=10953"}],"wp:term":[{"taxonomy":"category","embeddable":true,"href":"https:\/\/sinoextrud.com\/fi\/wp-json\/wp\/v2\/categories?post=10953"}],"curies":[{"name":"wp","href":"https:\/\/api.w.org\/{rel}","templated":true}]}}