{"id":10952,"date":"2025-08-01T03:17:21","date_gmt":"2025-08-01T03:17:21","guid":{"rendered":"https:\/\/sinoextrud.com\/product\/extruded-aluminum-led-heatsink-for-lamps\/"},"modified":"2025-08-01T03:17:21","modified_gmt":"2025-08-01T03:17:21","slug":"suulakepuristettu-alumiini-led-jaahdytyselementti-lampuille","status":"publish","type":"product","link":"https:\/\/sinoextrud.com\/fi\/product\/extruded-aluminum-led-heatsink-for-lamps\/","title":{"rendered":"Suulakepuristettu alumiini LED j\u00e4\u00e4hdytyslevy lampuille"},"content":{"rendered":"<h2>Tuotteiden tiedot<\/h2>\n<div class=\"product-table\">\n<div class=\"row\">\n<div class=\"cell label\">CNC-ty\u00f6st\u00f6 vai ei<\/div>\n<div class=\"cell value\">Cnc-ty\u00f6st\u00f6<\/div>\n<\/div>\n<div class=\"row\">\n<div class=\"cell label\">Materiaalivalmiudet<\/div>\n<div class=\"cell value\">Alumiini, Messinki, Pronssi, Kupari, Karkaistut metallit, Jalometallit, Ruostumaton ter\u00e4s, Ter\u00e4sseokset, Ter\u00e4sseokset<\/div>\n<\/div>\n<div class=\"row\">\n<div class=\"cell label\">Tyyppi<\/div>\n<div class=\"cell value\">Jyrsint\u00e4, Laserty\u00f6st\u00f6, Laserty\u00f6st\u00f6, Jyrsint\u00e4, Poraaminen, Sy\u00f6vytys \/ kemiallinen ty\u00f6st\u00f6, Muut ty\u00f6st\u00f6palvelut, Sorvaus, Langankorjaus, Nopea prototyyppien rakentaminen, Puristus<\/div>\n<\/div>\n<div class=\"row\">\n<div class=\"cell label\">Tuotteen nimi<\/div>\n<div class=\"cell value\">J\u00e4\u00e4hdytyselementti suuritehoiselle IC-sirulle kannettavalle CPU-j\u00e4\u00e4hdyttimelle j\u00e4\u00e4hdyttimen j\u00e4\u00e4hdytyselementti l\u00e4mm\u00f6neristimelle<\/div>\n<\/div>\n<div class=\"row\">\n<div class=\"cell label\">Materiaali<\/div>\n<div class=\"cell value\">alumiini\/ruostumaton ter\u00e4s<\/div>\n<\/div>\n<div class=\"row\">\n<div class=\"cell label\">OEM\/ODM<\/div>\n<div class=\"cell value\">Eritt\u00e4in tervetullut<\/div>\n<\/div>\n<div class=\"row\">\n<div class=\"cell label\">V\u00e4ri<\/div>\n<div class=\"cell value\">R\u00e4\u00e4t\u00e4l\u00f6ity v\u00e4ri<\/div>\n<\/div>\n<div class=\"row\">\n<div class=\"cell label\">MOQ<\/div>\n<div class=\"cell value\">1 kpl<\/div>\n<\/div>\n<div class=\"row\">\n<div class=\"cell label\">Toimitusaika<\/div>\n<div class=\"cell value\">3-7 p\u00e4iv\u00e4\u00e4 n\u00e4ytteenottoa varten<\/div>\n<\/div>\n<div class=\"row\">\n<div class=\"cell label\">Sertifiointi<\/div>\n<div class=\"cell value\">RoHS<\/div>\n<\/div>\n<div class=\"row\">\n<div class=\"cell label\">Myyntiyksik\u00f6t<\/div>\n<div class=\"cell value\">Yksitt\u00e4inen tuote<\/div>\n<\/div>\n<div class=\"row\">\n<div class=\"cell label\">Yhden pakkauksen koko<\/div>\n<div class=\"cell value\">10X10X10 cm<\/div>\n<\/div>\n<div class=\"row\">\n<div class=\"cell label\">Yksitt\u00e4inen bruttopaino<\/div>\n<div class=\"cell value\">0,020 KG<\/div>\n<\/div>\n<\/div>\n<p><\/p>\n<h2>Tuotantopohjamme<\/h2>\n<h3>Tehtaan panoraama<\/h3>\n<p><img decoding=\"async\" src=\"\/wp-content\/uploads\/factory-01.webp\"\/><\/p>\n<h3>Alumiini Bar Manufacturing Workshop<\/h3>\n<p><img decoding=\"async\" src=\"\/wp-content\/uploads\/factory-02.webp\"\/><\/p>\n<p><img decoding=\"async\" src=\"\/wp-content\/uploads\/factory-03.webp\"\/><\/p>\n<h3>Muotin varastointi Varasto<\/h3>\n<p><img decoding=\"async\" src=\"\/wp-content\/uploads\/factory-04.webp\"\/><\/p>\n<h3>43 alumiinin ekstruusiolinjat (500-5500 tonnia)<\/h3>\n<p><img decoding=\"async\" src=\"\/wp-content\/uploads\/factory-05.webp\"\/><\/p>\n<p><img decoding=\"async\" src=\"\/wp-content\/uploads\/factory-06.webp\"\/><\/p>\n<p><img decoding=\"async\" src=\"\/wp-content\/uploads\/factory-07.webp\"\/><\/p>\n<h3>Jauhemaalaus ty\u00f6paja<\/h3>\n<p><img decoding=\"async\" src=\"\/wp-content\/uploads\/factory-09.webp\"\/><\/p>\n<h3>Anodisointi ty\u00f6paja<\/h3>\n<p><img decoding=\"async\" src=\"\/wp-content\/uploads\/factory-10.webp\"\/><\/p>\n<h3>Syv\u00e4k\u00e4sittelyn ty\u00f6paja<\/h3>\n<p><img decoding=\"async\" src=\"\/wp-content\/uploads\/factory-11.webp\"\/><\/p>\n<h3>CNC-tarkkuuskoneistus ty\u00f6paja<\/h3>\n<p><img decoding=\"async\" src=\"\/wp-content\/uploads\/factory-11.5.webp\"\/><\/p>\n<h3>Valmiiden tuotteiden ja vientivarasto<\/h3>\n<p><img decoding=\"async\" src=\"\/wp-content\/uploads\/factory-12.webp\"\/><\/p>\n<p><img decoding=\"async\" src=\"\/wp-content\/uploads\/factory-13.webp\"\/><\/p>\n<p><img decoding=\"async\" src=\"\/wp-content\/uploads\/factory-14.webp\"\/><\/p>\n<h2>FAQ<\/h2>\n<p><strong>1. Voidaanko suulakepuristettua alumiinista LED-j\u00e4\u00e4hdytyselementti\u00e4 r\u00e4\u00e4t\u00e4l\u00f6id\u00e4 tiettyihin sovelluksiin?<\/strong><br \/>Kyll\u00e4, tarjoamme r\u00e4\u00e4t\u00e4l\u00f6ityj\u00e4 suulakepuristusprofiileja, jotka t\u00e4ytt\u00e4v\u00e4t yksil\u00f6lliset suunnitteluvaatimukset.<\/p>\n<p><strong>2. Onko j\u00e4\u00e4hdytyselementti yhteensopiva kaikkien LED-tyyppien kanssa?<\/strong><br \/>J\u00e4\u00e4hdytyselementtimme on suunniteltu tukemaan monenlaisia LED-j\u00e4rjestelmi\u00e4.<\/p>\n<p><strong>3. Mit\u00e4 materiaaleja LED-j\u00e4\u00e4hdytyselementin rakentamisessa on k\u00e4ytetty?<\/strong><br \/>J\u00e4\u00e4hdytyslevy on valmistettu korkealaatuisesta suulakepuristetusta alumiinista optimaalisen l\u00e4mm\u00f6njohtavuuden varmistamiseksi.<\/p>\n<p><strong>4. Voidaanko j\u00e4\u00e4hdytyselementti\u00e4 k\u00e4ytt\u00e4\u00e4 ulkotiloissa?<\/strong><br \/>Kyll\u00e4, siin\u00e4 on korroosionkest\u00e4v\u00e4 viimeistely, joka sopii erinomaisesti ulkok\u00e4ytt\u00f6\u00f6n.<\/p>\n<p><strong>5. Mit\u00e4 kokoja on saatavana suulakepuristetusta alumiinista valmistettuun LED-j\u00e4\u00e4hdytyselementtiin?<\/strong><br \/>Tarjoamme erilaisia vakiokokoja ja mittoja tilauksesta.<\/p>\n<p><strong>6. Miten j\u00e4\u00e4hdytyselementti parantaa LEDien suorituskyky\u00e4?<\/strong><br \/>Se huolehtii tehokkaasta l\u00e4mm\u00f6npoistosta, mik\u00e4 v\u00e4hent\u00e4\u00e4 LED-komponenttien l\u00e4mp\u00f6rasitusta.<\/p>\n<p><strong>7. Tarjoatteko teknist\u00e4 tukea LED-j\u00e4rjestelmien integrointiin?<\/strong><br \/>Kyll\u00e4, tiimimme tarjoaa kattavaa tukea saumattomaan integrointiin LED-projekteihisi.<\/p>\n<p><\/p>","protected":false},"featured_media":10830,"template":"","categories":[72],"class_list":["post-10952","product","type-product","status-publish","has-post-thumbnail","hentry","category-extruded-aluminum-heatsink"],"meta_box":{"hilight_text_group":[{"product_hilight_text":"<li>Optimized thermal management for improved LED performance<\/li>\n<li>Lightweight design facilitates easy integration into various lighting fixtures<\/li>\n<li>High-efficiency heat dissipation enhances LED longevity<\/li>\n<li>Custom extrusion profiles available for tailored applications<\/li>\n<li>Corrosion-resistant finish for durability in challenging environments<\/li>"}],"feature_list":[]},"_links":{"self":[{"href":"https:\/\/sinoextrud.com\/fi\/wp-json\/wp\/v2\/product\/10952","targetHints":{"allow":["GET"]}}],"collection":[{"href":"https:\/\/sinoextrud.com\/fi\/wp-json\/wp\/v2\/product"}],"about":[{"href":"https:\/\/sinoextrud.com\/fi\/wp-json\/wp\/v2\/types\/product"}],"wp:featuredmedia":[{"embeddable":true,"href":"https:\/\/sinoextrud.com\/fi\/wp-json\/wp\/v2\/media\/10830"}],"wp:attachment":[{"href":"https:\/\/sinoextrud.com\/fi\/wp-json\/wp\/v2\/media?parent=10952"}],"wp:term":[{"taxonomy":"category","embeddable":true,"href":"https:\/\/sinoextrud.com\/fi\/wp-json\/wp\/v2\/categories?post=10952"}],"curies":[{"name":"wp","href":"https:\/\/api.w.org\/{rel}","templated":true}]}}